{"id":8586,"date":"2024-10-31T05:43:34","date_gmt":"2024-10-31T05:43:34","guid":{"rendered":"https:\/\/smalsparet.com\/?post_type=product&#038;p=8586"},"modified":"2026-01-04T09:10:38","modified_gmt":"2026-01-04T09:10:38","slug":"almanacka-2025","status":"publish","type":"product","link":"https:\/\/smalsparet.com\/nl\/product\/almanacka-2025\/","title":{"rendered":"Almanak 2025"},"content":{"rendered":"<p>Koop je exemplaar van de Smalspoor Almanak voor 2025. De kalender is gedrukt in kleur, heeft Zweedse feestdagen gemarkeerd en bevat een aantal niet eerder gepubliceerde afbeeldingen van de vereniging. Het formaat is A4 vouwbaar, zodat hij ook op kleinere oppervlakken gemakkelijk kan worden opgehangen.<\/p>\n<p>Beelden van zowel recente als meer historische aard, de meeste niet eerder gepubliceerde beelden.<\/p>","protected":false},"excerpt":{"rendered":"<p>Koop je exemplaar van de Smalspoor Almanak voor 2025. De kalender is gedrukt in kleur, heeft Zweedse feestdagen gemarkeerd en bevat een aantal niet eerder gepubliceerde afbeeldingen van de vereniging. Het formaat is A4 vouwbaar, zodat hij ook op kleinere oppervlakken gemakkelijk kan worden opgehangen. Foto's van zowel nieuwere als meer historische aard, de meeste niet eerder gepubliceerde foto's.<\/p>","protected":false},"featured_media":8742,"comment_status":"closed","ping_status":"closed","template":"","meta":{"om_disable_all_campaigns":false,"_uag_custom_page_level_css":"","_monsterinsights_skip_tracking":false,"_monsterinsights_sitenote_active":false,"_monsterinsights_sitenote_note":"","_monsterinsights_sitenote_category":0,"site-sidebar-layout":"default","site-content-layout":"default","ast-site-content-layout":"default","site-content-style":"default","site-sidebar-style":"default","ast-global-header-display":"","ast-banner-title-visibility":"","ast-main-header-display":"","ast-hfb-above-header-display":"","ast-hfb-below-header-display":"","ast-hfb-mobile-header-display":"","site-post-title":"","ast-breadcrumbs-content":"","ast-featured-img":"","footer-sml-layout":"","ast-disable-related-posts":"","theme-transparent-header-meta":"default","adv-header-id-meta":"","stick-header-meta":"","header-above-stick-meta":"","header-main-stick-meta":"","header-below-stick-meta":"","astra-migrate-meta-layouts":"set","ast-page-background-enabled":"default","ast-page-background-meta":{"desktop":{"background-color":"","background-image":"","background-repeat":"repeat","background-position":"center center","background-size":"auto","background-attachment":"scroll","background-type":"","background-media":"","overlay-type":"","overlay-color":"","overlay-opacity":"","overlay-gradient":""},"tablet":{"background-color":"","background-image":"","background-repeat":"repeat","background-position":"center center","background-size":"auto","background-attachment":"scroll","background-type":"","background-media":"","overlay-type":"","overlay-color":"","overlay-opacity":"","overlay-gradient":""},"mobile":{"background-color":"","background-image":"","background-repeat":"repeat","background-position":"center center","background-size":"auto","background-attachment":"scroll","background-type":"","background-media":"","overlay-type":"","overlay-color":"","overlay-opacity":"","overlay-gradient":""}},"ast-content-background-meta":{"desktop":{"background-color":"var(--ast-global-color-5)","background-image":"","background-repeat":"repeat","background-position":"center center","background-size":"auto","background-attachment":"scroll","background-type":"","background-media":"","overlay-type":"","overlay-color":"","overlay-opacity":"","overlay-gradient":""},"tablet":{"background-color":"var(--ast-global-color-5)","background-image":"","background-repeat":"repeat","background-position":"center center","background-size":"auto","background-attachment":"scroll","background-type":"","background-media":"","overlay-type":"","overlay-color":"","overlay-opacity":"","overlay-gradient":""},"mobile":{"background-color":"var(--ast-global-color-5)","background-image":"","background-repeat":"repeat","background-position":"center center","background-size":"auto","background-attachment":"scroll","background-type":"","background-media":"","overlay-type":"","overlay-color":"","overlay-opacity":"","overlay-gradient":""}}},"product_brand":[],"product_cat":[83,70],"product_tag":[],"class_list":{"0":"post-8586","1":"product","2":"type-product","3":"status-publish","4":"has-post-thumbnail","6":"product_cat-black-friday-2025","7":"product_cat-vinter-rea","8":"desktop-align-center","9":"tablet-align-center","10":"mobile-align-center","12":"first","13":"instock","14":"sale","15":"taxable","16":"shipping-taxable","17":"purchasable","18":"product-type-simple"},"aioseo_notices":[],"spectra_custom_meta":{"_regular_price":["159"],"total_sales":["48"],"_tax_status":["taxable"],"_tax_class":[""],"_manage_stock":["yes"],"_backorders":["no"],"_sold_individually":["no"],"_weight":["490"],"_virtual":["no"],"_downloadable":["no"],"_download_limit":["-1"],"_download_expiry":["-1"],"_thumbnail_id":["8742"],"_stock":["16"],"_stock_status":["instock"],"_wc_average_rating":["0"],"_wc_review_count":["0"],"_product_version":["9.7.1"],"_price":["9"],"_yoast_wpseo_content_score":["60"],"_wc_facebook_sync_enabled":["yes"],"fb_visibility":["yes"],"fb_product_description":[""],"_wc_facebook_product_image_source":["product"],"_wc_facebook_commerce_enabled":["no"],"_yoast_wpseo_estimated-reading-time-minutes":["1"],"site-sidebar-layout":["default"],"site-content-layout":["default"],"theme-transparent-header-meta":["default"],"_primary_term_product_cat":["25"],"_aioseo_keywords":["a:0:{}"],"_aioseo_og_article_tags":["a:0:{}"],"_edit_lock":["1763818027:3"],"_edit_last":["3"],"fb_product_group_id":["8602787456434830"],"_monsterinsights_sitenote_active":["0"],"om_disable_all_campaigns":[""],"ast-site-content-layout":["default"],"site-content-style":["default"],"site-sidebar-style":["default"],"fb_product_item_id":["8602788219768087"],"_sale_price":["9"],"fb_brand":[""],"fb_mpn":[""],"_aioseo_og_article_section":[""],"fb_rich_text_description":[""],"fb_product_video":["a:0:{}"],"_aioseo_og_title":[""],"_aioseo_og_description":[""],"_aioseo_twitter_title":[""],"_aioseo_twitter_description":[""],"_aioseo_title":[null],"_aioseo_description":[null],"astra-migrate-meta-layouts":["set"],"_uag_page_assets":["a:9:{s:3:\"css\";s:0:\"\";s:2:\"js\";s:0:\"\";s:18:\"current_block_list\";a:5:{i:0;s:26:\"woocommerce\/product-search\";i:1;s:10:\"core\/group\";i:2;s:12:\"core\/heading\";i:3;s:27:\"woocommerce\/product-on-sale\";i:4;s:32:\"woocommerce\/product-best-sellers\";}s:8:\"uag_flag\";b:0;s:11:\"uag_version\";s:10:\"1775301941\";s:6:\"gfonts\";a:0:{}s:10:\"gfonts_url\";s:0:\"\";s:12:\"gfonts_files\";a:0:{}s:14:\"uag_faq_layout\";b:0;}"]},"uagb_featured_image_src":{"full":["https:\/\/smalsparet.com\/wp-content\/uploads\/2024\/10\/almanacka2025_front-scaled.jpg",2560,1811,false],"thumbnail":["https:\/\/smalsparet.com\/wp-content\/uploads\/2024\/10\/almanacka2025_front-150x150.jpg",150,150,true],"medium":["https:\/\/smalsparet.com\/wp-content\/uploads\/2024\/10\/almanacka2025_front-300x212.jpg",300,212,true],"medium_large":["https:\/\/smalsparet.com\/wp-content\/uploads\/2024\/10\/almanacka2025_front-768x543.jpg",768,543,true],"large":["https:\/\/smalsparet.com\/wp-content\/uploads\/2024\/10\/almanacka2025_front-1024x724.jpg",1024,724,true],"1536x1536":["https:\/\/smalsparet.com\/wp-content\/uploads\/2024\/10\/almanacka2025_front-1536x1087.jpg",1536,1087,true],"2048x2048":["https:\/\/smalsparet.com\/wp-content\/uploads\/2024\/10\/almanacka2025_front-2048x1449.jpg",2048,1449,true],"trp-custom-language-flag":["https:\/\/smalsparet.com\/wp-content\/uploads\/2024\/10\/almanacka2025_front-18x12.jpg",18,12,true],"woocommerce_thumbnail":["https:\/\/smalsparet.com\/wp-content\/uploads\/2024\/10\/almanacka2025_front-300x300.jpg",300,300,true],"woocommerce_single":["https:\/\/smalsparet.com\/wp-content\/uploads\/2024\/10\/almanacka2025_front-600x424.jpg",600,424,true],"woocommerce_gallery_thumbnail":["https:\/\/smalsparet.com\/wp-content\/uploads\/2024\/10\/almanacka2025_front-100x100.jpg",100,100,true],"awb_sm":["https:\/\/smalsparet.com\/wp-content\/uploads\/2024\/10\/almanacka2025_front-500x354.jpg",500,354,true],"awb_md":["https:\/\/smalsparet.com\/wp-content\/uploads\/2024\/10\/almanacka2025_front-800x566.jpg",800,566,true],"awb_lg":["https:\/\/smalsparet.com\/wp-content\/uploads\/2024\/10\/almanacka2025_front-1280x905.jpg",1280,905,true],"awb_xl":["https:\/\/smalsparet.com\/wp-content\/uploads\/2024\/10\/almanacka2025_front-1920x1358.jpg",1920,1358,true]},"uagb_author_info":{"display_name":"Olaf","author_link":"https:\/\/smalsparet.com\/nl\/author\/"},"uagb_comment_info":0,"uagb_excerpt":"K\u00f6p ditt exemplar av Smalsp\u00e5rsalmanackan f\u00f6r 2025. Kalendern trycks i f\u00e4rg, har svenska helgdagar utm\u00e4rkta samt inneh\u00e5ller ett flertal tidigare av f\u00f6reningen opublicerade bilder. Formatet \u00e4r A4 vikbart, f\u00f6r enklare upph\u00e4ngning \u00e4ven p\u00e5 mindre ytor. Bilder av b\u00e5de nyare och mer historisk karakt\u00e4r, flertalet tidigare ej publicerade bilder.","_links":{"self":[{"href":"https:\/\/smalsparet.com\/nl\/wp-json\/wp\/v2\/product\/8586","targetHints":{"allow":["GET"]}}],"collection":[{"href":"https:\/\/smalsparet.com\/nl\/wp-json\/wp\/v2\/product"}],"about":[{"href":"https:\/\/smalsparet.com\/nl\/wp-json\/wp\/v2\/types\/product"}],"replies":[{"embeddable":true,"href":"https:\/\/smalsparet.com\/nl\/wp-json\/wp\/v2\/comments?post=8586"}],"wp:featuredmedia":[{"embeddable":true,"href":"https:\/\/smalsparet.com\/nl\/wp-json\/wp\/v2\/media\/8742"}],"wp:attachment":[{"href":"https:\/\/smalsparet.com\/nl\/wp-json\/wp\/v2\/media?parent=8586"}],"wp:term":[{"taxonomy":"product_brand","embeddable":true,"href":"https:\/\/smalsparet.com\/nl\/wp-json\/wp\/v2\/product_brand?post=8586"},{"taxonomy":"product_cat","embeddable":true,"href":"https:\/\/smalsparet.com\/nl\/wp-json\/wp\/v2\/product_cat?post=8586"},{"taxonomy":"product_tag","embeddable":true,"href":"https:\/\/smalsparet.com\/nl\/wp-json\/wp\/v2\/product_tag?post=8586"}],"curies":[{"name":"wp","href":"https:\/\/api.w.org\/{rel}","templated":true}]}}