{"id":8102,"date":"2023-08-14T17:37:12","date_gmt":"2023-08-14T17:37:12","guid":{"rendered":"https:\/\/smalsparet.com\/?post_type=product&#038;p=8102"},"modified":"2025-12-01T00:00:07","modified_gmt":"2025-12-01T00:00:07","slug":"virserums-hembygdsbok-2023","status":"publish","type":"product","link":"https:\/\/smalsparet.com\/nl\/product\/virserums-hembygdsbok-2023\/","title":{"rendered":"Lokaal geschiedenisboek Virserum 2023"},"content":{"rendered":"<p>De negende editie van het populaire lokale geschiedenisboek is nu verkrijgbaar. Lees meer over de houtboten in het lokale geschiedenispark, de zilverschatten van de kerk, het telefoon- en telecommuseum en de rijke flora en fauna van Slagdala.<\/p>","protected":false},"excerpt":{"rendered":"<p>De negende editie van het populaire lokale geschiedenisboek is nu verkrijgbaar. Lees meer over de houtboten in het lokale geschiedenispark, de zilverschatten van de kerk, het telefoon- en telecommuseum en de rijke flora en fauna van Slagdala.<\/p>","protected":false},"featured_media":8103,"comment_status":"open","ping_status":"closed","template":"","meta":{"om_disable_all_campaigns":false,"_uag_custom_page_level_css":"","_monsterinsights_skip_tracking":false,"_monsterinsights_sitenote_active":false,"_monsterinsights_sitenote_note":"","_monsterinsights_sitenote_category":0,"site-sidebar-layout":"default","site-content-layout":"default","ast-site-content-layout":"default","site-content-style":"default","site-sidebar-style":"default","ast-global-header-display":"","ast-banner-title-visibility":"","ast-main-header-display":"","ast-hfb-above-header-display":"","ast-hfb-below-header-display":"","ast-hfb-mobile-header-display":"","site-post-title":"","ast-breadcrumbs-content":"","ast-featured-img":"","footer-sml-layout":"","ast-disable-related-posts":"","theme-transparent-header-meta":"default","adv-header-id-meta":"","stick-header-meta":"","header-above-stick-meta":"","header-main-stick-meta":"","header-below-stick-meta":"","astra-migrate-meta-layouts":"set","ast-page-background-enabled":"default","ast-page-background-meta":{"desktop":{"background-color":"","background-image":"","background-repeat":"repeat","background-position":"center center","background-size":"auto","background-attachment":"scroll","background-type":"","background-media":"","overlay-type":"","overlay-color":"","overlay-opacity":"","overlay-gradient":""},"tablet":{"background-color":"","background-image":"","background-repeat":"repeat","background-position":"center center","background-size":"auto","background-attachment":"scroll","background-type":"","background-media":"","overlay-type":"","overlay-color":"","overlay-opacity":"","overlay-gradient":""},"mobile":{"background-color":"","background-image":"","background-repeat":"repeat","background-position":"center center","background-size":"auto","background-attachment":"scroll","background-type":"","background-media":"","overlay-type":"","overlay-color":"","overlay-opacity":"","overlay-gradient":""}},"ast-content-background-meta":{"desktop":{"background-color":"var(--ast-global-color-5)","background-image":"","background-repeat":"repeat","background-position":"center center","background-size":"auto","background-attachment":"scroll","background-type":"","background-media":"","overlay-type":"","overlay-color":"","overlay-opacity":"","overlay-gradient":""},"tablet":{"background-color":"var(--ast-global-color-5)","background-image":"","background-repeat":"repeat","background-position":"center center","background-size":"auto","background-attachment":"scroll","background-type":"","background-media":"","overlay-type":"","overlay-color":"","overlay-opacity":"","overlay-gradient":""},"mobile":{"background-color":"var(--ast-global-color-5)","background-image":"","background-repeat":"repeat","background-position":"center center","background-size":"auto","background-attachment":"scroll","background-type":"","background-media":"","overlay-type":"","overlay-color":"","overlay-opacity":"","overlay-gradient":""}}},"product_brand":[],"product_cat":[83,23],"product_tag":[],"class_list":{"0":"post-8102","1":"product","2":"type-product","3":"status-publish","4":"has-post-thumbnail","6":"product_cat-black-friday-2025","7":"product_cat-bok","8":"desktop-align-center","9":"tablet-align-center","10":"mobile-align-center","12":"first","13":"instock","14":"taxable","15":"shipping-taxable","16":"purchasable","17":"product-type-simple"},"aioseo_notices":[],"spectra_custom_meta":{"_regular_price":["170"],"total_sales":["2"],"_tax_status":["taxable"],"_tax_class":["6"],"_manage_stock":["yes"],"_backorders":["no"],"_sold_individually":["no"],"_weight":["350"],"_virtual":["no"],"_downloadable":["no"],"_download_limit":["-1"],"_download_expiry":["-1"],"_thumbnail_id":["8103"],"_stock":["3"],"_stock_status":["instock"],"_wc_average_rating":["0"],"_wc_review_count":["0"],"_product_attributes":["a:1:{s:11:\"pa_bindning\";a:6:{s:4:\"name\";s:11:\"pa_bindning\";s:5:\"value\";s:0:\"\";s:8:\"position\";i:0;s:10:\"is_visible\";i:1;s:12:\"is_variation\";i:0;s:11:\"is_taxonomy\";i:1;}}"],"_product_version":["9.7.1"],"_price":["170"],"_primary_term_product_cat":["23"],"site-sidebar-layout":["default"],"site-content-layout":["default"],"theme-transparent-header-meta":["default"],"_edit_lock":["1763817883:3"],"_edit_last":["3"],"_genesis_description":["Nu \u00e4r nionde \u00e5rg\u00e5ngen av den popul\u00e4ra hembygdsboken h\u00e4r."],"_wc_facebook_sync_enabled":["yes"],"fb_visibility":["yes"],"_wc_facebook_commerce_enabled":["no"],"fb_product_group_id":["7019280741456658"],"fb_product_item_id":["7019280758123323"],"fb_product_description":[""],"fb_rich_text_description":[""],"_wc_facebook_product_image_source":["product"],"fb_product_video":["a:0:{}"],"fb_brand":[""],"fb_mpn":[""],"_aioseo_keywords":["a:0:{}"],"_aioseo_og_title":[""],"_aioseo_og_description":[""],"_aioseo_og_article_section":[""],"_aioseo_og_article_tags":["a:0:{}"],"_aioseo_twitter_title":[""],"_aioseo_twitter_description":[""],"_monsterinsights_sitenote_active":["0"],"om_disable_all_campaigns":[""],"ast-site-content-layout":["default"],"site-content-style":["default"],"site-sidebar-style":["default"],"_aioseo_title":[null],"_aioseo_description":[null],"astra-migrate-meta-layouts":["set"],"_uag_page_assets":["a:9:{s:3:\"css\";s:0:\"\";s:2:\"js\";s:0:\"\";s:18:\"current_block_list\";a:5:{i:0;s:26:\"woocommerce\/product-search\";i:1;s:10:\"core\/group\";i:2;s:12:\"core\/heading\";i:3;s:27:\"woocommerce\/product-on-sale\";i:4;s:32:\"woocommerce\/product-best-sellers\";}s:8:\"uag_flag\";b:0;s:11:\"uag_version\";s:10:\"1775301941\";s:6:\"gfonts\";a:0:{}s:10:\"gfonts_url\";s:0:\"\";s:12:\"gfonts_files\";a:0:{}s:14:\"uag_faq_layout\";b:0;}"]},"uagb_featured_image_src":{"full":["https:\/\/smalsparet.com\/wp-content\/uploads\/2023\/08\/virserumshembygdsbok2023.png",476,564,false],"thumbnail":["https:\/\/smalsparet.com\/wp-content\/uploads\/2023\/08\/virserumshembygdsbok2023-150x150.png",150,150,true],"medium":["https:\/\/smalsparet.com\/wp-content\/uploads\/2023\/08\/virserumshembygdsbok2023-253x300.png",253,300,true],"medium_large":["https:\/\/smalsparet.com\/wp-content\/uploads\/2023\/08\/virserumshembygdsbok2023.png",476,564,false],"large":["https:\/\/smalsparet.com\/wp-content\/uploads\/2023\/08\/virserumshembygdsbok2023.png",476,564,false],"1536x1536":["https:\/\/smalsparet.com\/wp-content\/uploads\/2023\/08\/virserumshembygdsbok2023.png",476,564,false],"2048x2048":["https:\/\/smalsparet.com\/wp-content\/uploads\/2023\/08\/virserumshembygdsbok2023.png",476,564,false],"trp-custom-language-flag":["https:\/\/smalsparet.com\/wp-content\/uploads\/2023\/08\/virserumshembygdsbok2023-10x12.png",10,12,true],"woocommerce_thumbnail":["https:\/\/smalsparet.com\/wp-content\/uploads\/2023\/08\/virserumshembygdsbok2023-300x300.png",300,300,true],"woocommerce_single":["https:\/\/smalsparet.com\/wp-content\/uploads\/2023\/08\/virserumshembygdsbok2023.png",476,564,false],"woocommerce_gallery_thumbnail":["https:\/\/smalsparet.com\/wp-content\/uploads\/2023\/08\/virserumshembygdsbok2023-100x100.png",100,100,true],"awb_sm":["https:\/\/smalsparet.com\/wp-content\/uploads\/2023\/08\/virserumshembygdsbok2023.png",476,564,false],"awb_md":["https:\/\/smalsparet.com\/wp-content\/uploads\/2023\/08\/virserumshembygdsbok2023.png",476,564,false],"awb_lg":["https:\/\/smalsparet.com\/wp-content\/uploads\/2023\/08\/virserumshembygdsbok2023.png",476,564,false],"awb_xl":["https:\/\/smalsparet.com\/wp-content\/uploads\/2023\/08\/virserumshembygdsbok2023.png",476,564,false]},"uagb_author_info":{"display_name":"Olaf","author_link":"https:\/\/smalsparet.com\/nl\/author\/"},"uagb_comment_info":0,"uagb_excerpt":"Nu \u00e4r nionde \u00e5rg\u00e5ngen av den popul\u00e4ra hembygdsboken h\u00e4r. L\u00e4s mer om hembygdsparkens stockb\u00e5tar, kyrkans silverskatter, telefoni och telemuseet samt Slagdalas artrika flora och fauna.","_links":{"self":[{"href":"https:\/\/smalsparet.com\/nl\/wp-json\/wp\/v2\/product\/8102","targetHints":{"allow":["GET"]}}],"collection":[{"href":"https:\/\/smalsparet.com\/nl\/wp-json\/wp\/v2\/product"}],"about":[{"href":"https:\/\/smalsparet.com\/nl\/wp-json\/wp\/v2\/types\/product"}],"replies":[{"embeddable":true,"href":"https:\/\/smalsparet.com\/nl\/wp-json\/wp\/v2\/comments?post=8102"}],"wp:featuredmedia":[{"embeddable":true,"href":"https:\/\/smalsparet.com\/nl\/wp-json\/wp\/v2\/media\/8103"}],"wp:attachment":[{"href":"https:\/\/smalsparet.com\/nl\/wp-json\/wp\/v2\/media?parent=8102"}],"wp:term":[{"taxonomy":"product_brand","embeddable":true,"href":"https:\/\/smalsparet.com\/nl\/wp-json\/wp\/v2\/product_brand?post=8102"},{"taxonomy":"product_cat","embeddable":true,"href":"https:\/\/smalsparet.com\/nl\/wp-json\/wp\/v2\/product_cat?post=8102"},{"taxonomy":"product_tag","embeddable":true,"href":"https:\/\/smalsparet.com\/nl\/wp-json\/wp\/v2\/product_tag?post=8102"}],"curies":[{"name":"wp","href":"https:\/\/api.w.org\/{rel}","templated":true}]}}