{"id":7944,"date":"2023-06-08T14:52:23","date_gmt":"2023-06-08T14:52:23","guid":{"rendered":"https:\/\/smalsparet.com\/?post_type=product&#038;p=7944"},"modified":"2025-12-15T17:59:38","modified_gmt":"2025-12-15T17:59:38","slug":"smala-spar-i-langa-banor","status":"publish","type":"product","link":"https:\/\/smalsparet.com\/nl\/product\/smala-spar-i-langa-banor\/","title":{"rendered":"Smalspoor in lange lijnen"},"content":{"rendered":"<div>\n<p><strong>Nieuwe film van Smalsp\u00e5ret - geproduceerd door LEG Video!<\/strong><\/p>\n<div class=\"page\" title=\"Pagina 1\">\n<div class=\"section\">\n<div class=\"layoutArea\">\n<div class=\"column\">\n<p>De vereniging Smalsp\u00e5ret V\u00e4xj\u00f6-V\u00e4stervik heeft drie films gevonden uit de laatste jaren van SJ en een film van V\u00e4xj\u00f6-Hultsfred-V\u00e4ster-viks J\u00e4rnv\u00e4gsaktiebolag (VHVJ), het bedrijf dat Smalsp\u00e5ret heeft gered voor toekomstige generaties door het spoor van SJ te kopen en in de zomer toeristenverkeer te laten rijden.<\/p>\n<\/div>\n<\/div>\n<\/div>\n<\/div>\n<\/div>\n<p><strong>Uit de inhoud:<\/strong><\/p>\n<div class=\"page\" title=\"Pagina 1\">\n<div class=\"section\">\n<div class=\"layoutArea\">\n<div class=\"column\">\n<ul>\n<li>Smalspoor in lange lijnen (1977) - z\/w<\/li>\n<li>De langste attractie van Sm\u00e5land (1984) - kleur<\/li>\n<li>Wintertrein tussen Hultsfred en Virserum (jaren 1970) - z\/w<\/li>\n<li>VHVJ Smalspoor (1992) - kleur<\/li>\n<\/ul>\n<div class=\"page\" title=\"Pagina 1\">\n<div class=\"section\">\n<div class=\"layoutArea\">\n<div class=\"column\">\n<p><em><strong>Gefilmd door:<\/strong><\/em> J\u00f8rgen Jensen, Jens Halck, Bo Starup, Eigil de Neergaard, Finn Beyer Paulsen, Flemming Jakielski, Rolf Brems en Ole Haugsted. Redacteur: Peter V. Christensen. <em><strong>Bewerken:<\/strong><\/em> Lars-Erik Gustavsson.<\/p>\n<\/div>\n<\/div>\n<\/div>\n<\/div>\n<\/div>\n<\/div>\n<\/div>\n<\/div>","protected":false},"excerpt":{"rendered":"<p>Ny film fr\u00e5n Smalsp\u00e5ret &#8211; producerad av LEG Video! Fo\u0308reningen Smalspa\u030aret Va\u0308xjo\u0308-Va\u0308stervik har hittat tre filmer fra\u030an SJ\u2019s sista a\u030ar samt en film fra\u030an Va\u0308xjo\u0308-Hultsfred-Va\u0308ster-viks Ja\u0308rnva\u0308gsaktiebolag (VHVJ), bolaget som ra\u0308ddade Smalspa\u030aret fo\u0308r kommande generationer genom att ko\u0308pa banan av SJ och bedriva turisttrafik sommartid. Ur inneh\u00e5llet: Smalle spor i lange baner (1977) &#8211; s\/v Sma\u030alands [&hellip;]<\/p>\n","protected":false},"featured_media":7945,"comment_status":"open","ping_status":"closed","template":"","meta":{"om_disable_all_campaigns":false,"_uag_custom_page_level_css":"","_monsterinsights_skip_tracking":false,"_monsterinsights_sitenote_active":false,"_monsterinsights_sitenote_note":"","_monsterinsights_sitenote_category":0,"site-sidebar-layout":"default","site-content-layout":"default","ast-site-content-layout":"default","site-content-style":"default","site-sidebar-style":"default","ast-global-header-display":"","ast-banner-title-visibility":"","ast-main-header-display":"","ast-hfb-above-header-display":"","ast-hfb-below-header-display":"","ast-hfb-mobile-header-display":"","site-post-title":"","ast-breadcrumbs-content":"","ast-featured-img":"","footer-sml-layout":"","ast-disable-related-posts":"","theme-transparent-header-meta":"default","adv-header-id-meta":"","stick-header-meta":"","header-above-stick-meta":"","header-main-stick-meta":"","header-below-stick-meta":"","astra-migrate-meta-layouts":"set","ast-page-background-enabled":"default","ast-page-background-meta":{"desktop":{"background-color":"","background-image":"","background-repeat":"repeat","background-position":"center center","background-size":"auto","background-attachment":"scroll","background-type":"","background-media":"","overlay-type":"","overlay-color":"","overlay-opacity":"","overlay-gradient":""},"tablet":{"background-color":"","background-image":"","background-repeat":"repeat","background-position":"center center","background-size":"auto","background-attachment":"scroll","background-type":"","background-media":"","overlay-type":"","overlay-color":"","overlay-opacity":"","overlay-gradient":""},"mobile":{"background-color":"","background-image":"","background-repeat":"repeat","background-position":"center center","background-size":"auto","background-attachment":"scroll","background-type":"","background-media":"","overlay-type":"","overlay-color":"","overlay-opacity":"","overlay-gradient":""}},"ast-content-background-meta":{"desktop":{"background-color":"var(--ast-global-color-5)","background-image":"","background-repeat":"repeat","background-position":"center center","background-size":"auto","background-attachment":"scroll","background-type":"","background-media":"","overlay-type":"","overlay-color":"","overlay-opacity":"","overlay-gradient":""},"tablet":{"background-color":"var(--ast-global-color-5)","background-image":"","background-repeat":"repeat","background-position":"center center","background-size":"auto","background-attachment":"scroll","background-type":"","background-media":"","overlay-type":"","overlay-color":"","overlay-opacity":"","overlay-gradient":""},"mobile":{"background-color":"var(--ast-global-color-5)","background-image":"","background-repeat":"repeat","background-position":"center center","background-size":"auto","background-attachment":"scroll","background-type":"","background-media":"","overlay-type":"","overlay-color":"","overlay-opacity":"","overlay-gradient":""}}},"product_brand":[],"product_cat":[83,22,66],"product_tag":[],"class_list":{"0":"post-7944","1":"product","2":"type-product","3":"status-publish","4":"has-post-thumbnail","6":"product_cat-black-friday-2025","7":"product_cat-film","8":"product_cat-historiska-filmer","9":"desktop-align-center","10":"tablet-align-center","11":"mobile-align-center","13":"first","14":"instock","15":"featured","16":"taxable","17":"shipping-taxable","18":"purchasable","19":"product-type-simple"},"aioseo_notices":[],"spectra_custom_meta":{"_regular_price":["200"],"total_sales":["48"],"_tax_status":["taxable"],"_tax_class":["6"],"_manage_stock":["yes"],"_backorders":["no"],"_sold_individually":["no"],"_weight":["120"],"_virtual":["no"],"_downloadable":["no"],"_download_limit":["-1"],"_download_expiry":["-1"],"_thumbnail_id":["7945"],"_stock":["252"],"_stock_status":["instock"],"_wc_average_rating":["0"],"_wc_review_count":["0"],"_product_version":["9.7.1"],"_price":["200"],"_primary_term_product_cat":["66"],"site-sidebar-layout":["default"],"site-content-layout":["default"],"theme-transparent-header-meta":["default"],"_wc_facebook_sync_enabled":["yes"],"fb_visibility":["yes"],"fb_product_description":[""],"_wc_facebook_product_image_source":["product"],"_wc_facebook_commerce_enabled":["no"],"_edit_lock":["1763818027:3"],"_edit_last":["3"],"fb_product_group_id":["9773148139369726"],"fb_product_item_id":["9773148226036384"],"ast-site-content-layout":["default"],"site-content-style":["default"],"site-sidebar-style":["default"],"_aioseo_keywords":["a:0:{}"],"_aioseo_og_article_section":[""],"_aioseo_og_article_tags":["a:0:{}"],"_monsterinsights_sitenote_active":["0"],"om_disable_all_campaigns":[""],"fb_rich_text_description":[""],"fb_product_video":["a:0:{}"],"fb_brand":[""],"fb_mpn":[""],"_aioseo_og_title":[""],"_aioseo_og_description":[""],"_aioseo_twitter_title":[""],"_aioseo_twitter_description":[""],"_aioseo_title":[null],"_aioseo_description":[null],"astra-migrate-meta-layouts":["set"],"_uag_page_assets":["a:9:{s:3:\"css\";s:0:\"\";s:2:\"js\";s:0:\"\";s:18:\"current_block_list\";a:5:{i:0;s:26:\"woocommerce\/product-search\";i:1;s:10:\"core\/group\";i:2;s:12:\"core\/heading\";i:3;s:27:\"woocommerce\/product-on-sale\";i:4;s:32:\"woocommerce\/product-best-sellers\";}s:8:\"uag_flag\";b:0;s:11:\"uag_version\";s:10:\"1775301941\";s:6:\"gfonts\";a:0:{}s:10:\"gfonts_url\";s:0:\"\";s:12:\"gfonts_files\";a:0:{}s:14:\"uag_faq_layout\";b:0;}"]},"uagb_featured_image_src":{"full":["https:\/\/smalsparet.com\/wp-content\/uploads\/2023\/06\/smalasparlangabanor.png",3298,2256,false],"thumbnail":["https:\/\/smalsparet.com\/wp-content\/uploads\/2023\/06\/smalasparlangabanor-150x150.png",150,150,true],"medium":["https:\/\/smalsparet.com\/wp-content\/uploads\/2023\/06\/smalasparlangabanor-300x205.png",300,205,true],"medium_large":["https:\/\/smalsparet.com\/wp-content\/uploads\/2023\/06\/smalasparlangabanor-768x525.png",768,525,true],"large":["https:\/\/smalsparet.com\/wp-content\/uploads\/2023\/06\/smalasparlangabanor-1024x700.png",1024,700,true],"1536x1536":["https:\/\/smalsparet.com\/wp-content\/uploads\/2023\/06\/smalasparlangabanor-1536x1051.png",1536,1051,true],"2048x2048":["https:\/\/smalsparet.com\/wp-content\/uploads\/2023\/06\/smalasparlangabanor-2048x1401.png",2048,1401,true],"trp-custom-language-flag":["https:\/\/smalsparet.com\/wp-content\/uploads\/2023\/06\/smalasparlangabanor-18x12.png",18,12,true],"woocommerce_thumbnail":["https:\/\/smalsparet.com\/wp-content\/uploads\/2023\/06\/smalasparlangabanor-300x300.png",300,300,true],"woocommerce_single":["https:\/\/smalsparet.com\/wp-content\/uploads\/2023\/06\/smalasparlangabanor-600x410.png",600,410,true],"woocommerce_gallery_thumbnail":["https:\/\/smalsparet.com\/wp-content\/uploads\/2023\/06\/smalasparlangabanor-100x100.png",100,100,true],"awb_sm":["https:\/\/smalsparet.com\/wp-content\/uploads\/2023\/06\/smalasparlangabanor.png",500,342,false],"awb_md":["https:\/\/smalsparet.com\/wp-content\/uploads\/2023\/06\/smalasparlangabanor.png",800,547,false],"awb_lg":["https:\/\/smalsparet.com\/wp-content\/uploads\/2023\/06\/smalasparlangabanor.png",1280,876,false],"awb_xl":["https:\/\/smalsparet.com\/wp-content\/uploads\/2023\/06\/smalasparlangabanor.png",1920,1313,false]},"uagb_author_info":{"display_name":"Olaf","author_link":"https:\/\/smalsparet.com\/nl\/author\/"},"uagb_comment_info":0,"uagb_excerpt":"Ny film fr\u00e5n Smalsp\u00e5ret &#8211; producerad av LEG Video! Fo\u0308reningen Smalspa\u030aret Va\u0308xjo\u0308-Va\u0308stervik har hittat tre filmer fra\u030an SJ\u2019s sista a\u030ar samt en film fra\u030an Va\u0308xjo\u0308-Hultsfred-Va\u0308ster-viks Ja\u0308rnva\u0308gsaktiebolag (VHVJ), bolaget som ra\u0308ddade Smalspa\u030aret fo\u0308r kommande generationer genom att ko\u0308pa banan av SJ och bedriva turisttrafik sommartid. Ur inneh\u00e5llet: Smalle spor i lange baner (1977) &#8211; s\/v Sma\u030alands&hellip;","_links":{"self":[{"href":"https:\/\/smalsparet.com\/nl\/wp-json\/wp\/v2\/product\/7944","targetHints":{"allow":["GET"]}}],"collection":[{"href":"https:\/\/smalsparet.com\/nl\/wp-json\/wp\/v2\/product"}],"about":[{"href":"https:\/\/smalsparet.com\/nl\/wp-json\/wp\/v2\/types\/product"}],"replies":[{"embeddable":true,"href":"https:\/\/smalsparet.com\/nl\/wp-json\/wp\/v2\/comments?post=7944"}],"wp:featuredmedia":[{"embeddable":true,"href":"https:\/\/smalsparet.com\/nl\/wp-json\/wp\/v2\/media\/7945"}],"wp:attachment":[{"href":"https:\/\/smalsparet.com\/nl\/wp-json\/wp\/v2\/media?parent=7944"}],"wp:term":[{"taxonomy":"product_brand","embeddable":true,"href":"https:\/\/smalsparet.com\/nl\/wp-json\/wp\/v2\/product_brand?post=7944"},{"taxonomy":"product_cat","embeddable":true,"href":"https:\/\/smalsparet.com\/nl\/wp-json\/wp\/v2\/product_cat?post=7944"},{"taxonomy":"product_tag","embeddable":true,"href":"https:\/\/smalsparet.com\/nl\/wp-json\/wp\/v2\/product_tag?post=7944"}],"curies":[{"name":"wp","href":"https:\/\/api.w.org\/{rel}","templated":true}]}}