{"id":5310,"date":"2014-11-09T18:58:40","date_gmt":"2014-11-09T18:58:40","guid":{"rendered":"https:\/\/smalsparet.com\/?product=motalalokens-dag"},"modified":"2026-03-25T08:43:38","modified_gmt":"2026-03-25T08:43:38","slug":"motalalokens-dag","status":"publish","type":"product","link":"https:\/\/smalsparet.com\/nl\/product\/motalalokens-dag\/","title":{"rendered":"Motalokens dag"},"content":{"rendered":"<p>Een film over het evenement Motalalokens dag bij de museumspoorlijn \u00d6stra S\u00f6dermanlands J\u00e4rnv\u00e4g in Mariefred, 17 mei 2014. Alle vier overgebleven 600 mm Motalalok locomotieven waren te zien en reden mee in de trein van vandaag. Er waren drie stoomlocomotieven en \u00e9\u00e9n tot motorlocomotief omgebouwde locomotief. In de film kun je de verschillende programmapunten van het evenement volgen, waaronder de heropening van Stavsj\u00f6 Railway No. 2 \"Vir\u00e5\".<\/p>\n<p>Selecteerbare audiotracks: met of zonder luidspreker.<\/p>\n<p>Formaat 16:9. Lengte 50 min. Kartonnen omslag<\/p>\n<p><span style=\"color: #ff0000;\">\u00a0<\/span><\/p>","protected":false},"excerpt":{"rendered":"<p>En film om evenemanget Motalalokens dag p\u00e5 museij\u00e4rnv\u00e4gen \u00d6stra S\u00f6dermanlands J\u00e4rnv\u00e4g i Mariefred, den 17 maj 2014. Samtliga fyra kvarvarande Motalalok med 600 mm sp\u00e5rvidd visades upp och tj\u00e4nstgjorde i dagens t\u00e5g. Det var tre \u00e5nglok och ett lok ombyggt till motorlok. I filmen f\u00e5r ni f\u00f6lja evenemangets olika programpunkter, bl.a. \u00e5terinvigningen av Stavsj\u00f6 J\u00e4rnv\u00e4g [&hellip;]<\/p>\n","protected":false},"featured_media":5311,"comment_status":"open","ping_status":"closed","template":"","meta":{"om_disable_all_campaigns":false,"_uag_custom_page_level_css":"","_monsterinsights_skip_tracking":false,"_monsterinsights_sitenote_active":false,"_monsterinsights_sitenote_note":"","_monsterinsights_sitenote_category":0,"site-sidebar-layout":"default","site-content-layout":"default","ast-site-content-layout":"default","site-content-style":"default","site-sidebar-style":"default","ast-global-header-display":"","ast-banner-title-visibility":"","ast-main-header-display":"","ast-hfb-above-header-display":"","ast-hfb-below-header-display":"","ast-hfb-mobile-header-display":"","site-post-title":"","ast-breadcrumbs-content":"","ast-featured-img":"","footer-sml-layout":"","ast-disable-related-posts":"","theme-transparent-header-meta":"default","adv-header-id-meta":"","stick-header-meta":"","header-above-stick-meta":"","header-main-stick-meta":"","header-below-stick-meta":"","astra-migrate-meta-layouts":"default","ast-page-background-enabled":"default","ast-page-background-meta":{"desktop":{"background-color":"","background-image":"","background-repeat":"repeat","background-position":"center center","background-size":"auto","background-attachment":"scroll","background-type":"","background-media":"","overlay-type":"","overlay-color":"","overlay-opacity":"","overlay-gradient":""},"tablet":{"background-color":"","background-image":"","background-repeat":"repeat","background-position":"center center","background-size":"auto","background-attachment":"scroll","background-type":"","background-media":"","overlay-type":"","overlay-color":"","overlay-opacity":"","overlay-gradient":""},"mobile":{"background-color":"","background-image":"","background-repeat":"repeat","background-position":"center center","background-size":"auto","background-attachment":"scroll","background-type":"","background-media":"","overlay-type":"","overlay-color":"","overlay-opacity":"","overlay-gradient":""}},"ast-content-background-meta":{"desktop":{"background-color":"var(--ast-global-color-5)","background-image":"","background-repeat":"repeat","background-position":"center center","background-size":"auto","background-attachment":"scroll","background-type":"","background-media":"","overlay-type":"","overlay-color":"","overlay-opacity":"","overlay-gradient":""},"tablet":{"background-color":"var(--ast-global-color-5)","background-image":"","background-repeat":"repeat","background-position":"center center","background-size":"auto","background-attachment":"scroll","background-type":"","background-media":"","overlay-type":"","overlay-color":"","overlay-opacity":"","overlay-gradient":""},"mobile":{"background-color":"var(--ast-global-color-5)","background-image":"","background-repeat":"repeat","background-position":"center center","background-size":"auto","background-attachment":"scroll","background-type":"","background-media":"","overlay-type":"","overlay-color":"","overlay-opacity":"","overlay-gradient":""}}},"product_brand":[],"product_cat":[71,70],"product_tag":[],"class_list":{"0":"post-5310","1":"product","2":"type-product","3":"status-publish","4":"has-post-thumbnail","6":"product_cat-lagprisfilmer","7":"product_cat-vinter-rea","8":"desktop-align-center","9":"tablet-align-center","10":"mobile-align-center","12":"first","13":"instock","14":"taxable","15":"shipping-taxable","16":"purchasable","17":"product-type-simple"},"aioseo_notices":[],"spectra_custom_meta":{"_product_attributes":["a:0:{}"],"_thumbnail_id":["5311"],"_visibility":["visible"],"_stock_status":["instock"],"total_sales":["7"],"_downloadable":["no"],"_virtual":["no"],"_regular_price":["25"],"_sale_price":[""],"_tax_status":["taxable"],"_tax_class":[""],"_featured":["no"],"_purchase_note":[""],"_weight":["80"],"_length":[""],"_width":[""],"_height":[""],"_sku":[""],"_sale_price_dates_from":[""],"_sale_price_dates_to":[""],"_price":["25"],"_sold_individually":[""],"_manage_stock":["yes"],"_backorders":["no"],"_stock":["33"],"_upsell_ids":["a:0:{}"],"_crosssell_ids":["a:0:{}"],"_children":["a:0:{}"],"_min_variation_price":[""],"_max_variation_price":[""],"_min_price_variation_id":[""],"_max_price_variation_id":[""],"_min_variation_regular_price":[""],"_max_variation_regular_price":[""],"_min_regular_price_variation_id":[""],"_max_regular_price_variation_id":[""],"_min_variation_sale_price":[""],"_max_variation_sale_price":[""],"_min_sale_price_variation_id":[""],"_max_sale_price_variation_id":[""],"_product_image_gallery":["5311"],"_yoast_wpseo_title":[""],"_yoast_wpseo_metadesc":[""],"_yoast_wpseo_focuskw":[""],"_downloadable_files":["a:0:{}"],"_download_limit":[""],"_download_expiry":[""],"_wc_average_rating":["0"],"_wc_rating_count":["a:0:{}"],"_wc_review_count":["0"],"_wpm_gtin_code":[""],"rank_math_title":[""],"rank_math_description":[""],"rank_math_focus_keyword":[""],"_edit_last":["3"],"_product_version":["10.6.1"],"_edit_lock":["1762881361:3"],"_primary_term_product_cat":["70"],"site-sidebar-layout":["default"],"site-content-layout":["default"],"theme-transparent-header-meta":["default"],"fb_product_item_id":["5368237946621179"],"_uag_page_assets":["a:9:{s:3:\"css\";s:0:\"\";s:2:\"js\";s:0:\"\";s:18:\"current_block_list\";a:5:{i:0;s:26:\"woocommerce\/product-search\";i:1;s:10:\"core\/group\";i:2;s:12:\"core\/heading\";i:3;s:27:\"woocommerce\/product-on-sale\";i:4;s:32:\"woocommerce\/product-best-sellers\";}s:8:\"uag_flag\";b:0;s:11:\"uag_version\";s:10:\"1777126353\";s:6:\"gfonts\";a:0:{}s:10:\"gfonts_url\";s:0:\"\";s:12:\"gfonts_files\";a:0:{}s:14:\"uag_faq_layout\";b:0;}"]},"uagb_featured_image_src":{"full":["https:\/\/smalsparet.com\/wp-content\/uploads\/nc\/2014\/11\/LEG-Motala-20140905-dvdomslag-900.jpg",900,443,false],"thumbnail":["https:\/\/smalsparet.com\/wp-content\/uploads\/nc\/2014\/11\/LEG-Motala-20140905-dvdomslag-900.jpg",150,74,false],"medium":["https:\/\/smalsparet.com\/wp-content\/uploads\/nc\/2014\/11\/LEG-Motala-20140905-dvdomslag-900.jpg",300,148,false],"medium_large":["https:\/\/smalsparet.com\/wp-content\/uploads\/nc\/2014\/11\/LEG-Motala-20140905-dvdomslag-900.jpg",768,378,false],"large":["https:\/\/smalsparet.com\/wp-content\/uploads\/nc\/2014\/11\/LEG-Motala-20140905-dvdomslag-900.jpg",900,443,false],"1536x1536":["https:\/\/smalsparet.com\/wp-content\/uploads\/nc\/2014\/11\/LEG-Motala-20140905-dvdomslag-900.jpg",900,443,false],"2048x2048":["https:\/\/smalsparet.com\/wp-content\/uploads\/nc\/2014\/11\/LEG-Motala-20140905-dvdomslag-900.jpg",900,443,false],"trp-custom-language-flag":["https:\/\/smalsparet.com\/wp-content\/uploads\/nc\/2014\/11\/LEG-Motala-20140905-dvdomslag-900.jpg",18,9,false],"woocommerce_thumbnail":["https:\/\/smalsparet.com\/wp-content\/uploads\/nc\/2014\/11\/LEG-Motala-20140905-dvdomslag-900-300x300.jpg",300,300,true],"woocommerce_single":["https:\/\/smalsparet.com\/wp-content\/uploads\/nc\/2014\/11\/LEG-Motala-20140905-dvdomslag-900.jpg",600,295,true],"woocommerce_gallery_thumbnail":["https:\/\/smalsparet.com\/wp-content\/uploads\/nc\/2014\/11\/LEG-Motala-20140905-dvdomslag-900-100x100.jpg",100,100,true],"awb_sm":["https:\/\/smalsparet.com\/wp-content\/uploads\/nc\/2014\/11\/LEG-Motala-20140905-dvdomslag-900.jpg",500,246,false],"awb_md":["https:\/\/smalsparet.com\/wp-content\/uploads\/nc\/2014\/11\/LEG-Motala-20140905-dvdomslag-900.jpg",800,394,false],"awb_lg":["https:\/\/smalsparet.com\/wp-content\/uploads\/nc\/2014\/11\/LEG-Motala-20140905-dvdomslag-900.jpg",900,443,false],"awb_xl":["https:\/\/smalsparet.com\/wp-content\/uploads\/nc\/2014\/11\/LEG-Motala-20140905-dvdomslag-900.jpg",900,443,false]},"uagb_author_info":{"display_name":"admin","author_link":"https:\/\/smalsparet.com\/nl\/author\/"},"uagb_comment_info":0,"uagb_excerpt":"En film om evenemanget Motalalokens dag p\u00e5 museij\u00e4rnv\u00e4gen \u00d6stra S\u00f6dermanlands J\u00e4rnv\u00e4g i Mariefred, den 17 maj 2014. Samtliga fyra kvarvarande Motalalok med 600 mm sp\u00e5rvidd visades upp och tj\u00e4nstgjorde i dagens t\u00e5g. Det var tre \u00e5nglok och ett lok ombyggt till motorlok. I filmen f\u00e5r ni f\u00f6lja evenemangets olika programpunkter, bl.a. \u00e5terinvigningen av Stavsj\u00f6 J\u00e4rnv\u00e4g&hellip;","_links":{"self":[{"href":"https:\/\/smalsparet.com\/nl\/wp-json\/wp\/v2\/product\/5310","targetHints":{"allow":["GET"]}}],"collection":[{"href":"https:\/\/smalsparet.com\/nl\/wp-json\/wp\/v2\/product"}],"about":[{"href":"https:\/\/smalsparet.com\/nl\/wp-json\/wp\/v2\/types\/product"}],"replies":[{"embeddable":true,"href":"https:\/\/smalsparet.com\/nl\/wp-json\/wp\/v2\/comments?post=5310"}],"wp:featuredmedia":[{"embeddable":true,"href":"https:\/\/smalsparet.com\/nl\/wp-json\/wp\/v2\/media\/5311"}],"wp:attachment":[{"href":"https:\/\/smalsparet.com\/nl\/wp-json\/wp\/v2\/media?parent=5310"}],"wp:term":[{"taxonomy":"product_brand","embeddable":true,"href":"https:\/\/smalsparet.com\/nl\/wp-json\/wp\/v2\/product_brand?post=5310"},{"taxonomy":"product_cat","embeddable":true,"href":"https:\/\/smalsparet.com\/nl\/wp-json\/wp\/v2\/product_cat?post=5310"},{"taxonomy":"product_tag","embeddable":true,"href":"https:\/\/smalsparet.com\/nl\/wp-json\/wp\/v2\/product_tag?post=5310"}],"curies":[{"name":"wp","href":"https:\/\/api.w.org\/{rel}","templated":true}]}}