{"id":5281,"date":"2012-01-11T00:21:18","date_gmt":"2012-01-11T00:21:18","guid":{"rendered":"https:\/\/smalsparet.com\/?product=1435-anglok-pa-1960-talet-del-1"},"modified":"2025-12-01T00:00:09","modified_gmt":"2025-12-01T00:00:09","slug":"1435-anglok-pa-1960-talet-del-1","status":"publish","type":"product","link":"https:\/\/smalsparet.com\/nl\/product\/1435-anglok-pa-1960-talet-del-1\/","title":{"rendered":"1435 Stoomlocomotieven in de jaren 1960, deel 1"},"content":{"rendered":"<p>Eerste deel in een nieuwe serie films over de laatste Zweedse stoomlocomotieven in dienst op SJ en industri\u00eble lijnen met normale spoorwijdte. De films tonen de locomotieven in de reguliere dienst of extra treinen onder auspici\u00ebn van SJ, geen SJK-excursies. In deel 1 zie je J locomotieven op Falsterbobanan, E2 in Vasaloppst\u00e5g, Kyrkebyn- Segmons industriespoor, E10 tussen Orsa en Bolln\u00e4s en S1 in de laatste trein Sveg-Hede. Gefilmd op smalfilm in kleur met nagesynchroniseerd geluid. Optionele soundtracks zijn Zweeds of zonder commentaar. 50 minuten.<\/p>\n<p>&nbsp;<\/p>","protected":false},"excerpt":{"rendered":"<p>F\u00f6rsta delen i en ny serie filmer som visar de sista svenska \u00e5ngloken i tj\u00e4nst p\u00e5 SJ och industribanor med normal sp\u00e5rvidd. Filmerna visar loken i ordinarie drift eller extrat\u00e5g i SJ regi, inga SJK-utf\u00e4rder allts\u00e5. I del 1 f\u00e5r ni se J-lok p\u00e5 Falsterbobanan, E2 i Vasaloppst\u00e5g, Kyrkebyn- Segmons industribana, E10 mellan Orsa och [&hellip;]<\/p>\n","protected":false},"featured_media":5282,"comment_status":"open","ping_status":"closed","template":"","meta":{"om_disable_all_campaigns":false,"_uag_custom_page_level_css":"","_monsterinsights_skip_tracking":false,"_monsterinsights_sitenote_active":false,"_monsterinsights_sitenote_note":"","_monsterinsights_sitenote_category":0,"site-sidebar-layout":"default","site-content-layout":"default","ast-site-content-layout":"default","site-content-style":"default","site-sidebar-style":"default","ast-global-header-display":"","ast-banner-title-visibility":"","ast-main-header-display":"","ast-hfb-above-header-display":"","ast-hfb-below-header-display":"","ast-hfb-mobile-header-display":"","site-post-title":"","ast-breadcrumbs-content":"","ast-featured-img":"","footer-sml-layout":"","ast-disable-related-posts":"","theme-transparent-header-meta":"default","adv-header-id-meta":"","stick-header-meta":"","header-above-stick-meta":"","header-main-stick-meta":"","header-below-stick-meta":"","astra-migrate-meta-layouts":"set","ast-page-background-enabled":"default","ast-page-background-meta":{"desktop":{"background-color":"","background-image":"","background-repeat":"repeat","background-position":"center center","background-size":"auto","background-attachment":"scroll","background-type":"","background-media":"","overlay-type":"","overlay-color":"","overlay-opacity":"","overlay-gradient":""},"tablet":{"background-color":"","background-image":"","background-repeat":"repeat","background-position":"center center","background-size":"auto","background-attachment":"scroll","background-type":"","background-media":"","overlay-type":"","overlay-color":"","overlay-opacity":"","overlay-gradient":""},"mobile":{"background-color":"","background-image":"","background-repeat":"repeat","background-position":"center center","background-size":"auto","background-attachment":"scroll","background-type":"","background-media":"","overlay-type":"","overlay-color":"","overlay-opacity":"","overlay-gradient":""}},"ast-content-background-meta":{"desktop":{"background-color":"var(--ast-global-color-5)","background-image":"","background-repeat":"repeat","background-position":"center center","background-size":"auto","background-attachment":"scroll","background-type":"","background-media":"","overlay-type":"","overlay-color":"","overlay-opacity":"","overlay-gradient":""},"tablet":{"background-color":"var(--ast-global-color-5)","background-image":"","background-repeat":"repeat","background-position":"center center","background-size":"auto","background-attachment":"scroll","background-type":"","background-media":"","overlay-type":"","overlay-color":"","overlay-opacity":"","overlay-gradient":""},"mobile":{"background-color":"var(--ast-global-color-5)","background-image":"","background-repeat":"repeat","background-position":"center center","background-size":"auto","background-attachment":"scroll","background-type":"","background-media":"","overlay-type":"","overlay-color":"","overlay-opacity":"","overlay-gradient":""}}},"product_brand":[],"product_cat":[83,66],"product_tag":[],"class_list":{"0":"post-5281","1":"product","2":"type-product","3":"status-publish","4":"has-post-thumbnail","6":"product_cat-black-friday-2025","7":"product_cat-historiska-filmer","8":"desktop-align-center","9":"tablet-align-center","10":"mobile-align-center","12":"first","13":"instock","14":"taxable","15":"shipping-taxable","16":"purchasable","17":"product-type-simple"},"aioseo_notices":[],"spectra_custom_meta":{"_product_attributes":["a:0:{}"],"_thumbnail_id":["5282"],"_visibility":["visible"],"_stock_status":["instock"],"total_sales":["15"],"_downloadable":["no"],"_virtual":["no"],"_regular_price":["200"],"_tax_status":["taxable"],"_tax_class":["6"],"_featured":["no"],"_purchase_note":[""],"_weight":["80"],"_length":[""],"_width":[""],"_height":[""],"_sku":[""],"_price":["200"],"_sold_individually":[""],"_manage_stock":["yes"],"_backorders":["no"],"_stock":["52"],"_upsell_ids":["a:0:{}"],"_crosssell_ids":["a:0:{}"],"_children":["a:0:{}"],"_min_variation_price":[""],"_max_variation_price":[""],"_min_price_variation_id":[""],"_max_price_variation_id":[""],"_min_variation_regular_price":[""],"_max_variation_regular_price":[""],"_min_regular_price_variation_id":[""],"_max_regular_price_variation_id":[""],"_min_variation_sale_price":[""],"_max_variation_sale_price":[""],"_min_sale_price_variation_id":[""],"_max_sale_price_variation_id":[""],"_product_image_gallery":["5282"],"_yoast_wpseo_title":[""],"_yoast_wpseo_metadesc":[""],"_yoast_wpseo_focuskw":[""],"_downloadable_files":["a:0:{}"],"_download_limit":[""],"_download_expiry":[""],"_wc_average_rating":["0"],"_wc_rating_count":["a:0:{}"],"_wc_review_count":["0"],"_wpm_gtin_code":[""],"rank_math_title":[""],"rank_math_description":[""],"rank_math_focus_keyword":[""],"_edit_lock":["1763818013:3"],"_edit_last":["3"],"_primary_term_product_cat":["66"],"_product_version":["9.7.1"],"site-sidebar-layout":["default"],"site-content-layout":["default"],"theme-transparent-header-meta":["default"],"fb_product_item_id":["5969394189747010"],"_wc_facebook_sync_enabled":["yes"],"fb_visibility":["yes"],"fb_product_description":[""],"_wc_facebook_product_image_source":["product"],"_wc_facebook_commerce_enabled":["no"],"_aioseo_keywords":["a:0:{}"],"_aioseo_og_article_section":[""],"_aioseo_og_article_tags":["a:0:{}"],"_monsterinsights_sitenote_active":["0"],"om_disable_all_campaigns":[""],"ast-site-content-layout":["default"],"site-content-style":["default"],"site-sidebar-style":["default"],"fb_rich_text_description":[""],"fb_product_video":["a:0:{}"],"fb_brand":[""],"fb_mpn":[""],"_aioseo_title":[null],"_aioseo_description":[null],"_aioseo_og_title":[""],"_aioseo_og_description":[""],"_aioseo_twitter_title":[""],"_aioseo_twitter_description":[""],"astra-migrate-meta-layouts":["set"],"_uag_page_assets":["a:9:{s:3:\"css\";s:0:\"\";s:2:\"js\";s:0:\"\";s:18:\"current_block_list\";a:5:{i:0;s:26:\"woocommerce\/product-search\";i:1;s:10:\"core\/group\";i:2;s:12:\"core\/heading\";i:3;s:27:\"woocommerce\/product-on-sale\";i:4;s:32:\"woocommerce\/product-best-sellers\";}s:8:\"uag_flag\";b:0;s:11:\"uag_version\";s:10:\"1775301941\";s:6:\"gfonts\";a:0:{}s:10:\"gfonts_url\";s:0:\"\";s:12:\"gfonts_files\";a:0:{}s:14:\"uag_faq_layout\";b:0;}"]},"uagb_featured_image_src":{"full":["https:\/\/smalsparet.com\/wp-content\/uploads\/nc\/2012\/01\/LEG-Anglok-60-1-20080116-dvdomslag-ill8.jpg",820,550,false],"thumbnail":["https:\/\/smalsparet.com\/wp-content\/uploads\/nc\/2012\/01\/LEG-Anglok-60-1-20080116-dvdomslag-ill8.jpg",150,101,false],"medium":["https:\/\/smalsparet.com\/wp-content\/uploads\/nc\/2012\/01\/LEG-Anglok-60-1-20080116-dvdomslag-ill8.jpg",300,201,false],"medium_large":["https:\/\/smalsparet.com\/wp-content\/uploads\/nc\/2012\/01\/LEG-Anglok-60-1-20080116-dvdomslag-ill8.jpg",768,515,false],"large":["https:\/\/smalsparet.com\/wp-content\/uploads\/nc\/2012\/01\/LEG-Anglok-60-1-20080116-dvdomslag-ill8.jpg",820,550,false],"1536x1536":["https:\/\/smalsparet.com\/wp-content\/uploads\/nc\/2012\/01\/LEG-Anglok-60-1-20080116-dvdomslag-ill8.jpg",820,550,false],"2048x2048":["https:\/\/smalsparet.com\/wp-content\/uploads\/nc\/2012\/01\/LEG-Anglok-60-1-20080116-dvdomslag-ill8.jpg",820,550,false],"trp-custom-language-flag":["https:\/\/smalsparet.com\/wp-content\/uploads\/nc\/2012\/01\/LEG-Anglok-60-1-20080116-dvdomslag-ill8.jpg",18,12,false],"woocommerce_thumbnail":["https:\/\/smalsparet.com\/wp-content\/uploads\/nc\/2012\/01\/LEG-Anglok-60-1-20080116-dvdomslag-ill8-300x300.jpg",300,300,true],"woocommerce_single":["https:\/\/smalsparet.com\/wp-content\/uploads\/nc\/2012\/01\/LEG-Anglok-60-1-20080116-dvdomslag-ill8.jpg",600,402,true],"woocommerce_gallery_thumbnail":["https:\/\/smalsparet.com\/wp-content\/uploads\/nc\/2012\/01\/LEG-Anglok-60-1-20080116-dvdomslag-ill8-100x100.jpg",100,100,true],"awb_sm":["https:\/\/smalsparet.com\/wp-content\/uploads\/nc\/2012\/01\/LEG-Anglok-60-1-20080116-dvdomslag-ill8.jpg",500,335,false],"awb_md":["https:\/\/smalsparet.com\/wp-content\/uploads\/nc\/2012\/01\/LEG-Anglok-60-1-20080116-dvdomslag-ill8.jpg",800,537,false],"awb_lg":["https:\/\/smalsparet.com\/wp-content\/uploads\/nc\/2012\/01\/LEG-Anglok-60-1-20080116-dvdomslag-ill8.jpg",820,550,false],"awb_xl":["https:\/\/smalsparet.com\/wp-content\/uploads\/nc\/2012\/01\/LEG-Anglok-60-1-20080116-dvdomslag-ill8.jpg",820,550,false]},"uagb_author_info":{"display_name":"admin","author_link":"https:\/\/smalsparet.com\/nl\/author\/"},"uagb_comment_info":0,"uagb_excerpt":"F\u00f6rsta delen i en ny serie filmer som visar de sista svenska \u00e5ngloken i tj\u00e4nst p\u00e5 SJ och industribanor med normal sp\u00e5rvidd. Filmerna visar loken i ordinarie drift eller extrat\u00e5g i SJ regi, inga SJK-utf\u00e4rder allts\u00e5. I del 1 f\u00e5r ni se J-lok p\u00e5 Falsterbobanan, E2 i Vasaloppst\u00e5g, Kyrkebyn- Segmons industribana, E10 mellan Orsa och&hellip;","_links":{"self":[{"href":"https:\/\/smalsparet.com\/nl\/wp-json\/wp\/v2\/product\/5281","targetHints":{"allow":["GET"]}}],"collection":[{"href":"https:\/\/smalsparet.com\/nl\/wp-json\/wp\/v2\/product"}],"about":[{"href":"https:\/\/smalsparet.com\/nl\/wp-json\/wp\/v2\/types\/product"}],"replies":[{"embeddable":true,"href":"https:\/\/smalsparet.com\/nl\/wp-json\/wp\/v2\/comments?post=5281"}],"wp:featuredmedia":[{"embeddable":true,"href":"https:\/\/smalsparet.com\/nl\/wp-json\/wp\/v2\/media\/5282"}],"wp:attachment":[{"href":"https:\/\/smalsparet.com\/nl\/wp-json\/wp\/v2\/media?parent=5281"}],"wp:term":[{"taxonomy":"product_brand","embeddable":true,"href":"https:\/\/smalsparet.com\/nl\/wp-json\/wp\/v2\/product_brand?post=5281"},{"taxonomy":"product_cat","embeddable":true,"href":"https:\/\/smalsparet.com\/nl\/wp-json\/wp\/v2\/product_cat?post=5281"},{"taxonomy":"product_tag","embeddable":true,"href":"https:\/\/smalsparet.com\/nl\/wp-json\/wp\/v2\/product_tag?post=5281"}],"curies":[{"name":"wp","href":"https:\/\/api.w.org\/{rel}","templated":true}]}}