{"id":5257,"date":"2022-08-12T14:11:33","date_gmt":"2022-08-12T14:11:33","guid":{"rendered":"https:\/\/smalsparet.com\/?post_type=product&#038;p=5257"},"modified":"2025-11-26T14:19:00","modified_gmt":"2025-11-26T14:19:00","slug":"lokstallet-i-kisa-och-ostra-centralbanans-bilvagn-25","status":"publish","type":"product","link":"https:\/\/smalsparet.com\/nl\/product\/lokstallet-i-kisa-och-ostra-centralbanans-bilvagn-25\/","title":{"rendered":"De locomotiefloods in Kisa en het rijtuig 25 van de East Central Railway"},"content":{"rendered":"<p>Auteurs Niklas Adell en Per-Olov Br\u00e4nnlund hebben het beste van zowel de locomotiefloods in Kisa als het rijtuig in hetzelfde boek verzameld. We volgen de restauratie van de locomotiefloods, die van een dreigende sloop veranderde in zijn prachtige oorspronkelijke staat. Het rijtuig nadert zijn voltooiing, van zomerhuisje. Uitgegeven door de vereniging St\u00e5ng\u00e5dalsbanans v\u00e4nner.<\/p>","protected":false},"excerpt":{"rendered":"<p>Auteurs Niklas Adell en Per-Olov Br\u00e4nnlund hebben het beste van zowel de locomotiefloods in Kisa als het rijtuig in hetzelfde boek verzameld. We volgen de restauratie van de locomotiefloods, die van een dreigende sloop veranderde in zijn prachtige oorspronkelijke staat. Het rijtuig nadert zijn voltooiing, van zomerhuisje. Uitgegeven door de vereniging St\u00e5ng\u00e5dalsbanans v\u00e4nner.<\/p>","protected":false},"featured_media":5258,"comment_status":"closed","ping_status":"closed","template":"","meta":{"om_disable_all_campaigns":false,"_uag_custom_page_level_css":"","_monsterinsights_skip_tracking":false,"_monsterinsights_sitenote_active":false,"_monsterinsights_sitenote_note":"","_monsterinsights_sitenote_category":0,"site-sidebar-layout":"default","site-content-layout":"default","ast-site-content-layout":"default","site-content-style":"default","site-sidebar-style":"default","ast-global-header-display":"","ast-banner-title-visibility":"","ast-main-header-display":"","ast-hfb-above-header-display":"","ast-hfb-below-header-display":"","ast-hfb-mobile-header-display":"","site-post-title":"","ast-breadcrumbs-content":"","ast-featured-img":"","footer-sml-layout":"","ast-disable-related-posts":"","theme-transparent-header-meta":"default","adv-header-id-meta":"","stick-header-meta":"","header-above-stick-meta":"","header-main-stick-meta":"","header-below-stick-meta":"","astra-migrate-meta-layouts":"default","ast-page-background-enabled":"default","ast-page-background-meta":{"desktop":{"background-color":"","background-image":"","background-repeat":"repeat","background-position":"center center","background-size":"auto","background-attachment":"scroll","background-type":"","background-media":"","overlay-type":"","overlay-color":"","overlay-opacity":"","overlay-gradient":""},"tablet":{"background-color":"","background-image":"","background-repeat":"repeat","background-position":"center center","background-size":"auto","background-attachment":"scroll","background-type":"","background-media":"","overlay-type":"","overlay-color":"","overlay-opacity":"","overlay-gradient":""},"mobile":{"background-color":"","background-image":"","background-repeat":"repeat","background-position":"center center","background-size":"auto","background-attachment":"scroll","background-type":"","background-media":"","overlay-type":"","overlay-color":"","overlay-opacity":"","overlay-gradient":""}},"ast-content-background-meta":{"desktop":{"background-color":"var(--ast-global-color-5)","background-image":"","background-repeat":"repeat","background-position":"center center","background-size":"auto","background-attachment":"scroll","background-type":"","background-media":"","overlay-type":"","overlay-color":"","overlay-opacity":"","overlay-gradient":""},"tablet":{"background-color":"var(--ast-global-color-5)","background-image":"","background-repeat":"repeat","background-position":"center center","background-size":"auto","background-attachment":"scroll","background-type":"","background-media":"","overlay-type":"","overlay-color":"","overlay-opacity":"","overlay-gradient":""},"mobile":{"background-color":"var(--ast-global-color-5)","background-image":"","background-repeat":"repeat","background-position":"center center","background-size":"auto","background-attachment":"scroll","background-type":"","background-media":"","overlay-type":"","overlay-color":"","overlay-opacity":"","overlay-gradient":""}}},"product_brand":[],"product_cat":[23],"product_tag":[],"class_list":{"0":"post-5257","1":"product","2":"type-product","3":"status-publish","4":"has-post-thumbnail","6":"product_cat-bok","7":"desktop-align-center","8":"tablet-align-center","9":"mobile-align-center","11":"first","12":"instock","13":"taxable","14":"shipping-taxable","15":"purchasable","16":"product-type-simple"},"aioseo_notices":[],"spectra_custom_meta":{"_regular_price":["69"],"total_sales":["3"],"_tax_status":["taxable"],"_tax_class":["6"],"_manage_stock":["yes"],"_backorders":["no"],"_sold_individually":["no"],"_weight":["118"],"_virtual":["no"],"_downloadable":["no"],"_download_limit":["-1"],"_download_expiry":["-1"],"_stock":["5"],"_stock_status":["instock"],"_wc_average_rating":["0"],"_wc_review_count":["0"],"_product_attributes":["a:2:{s:8:\"pa_sidor\";a:6:{s:4:\"name\";s:8:\"pa_sidor\";s:5:\"value\";s:0:\"\";s:8:\"position\";i:0;s:10:\"is_visible\";i:1;s:12:\"is_variation\";i:0;s:11:\"is_taxonomy\";i:1;}s:11:\"pa_bindning\";a:6:{s:4:\"name\";s:11:\"pa_bindning\";s:5:\"value\";s:0:\"\";s:8:\"position\";i:1;s:10:\"is_visible\";i:1;s:12:\"is_variation\";i:0;s:11:\"is_taxonomy\";i:1;}}"],"_product_version":["9.7.1"],"_price":["69"],"_wc_facebook_sync_enabled":["yes"],"fb_visibility":["yes"],"fb_product_description":[""],"_wc_facebook_product_image_source":["product"],"_wc_facebook_commerce_enabled":["no"],"_yoast_wpseo_primary_product_cat":["44"],"_yoast_wpseo_focuskw":["Sista t\u00e5get ut"],"_yoast_wpseo_metadesc":["Sista t\u00e5get ut, bok om trafik, teknik och m\u00e4nniskor vid de sista smalsp\u00e5riga banorna, dokumenterat 1970-1990. NVHJ, DONJ, NKLJ m.m. skildras."],"_yoast_wpseo_linkdex":["56"],"_yoast_wpseo_content_score":["30"],"_edit_lock":["1694524483:3"],"_edit_last":["3"],"_primary_term_product_cat":["23"],"site-sidebar-layout":["default"],"site-content-layout":["default"],"theme-transparent-header-meta":["default"],"_genesis_description":["Vi f\u00e5r f\u00f6lja restaureringen av lokstallet som gick fr\u00e5n rivningshotat till sitt st\u00e5tliga ursprungliga skick, samt bilvagnens resa fr\u00e5n sommarstuga till idag."],"_thumbnail_id":["5258"],"_genesis_title":["Kisa Lokstall & \u00d6CJ bilvagn"],"fb_product_item_id":["6256532167710166"],"_uag_page_assets":["a:9:{s:3:\"css\";s:0:\"\";s:2:\"js\";s:0:\"\";s:18:\"current_block_list\";a:5:{i:0;s:26:\"woocommerce\/product-search\";i:1;s:10:\"core\/group\";i:2;s:12:\"core\/heading\";i:3;s:27:\"woocommerce\/product-on-sale\";i:4;s:32:\"woocommerce\/product-best-sellers\";}s:8:\"uag_flag\";b:0;s:11:\"uag_version\";s:10:\"1775301941\";s:6:\"gfonts\";a:0:{}s:10:\"gfonts_url\";s:0:\"\";s:12:\"gfonts_files\";a:0:{}s:14:\"uag_faq_layout\";b:0;}"]},"uagb_featured_image_src":{"full":["https:\/\/smalsparet.com\/wp-content\/uploads\/2022\/08\/kistalokstall_ocjbilvagn.png",800,862,false],"thumbnail":["https:\/\/smalsparet.com\/wp-content\/uploads\/2022\/08\/kistalokstall_ocjbilvagn-150x150.png",150,150,true],"medium":["https:\/\/smalsparet.com\/wp-content\/uploads\/2022\/08\/kistalokstall_ocjbilvagn-278x300.png",278,300,true],"medium_large":["https:\/\/smalsparet.com\/wp-content\/uploads\/2022\/08\/kistalokstall_ocjbilvagn-768x828.png",768,828,true],"large":["https:\/\/smalsparet.com\/wp-content\/uploads\/2022\/08\/kistalokstall_ocjbilvagn.png",800,862,false],"1536x1536":["https:\/\/smalsparet.com\/wp-content\/uploads\/2022\/08\/kistalokstall_ocjbilvagn.png",800,862,false],"2048x2048":["https:\/\/smalsparet.com\/wp-content\/uploads\/2022\/08\/kistalokstall_ocjbilvagn.png",800,862,false],"trp-custom-language-flag":["https:\/\/smalsparet.com\/wp-content\/uploads\/2022\/08\/kistalokstall_ocjbilvagn-11x12.png",11,12,true],"woocommerce_thumbnail":["https:\/\/smalsparet.com\/wp-content\/uploads\/2022\/08\/kistalokstall_ocjbilvagn-300x300.png",300,300,true],"woocommerce_single":["https:\/\/smalsparet.com\/wp-content\/uploads\/2022\/08\/kistalokstall_ocjbilvagn-600x647.png",600,647,true],"woocommerce_gallery_thumbnail":["https:\/\/smalsparet.com\/wp-content\/uploads\/2022\/08\/kistalokstall_ocjbilvagn-100x100.png",100,100,true],"awb_sm":["https:\/\/smalsparet.com\/wp-content\/uploads\/2022\/08\/kistalokstall_ocjbilvagn.png",500,539,false],"awb_md":["https:\/\/smalsparet.com\/wp-content\/uploads\/2022\/08\/kistalokstall_ocjbilvagn.png",800,862,false],"awb_lg":["https:\/\/smalsparet.com\/wp-content\/uploads\/2022\/08\/kistalokstall_ocjbilvagn.png",800,862,false],"awb_xl":["https:\/\/smalsparet.com\/wp-content\/uploads\/2022\/08\/kistalokstall_ocjbilvagn.png",800,862,false]},"uagb_author_info":{"display_name":"Olaf","author_link":"https:\/\/smalsparet.com\/nl\/author\/"},"uagb_comment_info":0,"uagb_excerpt":"F\u00f6rfattarna Niklas Adell och Per-Olov Br\u00e4nnlund har samlat ihop det b\u00e4sta om b\u00e5de lokstallet i Kisa och bilvagnen i samma bok. Vi f\u00e5r f\u00f6lja restaureringen av lokstallet som gick fr\u00e5n rivningshotat till sitt st\u00e5tliga ursprungliga skick. Bilvagnen b\u00f6rjar n\u00e4rma sig sitt f\u00e4rdigst\u00e4llande, fr\u00e5n att varit sommarstuga. Utgiven av f\u00f6reningen St\u00e5ng\u00e5dalsbanans v\u00e4nner.","_links":{"self":[{"href":"https:\/\/smalsparet.com\/nl\/wp-json\/wp\/v2\/product\/5257","targetHints":{"allow":["GET"]}}],"collection":[{"href":"https:\/\/smalsparet.com\/nl\/wp-json\/wp\/v2\/product"}],"about":[{"href":"https:\/\/smalsparet.com\/nl\/wp-json\/wp\/v2\/types\/product"}],"replies":[{"embeddable":true,"href":"https:\/\/smalsparet.com\/nl\/wp-json\/wp\/v2\/comments?post=5257"}],"wp:featuredmedia":[{"embeddable":true,"href":"https:\/\/smalsparet.com\/nl\/wp-json\/wp\/v2\/media\/5258"}],"wp:attachment":[{"href":"https:\/\/smalsparet.com\/nl\/wp-json\/wp\/v2\/media?parent=5257"}],"wp:term":[{"taxonomy":"product_brand","embeddable":true,"href":"https:\/\/smalsparet.com\/nl\/wp-json\/wp\/v2\/product_brand?post=5257"},{"taxonomy":"product_cat","embeddable":true,"href":"https:\/\/smalsparet.com\/nl\/wp-json\/wp\/v2\/product_cat?post=5257"},{"taxonomy":"product_tag","embeddable":true,"href":"https:\/\/smalsparet.com\/nl\/wp-json\/wp\/v2\/product_tag?post=5257"}],"curies":[{"name":"wp","href":"https:\/\/api.w.org\/{rel}","templated":true}]}}