{"id":5256,"date":"2022-08-12T14:11:31","date_gmt":"2022-08-12T14:11:31","guid":{"rendered":"https:\/\/smalsparet.com\/?post_type=product&#038;p=5256"},"modified":"2024-12-02T13:29:39","modified_gmt":"2024-12-02T13:29:39","slug":"halvan-har-kommer-taget","status":"publish","type":"product","link":"https:\/\/smalsparet.com\/nl\/product\/halvan-har-kommer-taget\/","title":{"rendered":"Hier komt de trein"},"content":{"rendered":"<p><strong>Halvan is nu een coureur op de X 2000! <\/strong>In dit boek in de populaire serie over het kleine ventje Halvan is hij de machinist van de X 2000! Halvan rijdt met de trein naar G\u00f6teborg met 200 kilometer per uur. Telkens als hij een trein tegenkomt, laat hij zijn koplampen knipperen. En met zijn claxon jaagt hij een paar elanden naast het spoor weg. Naast de passagiers zijn de treinchef Julia, Phong die in de bistro werkt en Alice in het eerste klas rijtuig aan boord van de trein om Halvan te helpen tijdens de reis. Geschikt voor kinderen van ongeveer 3-6 jaar.<\/p>","protected":false},"excerpt":{"rendered":"<p>Nu \u00e4r Halvan lokf\u00f6rare p\u00e5 X 2000! I den h\u00e4r boken i den popul\u00e4ra serien om den lille killen Halvan \u00e4r han lokf\u00f6rare p\u00e5 X 2000! Halvan k\u00f6r t\u00e5get till G\u00f6teborg i 200 km i timmen. Varje g\u00e5ng han m\u00f6ter ett t\u00e5g blinkar han med framljuset. Och med tutan skr\u00e4mmer han bort n\u00e5gra \u00e4lgar intill [&hellip;]<\/p>\n","protected":false},"featured_media":5259,"comment_status":"closed","ping_status":"closed","template":"","meta":{"om_disable_all_campaigns":false,"_uag_custom_page_level_css":"","_monsterinsights_skip_tracking":false,"_monsterinsights_sitenote_active":false,"_monsterinsights_sitenote_note":"","_monsterinsights_sitenote_category":0,"site-sidebar-layout":"default","site-content-layout":"default","ast-site-content-layout":"default","site-content-style":"default","site-sidebar-style":"default","ast-global-header-display":"","ast-banner-title-visibility":"","ast-main-header-display":"","ast-hfb-above-header-display":"","ast-hfb-below-header-display":"","ast-hfb-mobile-header-display":"","site-post-title":"","ast-breadcrumbs-content":"","ast-featured-img":"","footer-sml-layout":"","ast-disable-related-posts":"","theme-transparent-header-meta":"default","adv-header-id-meta":"","stick-header-meta":"","header-above-stick-meta":"","header-main-stick-meta":"","header-below-stick-meta":"","astra-migrate-meta-layouts":"set","ast-page-background-enabled":"default","ast-page-background-meta":{"desktop":{"background-color":"","background-image":"","background-repeat":"repeat","background-position":"center center","background-size":"auto","background-attachment":"scroll","background-type":"","background-media":"","overlay-type":"","overlay-color":"","overlay-opacity":"","overlay-gradient":""},"tablet":{"background-color":"","background-image":"","background-repeat":"repeat","background-position":"center center","background-size":"auto","background-attachment":"scroll","background-type":"","background-media":"","overlay-type":"","overlay-color":"","overlay-opacity":"","overlay-gradient":""},"mobile":{"background-color":"","background-image":"","background-repeat":"repeat","background-position":"center center","background-size":"auto","background-attachment":"scroll","background-type":"","background-media":"","overlay-type":"","overlay-color":"","overlay-opacity":"","overlay-gradient":""}},"ast-content-background-meta":{"desktop":{"background-color":"var(--ast-global-color-5)","background-image":"","background-repeat":"repeat","background-position":"center center","background-size":"auto","background-attachment":"scroll","background-type":"","background-media":"","overlay-type":"","overlay-color":"","overlay-opacity":"","overlay-gradient":""},"tablet":{"background-color":"var(--ast-global-color-5)","background-image":"","background-repeat":"repeat","background-position":"center center","background-size":"auto","background-attachment":"scroll","background-type":"","background-media":"","overlay-type":"","overlay-color":"","overlay-opacity":"","overlay-gradient":""},"mobile":{"background-color":"var(--ast-global-color-5)","background-image":"","background-repeat":"repeat","background-position":"center center","background-size":"auto","background-attachment":"scroll","background-type":"","background-media":"","overlay-type":"","overlay-color":"","overlay-opacity":"","overlay-gradient":""}}},"product_brand":[],"product_cat":[23],"product_tag":[],"class_list":{"0":"post-5256","1":"product","2":"type-product","3":"status-publish","4":"has-post-thumbnail","6":"product_cat-bok","7":"desktop-align-center","8":"tablet-align-center","9":"mobile-align-center","11":"first","12":"instock","13":"taxable","14":"shipping-taxable","15":"purchasable","16":"product-type-simple"},"aioseo_notices":[],"spectra_custom_meta":{"_regular_price":["79"],"total_sales":["3"],"_tax_status":["taxable"],"_tax_class":["6"],"_manage_stock":["yes"],"_backorders":["no"],"_sold_individually":["no"],"_weight":["222"],"_virtual":["no"],"_downloadable":["no"],"_download_limit":["-1"],"_download_expiry":["-1"],"_stock":["2"],"_stock_status":["instock"],"_wc_average_rating":["0"],"_wc_review_count":["0"],"_product_attributes":["a:2:{s:8:\"pa_sidor\";a:6:{s:4:\"name\";s:8:\"pa_sidor\";s:5:\"value\";s:0:\"\";s:8:\"position\";i:0;s:10:\"is_visible\";i:1;s:12:\"is_variation\";i:0;s:11:\"is_taxonomy\";i:1;}s:11:\"pa_bindning\";a:6:{s:4:\"name\";s:11:\"pa_bindning\";s:5:\"value\";s:0:\"\";s:8:\"position\";i:1;s:10:\"is_visible\";i:1;s:12:\"is_variation\";i:0;s:11:\"is_taxonomy\";i:1;}}"],"_product_version":["8.5.2"],"_price":["79"],"_wc_facebook_sync_enabled":["yes"],"fb_visibility":["yes"],"fb_product_description":[""],"_wc_facebook_product_image_source":["product"],"_wc_facebook_commerce_enabled":["no"],"_yoast_wpseo_primary_product_cat":["44"],"_yoast_wpseo_focuskw":["Sista t\u00e5get ut"],"_yoast_wpseo_metadesc":["Sista t\u00e5get ut, bok om trafik, teknik och m\u00e4nniskor vid de sista smalsp\u00e5riga banorna, dokumenterat 1970-1990. NVHJ, DONJ, NKLJ m.m. skildras."],"_yoast_wpseo_linkdex":["56"],"_yoast_wpseo_content_score":["30"],"_edit_lock":["1732531365:3"],"_edit_last":["3"],"_genesis_description":["Nu \u00e4r Halvan lokf\u00f6rare p\u00e5 X 2000! I den h\u00e4r boken i den popul\u00e4ra serien om den lille killen Halvan \u00e4r han lokf\u00f6rare p\u00e5 X 2000!"],"_primary_term_product_cat":["23"],"site-sidebar-layout":["default"],"site-content-layout":["default"],"theme-transparent-header-meta":["default"],"_thumbnail_id":["5259"],"fb_product_item_id":["5226081320826269"],"_aioseo_title":[null],"_aioseo_description":[null],"_aioseo_keywords":["a:0:{}"],"_aioseo_og_title":[null],"_aioseo_og_description":[null],"_aioseo_og_article_section":[""],"_aioseo_og_article_tags":["a:0:{}"],"_aioseo_twitter_title":[null],"_aioseo_twitter_description":[null],"_monsterinsights_sitenote_active":["0"],"om_disable_all_campaigns":[""],"ast-site-content-layout":["default"],"site-content-style":["default"],"site-sidebar-style":["default"],"astra-migrate-meta-layouts":["set"],"_uag_page_assets":["a:9:{s:3:\"css\";s:0:\"\";s:2:\"js\";s:0:\"\";s:18:\"current_block_list\";a:5:{i:0;s:26:\"woocommerce\/product-search\";i:1;s:10:\"core\/group\";i:2;s:12:\"core\/heading\";i:3;s:27:\"woocommerce\/product-on-sale\";i:4;s:32:\"woocommerce\/product-best-sellers\";}s:8:\"uag_flag\";b:0;s:11:\"uag_version\";s:10:\"1775983743\";s:6:\"gfonts\";a:0:{}s:10:\"gfonts_url\";s:0:\"\";s:12:\"gfonts_files\";a:0:{}s:14:\"uag_faq_layout\";b:0;}"]},"uagb_featured_image_src":{"full":["https:\/\/smalsparet.com\/wp-content\/uploads\/2022\/08\/halvan_harkommertaget.png",800,985,false],"thumbnail":["https:\/\/smalsparet.com\/wp-content\/uploads\/2022\/08\/halvan_harkommertaget-150x150.png",150,150,true],"medium":["https:\/\/smalsparet.com\/wp-content\/uploads\/2022\/08\/halvan_harkommertaget-244x300.png",244,300,true],"medium_large":["https:\/\/smalsparet.com\/wp-content\/uploads\/2022\/08\/halvan_harkommertaget-768x946.png",768,946,true],"large":["https:\/\/smalsparet.com\/wp-content\/uploads\/2022\/08\/halvan_harkommertaget.png",800,985,false],"1536x1536":["https:\/\/smalsparet.com\/wp-content\/uploads\/2022\/08\/halvan_harkommertaget.png",800,985,false],"2048x2048":["https:\/\/smalsparet.com\/wp-content\/uploads\/2022\/08\/halvan_harkommertaget.png",800,985,false],"trp-custom-language-flag":["https:\/\/smalsparet.com\/wp-content\/uploads\/2022\/08\/halvan_harkommertaget-10x12.png",10,12,true],"woocommerce_thumbnail":["https:\/\/smalsparet.com\/wp-content\/uploads\/2022\/08\/halvan_harkommertaget-300x300.png",300,300,true],"woocommerce_single":["https:\/\/smalsparet.com\/wp-content\/uploads\/2022\/08\/halvan_harkommertaget-600x739.png",600,739,true],"woocommerce_gallery_thumbnail":["https:\/\/smalsparet.com\/wp-content\/uploads\/2022\/08\/halvan_harkommertaget-100x100.png",100,100,true],"awb_sm":["https:\/\/smalsparet.com\/wp-content\/uploads\/2022\/08\/halvan_harkommertaget.png",500,616,false],"awb_md":["https:\/\/smalsparet.com\/wp-content\/uploads\/2022\/08\/halvan_harkommertaget.png",800,985,false],"awb_lg":["https:\/\/smalsparet.com\/wp-content\/uploads\/2022\/08\/halvan_harkommertaget.png",800,985,false],"awb_xl":["https:\/\/smalsparet.com\/wp-content\/uploads\/2022\/08\/halvan_harkommertaget.png",800,985,false]},"uagb_author_info":{"display_name":"Olaf","author_link":"https:\/\/smalsparet.com\/nl\/author\/"},"uagb_comment_info":0,"uagb_excerpt":"Nu \u00e4r Halvan lokf\u00f6rare p\u00e5 X 2000! I den h\u00e4r boken i den popul\u00e4ra serien om den lille killen Halvan \u00e4r han lokf\u00f6rare p\u00e5 X 2000! Halvan k\u00f6r t\u00e5get till G\u00f6teborg i 200 km i timmen. Varje g\u00e5ng han m\u00f6ter ett t\u00e5g blinkar han med framljuset. Och med tutan skr\u00e4mmer han bort n\u00e5gra \u00e4lgar intill&hellip;","_links":{"self":[{"href":"https:\/\/smalsparet.com\/nl\/wp-json\/wp\/v2\/product\/5256","targetHints":{"allow":["GET"]}}],"collection":[{"href":"https:\/\/smalsparet.com\/nl\/wp-json\/wp\/v2\/product"}],"about":[{"href":"https:\/\/smalsparet.com\/nl\/wp-json\/wp\/v2\/types\/product"}],"replies":[{"embeddable":true,"href":"https:\/\/smalsparet.com\/nl\/wp-json\/wp\/v2\/comments?post=5256"}],"wp:featuredmedia":[{"embeddable":true,"href":"https:\/\/smalsparet.com\/nl\/wp-json\/wp\/v2\/media\/5259"}],"wp:attachment":[{"href":"https:\/\/smalsparet.com\/nl\/wp-json\/wp\/v2\/media?parent=5256"}],"wp:term":[{"taxonomy":"product_brand","embeddable":true,"href":"https:\/\/smalsparet.com\/nl\/wp-json\/wp\/v2\/product_brand?post=5256"},{"taxonomy":"product_cat","embeddable":true,"href":"https:\/\/smalsparet.com\/nl\/wp-json\/wp\/v2\/product_cat?post=5256"},{"taxonomy":"product_tag","embeddable":true,"href":"https:\/\/smalsparet.com\/nl\/wp-json\/wp\/v2\/product_tag?post=5256"}],"curies":[{"name":"wp","href":"https:\/\/api.w.org\/{rel}","templated":true}]}}