{"id":5022,"date":"2021-11-11T13:54:38","date_gmt":"2021-11-11T13:54:38","guid":{"rendered":"https:\/\/smalsparet.com\/?post_type=product&#038;p=5022"},"modified":"2026-01-14T21:03:40","modified_gmt":"2026-01-14T21:03:40","slug":"jarnvagen-i-sydostregionen-genom-aren","status":"publish","type":"product","link":"https:\/\/smalsparet.com\/nl\/product\/jarnvagen-i-sydostregionen-genom-aren\/","title":{"rendered":"De spoorwegen in de zuidoostelijke regio door de jaren heen"},"content":{"rendered":"<p><strong>Het boek beschrijft de ontwikkeling van de spoorwegen in de drie provincies Kronoberg, Kalmar en Blekinge.<\/strong> Het spoor in de zuidoostelijke regio door de jaren heen bevat de geschiedenis en ontwikkeling van sporen, treinen, stations en seinhuizen. Het beschrijft de ongeveer 40 verschillende stations en haltes, evenals de 34 wachthuisjes die ooit langs de lijn Karlskrona-Emmaboda-V\u00e4xj\u00f6 stonden. Een rijk ge\u00efllustreerd boek, perfect voor mensen met interesse in spoorwegen of de zuidoostelijke regio.<\/p>\n<p>In de loop der jaren zijn er verschillende spoorlijnen gepland, die in het boek worden beschreven. Het boek beschrijft ook de ontwikkeling van het verkeer door de jaren heen en de ontwikkeling van de spoorlijn tot nu toe en de renovatie die nu is uitgevoerd in Project Railway. <span class=\"il\">Zuidoost<\/span>. 229 pagina's A4, rijk ge\u00efllustreerd.<\/p>","protected":false},"excerpt":{"rendered":"<p>Boken beskriver j\u00e4rnv\u00e4garnas utveckling i de tre l\u00e4nen Kronoberg, Kalmar och Blekinge. J\u00e4rnv\u00e4gen i sydostregionen genom \u00e5ren inneh\u00e5ller historia och utveckling om sp\u00e5r, t\u00e5g, stationer och banvaktsstugor. Den beskriver de runt 40 olika stationerna och h\u00e5llplatserna samt de 34 banvaktsstugorna som en g\u00e5ng fanns ut med linjen Karlskrona-Emmaboda-V\u00e4xj\u00f6. En rikligt illustrerad bok, perfekt f\u00f6r dig [&hellip;]<\/p>\n","protected":false},"featured_media":5023,"comment_status":"closed","ping_status":"closed","template":"","meta":{"om_disable_all_campaigns":false,"_uag_custom_page_level_css":"","_monsterinsights_skip_tracking":false,"_monsterinsights_sitenote_active":false,"_monsterinsights_sitenote_note":"","_monsterinsights_sitenote_category":0,"site-sidebar-layout":"default","site-content-layout":"default","ast-site-content-layout":"default","site-content-style":"default","site-sidebar-style":"default","ast-global-header-display":"","ast-banner-title-visibility":"","ast-main-header-display":"","ast-hfb-above-header-display":"","ast-hfb-below-header-display":"","ast-hfb-mobile-header-display":"","site-post-title":"","ast-breadcrumbs-content":"","ast-featured-img":"","footer-sml-layout":"","ast-disable-related-posts":"","theme-transparent-header-meta":"default","adv-header-id-meta":"","stick-header-meta":"","header-above-stick-meta":"","header-main-stick-meta":"","header-below-stick-meta":"","astra-migrate-meta-layouts":"set","ast-page-background-enabled":"default","ast-page-background-meta":{"desktop":{"background-color":"","background-image":"","background-repeat":"repeat","background-position":"center center","background-size":"auto","background-attachment":"scroll","background-type":"","background-media":"","overlay-type":"","overlay-color":"","overlay-opacity":"","overlay-gradient":""},"tablet":{"background-color":"","background-image":"","background-repeat":"repeat","background-position":"center center","background-size":"auto","background-attachment":"scroll","background-type":"","background-media":"","overlay-type":"","overlay-color":"","overlay-opacity":"","overlay-gradient":""},"mobile":{"background-color":"","background-image":"","background-repeat":"repeat","background-position":"center center","background-size":"auto","background-attachment":"scroll","background-type":"","background-media":"","overlay-type":"","overlay-color":"","overlay-opacity":"","overlay-gradient":""}},"ast-content-background-meta":{"desktop":{"background-color":"var(--ast-global-color-5)","background-image":"","background-repeat":"repeat","background-position":"center center","background-size":"auto","background-attachment":"scroll","background-type":"","background-media":"","overlay-type":"","overlay-color":"","overlay-opacity":"","overlay-gradient":""},"tablet":{"background-color":"var(--ast-global-color-5)","background-image":"","background-repeat":"repeat","background-position":"center center","background-size":"auto","background-attachment":"scroll","background-type":"","background-media":"","overlay-type":"","overlay-color":"","overlay-opacity":"","overlay-gradient":""},"mobile":{"background-color":"var(--ast-global-color-5)","background-image":"","background-repeat":"repeat","background-position":"center center","background-size":"auto","background-attachment":"scroll","background-type":"","background-media":"","overlay-type":"","overlay-color":"","overlay-opacity":"","overlay-gradient":""}}},"product_brand":[],"product_cat":[23],"product_tag":[26],"class_list":{"0":"post-5022","1":"product","2":"type-product","3":"status-publish","4":"has-post-thumbnail","6":"product_cat-bok","7":"product_tag-bok","8":"desktop-align-center","9":"tablet-align-center","10":"mobile-align-center","12":"first","13":"instock","14":"taxable","15":"shipping-taxable","16":"purchasable","17":"product-type-simple"},"aioseo_notices":[],"spectra_custom_meta":{"_regular_price":["299"],"total_sales":["15"],"_tax_status":["taxable"],"_tax_class":["6"],"_manage_stock":["yes"],"_backorders":["no"],"_low_stock_amount":["3"],"_sold_individually":["no"],"_weight":["790"],"_virtual":["no"],"_downloadable":["no"],"_download_limit":["-1"],"_download_expiry":["-1"],"_thumbnail_id":["5023"],"_stock":["15"],"_stock_status":["instock"],"_wc_average_rating":["0"],"_wc_review_count":["0"],"_product_attributes":["a:2:{s:8:\"pa_sidor\";a:6:{s:4:\"name\";s:8:\"pa_sidor\";s:5:\"value\";s:0:\"\";s:8:\"position\";i:1;s:10:\"is_visible\";i:1;s:12:\"is_variation\";i:0;s:11:\"is_taxonomy\";i:1;}s:11:\"pa_bindning\";a:6:{s:4:\"name\";s:11:\"pa_bindning\";s:5:\"value\";s:0:\"\";s:8:\"position\";i:2;s:10:\"is_visible\";i:1;s:12:\"is_variation\";i:0;s:11:\"is_taxonomy\";i:1;}}"],"_product_version":["9.7.1"],"_price":["299"],"_wc_facebook_sync_enabled":["yes"],"fb_visibility":["yes"],"fb_product_description":[""],"_wc_facebook_product_image_source":["product"],"_wc_facebook_commerce_enabled":["no"],"_yoast_wpseo_primary_product_cat":["44"],"_yoast_wpseo_metadesc":["Ingemar Lundin forts\u00e4tter p\u00e5 ett m\u00e5lande vis ber\u00e4tta om .\u00a0Magnus Lindman tar vid fr\u00e5n 2010 och beskriver sina erfarenheter som f\u00f6rare i trafiken."],"_yoast_wpseo_content_score":["90"],"_genesis_title":["J\u00e4rnv\u00e4gen i Sydostregionen genom \u00e5ren"],"_genesis_description":["Boken beskriver j\u00e4rnv\u00e4garnas utveckling i de tre l\u00e4nen Kronoberg, Kalmar och Blekinge."],"_primary_term_product_cat":["23"],"site-sidebar-layout":["default"],"site-content-layout":["default"],"theme-transparent-header-meta":["default"],"_edit_lock":["1768424622:3"],"_edit_last":["3"],"_tsf_title_no_blogname":["1"],"fb_product_item_id":["5607935505918725"],"_aioseo_keywords":["a:0:{}"],"_aioseo_og_article_section":[""],"_aioseo_og_article_tags":["a:0:{}"],"_monsterinsights_sitenote_active":["0"],"om_disable_all_campaigns":[""],"ast-site-content-layout":["default"],"site-content-style":["default"],"site-sidebar-style":["default"],"fb_rich_text_description":[""],"fb_product_video":["a:0:{}"],"fb_brand":[""],"fb_mpn":[""],"_aioseo_title":[null],"_aioseo_description":[null],"_aioseo_og_title":[""],"_aioseo_og_description":[""],"_aioseo_twitter_title":[""],"_aioseo_twitter_description":[""],"astra-migrate-meta-layouts":["set"],"_uag_page_assets":["a:9:{s:3:\"css\";s:0:\"\";s:2:\"js\";s:0:\"\";s:18:\"current_block_list\";a:5:{i:0;s:26:\"woocommerce\/product-search\";i:1;s:10:\"core\/group\";i:2;s:12:\"core\/heading\";i:3;s:27:\"woocommerce\/product-on-sale\";i:4;s:32:\"woocommerce\/product-best-sellers\";}s:8:\"uag_flag\";b:0;s:11:\"uag_version\";s:10:\"1775301941\";s:6:\"gfonts\";a:0:{}s:10:\"gfonts_url\";s:0:\"\";s:12:\"gfonts_files\";a:0:{}s:14:\"uag_faq_layout\";b:0;}"]},"uagb_featured_image_src":{"full":["https:\/\/smalsparet.com\/wp-content\/uploads\/2021\/11\/jarnvagenisydostgenomaren.png",1430,2020,false],"thumbnail":["https:\/\/smalsparet.com\/wp-content\/uploads\/2021\/11\/jarnvagenisydostgenomaren-150x150.png",150,150,true],"medium":["https:\/\/smalsparet.com\/wp-content\/uploads\/2021\/11\/jarnvagenisydostgenomaren-212x300.png",212,300,true],"medium_large":["https:\/\/smalsparet.com\/wp-content\/uploads\/2021\/11\/jarnvagenisydostgenomaren-768x1085.png",768,1085,true],"large":["https:\/\/smalsparet.com\/wp-content\/uploads\/2021\/11\/jarnvagenisydostgenomaren-725x1024.png",725,1024,true],"1536x1536":["https:\/\/smalsparet.com\/wp-content\/uploads\/2021\/11\/jarnvagenisydostgenomaren-1087x1536.png",1087,1536,true],"2048x2048":["https:\/\/smalsparet.com\/wp-content\/uploads\/2021\/11\/jarnvagenisydostgenomaren.png",1430,2020,false],"trp-custom-language-flag":["https:\/\/smalsparet.com\/wp-content\/uploads\/2021\/11\/jarnvagenisydostgenomaren-8x12.png",8,12,true],"woocommerce_thumbnail":["https:\/\/smalsparet.com\/wp-content\/uploads\/2021\/11\/jarnvagenisydostgenomaren-300x300.png",300,300,true],"woocommerce_single":["https:\/\/smalsparet.com\/wp-content\/uploads\/2021\/11\/jarnvagenisydostgenomaren-600x848.png",600,848,true],"woocommerce_gallery_thumbnail":["https:\/\/smalsparet.com\/wp-content\/uploads\/2021\/11\/jarnvagenisydostgenomaren-100x100.png",100,100,true],"awb_sm":["https:\/\/smalsparet.com\/wp-content\/uploads\/2021\/11\/jarnvagenisydostgenomaren.png",500,706,false],"awb_md":["https:\/\/smalsparet.com\/wp-content\/uploads\/2021\/11\/jarnvagenisydostgenomaren.png",800,1130,false],"awb_lg":["https:\/\/smalsparet.com\/wp-content\/uploads\/2021\/11\/jarnvagenisydostgenomaren.png",1280,1808,false],"awb_xl":["https:\/\/smalsparet.com\/wp-content\/uploads\/2021\/11\/jarnvagenisydostgenomaren.png",1430,2020,false]},"uagb_author_info":{"display_name":"Olaf","author_link":"https:\/\/smalsparet.com\/nl\/author\/"},"uagb_comment_info":0,"uagb_excerpt":"Boken beskriver j\u00e4rnv\u00e4garnas utveckling i de tre l\u00e4nen Kronoberg, Kalmar och Blekinge. J\u00e4rnv\u00e4gen i sydostregionen genom \u00e5ren inneh\u00e5ller historia och utveckling om sp\u00e5r, t\u00e5g, stationer och banvaktsstugor. Den beskriver de runt 40 olika stationerna och h\u00e5llplatserna samt de 34 banvaktsstugorna som en g\u00e5ng fanns ut med linjen Karlskrona-Emmaboda-V\u00e4xj\u00f6. En rikligt illustrerad bok, perfekt f\u00f6r dig&hellip;","_links":{"self":[{"href":"https:\/\/smalsparet.com\/nl\/wp-json\/wp\/v2\/product\/5022","targetHints":{"allow":["GET"]}}],"collection":[{"href":"https:\/\/smalsparet.com\/nl\/wp-json\/wp\/v2\/product"}],"about":[{"href":"https:\/\/smalsparet.com\/nl\/wp-json\/wp\/v2\/types\/product"}],"replies":[{"embeddable":true,"href":"https:\/\/smalsparet.com\/nl\/wp-json\/wp\/v2\/comments?post=5022"}],"wp:featuredmedia":[{"embeddable":true,"href":"https:\/\/smalsparet.com\/nl\/wp-json\/wp\/v2\/media\/5023"}],"wp:attachment":[{"href":"https:\/\/smalsparet.com\/nl\/wp-json\/wp\/v2\/media?parent=5022"}],"wp:term":[{"taxonomy":"product_brand","embeddable":true,"href":"https:\/\/smalsparet.com\/nl\/wp-json\/wp\/v2\/product_brand?post=5022"},{"taxonomy":"product_cat","embeddable":true,"href":"https:\/\/smalsparet.com\/nl\/wp-json\/wp\/v2\/product_cat?post=5022"},{"taxonomy":"product_tag","embeddable":true,"href":"https:\/\/smalsparet.com\/nl\/wp-json\/wp\/v2\/product_tag?post=5022"}],"curies":[{"name":"wp","href":"https:\/\/api.w.org\/{rel}","templated":true}]}}