{"id":4034,"date":"2020-12-30T13:14:55","date_gmt":"2020-12-30T13:14:55","guid":{"rendered":"https:\/\/nya.smalsparet.com\/?product=import-placeholder-for-2541"},"modified":"2024-11-25T17:37:34","modified_gmt":"2024-11-25T17:37:34","slug":"pelle-traffar-en-lokforare","status":"publish","type":"product","link":"https:\/\/smalsparet.com\/nl\/product\/pelle-traffar-en-lokforare\/","title":{"rendered":"Pelle ontmoet een treinmachinist"},"content":{"rendered":"<p class=\"p1\"><span class=\"s1\">Jan L\u00f6\u00f6f neemt ons mee in zijn spannende wereld van beelden in deze nieuwe editie van een van de geliefde verhalen over Pelle.<\/span><\/p>\n<p class=\"p1\"><span class=\"s1\">We ontmoeten Pelle die een aapje helpt dat machinist is om zijn locomotief te repareren en hij wordt uitgenodigd voor een ritje. Het boek is perfect voor kinderen van 2 - 6 jaar met een onbeperkte fantasie!<\/span><\/p>","protected":false},"excerpt":{"rendered":"<p>Jan L\u00f6\u00f6f neemt ons mee in zijn spannende wereld van beelden in deze nieuwe editie van een van de geliefde verhalen over Pelle. We ontmoeten Pelle die een aapje dat machinist is helpt zijn locomotief te repareren en hij wordt uitgenodigd voor een ritje. Het boek is perfect voor 2 - 6 jarigen met een onbegrensde fantasie!<\/p>","protected":false},"featured_media":7640,"comment_status":"closed","ping_status":"closed","template":"","meta":{"om_disable_all_campaigns":false,"_uag_custom_page_level_css":"","_monsterinsights_skip_tracking":false,"_monsterinsights_sitenote_active":false,"_monsterinsights_sitenote_note":"","_monsterinsights_sitenote_category":0,"site-sidebar-layout":"default","site-content-layout":"default","ast-site-content-layout":"default","site-content-style":"default","site-sidebar-style":"default","ast-global-header-display":"","ast-banner-title-visibility":"","ast-main-header-display":"","ast-hfb-above-header-display":"","ast-hfb-below-header-display":"","ast-hfb-mobile-header-display":"","site-post-title":"","ast-breadcrumbs-content":"","ast-featured-img":"","footer-sml-layout":"","ast-disable-related-posts":"","theme-transparent-header-meta":"default","adv-header-id-meta":"","stick-header-meta":"","header-above-stick-meta":"","header-main-stick-meta":"","header-below-stick-meta":"","astra-migrate-meta-layouts":"default","ast-page-background-enabled":"default","ast-page-background-meta":{"desktop":{"background-color":"","background-image":"","background-repeat":"repeat","background-position":"center center","background-size":"auto","background-attachment":"scroll","background-type":"","background-media":"","overlay-type":"","overlay-color":"","overlay-opacity":"","overlay-gradient":""},"tablet":{"background-color":"","background-image":"","background-repeat":"repeat","background-position":"center center","background-size":"auto","background-attachment":"scroll","background-type":"","background-media":"","overlay-type":"","overlay-color":"","overlay-opacity":"","overlay-gradient":""},"mobile":{"background-color":"","background-image":"","background-repeat":"repeat","background-position":"center center","background-size":"auto","background-attachment":"scroll","background-type":"","background-media":"","overlay-type":"","overlay-color":"","overlay-opacity":"","overlay-gradient":""}},"ast-content-background-meta":{"desktop":{"background-color":"var(--ast-global-color-5)","background-image":"","background-repeat":"repeat","background-position":"center center","background-size":"auto","background-attachment":"scroll","background-type":"","background-media":"","overlay-type":"","overlay-color":"","overlay-opacity":"","overlay-gradient":""},"tablet":{"background-color":"var(--ast-global-color-5)","background-image":"","background-repeat":"repeat","background-position":"center center","background-size":"auto","background-attachment":"scroll","background-type":"","background-media":"","overlay-type":"","overlay-color":"","overlay-opacity":"","overlay-gradient":""},"mobile":{"background-color":"var(--ast-global-color-5)","background-image":"","background-repeat":"repeat","background-position":"center center","background-size":"auto","background-attachment":"scroll","background-type":"","background-media":"","overlay-type":"","overlay-color":"","overlay-opacity":"","overlay-gradient":""}}},"product_brand":[],"product_cat":[23],"product_tag":[],"class_list":{"0":"post-4034","1":"product","2":"type-product","3":"status-publish","4":"has-post-thumbnail","6":"product_cat-bok","7":"desktop-align-center","8":"tablet-align-center","9":"mobile-align-center","11":"first","12":"outofstock","13":"taxable","14":"shipping-taxable","15":"purchasable","16":"product-type-simple"},"aioseo_notices":[],"spectra_custom_meta":{"total_sales":["9"],"_tax_status":["taxable"],"_tax_class":["6"],"_manage_stock":["yes"],"_backorders":["no"],"_sold_individually":["no"],"_virtual":["no"],"_downloadable":["no"],"_download_limit":["0"],"_download_expiry":["0"],"_stock":["0"],"_stock_status":["outofstock"],"_wc_average_rating":["0"],"_wc_review_count":["0"],"_product_version":["8.5.2"],"is_cornerstone":[""],"_yoast_wpseo_primary_product_cat":[""],"_yoast_wpseo_content_score":["30"],"fb_product_group_id":[""],"_wc_facebook_sync_enabled":[""],"fb_visibility":[""],"fb_product_description":[""],"_wc_facebook_product_image_source":[""],"_wc_facebook_commerce_enabled":[""],"fb_product_item_id":[""],"_yoast_wpseo_focuskw":[""],"_yoast_wpseo_linkdex":[""],"_gift_card_template_default_use_image":[""],"_yoast_wpseo_metadesc":[""],"_wp_old_slug":["import-placeholder-for-2541"],"_regular_price":["89"],"_thumbnail_id":["7640"],"_product_attributes":["a:2:{s:5:\"sidor\";a:6:{s:4:\"name\";s:5:\"Sidor\";s:5:\"value\";s:2:\"28\";s:8:\"position\";i:0;s:10:\"is_visible\";i:1;s:12:\"is_variation\";i:0;s:11:\"is_taxonomy\";i:0;}s:8:\"bindning\";a:6:{s:4:\"name\";s:8:\"Bindning\";s:5:\"value\";s:9:\"Limbunden\";s:8:\"position\";i:1;s:10:\"is_visible\";i:1;s:12:\"is_variation\";i:0;s:11:\"is_taxonomy\";i:0;}}"],"_price":["89"],"_edit_lock":["1668783518:3"],"_edit_last":["3"],"_primary_term_product_cat":["23"],"_weight":["400"],"site-sidebar-layout":["default"],"site-content-layout":["default"],"theme-transparent-header-meta":["default"],"_uag_page_assets":["a:9:{s:3:\"css\";s:0:\"\";s:2:\"js\";s:0:\"\";s:18:\"current_block_list\";a:5:{i:0;s:26:\"woocommerce\/product-search\";i:1;s:10:\"core\/group\";i:2;s:12:\"core\/heading\";i:3;s:27:\"woocommerce\/product-on-sale\";i:4;s:32:\"woocommerce\/product-best-sellers\";}s:8:\"uag_flag\";b:0;s:11:\"uag_version\";s:10:\"1775301941\";s:6:\"gfonts\";a:0:{}s:10:\"gfonts_url\";s:0:\"\";s:12:\"gfonts_files\";a:0:{}s:14:\"uag_faq_layout\";b:0;}"]},"uagb_featured_image_src":{"full":["https:\/\/smalsparet.com\/wp-content\/uploads\/2020\/12\/white-pelletraffarenlokforare.jpeg",1457,1457,false],"thumbnail":["https:\/\/smalsparet.com\/wp-content\/uploads\/2020\/12\/white-pelletraffarenlokforare-150x150.jpeg",150,150,true],"medium":["https:\/\/smalsparet.com\/wp-content\/uploads\/2020\/12\/white-pelletraffarenlokforare-300x300.jpeg",300,300,true],"medium_large":["https:\/\/smalsparet.com\/wp-content\/uploads\/2020\/12\/white-pelletraffarenlokforare-768x768.jpeg",768,768,true],"large":["https:\/\/smalsparet.com\/wp-content\/uploads\/2020\/12\/white-pelletraffarenlokforare-1024x1024.jpeg",1024,1024,true],"1536x1536":["https:\/\/smalsparet.com\/wp-content\/uploads\/2020\/12\/white-pelletraffarenlokforare.jpeg",1457,1457,false],"2048x2048":["https:\/\/smalsparet.com\/wp-content\/uploads\/2020\/12\/white-pelletraffarenlokforare.jpeg",1457,1457,false],"trp-custom-language-flag":["https:\/\/smalsparet.com\/wp-content\/uploads\/2020\/12\/white-pelletraffarenlokforare-12x12.jpeg",12,12,true],"woocommerce_thumbnail":["https:\/\/smalsparet.com\/wp-content\/uploads\/2020\/12\/white-pelletraffarenlokforare-300x300.jpeg",300,300,true],"woocommerce_single":["https:\/\/smalsparet.com\/wp-content\/uploads\/2020\/12\/white-pelletraffarenlokforare-600x600.jpeg",600,600,true],"woocommerce_gallery_thumbnail":["https:\/\/smalsparet.com\/wp-content\/uploads\/2020\/12\/white-pelletraffarenlokforare-100x100.jpeg",100,100,true],"awb_sm":["https:\/\/smalsparet.com\/wp-content\/uploads\/2020\/12\/white-pelletraffarenlokforare.jpeg",500,500,false],"awb_md":["https:\/\/smalsparet.com\/wp-content\/uploads\/2020\/12\/white-pelletraffarenlokforare.jpeg",800,800,false],"awb_lg":["https:\/\/smalsparet.com\/wp-content\/uploads\/2020\/12\/white-pelletraffarenlokforare.jpeg",1280,1280,false],"awb_xl":["https:\/\/smalsparet.com\/wp-content\/uploads\/2020\/12\/white-pelletraffarenlokforare.jpeg",1457,1457,false]},"uagb_author_info":{"display_name":"admin","author_link":"https:\/\/smalsparet.com\/nl\/author\/"},"uagb_comment_info":0,"uagb_excerpt":"Jan L\u00f6\u00f6f tar oss med in i sin sp\u00e4nnande bildv\u00e4rld i denna nyutg\u00e5va av en av de \u00e4lskade ber\u00e4ttelserna om Pelle. Vi\u00a0tr\u00e4ffar Pelle som hj\u00e4lper en liten\u00a0apa som \u00e4r lokf\u00f6rare att\u00a0laga sitt lok och han blir bjuden p\u00e5 en \u00e5ktur. Boken \u00e4r perfekt f\u00f6r 2 \u2013 6-\u00e5ringar med obegr\u00e4nsad fantasi!","_links":{"self":[{"href":"https:\/\/smalsparet.com\/nl\/wp-json\/wp\/v2\/product\/4034","targetHints":{"allow":["GET"]}}],"collection":[{"href":"https:\/\/smalsparet.com\/nl\/wp-json\/wp\/v2\/product"}],"about":[{"href":"https:\/\/smalsparet.com\/nl\/wp-json\/wp\/v2\/types\/product"}],"replies":[{"embeddable":true,"href":"https:\/\/smalsparet.com\/nl\/wp-json\/wp\/v2\/comments?post=4034"}],"wp:featuredmedia":[{"embeddable":true,"href":"https:\/\/smalsparet.com\/nl\/wp-json\/wp\/v2\/media\/7640"}],"wp:attachment":[{"href":"https:\/\/smalsparet.com\/nl\/wp-json\/wp\/v2\/media?parent=4034"}],"wp:term":[{"taxonomy":"product_brand","embeddable":true,"href":"https:\/\/smalsparet.com\/nl\/wp-json\/wp\/v2\/product_brand?post=4034"},{"taxonomy":"product_cat","embeddable":true,"href":"https:\/\/smalsparet.com\/nl\/wp-json\/wp\/v2\/product_cat?post=4034"},{"taxonomy":"product_tag","embeddable":true,"href":"https:\/\/smalsparet.com\/nl\/wp-json\/wp\/v2\/product_tag?post=4034"}],"curies":[{"name":"wp","href":"https:\/\/api.w.org\/{rel}","templated":true}]}}