{"id":2812,"date":"2021-03-05T12:34:21","date_gmt":"2021-03-05T12:34:21","guid":{"rendered":"https:\/\/nya.smalsparet.com\/produkt\/gava-smalsparet\/"},"modified":"2021-03-22T19:15:45","modified_gmt":"2021-03-22T19:15:45","slug":"gava-smalsparet","status":"publish","type":"product","link":"https:\/\/smalsparet.com\/nl\/product\/gava-smalsparet\/","title":{"rendered":"Gift aan de vereniging"},"content":{"rendered":"<p>Toon je steun voor het smalspoor en onze activiteiten door de organisatie te steunen. Het geld gaat naar lopende projecten, de volgende in de rij is <a href=\"https:\/\/smalsparet.com\/nl\/om-smalsparet\/projekt-ralsbussgarage-virserum\/\">het project voor de bouw van een spoorbusgarage in Virserum<\/a>.<\/p>\n<p>&nbsp;<\/p>\n<p>Als je met SEK 500 of meer steunt, is een lidmaatschap van de vereniging automatisch inbegrepen (optioneel), we nemen dan contact met je op voor meer informatie en het adres waarnaar het lidmaatschap zal worden verzonden. De giften worden via de werkmaatschappij aan de vereniging overgemaakt.<\/p>","protected":false},"excerpt":{"rendered":"<p>Visa ditt st\u00f6d f\u00f6r smalsp\u00e5ret och v\u00e5r verksamhet genom att st\u00f6tta verksamheten. Pengarna g\u00e5r till aktuella projekt, n\u00e4rmsta p\u00e5 tur st\u00e5r projektet med att bygga r\u00e4lsbussgarage i Virserum. &nbsp; St\u00f6ttar du med 500kr eller mer s\u00e5 ing\u00e5r automatiskt ett medlemskap i f\u00f6reningen (valfritt), vi kontaktar dig d\u00e5 f\u00f6r mer information och adress dit medlemstidnignen skall [&hellip;]<\/p>\n","protected":false},"featured_media":0,"comment_status":"closed","ping_status":"closed","template":"","meta":{"om_disable_all_campaigns":false,"_uag_custom_page_level_css":"","_monsterinsights_skip_tracking":false,"_monsterinsights_sitenote_active":false,"_monsterinsights_sitenote_note":"","_monsterinsights_sitenote_category":0,"site-sidebar-layout":"default","site-content-layout":"default","ast-site-content-layout":"default","site-content-style":"default","site-sidebar-style":"default","ast-global-header-display":"","ast-banner-title-visibility":"","ast-main-header-display":"","ast-hfb-above-header-display":"","ast-hfb-below-header-display":"","ast-hfb-mobile-header-display":"","site-post-title":"","ast-breadcrumbs-content":"","ast-featured-img":"","footer-sml-layout":"","ast-disable-related-posts":"","theme-transparent-header-meta":"default","adv-header-id-meta":"","stick-header-meta":"","header-above-stick-meta":"","header-main-stick-meta":"","header-below-stick-meta":"","astra-migrate-meta-layouts":"default","ast-page-background-enabled":"default","ast-page-background-meta":{"desktop":{"background-color":"","background-image":"","background-repeat":"repeat","background-position":"center center","background-size":"auto","background-attachment":"scroll","background-type":"","background-media":"","overlay-type":"","overlay-color":"","overlay-opacity":"","overlay-gradient":""},"tablet":{"background-color":"","background-image":"","background-repeat":"repeat","background-position":"center center","background-size":"auto","background-attachment":"scroll","background-type":"","background-media":"","overlay-type":"","overlay-color":"","overlay-opacity":"","overlay-gradient":""},"mobile":{"background-color":"","background-image":"","background-repeat":"repeat","background-position":"center center","background-size":"auto","background-attachment":"scroll","background-type":"","background-media":"","overlay-type":"","overlay-color":"","overlay-opacity":"","overlay-gradient":""}},"ast-content-background-meta":{"desktop":{"background-color":"var(--ast-global-color-5)","background-image":"","background-repeat":"repeat","background-position":"center center","background-size":"auto","background-attachment":"scroll","background-type":"","background-media":"","overlay-type":"","overlay-color":"","overlay-opacity":"","overlay-gradient":""},"tablet":{"background-color":"var(--ast-global-color-5)","background-image":"","background-repeat":"repeat","background-position":"center center","background-size":"auto","background-attachment":"scroll","background-type":"","background-media":"","overlay-type":"","overlay-color":"","overlay-opacity":"","overlay-gradient":""},"mobile":{"background-color":"var(--ast-global-color-5)","background-image":"","background-repeat":"repeat","background-position":"center center","background-size":"auto","background-attachment":"scroll","background-type":"","background-media":"","overlay-type":"","overlay-color":"","overlay-opacity":"","overlay-gradient":""}}},"product_brand":[],"product_cat":[25],"product_tag":[],"class_list":{"0":"post-2812","1":"product","2":"type-product","3":"status-publish","5":"product_cat-ovrigt","6":"desktop-align-center","7":"tablet-align-center","8":"mobile-align-center","10":"first","11":"instock","12":"purchasable","13":"product-type-variable","14":"has-default-attributes"},"aioseo_notices":[],"spectra_custom_meta":{"_edit_last":["3"],"total_sales":["3"],"_tax_status":["none"],"_tax_class":["momsfritt"],"_manage_stock":["no"],"_backorders":["no"],"_sold_individually":["no"],"_virtual":["no"],"_downloadable":["no"],"_download_limit":["-1"],"_download_expiry":["-1"],"_stock":[null],"_stock_status":["instock"],"_wc_average_rating":["0"],"_wc_review_count":["0"],"_product_attributes":["a:1:{s:6:\"belopp\";a:6:{s:4:\"name\";s:6:\"Belopp\";s:5:\"value\";s:23:\"100 | 500 | 1000 | 5000\";s:8:\"position\";i:0;s:10:\"is_visible\";i:1;s:12:\"is_variation\";i:1;s:11:\"is_taxonomy\";i:0;}}"],"_product_version":["5.1.0"],"_default_attributes":["a:1:{s:6:\"belopp\";s:3:\"500\";}"],"_wc_facebook_commerce_enabled":["no"],"fb_product_group_id":["3785318031511690"],"_yoast_wpseo_primary_product_cat":["53"],"_yoast_wpseo_content_score":["30"],"_yoast_wpseo_estimated-reading-time-minutes":["1"],"_product_image_gallery":["1245"],"_edit_lock":["1616440404:3"],"_primary_term_product_cat":["25"],"site-sidebar-layout":["default"],"site-content-layout":["default"],"theme-transparent-header-meta":["default"],"_price":["100","500","1000","5000"],"_wc_facebook_sync_enabled_v2":["yes"],"fb_visibility":["yes"],"_uag_page_assets":["a:9:{s:3:\"css\";s:0:\"\";s:2:\"js\";s:0:\"\";s:18:\"current_block_list\";a:5:{i:0;s:26:\"woocommerce\/product-search\";i:1;s:10:\"core\/group\";i:2;s:12:\"core\/heading\";i:3;s:27:\"woocommerce\/product-on-sale\";i:4;s:32:\"woocommerce\/product-best-sellers\";}s:8:\"uag_flag\";b:0;s:11:\"uag_version\";s:10:\"1775301941\";s:6:\"gfonts\";a:0:{}s:10:\"gfonts_url\";s:0:\"\";s:12:\"gfonts_files\";a:0:{}s:14:\"uag_faq_layout\";b:0;}"]},"uagb_featured_image_src":{"full":false,"thumbnail":false,"medium":false,"medium_large":false,"large":false,"1536x1536":false,"2048x2048":false,"trp-custom-language-flag":false,"woocommerce_thumbnail":false,"woocommerce_single":false,"woocommerce_gallery_thumbnail":false,"awb_sm":false,"awb_md":false,"awb_lg":false,"awb_xl":false},"uagb_author_info":{"display_name":"Olaf","author_link":"https:\/\/smalsparet.com\/nl\/author\/"},"uagb_comment_info":0,"uagb_excerpt":"Visa ditt st\u00f6d f\u00f6r smalsp\u00e5ret och v\u00e5r verksamhet genom att st\u00f6tta verksamheten. Pengarna g\u00e5r till aktuella projekt, n\u00e4rmsta p\u00e5 tur st\u00e5r projektet med att bygga r\u00e4lsbussgarage i Virserum. &nbsp; St\u00f6ttar du med 500kr eller mer s\u00e5 ing\u00e5r automatiskt ett medlemskap i f\u00f6reningen (valfritt), vi kontaktar dig d\u00e5 f\u00f6r mer information och adress dit medlemstidnignen skall&hellip;","_links":{"self":[{"href":"https:\/\/smalsparet.com\/nl\/wp-json\/wp\/v2\/product\/2812","targetHints":{"allow":["GET"]}}],"collection":[{"href":"https:\/\/smalsparet.com\/nl\/wp-json\/wp\/v2\/product"}],"about":[{"href":"https:\/\/smalsparet.com\/nl\/wp-json\/wp\/v2\/types\/product"}],"replies":[{"embeddable":true,"href":"https:\/\/smalsparet.com\/nl\/wp-json\/wp\/v2\/comments?post=2812"}],"wp:attachment":[{"href":"https:\/\/smalsparet.com\/nl\/wp-json\/wp\/v2\/media?parent=2812"}],"wp:term":[{"taxonomy":"product_brand","embeddable":true,"href":"https:\/\/smalsparet.com\/nl\/wp-json\/wp\/v2\/product_brand?post=2812"},{"taxonomy":"product_cat","embeddable":true,"href":"https:\/\/smalsparet.com\/nl\/wp-json\/wp\/v2\/product_cat?post=2812"},{"taxonomy":"product_tag","embeddable":true,"href":"https:\/\/smalsparet.com\/nl\/wp-json\/wp\/v2\/product_tag?post=2812"}],"curies":[{"name":"wp","href":"https:\/\/api.w.org\/{rel}","templated":true}]}}