{"id":2785,"date":"2021-01-20T19:35:08","date_gmt":"2021-01-20T19:35:08","guid":{"rendered":"https:\/\/nya.smalsparet.com\/produkt\/sista-taget-ut\/"},"modified":"2023-12-10T18:50:52","modified_gmt":"2023-12-10T18:50:52","slug":"sista-taget-ut","status":"publish","type":"product","link":"https:\/\/smalsparet.com\/nl\/product\/sista-taget-ut\/","title":{"rendered":"Laatste trein uit"},"content":{"rendered":"<p>Een boek over verkeer, technologie en mensen op de laatste smalspoorlijnen in Zweden, gedocumenteerd van 1970 tot 1990. <a href=\"https:\/\/smalsparet.com\/nl\/om-smalsparet\/\">SJ-lijn V\u00e4xj\u00f6-V\u00e4stervik<\/a> Passagiersdiensten bleven bestaan, goederenlijnen verdwenen in een snel tempo en de saga van het passagiersvervoer was voorbij in 1984.<\/p>\n<p>Hoe lang zou het verkeer nog kunnen doorgaan met het gebrek aan onderhoud dat er heerste? Dodelijke ontsporingen in zowel Sm\u00e5land als \u00d6sterg\u00f6tland betekenden een abrupt einde van het laatste smalspoorverkeer van SJ aan het eind van de jaren 1980. De individuele en goed beheerde NKlJ-spoorlijn in V\u00e4rmland hield stand tot 1991. Een tijdperk in de Zweedse spoorweggeschiedenis was toen voorbij.<\/p>\n<div class=\"product-short-description\"><span id=\"ctl00_main_ctl00_ctl00_labShortDescription\" class=\"product-short-description-label display-block\">We volgen het verkeer en het werk op het spoor in deze laatste decennia aan de hand van een reeks interviews met spoorwegpersoneel, van wisselwachters en machinisten tot managers.<\/span><\/div>\n<div class=\"product-short-description\"><span id=\"ctl00_main_ctl00_ctl00_labShortDescription\" class=\"product-short-description-label display-block\">Het boek gaat ook in op DONJ, Dala-Ockelbo-Norrsundets J\u00e4rnv\u00e4g en NKLJ, Nordmark-Klar\u00e4lvens J\u00e4rnv\u00e4g en hoe zij al vroeg investeerden in stroomlijning met moderne goederenwagons.<\/span><\/div>\n<div><\/div>\n<div class=\"product-short-description\"><span id=\"ctl00_main_ctl00_ctl00_labShortDescription\" class=\"product-short-description-label display-block\">Het boek is geschreven door Stig Svallhammar die met deze beschrijving afscheid neemt van de spoorwegen die hij in verschillende functies op de voet heeft gevolgd. 352 pagina's in A4-formaat met ongeveer 400 foto's\/kaarten.<\/span><\/div>\n<div class=\"inner\"><\/div>\n<div class=\"product-comments\">\n<div class=\"product-comments-header\"><\/div>\n<div class=\"product-comments-body\">\n<div id=\"ctl00_main_ctl00_ctl00_pnlComment\"><\/div>\n<\/div>\n<div class=\"product-comments-footer\"><\/div>\n<\/div>\n<div class=\"product-attributes\"><\/div>\n<div class=\"purchase-block\">\n<div class=\"purchase-block-header\"><\/div>\n<div class=\"purchase-block-body\"><\/div>\n<\/div>","protected":false},"excerpt":{"rendered":"<p>En bok om trafik, teknik och m\u00e4nniskor vid de sista smalsp\u00e5riga banorna i Sverige, dokumenterat 1970-1990. 1970 fanns endast Roslagsbanan och SJ:s linje V\u00e4xj\u00f6-V\u00e4stervik kvar med persontrafik, Banor med gods f\u00f6rsvann i rask takt och persontrafikens saga var all 1984. Hur l\u00e4nge skulle den trafik kunna forts\u00e4tta med det bristande underh\u00e5ll som r\u00e5dde? Fatala ursp\u00e5rningar [&hellip;]<\/p>\n","protected":false},"featured_media":7642,"comment_status":"closed","ping_status":"closed","template":"","meta":{"om_disable_all_campaigns":false,"_uag_custom_page_level_css":"","_monsterinsights_skip_tracking":false,"_monsterinsights_sitenote_active":false,"_monsterinsights_sitenote_note":"","_monsterinsights_sitenote_category":0,"site-sidebar-layout":"default","site-content-layout":"default","ast-site-content-layout":"default","site-content-style":"default","site-sidebar-style":"default","ast-global-header-display":"","ast-banner-title-visibility":"","ast-main-header-display":"","ast-hfb-above-header-display":"","ast-hfb-below-header-display":"","ast-hfb-mobile-header-display":"","site-post-title":"","ast-breadcrumbs-content":"","ast-featured-img":"","footer-sml-layout":"","ast-disable-related-posts":"","theme-transparent-header-meta":"default","adv-header-id-meta":"","stick-header-meta":"","header-above-stick-meta":"","header-main-stick-meta":"","header-below-stick-meta":"","astra-migrate-meta-layouts":"default","ast-page-background-enabled":"default","ast-page-background-meta":{"desktop":{"background-color":"","background-image":"","background-repeat":"repeat","background-position":"center center","background-size":"auto","background-attachment":"scroll","background-type":"","background-media":"","overlay-type":"","overlay-color":"","overlay-opacity":"","overlay-gradient":""},"tablet":{"background-color":"","background-image":"","background-repeat":"repeat","background-position":"center center","background-size":"auto","background-attachment":"scroll","background-type":"","background-media":"","overlay-type":"","overlay-color":"","overlay-opacity":"","overlay-gradient":""},"mobile":{"background-color":"","background-image":"","background-repeat":"repeat","background-position":"center center","background-size":"auto","background-attachment":"scroll","background-type":"","background-media":"","overlay-type":"","overlay-color":"","overlay-opacity":"","overlay-gradient":""}},"ast-content-background-meta":{"desktop":{"background-color":"var(--ast-global-color-5)","background-image":"","background-repeat":"repeat","background-position":"center center","background-size":"auto","background-attachment":"scroll","background-type":"","background-media":"","overlay-type":"","overlay-color":"","overlay-opacity":"","overlay-gradient":""},"tablet":{"background-color":"var(--ast-global-color-5)","background-image":"","background-repeat":"repeat","background-position":"center center","background-size":"auto","background-attachment":"scroll","background-type":"","background-media":"","overlay-type":"","overlay-color":"","overlay-opacity":"","overlay-gradient":""},"mobile":{"background-color":"var(--ast-global-color-5)","background-image":"","background-repeat":"repeat","background-position":"center center","background-size":"auto","background-attachment":"scroll","background-type":"","background-media":"","overlay-type":"","overlay-color":"","overlay-opacity":"","overlay-gradient":""}}},"product_brand":[],"product_cat":[23],"product_tag":[],"class_list":{"0":"post-2785","1":"product","2":"type-product","3":"status-publish","4":"has-post-thumbnail","6":"product_cat-bok","7":"desktop-align-center","8":"tablet-align-center","9":"mobile-align-center","11":"first","12":"outofstock","13":"taxable","14":"shipping-taxable","15":"purchasable","16":"product-type-simple"},"aioseo_notices":[],"spectra_custom_meta":{"_edit_last":["3"],"total_sales":["11"],"_tax_status":["taxable"],"_tax_class":["6"],"_manage_stock":["yes"],"_backorders":["no"],"_sold_individually":["no"],"_virtual":["no"],"_downloadable":["no"],"_download_limit":["-1"],"_download_expiry":["-1"],"_stock":["0"],"_stock_status":["outofstock"],"_wc_average_rating":["0"],"_wc_review_count":["0"],"_product_attributes":["a:2:{s:8:\"pa_sidor\";a:6:{s:4:\"name\";s:8:\"pa_sidor\";s:5:\"value\";s:0:\"\";s:8:\"position\";i:0;s:10:\"is_visible\";i:1;s:12:\"is_variation\";i:0;s:11:\"is_taxonomy\";i:1;}s:11:\"pa_bindning\";a:6:{s:4:\"name\";s:11:\"pa_bindning\";s:5:\"value\";s:0:\"\";s:8:\"position\";i:1;s:10:\"is_visible\";i:1;s:12:\"is_variation\";i:0;s:11:\"is_taxonomy\";i:1;}}"],"_product_version":["8.3.0"],"_thumbnail_id":["7642"],"_regular_price":["295"],"_price":["295"],"_wc_facebook_sync_enabled":["yes"],"fb_visibility":["yes"],"fb_product_description":[""],"_wc_facebook_product_image_source":["product"],"_wc_facebook_commerce_enabled":["no"],"fb_product_group_id":["4046062922104965"],"fb_product_item_id":["4046062942104963"],"_yoast_wpseo_primary_product_cat":["44"],"_yoast_wpseo_focuskw":["Sista t\u00e5get ut"],"_yoast_wpseo_metadesc":["Sista t\u00e5get ut, bok om trafik, teknik och m\u00e4nniskor vid de sista smalsp\u00e5riga banorna, dokumenterat 1970-1990. NVHJ, DONJ, NKLJ m.m. skildras."],"_yoast_wpseo_linkdex":["56"],"_yoast_wpseo_content_score":["30"],"_weight":["1500"],"_edit_lock":["1700830762:3"],"_primary_term_product_cat":["23"],"site-sidebar-layout":["default"],"site-content-layout":["default"],"theme-transparent-header-meta":["default"],"_uag_page_assets":["a:9:{s:3:\"css\";s:0:\"\";s:2:\"js\";s:0:\"\";s:18:\"current_block_list\";a:5:{i:0;s:26:\"woocommerce\/product-search\";i:1;s:10:\"core\/group\";i:2;s:12:\"core\/heading\";i:3;s:27:\"woocommerce\/product-on-sale\";i:4;s:32:\"woocommerce\/product-best-sellers\";}s:8:\"uag_flag\";b:0;s:11:\"uag_version\";s:10:\"1775301941\";s:6:\"gfonts\";a:0:{}s:10:\"gfonts_url\";s:0:\"\";s:12:\"gfonts_files\";a:0:{}s:14:\"uag_faq_layout\";b:0;}"]},"uagb_featured_image_src":{"full":["https:\/\/smalsparet.com\/wp-content\/uploads\/2021\/01\/white-sistatagetut.jpeg",396,396,false],"thumbnail":["https:\/\/smalsparet.com\/wp-content\/uploads\/2021\/01\/white-sistatagetut-150x150.jpeg",150,150,true],"medium":["https:\/\/smalsparet.com\/wp-content\/uploads\/2021\/01\/white-sistatagetut-300x300.jpeg",300,300,true],"medium_large":["https:\/\/smalsparet.com\/wp-content\/uploads\/2021\/01\/white-sistatagetut.jpeg",396,396,false],"large":["https:\/\/smalsparet.com\/wp-content\/uploads\/2021\/01\/white-sistatagetut.jpeg",396,396,false],"1536x1536":["https:\/\/smalsparet.com\/wp-content\/uploads\/2021\/01\/white-sistatagetut.jpeg",396,396,false],"2048x2048":["https:\/\/smalsparet.com\/wp-content\/uploads\/2021\/01\/white-sistatagetut.jpeg",396,396,false],"trp-custom-language-flag":["https:\/\/smalsparet.com\/wp-content\/uploads\/2021\/01\/white-sistatagetut-12x12.jpeg",12,12,true],"woocommerce_thumbnail":["https:\/\/smalsparet.com\/wp-content\/uploads\/2021\/01\/white-sistatagetut-300x300.jpeg",300,300,true],"woocommerce_single":["https:\/\/smalsparet.com\/wp-content\/uploads\/2021\/01\/white-sistatagetut.jpeg",396,396,false],"woocommerce_gallery_thumbnail":["https:\/\/smalsparet.com\/wp-content\/uploads\/2021\/01\/white-sistatagetut-100x100.jpeg",100,100,true],"awb_sm":["https:\/\/smalsparet.com\/wp-content\/uploads\/2021\/01\/white-sistatagetut.jpeg",396,396,false],"awb_md":["https:\/\/smalsparet.com\/wp-content\/uploads\/2021\/01\/white-sistatagetut.jpeg",396,396,false],"awb_lg":["https:\/\/smalsparet.com\/wp-content\/uploads\/2021\/01\/white-sistatagetut.jpeg",396,396,false],"awb_xl":["https:\/\/smalsparet.com\/wp-content\/uploads\/2021\/01\/white-sistatagetut.jpeg",396,396,false]},"uagb_author_info":{"display_name":"Olaf","author_link":"https:\/\/smalsparet.com\/nl\/author\/"},"uagb_comment_info":0,"uagb_excerpt":"En bok om trafik, teknik och m\u00e4nniskor vid de sista smalsp\u00e5riga banorna i Sverige, dokumenterat 1970-1990. 1970 fanns endast Roslagsbanan och SJ:s linje V\u00e4xj\u00f6-V\u00e4stervik kvar med persontrafik, Banor med gods f\u00f6rsvann i rask takt och persontrafikens saga var all 1984. Hur l\u00e4nge skulle den trafik kunna forts\u00e4tta med det bristande underh\u00e5ll som r\u00e5dde? Fatala ursp\u00e5rningar&hellip;","_links":{"self":[{"href":"https:\/\/smalsparet.com\/nl\/wp-json\/wp\/v2\/product\/2785","targetHints":{"allow":["GET"]}}],"collection":[{"href":"https:\/\/smalsparet.com\/nl\/wp-json\/wp\/v2\/product"}],"about":[{"href":"https:\/\/smalsparet.com\/nl\/wp-json\/wp\/v2\/types\/product"}],"replies":[{"embeddable":true,"href":"https:\/\/smalsparet.com\/nl\/wp-json\/wp\/v2\/comments?post=2785"}],"wp:featuredmedia":[{"embeddable":true,"href":"https:\/\/smalsparet.com\/nl\/wp-json\/wp\/v2\/media\/7642"}],"wp:attachment":[{"href":"https:\/\/smalsparet.com\/nl\/wp-json\/wp\/v2\/media?parent=2785"}],"wp:term":[{"taxonomy":"product_brand","embeddable":true,"href":"https:\/\/smalsparet.com\/nl\/wp-json\/wp\/v2\/product_brand?post=2785"},{"taxonomy":"product_cat","embeddable":true,"href":"https:\/\/smalsparet.com\/nl\/wp-json\/wp\/v2\/product_cat?post=2785"},{"taxonomy":"product_tag","embeddable":true,"href":"https:\/\/smalsparet.com\/nl\/wp-json\/wp\/v2\/product_tag?post=2785"}],"curies":[{"name":"wp","href":"https:\/\/api.w.org\/{rel}","templated":true}]}}