{"id":2783,"date":"2021-01-20T19:28:02","date_gmt":"2021-01-20T19:28:02","guid":{"rendered":"https:\/\/nya.smalsparet.com\/produkt\/minnenas-spar\/"},"modified":"2024-12-16T19:39:33","modified_gmt":"2024-12-16T19:39:33","slug":"minnenas-spar","status":"publish","type":"product","link":"https:\/\/smalsparet.com\/nl\/product\/minnenas-spar\/","title":{"rendered":"Het spoor van herinneringen"},"content":{"rendered":"<p>Ga mee in het verhaal waarin het spoorwegpersoneel herinneringen en verhalen vertelt uit de tijd bij Norsholm-V\u00e4stervik-Hultsfreds J\u00e4rnv\u00e4gar, NVHJ. 240 pagina's met interviews van spoorwegpersoneel dat zeer interessante en grappige dingen te vertellen heeft uit vervlogen tijden. Het boek is 17\u00d725 cm en bevat ongeveer 200 foto's. Een uniek verslag, dat wordt aangevuld met het boek <a href=\"https:\/\/smalsparet.com\/nl\/product\/kronan-pa-verket\/\">De kers op de taart?<\/a>, ook geschreven door Stig Svallhammar.<\/p>\n<p>De auteurs van het boek, Stig Svallhammar en Bertil Thylander, nemen je mee op een unieke reis en geven ook een overzicht van de organisatie en promotiepaden van het personeel.<\/p>","protected":false},"excerpt":{"rendered":"<p>F\u00f6lj med i ber\u00e4ttelsen d\u00e4r j\u00e4rnv\u00e4gens personal ber\u00e4ttar minnen och historier fr\u00e5n tiden vid Norsholm-V\u00e4stervik-Hultsfreds J\u00e4rnv\u00e4gar, NVHJ. 240 sidor med intervjuer fr\u00e5n j\u00e4rnv\u00e4gare som har mycket intressanta och roliga saker att ber\u00e4tta fr\u00e5n svunna tider. Boken \u00e4r 17&#215;25 cm och inneh\u00e5ller runt 200 foton. En unik skildring, som kompletteras av boken Kronan p\u00e5 verket?, \u00e4ven [&hellip;]<\/p>\n","protected":false},"featured_media":7638,"comment_status":"closed","ping_status":"closed","template":"","meta":{"om_disable_all_campaigns":false,"_uag_custom_page_level_css":"","_monsterinsights_skip_tracking":false,"_monsterinsights_sitenote_active":false,"_monsterinsights_sitenote_note":"","_monsterinsights_sitenote_category":0,"site-sidebar-layout":"default","site-content-layout":"default","ast-site-content-layout":"default","site-content-style":"default","site-sidebar-style":"default","ast-global-header-display":"","ast-banner-title-visibility":"","ast-main-header-display":"","ast-hfb-above-header-display":"","ast-hfb-below-header-display":"","ast-hfb-mobile-header-display":"","site-post-title":"","ast-breadcrumbs-content":"","ast-featured-img":"","footer-sml-layout":"","ast-disable-related-posts":"","theme-transparent-header-meta":"default","adv-header-id-meta":"","stick-header-meta":"","header-above-stick-meta":"","header-main-stick-meta":"","header-below-stick-meta":"","astra-migrate-meta-layouts":"default","ast-page-background-enabled":"default","ast-page-background-meta":{"desktop":{"background-color":"","background-image":"","background-repeat":"repeat","background-position":"center center","background-size":"auto","background-attachment":"scroll","background-type":"","background-media":"","overlay-type":"","overlay-color":"","overlay-opacity":"","overlay-gradient":""},"tablet":{"background-color":"","background-image":"","background-repeat":"repeat","background-position":"center center","background-size":"auto","background-attachment":"scroll","background-type":"","background-media":"","overlay-type":"","overlay-color":"","overlay-opacity":"","overlay-gradient":""},"mobile":{"background-color":"","background-image":"","background-repeat":"repeat","background-position":"center center","background-size":"auto","background-attachment":"scroll","background-type":"","background-media":"","overlay-type":"","overlay-color":"","overlay-opacity":"","overlay-gradient":""}},"ast-content-background-meta":{"desktop":{"background-color":"var(--ast-global-color-5)","background-image":"","background-repeat":"repeat","background-position":"center center","background-size":"auto","background-attachment":"scroll","background-type":"","background-media":"","overlay-type":"","overlay-color":"","overlay-opacity":"","overlay-gradient":""},"tablet":{"background-color":"var(--ast-global-color-5)","background-image":"","background-repeat":"repeat","background-position":"center center","background-size":"auto","background-attachment":"scroll","background-type":"","background-media":"","overlay-type":"","overlay-color":"","overlay-opacity":"","overlay-gradient":""},"mobile":{"background-color":"var(--ast-global-color-5)","background-image":"","background-repeat":"repeat","background-position":"center center","background-size":"auto","background-attachment":"scroll","background-type":"","background-media":"","overlay-type":"","overlay-color":"","overlay-opacity":"","overlay-gradient":""}}},"product_brand":[],"product_cat":[23],"product_tag":[],"class_list":{"0":"post-2783","1":"product","2":"type-product","3":"status-publish","4":"has-post-thumbnail","6":"product_cat-bok","7":"desktop-align-center","8":"tablet-align-center","9":"mobile-align-center","11":"first","12":"outofstock","13":"taxable","14":"shipping-taxable","15":"purchasable","16":"product-type-simple"},"aioseo_notices":[],"spectra_custom_meta":{"_edit_last":["3"],"total_sales":["12"],"_tax_status":["taxable"],"_tax_class":["6"],"_manage_stock":["yes"],"_backorders":["no"],"_sold_individually":["no"],"_virtual":["no"],"_downloadable":["no"],"_download_limit":["-1"],"_download_expiry":["-1"],"_stock":["0"],"_stock_status":["outofstock"],"_wc_average_rating":["0"],"_wc_review_count":["0"],"_product_attributes":["a:1:{s:8:\"pa_sidor\";a:6:{s:4:\"name\";s:8:\"pa_sidor\";s:5:\"value\";s:0:\"\";s:8:\"position\";i:0;s:10:\"is_visible\";i:1;s:12:\"is_variation\";i:0;s:11:\"is_taxonomy\";i:1;}}"],"_product_version":["8.5.2"],"_thumbnail_id":["7638"],"_regular_price":["149"],"_price":["149"],"_wc_facebook_sync_enabled":["yes"],"fb_visibility":["yes"],"fb_product_description":[""],"_wc_facebook_product_image_source":["product"],"_wc_facebook_commerce_enabled":["no"],"fb_product_group_id":["3497499713680742"],"fb_product_item_id":["3497499727014074"],"_yoast_wpseo_primary_product_cat":["44"],"_yoast_wpseo_focuskw":["Minnenas sp\u00e5r"],"_yoast_wpseo_linkdex":["40"],"_yoast_wpseo_content_score":["60"],"_weight":["750"],"_edit_lock":["1700830742:3"],"_primary_term_product_cat":["23"],"site-sidebar-layout":["default"],"site-content-layout":["default"],"theme-transparent-header-meta":["default"],"_uag_page_assets":["a:9:{s:3:\"css\";s:0:\"\";s:2:\"js\";s:0:\"\";s:18:\"current_block_list\";a:5:{i:0;s:26:\"woocommerce\/product-search\";i:1;s:10:\"core\/group\";i:2;s:12:\"core\/heading\";i:3;s:27:\"woocommerce\/product-on-sale\";i:4;s:32:\"woocommerce\/product-best-sellers\";}s:8:\"uag_flag\";b:0;s:11:\"uag_version\";s:10:\"1776782095\";s:6:\"gfonts\";a:0:{}s:10:\"gfonts_url\";s:0:\"\";s:12:\"gfonts_files\";a:0:{}s:14:\"uag_faq_layout\";b:0;}"]},"uagb_featured_image_src":{"full":["https:\/\/smalsparet.com\/wp-content\/uploads\/2021\/01\/white-minnenassparnvhj.jpeg",397,397,false],"thumbnail":["https:\/\/smalsparet.com\/wp-content\/uploads\/2021\/01\/white-minnenassparnvhj-150x150.jpeg",150,150,true],"medium":["https:\/\/smalsparet.com\/wp-content\/uploads\/2021\/01\/white-minnenassparnvhj-300x300.jpeg",300,300,true],"medium_large":["https:\/\/smalsparet.com\/wp-content\/uploads\/2021\/01\/white-minnenassparnvhj.jpeg",397,397,false],"large":["https:\/\/smalsparet.com\/wp-content\/uploads\/2021\/01\/white-minnenassparnvhj.jpeg",397,397,false],"1536x1536":["https:\/\/smalsparet.com\/wp-content\/uploads\/2021\/01\/white-minnenassparnvhj.jpeg",397,397,false],"2048x2048":["https:\/\/smalsparet.com\/wp-content\/uploads\/2021\/01\/white-minnenassparnvhj.jpeg",397,397,false],"trp-custom-language-flag":["https:\/\/smalsparet.com\/wp-content\/uploads\/2021\/01\/white-minnenassparnvhj-12x12.jpeg",12,12,true],"woocommerce_thumbnail":["https:\/\/smalsparet.com\/wp-content\/uploads\/2021\/01\/white-minnenassparnvhj-300x300.jpeg",300,300,true],"woocommerce_single":["https:\/\/smalsparet.com\/wp-content\/uploads\/2021\/01\/white-minnenassparnvhj.jpeg",397,397,false],"woocommerce_gallery_thumbnail":["https:\/\/smalsparet.com\/wp-content\/uploads\/2021\/01\/white-minnenassparnvhj-100x100.jpeg",100,100,true],"awb_sm":["https:\/\/smalsparet.com\/wp-content\/uploads\/2021\/01\/white-minnenassparnvhj.jpeg",397,397,false],"awb_md":["https:\/\/smalsparet.com\/wp-content\/uploads\/2021\/01\/white-minnenassparnvhj.jpeg",397,397,false],"awb_lg":["https:\/\/smalsparet.com\/wp-content\/uploads\/2021\/01\/white-minnenassparnvhj.jpeg",397,397,false],"awb_xl":["https:\/\/smalsparet.com\/wp-content\/uploads\/2021\/01\/white-minnenassparnvhj.jpeg",397,397,false]},"uagb_author_info":{"display_name":"Olaf","author_link":"https:\/\/smalsparet.com\/nl\/author\/"},"uagb_comment_info":0,"uagb_excerpt":"F\u00f6lj med i ber\u00e4ttelsen d\u00e4r j\u00e4rnv\u00e4gens personal ber\u00e4ttar minnen och historier fr\u00e5n tiden vid Norsholm-V\u00e4stervik-Hultsfreds J\u00e4rnv\u00e4gar, NVHJ. 240 sidor med intervjuer fr\u00e5n j\u00e4rnv\u00e4gare som har mycket intressanta och roliga saker att ber\u00e4tta fr\u00e5n svunna tider. Boken \u00e4r 17&#215;25 cm och inneh\u00e5ller runt 200 foton. En unik skildring, som kompletteras av boken Kronan p\u00e5 verket?, \u00e4ven&hellip;","_links":{"self":[{"href":"https:\/\/smalsparet.com\/nl\/wp-json\/wp\/v2\/product\/2783","targetHints":{"allow":["GET"]}}],"collection":[{"href":"https:\/\/smalsparet.com\/nl\/wp-json\/wp\/v2\/product"}],"about":[{"href":"https:\/\/smalsparet.com\/nl\/wp-json\/wp\/v2\/types\/product"}],"replies":[{"embeddable":true,"href":"https:\/\/smalsparet.com\/nl\/wp-json\/wp\/v2\/comments?post=2783"}],"wp:featuredmedia":[{"embeddable":true,"href":"https:\/\/smalsparet.com\/nl\/wp-json\/wp\/v2\/media\/7638"}],"wp:attachment":[{"href":"https:\/\/smalsparet.com\/nl\/wp-json\/wp\/v2\/media?parent=2783"}],"wp:term":[{"taxonomy":"product_brand","embeddable":true,"href":"https:\/\/smalsparet.com\/nl\/wp-json\/wp\/v2\/product_brand?post=2783"},{"taxonomy":"product_cat","embeddable":true,"href":"https:\/\/smalsparet.com\/nl\/wp-json\/wp\/v2\/product_cat?post=2783"},{"taxonomy":"product_tag","embeddable":true,"href":"https:\/\/smalsparet.com\/nl\/wp-json\/wp\/v2\/product_tag?post=2783"}],"curies":[{"name":"wp","href":"https:\/\/api.w.org\/{rel}","templated":true}]}}