{"id":2759,"date":"2021-01-06T13:19:37","date_gmt":"2021-01-06T13:19:37","guid":{"rendered":"https:\/\/nya.smalsparet.com\/produkt\/1435-sjk-resor-pa-1960-talet\/"},"modified":"2025-12-01T00:00:09","modified_gmt":"2025-12-01T00:00:09","slug":"1435-sjk-resor-pa-1960-talet","status":"publish","type":"product","link":"https:\/\/smalsparet.com\/nl\/product\/1435-sjk-resor-pa-1960-talet\/","title":{"rendered":"1435 SJK reizen in de jaren 1960"},"content":{"rendered":"<p>Ga mee met de Zweedse Spoorclub op zijn eerste excursies en reizen! Een historische film van normaalspoor stoomlocomotieven in excursietreinen met de Zweedse Spoorclub, SJK in de jaren 1960. De originele films zijn 8 mm smalfilm met nagesynchroniseerd geluid.<\/p>\n<h4>Inclusief:<\/h4>\n<ul>\n<li>1956 K\u00e4rrgruvan-Krylbo<\/li>\n<li>1963 Stockholm-Saltsj\u00f6baden<\/li>\n<li>1964 Nora-Otterb\u00e4cken<\/li>\n<li>1965 L\u00e5ngsele- \u00d6stersund<\/li>\n<li>1966 \u00c5m\u00e5l-Svanskog<\/li>\n<li>1966 Stockholm-Nyn\u00e4shamn<\/li>\n<li>1967 G\u00e4vle-Eskilstuna<\/li>\n<li>1968 Karlstad-Hamar<\/li>\n<li>1968 Borl\u00e4nge-Mora.<\/li>\n<\/ul>\n<p>De film wordt geleverd met selecteerbare audiotracks met en zonder commentaar.<\/p>","protected":false},"excerpt":{"rendered":"<p>F\u00f6lj med p\u00e5 Svenska J\u00e4rnv\u00e4gsklubbens allra tidigaste utflykter och resor! En historisk film normalsp\u00e5riga \u00e5nglok i utflyktst\u00e5g med Svenska J\u00e4rnv\u00e4gsklubben, SJK p\u00e5 1960-talet. Originalfilmerna \u00e4r 8 mm:s smalfilm med dubbat ljud. Inneh\u00e5ller: 1956 K\u00e4rrgruvan-Krylbo 1963 Stockholm-Saltsj\u00f6baden 1964 Nora\u2013Otterb\u00e4cken 1965 L\u00e5ngsele\u2013 \u00d6stersund 1966 \u00c5m\u00e5l\u2013Svanskog 1966 Stockholm\u2013Nyn\u00e4shamn 1967 G\u00e4vle\u2013Eskilstuna 1968 Karlstad\u2013Hamar 1968 Borl\u00e4nge\u2013Mora. Filmen kommer med valbara [&hellip;]<\/p>\n","protected":false},"featured_media":2760,"comment_status":"closed","ping_status":"closed","template":"","meta":{"om_disable_all_campaigns":false,"_uag_custom_page_level_css":"","_monsterinsights_skip_tracking":false,"_monsterinsights_sitenote_active":false,"_monsterinsights_sitenote_note":"","_monsterinsights_sitenote_category":0,"site-sidebar-layout":"default","site-content-layout":"default","ast-site-content-layout":"default","site-content-style":"default","site-sidebar-style":"default","ast-global-header-display":"","ast-banner-title-visibility":"","ast-main-header-display":"","ast-hfb-above-header-display":"","ast-hfb-below-header-display":"","ast-hfb-mobile-header-display":"","site-post-title":"","ast-breadcrumbs-content":"","ast-featured-img":"","footer-sml-layout":"","ast-disable-related-posts":"","theme-transparent-header-meta":"default","adv-header-id-meta":"","stick-header-meta":"","header-above-stick-meta":"","header-main-stick-meta":"","header-below-stick-meta":"","astra-migrate-meta-layouts":"set","ast-page-background-enabled":"default","ast-page-background-meta":{"desktop":{"background-color":"","background-image":"","background-repeat":"repeat","background-position":"center center","background-size":"auto","background-attachment":"scroll","background-type":"","background-media":"","overlay-type":"","overlay-color":"","overlay-opacity":"","overlay-gradient":""},"tablet":{"background-color":"","background-image":"","background-repeat":"repeat","background-position":"center center","background-size":"auto","background-attachment":"scroll","background-type":"","background-media":"","overlay-type":"","overlay-color":"","overlay-opacity":"","overlay-gradient":""},"mobile":{"background-color":"","background-image":"","background-repeat":"repeat","background-position":"center center","background-size":"auto","background-attachment":"scroll","background-type":"","background-media":"","overlay-type":"","overlay-color":"","overlay-opacity":"","overlay-gradient":""}},"ast-content-background-meta":{"desktop":{"background-color":"var(--ast-global-color-5)","background-image":"","background-repeat":"repeat","background-position":"center center","background-size":"auto","background-attachment":"scroll","background-type":"","background-media":"","overlay-type":"","overlay-color":"","overlay-opacity":"","overlay-gradient":""},"tablet":{"background-color":"var(--ast-global-color-5)","background-image":"","background-repeat":"repeat","background-position":"center center","background-size":"auto","background-attachment":"scroll","background-type":"","background-media":"","overlay-type":"","overlay-color":"","overlay-opacity":"","overlay-gradient":""},"mobile":{"background-color":"var(--ast-global-color-5)","background-image":"","background-repeat":"repeat","background-position":"center center","background-size":"auto","background-attachment":"scroll","background-type":"","background-media":"","overlay-type":"","overlay-color":"","overlay-opacity":"","overlay-gradient":""}}},"product_brand":[],"product_cat":[83,66],"product_tag":[],"class_list":{"0":"post-2759","1":"product","2":"type-product","3":"status-publish","4":"has-post-thumbnail","6":"product_cat-black-friday-2025","7":"product_cat-historiska-filmer","8":"desktop-align-center","9":"tablet-align-center","10":"mobile-align-center","12":"first","13":"instock","14":"taxable","15":"shipping-taxable","16":"purchasable","17":"product-type-simple"},"aioseo_notices":[],"spectra_custom_meta":{"_regular_price":["199"],"total_sales":["17"],"_tax_status":["taxable"],"_tax_class":["6"],"_manage_stock":["yes"],"_backorders":["no"],"_sold_individually":["no"],"_virtual":["no"],"_downloadable":["no"],"_download_limit":["-1"],"_download_expiry":["-1"],"_thumbnail_id":["2760"],"_stock":["6"],"_stock_status":["instock"],"_wc_average_rating":["0"],"_wc_review_count":["0"],"_product_attributes":["a:2:{s:9:\"pa_format\";a:6:{s:4:\"name\";s:9:\"pa_format\";s:5:\"value\";s:0:\"\";s:8:\"position\";i:0;s:10:\"is_visible\";i:1;s:12:\"is_variation\";i:0;s:11:\"is_taxonomy\";i:1;}s:8:\"pa_langd\";a:6:{s:4:\"name\";s:8:\"pa_langd\";s:5:\"value\";s:0:\"\";s:8:\"position\";i:1;s:10:\"is_visible\";i:1;s:12:\"is_variation\";i:0;s:11:\"is_taxonomy\";i:1;}}"],"_product_version":["9.7.1"],"_price":["199"],"_wc_facebook_sync_enabled":["yes"],"fb_visibility":["yes"],"fb_product_description":[""],"_wc_facebook_product_image_source":["product"],"_wc_facebook_commerce_enabled":["no"],"_yoast_wpseo_primary_product_cat":["48"],"_yoast_wpseo_content_score":["60"],"_edit_last":["3"],"fb_product_group_id":["3726591264054299"],"fb_product_item_id":["3726591320720960"],"_edit_lock":["1763818022:3"],"_primary_term_product_cat":["66"],"site-sidebar-layout":["default"],"site-content-layout":["default"],"theme-transparent-header-meta":["default"],"_weight":["86"],"_aioseo_keywords":["a:0:{}"],"_aioseo_og_article_section":[""],"_aioseo_og_article_tags":["a:0:{}"],"_monsterinsights_sitenote_active":["0"],"om_disable_all_campaigns":[""],"ast-site-content-layout":["default"],"site-content-style":["default"],"site-sidebar-style":["default"],"fb_rich_text_description":[""],"fb_product_video":["a:0:{}"],"fb_brand":[""],"fb_mpn":[""],"_aioseo_title":[null],"_aioseo_description":[null],"_aioseo_og_title":[""],"_aioseo_og_description":[""],"_aioseo_twitter_title":[""],"_aioseo_twitter_description":[""],"astra-migrate-meta-layouts":["set"],"_uag_page_assets":["a:9:{s:3:\"css\";s:0:\"\";s:2:\"js\";s:0:\"\";s:18:\"current_block_list\";a:5:{i:0;s:26:\"woocommerce\/product-search\";i:1;s:10:\"core\/group\";i:2;s:12:\"core\/heading\";i:3;s:27:\"woocommerce\/product-on-sale\";i:4;s:32:\"woocommerce\/product-best-sellers\";}s:8:\"uag_flag\";b:0;s:11:\"uag_version\";s:10:\"1775301941\";s:6:\"gfonts\";a:0:{}s:10:\"gfonts_url\";s:0:\"\";s:12:\"gfonts_files\";a:0:{}s:14:\"uag_faq_layout\";b:0;}"]},"uagb_featured_image_src":{"full":["https:\/\/smalsparet.com\/wp-content\/uploads\/2021\/01\/LEG-A\u030anglok-SJK-4-201111004-dvdomslag-ill15.jpg",820,550,false],"thumbnail":["https:\/\/smalsparet.com\/wp-content\/uploads\/2021\/01\/LEG-A\u030anglok-SJK-4-201111004-dvdomslag-ill15-150x150.jpg",150,150,true],"medium":["https:\/\/smalsparet.com\/wp-content\/uploads\/2021\/01\/LEG-A\u030anglok-SJK-4-201111004-dvdomslag-ill15-300x201.jpg",300,201,true],"medium_large":["https:\/\/smalsparet.com\/wp-content\/uploads\/2021\/01\/LEG-A\u030anglok-SJK-4-201111004-dvdomslag-ill15-768x515.jpg",768,515,true],"large":["https:\/\/smalsparet.com\/wp-content\/uploads\/2021\/01\/LEG-A\u030anglok-SJK-4-201111004-dvdomslag-ill15.jpg",820,550,false],"1536x1536":["https:\/\/smalsparet.com\/wp-content\/uploads\/2021\/01\/LEG-A\u030anglok-SJK-4-201111004-dvdomslag-ill15.jpg",820,550,false],"2048x2048":["https:\/\/smalsparet.com\/wp-content\/uploads\/2021\/01\/LEG-A\u030anglok-SJK-4-201111004-dvdomslag-ill15.jpg",820,550,false],"trp-custom-language-flag":["https:\/\/smalsparet.com\/wp-content\/uploads\/2021\/01\/LEG-A\u030anglok-SJK-4-201111004-dvdomslag-ill15.jpg",18,12,false],"woocommerce_thumbnail":["https:\/\/smalsparet.com\/wp-content\/uploads\/2021\/01\/LEG-A\u030anglok-SJK-4-201111004-dvdomslag-ill15-300x300.jpg",300,300,true],"woocommerce_single":["https:\/\/smalsparet.com\/wp-content\/uploads\/2021\/01\/LEG-A\u030anglok-SJK-4-201111004-dvdomslag-ill15-600x402.jpg",600,402,true],"woocommerce_gallery_thumbnail":["https:\/\/smalsparet.com\/wp-content\/uploads\/2021\/01\/LEG-A\u030anglok-SJK-4-201111004-dvdomslag-ill15-100x100.jpg",100,100,true],"awb_sm":["https:\/\/smalsparet.com\/wp-content\/uploads\/2021\/01\/LEG-A\u030anglok-SJK-4-201111004-dvdomslag-ill15.jpg",500,335,false],"awb_md":["https:\/\/smalsparet.com\/wp-content\/uploads\/2021\/01\/LEG-A\u030anglok-SJK-4-201111004-dvdomslag-ill15.jpg",800,537,false],"awb_lg":["https:\/\/smalsparet.com\/wp-content\/uploads\/2021\/01\/LEG-A\u030anglok-SJK-4-201111004-dvdomslag-ill15.jpg",820,550,false],"awb_xl":["https:\/\/smalsparet.com\/wp-content\/uploads\/2021\/01\/LEG-A\u030anglok-SJK-4-201111004-dvdomslag-ill15.jpg",820,550,false]},"uagb_author_info":{"display_name":"Olaf","author_link":"https:\/\/smalsparet.com\/nl\/author\/"},"uagb_comment_info":0,"uagb_excerpt":"F\u00f6lj med p\u00e5 Svenska J\u00e4rnv\u00e4gsklubbens allra tidigaste utflykter och resor! En historisk film normalsp\u00e5riga \u00e5nglok i utflyktst\u00e5g med Svenska J\u00e4rnv\u00e4gsklubben, SJK p\u00e5 1960-talet. Originalfilmerna \u00e4r 8 mm:s smalfilm med dubbat ljud. Inneh\u00e5ller: 1956 K\u00e4rrgruvan-Krylbo 1963 Stockholm-Saltsj\u00f6baden 1964 Nora\u2013Otterb\u00e4cken 1965 L\u00e5ngsele\u2013 \u00d6stersund 1966 \u00c5m\u00e5l\u2013Svanskog 1966 Stockholm\u2013Nyn\u00e4shamn 1967 G\u00e4vle\u2013Eskilstuna 1968 Karlstad\u2013Hamar 1968 Borl\u00e4nge\u2013Mora. Filmen kommer med valbara&hellip;","_links":{"self":[{"href":"https:\/\/smalsparet.com\/nl\/wp-json\/wp\/v2\/product\/2759","targetHints":{"allow":["GET"]}}],"collection":[{"href":"https:\/\/smalsparet.com\/nl\/wp-json\/wp\/v2\/product"}],"about":[{"href":"https:\/\/smalsparet.com\/nl\/wp-json\/wp\/v2\/types\/product"}],"replies":[{"embeddable":true,"href":"https:\/\/smalsparet.com\/nl\/wp-json\/wp\/v2\/comments?post=2759"}],"wp:featuredmedia":[{"embeddable":true,"href":"https:\/\/smalsparet.com\/nl\/wp-json\/wp\/v2\/media\/2760"}],"wp:attachment":[{"href":"https:\/\/smalsparet.com\/nl\/wp-json\/wp\/v2\/media?parent=2759"}],"wp:term":[{"taxonomy":"product_brand","embeddable":true,"href":"https:\/\/smalsparet.com\/nl\/wp-json\/wp\/v2\/product_brand?post=2759"},{"taxonomy":"product_cat","embeddable":true,"href":"https:\/\/smalsparet.com\/nl\/wp-json\/wp\/v2\/product_cat?post=2759"},{"taxonomy":"product_tag","embeddable":true,"href":"https:\/\/smalsparet.com\/nl\/wp-json\/wp\/v2\/product_tag?post=2759"}],"curies":[{"name":"wp","href":"https:\/\/api.w.org\/{rel}","templated":true}]}}