{"id":2758,"date":"2021-01-06T13:17:20","date_gmt":"2021-01-06T13:17:20","guid":{"rendered":"https:\/\/nya.smalsparet.com\/produkt\/1435-elloksveteraner\/"},"modified":"2026-02-21T16:18:43","modified_gmt":"2026-02-21T16:18:43","slug":"1435-elloksveteraner","status":"publish","type":"product","link":"https:\/\/smalsparet.com\/nl\/product\/1435-elloksveteraner\/","title":{"rendered":"1435 Elloks veteranen"},"content":{"rendered":"<p>Een film over oude bruine locomotieven, opgenomen op cinefilm met nagesynchroniseerd geluid en op S-VHS-video.<\/p>\n<h4>Inclusief:<\/h4>\n<ul>\n<li>Van in goederentreinen<\/li>\n<li>Londense pijl met F-locomotief<\/li>\n<li>Erts spoorweg 1962<\/li>\n<li>Erts spoor 1995\/96<\/li>\n<\/ul>\n<p>De film wordt geleverd met selecteerbare audiotracks met en zonder commentaar.<\/p>","protected":false},"excerpt":{"rendered":"<p>Een film over oude bruine locomotieven gefilmd op cinefilm met nagesynchroniseerd geluid en op S-VHS video. Inclusief: van in goederentrein London Arrow met F locomotief Malmbanan 1962 Malmbanan 1995\/96 De film wordt geleverd met selecteerbare soundtracks met en zonder commentaar.<\/p>","protected":false},"featured_media":2761,"comment_status":"closed","ping_status":"closed","template":"","meta":{"om_disable_all_campaigns":false,"_uag_custom_page_level_css":"","_monsterinsights_skip_tracking":false,"_monsterinsights_sitenote_active":false,"_monsterinsights_sitenote_note":"","_monsterinsights_sitenote_category":0,"site-sidebar-layout":"default","site-content-layout":"default","ast-site-content-layout":"default","site-content-style":"default","site-sidebar-style":"default","ast-global-header-display":"","ast-banner-title-visibility":"","ast-main-header-display":"","ast-hfb-above-header-display":"","ast-hfb-below-header-display":"","ast-hfb-mobile-header-display":"","site-post-title":"","ast-breadcrumbs-content":"","ast-featured-img":"","footer-sml-layout":"","ast-disable-related-posts":"","theme-transparent-header-meta":"default","adv-header-id-meta":"","stick-header-meta":"","header-above-stick-meta":"","header-main-stick-meta":"","header-below-stick-meta":"","astra-migrate-meta-layouts":"set","ast-page-background-enabled":"default","ast-page-background-meta":{"desktop":{"background-color":"","background-image":"","background-repeat":"repeat","background-position":"center center","background-size":"auto","background-attachment":"scroll","background-type":"","background-media":"","overlay-type":"","overlay-color":"","overlay-opacity":"","overlay-gradient":""},"tablet":{"background-color":"","background-image":"","background-repeat":"repeat","background-position":"center center","background-size":"auto","background-attachment":"scroll","background-type":"","background-media":"","overlay-type":"","overlay-color":"","overlay-opacity":"","overlay-gradient":""},"mobile":{"background-color":"","background-image":"","background-repeat":"repeat","background-position":"center center","background-size":"auto","background-attachment":"scroll","background-type":"","background-media":"","overlay-type":"","overlay-color":"","overlay-opacity":"","overlay-gradient":""}},"ast-content-background-meta":{"desktop":{"background-color":"var(--ast-global-color-5)","background-image":"","background-repeat":"repeat","background-position":"center center","background-size":"auto","background-attachment":"scroll","background-type":"","background-media":"","overlay-type":"","overlay-color":"","overlay-opacity":"","overlay-gradient":""},"tablet":{"background-color":"var(--ast-global-color-5)","background-image":"","background-repeat":"repeat","background-position":"center center","background-size":"auto","background-attachment":"scroll","background-type":"","background-media":"","overlay-type":"","overlay-color":"","overlay-opacity":"","overlay-gradient":""},"mobile":{"background-color":"var(--ast-global-color-5)","background-image":"","background-repeat":"repeat","background-position":"center center","background-size":"auto","background-attachment":"scroll","background-type":"","background-media":"","overlay-type":"","overlay-color":"","overlay-opacity":"","overlay-gradient":""}}},"product_brand":[],"product_cat":[83,22,66],"product_tag":[],"class_list":{"0":"post-2758","1":"product","2":"type-product","3":"status-publish","4":"has-post-thumbnail","6":"product_cat-black-friday-2025","7":"product_cat-film","8":"product_cat-historiska-filmer","9":"desktop-align-center","10":"tablet-align-center","11":"mobile-align-center","13":"first","14":"instock","15":"taxable","16":"shipping-taxable","17":"purchasable","18":"product-type-simple"},"aioseo_notices":[],"spectra_custom_meta":{"_regular_price":["200"],"total_sales":["9"],"_tax_status":["taxable"],"_tax_class":["6"],"_manage_stock":["yes"],"_backorders":["no"],"_sold_individually":["no"],"_virtual":["no"],"_downloadable":["no"],"_download_limit":["-1"],"_download_expiry":["-1"],"_thumbnail_id":["2761"],"_stock":["27"],"_stock_status":["instock"],"_wc_average_rating":["0"],"_wc_review_count":["0"],"_product_attributes":["a:2:{s:9:\"pa_format\";a:6:{s:4:\"name\";s:9:\"pa_format\";s:5:\"value\";s:0:\"\";s:8:\"position\";i:0;s:10:\"is_visible\";i:1;s:12:\"is_variation\";i:0;s:11:\"is_taxonomy\";i:1;}s:8:\"pa_langd\";a:6:{s:4:\"name\";s:8:\"pa_langd\";s:5:\"value\";s:0:\"\";s:8:\"position\";i:1;s:10:\"is_visible\";i:1;s:12:\"is_variation\";i:0;s:11:\"is_taxonomy\";i:1;}}"],"_product_version":["9.7.1"],"_price":["200"],"_wc_facebook_sync_enabled":["yes"],"fb_visibility":["yes"],"fb_product_description":[""],"_wc_facebook_product_image_source":["product"],"_wc_facebook_commerce_enabled":["no"],"_yoast_wpseo_primary_product_cat":["48"],"_yoast_wpseo_content_score":["60"],"_edit_last":["3"],"fb_product_group_id":["3685803161478897"],"fb_product_item_id":["3685803194812227"],"_edit_lock":["1763816933:3"],"_primary_term_product_cat":["66"],"site-sidebar-layout":["default"],"site-content-layout":["default"],"theme-transparent-header-meta":["default"],"_weight":["86"],"_aioseo_keywords":["a:0:{}"],"_aioseo_og_article_section":[""],"_aioseo_og_article_tags":["a:0:{}"],"_monsterinsights_sitenote_active":["0"],"om_disable_all_campaigns":[""],"ast-site-content-layout":["default"],"site-content-style":["default"],"site-sidebar-style":["default"],"fb_rich_text_description":[""],"fb_product_video":["a:0:{}"],"fb_brand":[""],"fb_mpn":[""],"_aioseo_title":[null],"_aioseo_description":[null],"_aioseo_og_title":[""],"_aioseo_og_description":[""],"_aioseo_twitter_title":[""],"_aioseo_twitter_description":[""],"astra-migrate-meta-layouts":["set"],"_uag_page_assets":["a:9:{s:3:\"css\";s:0:\"\";s:2:\"js\";s:0:\"\";s:18:\"current_block_list\";a:5:{i:0;s:26:\"woocommerce\/product-search\";i:1;s:10:\"core\/group\";i:2;s:12:\"core\/heading\";i:3;s:27:\"woocommerce\/product-on-sale\";i:4;s:32:\"woocommerce\/product-best-sellers\";}s:8:\"uag_flag\";b:0;s:11:\"uag_version\";s:10:\"1775301941\";s:6:\"gfonts\";a:0:{}s:10:\"gfonts_url\";s:0:\"\";s:12:\"gfonts_files\";a:0:{}s:14:\"uag_faq_layout\";b:0;}"]},"uagb_featured_image_src":{"full":["https:\/\/smalsparet.com\/wp-content\/uploads\/2021\/01\/Elloksveteraner-del-1-scaled-1.jpg",2560,1714,false],"thumbnail":["https:\/\/smalsparet.com\/wp-content\/uploads\/2021\/01\/Elloksveteraner-del-1-scaled-1-150x150.jpg",150,150,true],"medium":["https:\/\/smalsparet.com\/wp-content\/uploads\/2021\/01\/Elloksveteraner-del-1-scaled-1-300x201.jpg",300,201,true],"medium_large":["https:\/\/smalsparet.com\/wp-content\/uploads\/2021\/01\/Elloksveteraner-del-1-scaled-1-768x514.jpg",768,514,true],"large":["https:\/\/smalsparet.com\/wp-content\/uploads\/2021\/01\/Elloksveteraner-del-1-scaled-1-1024x686.jpg",1024,686,true],"1536x1536":["https:\/\/smalsparet.com\/wp-content\/uploads\/2021\/01\/Elloksveteraner-del-1-scaled-1-1536x1028.jpg",1536,1028,true],"2048x2048":["https:\/\/smalsparet.com\/wp-content\/uploads\/2021\/01\/Elloksveteraner-del-1-scaled-1-2048x1371.jpg",2048,1371,true],"trp-custom-language-flag":["https:\/\/smalsparet.com\/wp-content\/uploads\/2021\/01\/Elloksveteraner-del-1-scaled-1.jpg",18,12,false],"woocommerce_thumbnail":["https:\/\/smalsparet.com\/wp-content\/uploads\/2021\/01\/Elloksveteraner-del-1-scaled-1-300x300.jpg",300,300,true],"woocommerce_single":["https:\/\/smalsparet.com\/wp-content\/uploads\/2021\/01\/Elloksveteraner-del-1-scaled-1-600x402.jpg",600,402,true],"woocommerce_gallery_thumbnail":["https:\/\/smalsparet.com\/wp-content\/uploads\/2021\/01\/Elloksveteraner-del-1-scaled-1-100x100.jpg",100,100,true],"awb_sm":["https:\/\/smalsparet.com\/wp-content\/uploads\/2021\/01\/Elloksveteraner-del-1-scaled-1.jpg",500,335,false],"awb_md":["https:\/\/smalsparet.com\/wp-content\/uploads\/2021\/01\/Elloksveteraner-del-1-scaled-1.jpg",800,536,false],"awb_lg":["https:\/\/smalsparet.com\/wp-content\/uploads\/2021\/01\/Elloksveteraner-del-1-scaled-1.jpg",1280,857,false],"awb_xl":["https:\/\/smalsparet.com\/wp-content\/uploads\/2021\/01\/Elloksveteraner-del-1-scaled-1.jpg",1920,1286,false]},"uagb_author_info":{"display_name":"Olaf","author_link":"https:\/\/smalsparet.com\/nl\/author\/"},"uagb_comment_info":0,"uagb_excerpt":"En film om gamla brunlok filmade p\u00e5 smalfilm med dubbat ljud och p\u00e5 S-VHS video. Inneh\u00e5ller: Of i godst\u00e5g Londonpilen med F-lok Malmbanan 1962 Malmbanan 1995\/96 Filmen kommer med valbara ljudsp\u00e5r med och utan kommentarer.","_links":{"self":[{"href":"https:\/\/smalsparet.com\/nl\/wp-json\/wp\/v2\/product\/2758","targetHints":{"allow":["GET"]}}],"collection":[{"href":"https:\/\/smalsparet.com\/nl\/wp-json\/wp\/v2\/product"}],"about":[{"href":"https:\/\/smalsparet.com\/nl\/wp-json\/wp\/v2\/types\/product"}],"replies":[{"embeddable":true,"href":"https:\/\/smalsparet.com\/nl\/wp-json\/wp\/v2\/comments?post=2758"}],"wp:featuredmedia":[{"embeddable":true,"href":"https:\/\/smalsparet.com\/nl\/wp-json\/wp\/v2\/media\/2761"}],"wp:attachment":[{"href":"https:\/\/smalsparet.com\/nl\/wp-json\/wp\/v2\/media?parent=2758"}],"wp:term":[{"taxonomy":"product_brand","embeddable":true,"href":"https:\/\/smalsparet.com\/nl\/wp-json\/wp\/v2\/product_brand?post=2758"},{"taxonomy":"product_cat","embeddable":true,"href":"https:\/\/smalsparet.com\/nl\/wp-json\/wp\/v2\/product_cat?post=2758"},{"taxonomy":"product_tag","embeddable":true,"href":"https:\/\/smalsparet.com\/nl\/wp-json\/wp\/v2\/product_tag?post=2758"}],"curies":[{"name":"wp","href":"https:\/\/api.w.org\/{rel}","templated":true}]}}