{"id":2655,"date":"2020-12-15T22:18:59","date_gmt":"2020-12-15T22:18:59","guid":{"rendered":"https:\/\/nya.smalsparet.com\/produkt\/vahj-och-dess-grannbanor-2\/"},"modified":"2023-01-01T00:00:00","modified_gmt":"2023-01-01T00:00:00","slug":"vahj-och-dess-grannbanor-2","status":"publish","type":"product","link":"https:\/\/smalsparet.com\/nl\/product\/vahj-och-dess-grannbanor-2\/","title":{"rendered":"V\u00c5HJ en de aangrenzende spoorwegen"},"content":{"rendered":"<h2>Geschiedenis van de V\u00c5HJ en andere spoorlijnen<\/h2>\n<p>Bevat een geschiedenis van de lijnen V\u00e4xj\u00f6-Hultsfred, Brittatorp-Ruda-Oskarshamn, S\u00e4vsj\u00f6-Vetlanda-M\u00e5lilla en M\u00f6nster\u00e5s-Fagerhult als particuliere spoorwegen en na de nationalisatie in de jaren 1940.<\/p>\n<p>Het boek staat vol met verhalen over de sporen, maar ook alles voor de kalenderbijter in de vorm van sporenplannen, tekeningen en kaarten.<\/p>","protected":false},"excerpt":{"rendered":"<p>Geschiedenis van V\u00c5HJ en andere spoorwegen Bevat de geschiedenis van de spoorwegen V\u00e4xj\u00f6-Hultsfred, Brittatorp-Ruda-Oskarshamn, S\u00e4vsj\u00f6-Vetlanda-M\u00e5lilla en M\u00f6nster\u00e5s-Fagerhult als particuliere spoorwegen en na de nationalisatie in de jaren 1940. Het boek staat vol met verhalen over de spoorwegen, maar ook alles voor de kalenderbijter in de vorm van sporenplannen, tekeningen en kaarten.<\/p>","protected":false},"featured_media":318,"comment_status":"closed","ping_status":"closed","template":"","meta":{"om_disable_all_campaigns":false,"_uag_custom_page_level_css":"","_monsterinsights_skip_tracking":false,"_monsterinsights_sitenote_active":false,"_monsterinsights_sitenote_note":"","_monsterinsights_sitenote_category":0,"site-sidebar-layout":"default","site-content-layout":"default","ast-site-content-layout":"default","site-content-style":"default","site-sidebar-style":"default","ast-global-header-display":"","ast-banner-title-visibility":"","ast-main-header-display":"","ast-hfb-above-header-display":"","ast-hfb-below-header-display":"","ast-hfb-mobile-header-display":"","site-post-title":"","ast-breadcrumbs-content":"","ast-featured-img":"","footer-sml-layout":"","ast-disable-related-posts":"","theme-transparent-header-meta":"default","adv-header-id-meta":"","stick-header-meta":"","header-above-stick-meta":"","header-main-stick-meta":"","header-below-stick-meta":"","astra-migrate-meta-layouts":"default","ast-page-background-enabled":"default","ast-page-background-meta":{"desktop":{"background-color":"","background-image":"","background-repeat":"repeat","background-position":"center center","background-size":"auto","background-attachment":"scroll","background-type":"","background-media":"","overlay-type":"","overlay-color":"","overlay-opacity":"","overlay-gradient":""},"tablet":{"background-color":"","background-image":"","background-repeat":"repeat","background-position":"center center","background-size":"auto","background-attachment":"scroll","background-type":"","background-media":"","overlay-type":"","overlay-color":"","overlay-opacity":"","overlay-gradient":""},"mobile":{"background-color":"","background-image":"","background-repeat":"repeat","background-position":"center center","background-size":"auto","background-attachment":"scroll","background-type":"","background-media":"","overlay-type":"","overlay-color":"","overlay-opacity":"","overlay-gradient":""}},"ast-content-background-meta":{"desktop":{"background-color":"var(--ast-global-color-5)","background-image":"","background-repeat":"repeat","background-position":"center center","background-size":"auto","background-attachment":"scroll","background-type":"","background-media":"","overlay-type":"","overlay-color":"","overlay-opacity":"","overlay-gradient":""},"tablet":{"background-color":"var(--ast-global-color-5)","background-image":"","background-repeat":"repeat","background-position":"center center","background-size":"auto","background-attachment":"scroll","background-type":"","background-media":"","overlay-type":"","overlay-color":"","overlay-opacity":"","overlay-gradient":""},"mobile":{"background-color":"var(--ast-global-color-5)","background-image":"","background-repeat":"repeat","background-position":"center center","background-size":"auto","background-attachment":"scroll","background-type":"","background-media":"","overlay-type":"","overlay-color":"","overlay-opacity":"","overlay-gradient":""}}},"product_brand":[],"product_cat":[23],"product_tag":[26],"class_list":{"0":"post-2655","1":"product","2":"type-product","3":"status-publish","4":"has-post-thumbnail","6":"product_cat-bok","7":"product_tag-bok","8":"desktop-align-center","9":"tablet-align-center","10":"mobile-align-center","12":"first","13":"instock","14":"taxable","15":"shipping-taxable","16":"purchasable","17":"product-type-simple"},"aioseo_notices":[],"spectra_custom_meta":{"_edit_last":["3"],"_thumbnail_id":["318"],"_regular_price":["95"],"total_sales":["40"],"_tax_status":["taxable"],"_tax_class":["6"],"_manage_stock":["no"],"_backorders":["no"],"_sold_individually":["no"],"_virtual":["no"],"_downloadable":["no"],"_download_limit":["-1"],"_download_expiry":["-1"],"_stock":[null],"_stock_status":["instock"],"_wc_average_rating":["0"],"_wc_review_count":["0"],"_product_attributes":["a:2:{s:11:\"pa_bindning\";a:6:{s:4:\"name\";s:11:\"pa_bindning\";s:5:\"value\";s:0:\"\";s:8:\"position\";i:0;s:10:\"is_visible\";i:1;s:12:\"is_variation\";i:0;s:11:\"is_taxonomy\";i:1;}s:8:\"pa_sidor\";a:6:{s:4:\"name\";s:8:\"pa_sidor\";s:5:\"value\";s:0:\"\";s:8:\"position\";i:1;s:10:\"is_visible\";i:1;s:12:\"is_variation\";i:0;s:11:\"is_taxonomy\";i:1;}}"],"_product_version":["7.2.0"],"_price":["95"],"_yoast_wpseo_primary_product_cat":["44"],"_yoast_wpseo_content_score":["90"],"_weight":["195"],"fb_product_item_id":["3826779067374611"],"fb_product_group_id":["3826779050707946"],"_wc_facebook_sync_enabled":["yes"],"fb_visibility":["yes"],"fb_product_description":[""],"_wc_facebook_product_image_source":["product"],"_wc_facebook_commerce_enabled":["no"],"_yoast_wpseo_estimated-reading-time-minutes":[""],"_edit_lock":["1670241513:3"],"_primary_term_product_cat":["23"],"site-sidebar-layout":["default"],"site-content-layout":["default"],"theme-transparent-header-meta":["default"],"_uag_page_assets":["a:9:{s:3:\"css\";s:0:\"\";s:2:\"js\";s:0:\"\";s:18:\"current_block_list\";a:5:{i:0;s:26:\"woocommerce\/product-search\";i:1;s:10:\"core\/group\";i:2;s:12:\"core\/heading\";i:3;s:27:\"woocommerce\/product-on-sale\";i:4;s:32:\"woocommerce\/product-best-sellers\";}s:8:\"uag_flag\";b:0;s:11:\"uag_version\";s:10:\"1775301941\";s:6:\"gfonts\";a:0:{}s:10:\"gfonts_url\";s:0:\"\";s:12:\"gfonts_files\";a:0:{}s:14:\"uag_faq_layout\";b:0;}"]},"uagb_featured_image_src":{"full":["https:\/\/smalsparet.com\/wp-content\/uploads\/2014\/12\/vahj_stor.jpg",707,1000,false],"thumbnail":["https:\/\/smalsparet.com\/wp-content\/uploads\/2014\/12\/vahj_stor-150x150.jpg",150,150,true],"medium":["https:\/\/smalsparet.com\/wp-content\/uploads\/2014\/12\/vahj_stor-212x300.jpg",212,300,true],"medium_large":["https:\/\/smalsparet.com\/wp-content\/uploads\/2014\/12\/vahj_stor.jpg",707,1000,false],"large":["https:\/\/smalsparet.com\/wp-content\/uploads\/2014\/12\/vahj_stor.jpg",707,1000,false],"1536x1536":["https:\/\/smalsparet.com\/wp-content\/uploads\/2014\/12\/vahj_stor.jpg",707,1000,false],"2048x2048":["https:\/\/smalsparet.com\/wp-content\/uploads\/2014\/12\/vahj_stor.jpg",707,1000,false],"trp-custom-language-flag":["https:\/\/smalsparet.com\/wp-content\/uploads\/2014\/12\/vahj_stor.jpg",8,12,false],"woocommerce_thumbnail":["https:\/\/smalsparet.com\/wp-content\/uploads\/2014\/12\/vahj_stor-300x300.jpg",300,300,true],"woocommerce_single":["https:\/\/smalsparet.com\/wp-content\/uploads\/2014\/12\/vahj_stor-600x849.jpg",600,849,true],"woocommerce_gallery_thumbnail":["https:\/\/smalsparet.com\/wp-content\/uploads\/2014\/12\/vahj_stor-100x100.jpg",100,100,true],"awb_sm":["https:\/\/smalsparet.com\/wp-content\/uploads\/2014\/12\/vahj_stor.jpg",500,707,false],"awb_md":["https:\/\/smalsparet.com\/wp-content\/uploads\/2014\/12\/vahj_stor.jpg",707,1000,false],"awb_lg":["https:\/\/smalsparet.com\/wp-content\/uploads\/2014\/12\/vahj_stor.jpg",707,1000,false],"awb_xl":["https:\/\/smalsparet.com\/wp-content\/uploads\/2014\/12\/vahj_stor.jpg",707,1000,false]},"uagb_author_info":{"display_name":"Olaf","author_link":"https:\/\/smalsparet.com\/nl\/author\/"},"uagb_comment_info":0,"uagb_excerpt":"Historik \u00f6ver V\u00c5HJ m.fl. banor Inneh\u00e5ller historik \u00f6ver banorna V\u00e4xj\u00f6-Hultsfred, Brittatorp-Ruda-Oskarshamn, S\u00e4vsj\u00f6-Vetlanda-M\u00e5lilla och M\u00f6nster\u00e5s-Fagerhult b\u00e5de som privatbanor och efter f\u00f6rstatligandet p\u00e5 1940-talet. Boken \u00e4r fylld av historier om banorna men \u00e4ven allt f\u00f6r kalenderbitaren i form av sp\u00e5rplaner, ritningar och kartor.","_links":{"self":[{"href":"https:\/\/smalsparet.com\/nl\/wp-json\/wp\/v2\/product\/2655","targetHints":{"allow":["GET"]}}],"collection":[{"href":"https:\/\/smalsparet.com\/nl\/wp-json\/wp\/v2\/product"}],"about":[{"href":"https:\/\/smalsparet.com\/nl\/wp-json\/wp\/v2\/types\/product"}],"replies":[{"embeddable":true,"href":"https:\/\/smalsparet.com\/nl\/wp-json\/wp\/v2\/comments?post=2655"}],"wp:featuredmedia":[{"embeddable":true,"href":"https:\/\/smalsparet.com\/nl\/wp-json\/wp\/v2\/media\/318"}],"wp:attachment":[{"href":"https:\/\/smalsparet.com\/nl\/wp-json\/wp\/v2\/media?parent=2655"}],"wp:term":[{"taxonomy":"product_brand","embeddable":true,"href":"https:\/\/smalsparet.com\/nl\/wp-json\/wp\/v2\/product_brand?post=2655"},{"taxonomy":"product_cat","embeddable":true,"href":"https:\/\/smalsparet.com\/nl\/wp-json\/wp\/v2\/product_cat?post=2655"},{"taxonomy":"product_tag","embeddable":true,"href":"https:\/\/smalsparet.com\/nl\/wp-json\/wp\/v2\/product_tag?post=2655"}],"curies":[{"name":"wp","href":"https:\/\/api.w.org\/{rel}","templated":true}]}}