{"id":2654,"date":"2020-12-15T22:10:25","date_gmt":"2020-12-15T22:10:25","guid":{"rendered":"https:\/\/nya.smalsparet.com\/produkt\/inredning-av-stationernas-expeditionslokaler-2\/"},"modified":"2025-01-12T09:07:17","modified_gmt":"2025-01-12T09:07:17","slug":"inredning-av-stationernas-expeditionslokaler-2","status":"publish","type":"product","link":"https:\/\/smalsparet.com\/nl\/product\/inredning-av-stationernas-expeditionslokaler-2\/","title":{"rendered":"Inrichting van verzendruimten in stations"},"content":{"rendered":"<p>In de jaren 1950 ontwikkelde SJ een standaardassortiment meubilair en toebehoren voor loketten en expeditiekamers. Op museumspoorwegen en niet in de laatste plaats op het Smalsp\u00e5ret zijn de enigszins klassieke treindienstleidersbureaus, loketten en bindkamers een vast onderdeel van de stationsomgeving. Je herkent ook de nog steeds vrij gebruikelijke tafels en stoelen in de personeelsruimten voor de spoor- en werkplaatsdiensten, enz. Railway Board, Operational Services Office).<\/p>\n<p>In dit boekje kun je lezen hoe de expeditieruimtes werden gepland, welk meubilair er moest komen, tekeningen, schetsen en foto's.<\/p>\n<p>Het origineel, gedrukt in zwart-wit, was bedoeld om te worden ingevoegd in de klassieke donkergroene SJ ordners met kartonnen ruggen in A4-formaat. Deze editie is gekopieerd, dubbelzijdig zoals het origineel en geniet in een eenvoudig ontwerp met een fatsoenlijke beeldkwaliteit.<\/p>\n<p>Een must voor iedereen met interesse in stationsinterieurs en nostalgie!<\/p>","protected":false},"excerpt":{"rendered":"<p>P\u00e5 1950-talet tog man inom SJ fram ett standardsortiment av m\u00f6bler och inredningsdetaljer f\u00f6r biljettluckor och expeditionslokaler. P\u00e5 museij\u00e4rnv\u00e4gar och inte minst p\u00e5 Smalsp\u00e5ret \u00e4r de sm\u00e5tt klassiska t\u00e5gklarerarskrivborden, biljettluckorna och p\u00e4rmfacken en given del av stationsmilj\u00f6n. Likas\u00e5 k\u00e4nner du igen de \u00e4nnu ganska vanliga borden och stolarna i personallokaler f\u00f6r ban- och verkstadstj\u00e4nsten m.m. [&hellip;]<\/p>\n","protected":false},"featured_media":294,"comment_status":"closed","ping_status":"closed","template":"","meta":{"om_disable_all_campaigns":false,"_uag_custom_page_level_css":"","_monsterinsights_skip_tracking":false,"_monsterinsights_sitenote_active":false,"_monsterinsights_sitenote_note":"","_monsterinsights_sitenote_category":0,"site-sidebar-layout":"default","site-content-layout":"default","ast-site-content-layout":"default","site-content-style":"default","site-sidebar-style":"default","ast-global-header-display":"","ast-banner-title-visibility":"","ast-main-header-display":"","ast-hfb-above-header-display":"","ast-hfb-below-header-display":"","ast-hfb-mobile-header-display":"","site-post-title":"","ast-breadcrumbs-content":"","ast-featured-img":"","footer-sml-layout":"","ast-disable-related-posts":"","theme-transparent-header-meta":"default","adv-header-id-meta":"","stick-header-meta":"","header-above-stick-meta":"","header-main-stick-meta":"","header-below-stick-meta":"","astra-migrate-meta-layouts":"default","ast-page-background-enabled":"default","ast-page-background-meta":{"desktop":{"background-color":"","background-image":"","background-repeat":"repeat","background-position":"center center","background-size":"auto","background-attachment":"scroll","background-type":"","background-media":"","overlay-type":"","overlay-color":"","overlay-opacity":"","overlay-gradient":""},"tablet":{"background-color":"","background-image":"","background-repeat":"repeat","background-position":"center center","background-size":"auto","background-attachment":"scroll","background-type":"","background-media":"","overlay-type":"","overlay-color":"","overlay-opacity":"","overlay-gradient":""},"mobile":{"background-color":"","background-image":"","background-repeat":"repeat","background-position":"center center","background-size":"auto","background-attachment":"scroll","background-type":"","background-media":"","overlay-type":"","overlay-color":"","overlay-opacity":"","overlay-gradient":""}},"ast-content-background-meta":{"desktop":{"background-color":"var(--ast-global-color-5)","background-image":"","background-repeat":"repeat","background-position":"center center","background-size":"auto","background-attachment":"scroll","background-type":"","background-media":"","overlay-type":"","overlay-color":"","overlay-opacity":"","overlay-gradient":""},"tablet":{"background-color":"var(--ast-global-color-5)","background-image":"","background-repeat":"repeat","background-position":"center center","background-size":"auto","background-attachment":"scroll","background-type":"","background-media":"","overlay-type":"","overlay-color":"","overlay-opacity":"","overlay-gradient":""},"mobile":{"background-color":"var(--ast-global-color-5)","background-image":"","background-repeat":"repeat","background-position":"center center","background-size":"auto","background-attachment":"scroll","background-type":"","background-media":"","overlay-type":"","overlay-color":"","overlay-opacity":"","overlay-gradient":""}}},"product_brand":[],"product_cat":[23],"product_tag":[],"class_list":{"0":"post-2654","1":"product","2":"type-product","3":"status-publish","4":"has-post-thumbnail","6":"product_cat-bok","7":"desktop-align-center","8":"tablet-align-center","9":"mobile-align-center","11":"first","12":"instock","13":"taxable","14":"shipping-taxable","15":"purchasable","16":"product-type-simple"},"aioseo_notices":[],"spectra_custom_meta":{"_edit_last":["3"],"total_sales":["4"],"_tax_status":["taxable"],"_tax_class":["6"],"_manage_stock":["yes"],"_backorders":["no"],"_sold_individually":["no"],"_virtual":["no"],"_downloadable":["no"],"_download_limit":["-1"],"_download_expiry":["-1"],"_stock":["5"],"_stock_status":["instock"],"_wc_average_rating":["0"],"_wc_review_count":["0"],"_product_attributes":["a:1:{s:8:\"pa_sidor\";a:6:{s:4:\"name\";s:8:\"pa_sidor\";s:5:\"value\";s:0:\"\";s:8:\"position\";i:0;s:10:\"is_visible\";i:1;s:12:\"is_variation\";i:0;s:11:\"is_taxonomy\";i:1;}}"],"_product_version":["8.5.2"],"_thumbnail_id":["294"],"_regular_price":["50"],"_price":["50"],"_yoast_wpseo_content_score":["30"],"_weight":["188"],"_edit_lock":["1669484249:3"],"_primary_term_product_cat":["23"],"site-sidebar-layout":["default"],"site-content-layout":["default"],"theme-transparent-header-meta":["default"],"fb_product_item_id":["3080155428750925"],"_uag_page_assets":["a:9:{s:3:\"css\";s:0:\"\";s:2:\"js\";s:0:\"\";s:18:\"current_block_list\";a:5:{i:0;s:26:\"woocommerce\/product-search\";i:1;s:10:\"core\/group\";i:2;s:12:\"core\/heading\";i:3;s:27:\"woocommerce\/product-on-sale\";i:4;s:32:\"woocommerce\/product-best-sellers\";}s:8:\"uag_flag\";b:0;s:11:\"uag_version\";s:10:\"1775301941\";s:6:\"gfonts\";a:0:{}s:10:\"gfonts_url\";s:0:\"\";s:12:\"gfonts_files\";a:0:{}s:14:\"uag_faq_layout\";b:0;}"]},"uagb_featured_image_src":{"full":["https:\/\/smalsparet.com\/wp-content\/uploads\/2014\/12\/stationsinredningar_large.jpg",442,600,false],"thumbnail":["https:\/\/smalsparet.com\/wp-content\/uploads\/2014\/12\/stationsinredningar_large-150x150.jpg",150,150,true],"medium":["https:\/\/smalsparet.com\/wp-content\/uploads\/2014\/12\/stationsinredningar_large-221x300.jpg",221,300,true],"medium_large":["https:\/\/smalsparet.com\/wp-content\/uploads\/2014\/12\/stationsinredningar_large.jpg",442,600,false],"large":["https:\/\/smalsparet.com\/wp-content\/uploads\/2014\/12\/stationsinredningar_large.jpg",442,600,false],"1536x1536":["https:\/\/smalsparet.com\/wp-content\/uploads\/2014\/12\/stationsinredningar_large.jpg",442,600,false],"2048x2048":["https:\/\/smalsparet.com\/wp-content\/uploads\/2014\/12\/stationsinredningar_large.jpg",442,600,false],"trp-custom-language-flag":["https:\/\/smalsparet.com\/wp-content\/uploads\/2014\/12\/stationsinredningar_large.jpg",9,12,false],"woocommerce_thumbnail":["https:\/\/smalsparet.com\/wp-content\/uploads\/2014\/12\/stationsinredningar_large-300x300.jpg",300,300,true],"woocommerce_single":["https:\/\/smalsparet.com\/wp-content\/uploads\/2014\/12\/stationsinredningar_large.jpg",442,600,false],"woocommerce_gallery_thumbnail":["https:\/\/smalsparet.com\/wp-content\/uploads\/2014\/12\/stationsinredningar_large-100x100.jpg",100,100,true],"awb_sm":["https:\/\/smalsparet.com\/wp-content\/uploads\/2014\/12\/stationsinredningar_large.jpg",442,600,false],"awb_md":["https:\/\/smalsparet.com\/wp-content\/uploads\/2014\/12\/stationsinredningar_large.jpg",442,600,false],"awb_lg":["https:\/\/smalsparet.com\/wp-content\/uploads\/2014\/12\/stationsinredningar_large.jpg",442,600,false],"awb_xl":["https:\/\/smalsparet.com\/wp-content\/uploads\/2014\/12\/stationsinredningar_large.jpg",442,600,false]},"uagb_author_info":{"display_name":"Olaf","author_link":"https:\/\/smalsparet.com\/nl\/author\/"},"uagb_comment_info":0,"uagb_excerpt":"P\u00e5 1950-talet tog man inom SJ fram ett standardsortiment av m\u00f6bler och inredningsdetaljer f\u00f6r biljettluckor och expeditionslokaler. P\u00e5 museij\u00e4rnv\u00e4gar och inte minst p\u00e5 Smalsp\u00e5ret \u00e4r de sm\u00e5tt klassiska t\u00e5gklarerarskrivborden, biljettluckorna och p\u00e4rmfacken en given del av stationsmilj\u00f6n. Likas\u00e5 k\u00e4nner du igen de \u00e4nnu ganska vanliga borden och stolarna i personallokaler f\u00f6r ban- och verkstadstj\u00e4nsten m.m.&hellip;","_links":{"self":[{"href":"https:\/\/smalsparet.com\/nl\/wp-json\/wp\/v2\/product\/2654","targetHints":{"allow":["GET"]}}],"collection":[{"href":"https:\/\/smalsparet.com\/nl\/wp-json\/wp\/v2\/product"}],"about":[{"href":"https:\/\/smalsparet.com\/nl\/wp-json\/wp\/v2\/types\/product"}],"replies":[{"embeddable":true,"href":"https:\/\/smalsparet.com\/nl\/wp-json\/wp\/v2\/comments?post=2654"}],"wp:featuredmedia":[{"embeddable":true,"href":"https:\/\/smalsparet.com\/nl\/wp-json\/wp\/v2\/media\/294"}],"wp:attachment":[{"href":"https:\/\/smalsparet.com\/nl\/wp-json\/wp\/v2\/media?parent=2654"}],"wp:term":[{"taxonomy":"product_brand","embeddable":true,"href":"https:\/\/smalsparet.com\/nl\/wp-json\/wp\/v2\/product_brand?post=2654"},{"taxonomy":"product_cat","embeddable":true,"href":"https:\/\/smalsparet.com\/nl\/wp-json\/wp\/v2\/product_cat?post=2654"},{"taxonomy":"product_tag","embeddable":true,"href":"https:\/\/smalsparet.com\/nl\/wp-json\/wp\/v2\/product_tag?post=2654"}],"curies":[{"name":"wp","href":"https:\/\/api.w.org\/{rel}","templated":true}]}}