{"id":2651,"date":"2020-12-15T22:06:33","date_gmt":"2020-12-15T22:06:33","guid":{"rendered":"https:\/\/nya.smalsparet.com\/produkt\/smalsparet-vaxjo-vastervik-film-2\/"},"modified":"2024-12-01T00:00:20","modified_gmt":"2024-12-01T00:00:20","slug":"smalsparet-vaxjo-vastervik-film-2","status":"publish","type":"product","link":"https:\/\/smalsparet.com\/nl\/product\/smalsparet-vaxjo-vastervik-film-2\/","title":{"rendered":"Smalspoor V\u00e4xj\u00f6-V\u00e4stervik, film"},"content":{"rendered":"<p>Bevat twee erg mooie films over de laatste jaren van het smalspoor onder leiding van SJ. E\u00e9n film is afkomstig van LEG-videos eerder uitgebrachte VHS, een eerder onuitgebrachte film over V\u00e4xj\u00f6-V\u00e4stervik die nu rechtstreeks van de mastertape in DVD-kwaliteit komt is gefilmd in de zomers van 1980-81 door het verenigingslid Hans Hult\u00e9n, ook met origineel geluid.<\/p>\n<p>Beide films beschrijven regelmatig verkeer met motorrijtuigen en diesellocomotieven.<\/p>","protected":false},"excerpt":{"rendered":"<p>Inneh\u00e5ller tv\u00e5 mycket trevliga filmer om smalsp\u00e5rets sista \u00e5r i SJ:s regi. En film \u00e4r tagen ur LEG-videos tidigare utgivna VHS, en tidigare outgiven film om V\u00e4xj\u00f6-V\u00e4stervik som nu kommer fr\u00e5n masterbandet direkt i dvd-kvalit\u00e9 \u00e4r filmad somrarna 1980-81 av f\u00f6reningens medlem Hans Hult\u00e9n, dessutom med originalljud. B\u00e5da filmerna beskriver ordinarie trafik med motorvagnar och [&hellip;]<\/p>\n","protected":false},"featured_media":108,"comment_status":"closed","ping_status":"closed","template":"","meta":{"om_disable_all_campaigns":false,"_uag_custom_page_level_css":"","_monsterinsights_skip_tracking":false,"_monsterinsights_sitenote_active":false,"_monsterinsights_sitenote_note":"","_monsterinsights_sitenote_category":0,"site-sidebar-layout":"default","site-content-layout":"default","ast-site-content-layout":"default","site-content-style":"default","site-sidebar-style":"default","ast-global-header-display":"","ast-banner-title-visibility":"","ast-main-header-display":"","ast-hfb-above-header-display":"","ast-hfb-below-header-display":"","ast-hfb-mobile-header-display":"","site-post-title":"","ast-breadcrumbs-content":"","ast-featured-img":"","footer-sml-layout":"","ast-disable-related-posts":"","theme-transparent-header-meta":"default","adv-header-id-meta":"","stick-header-meta":"","header-above-stick-meta":"","header-main-stick-meta":"","header-below-stick-meta":"","astra-migrate-meta-layouts":"set","ast-page-background-enabled":"default","ast-page-background-meta":{"desktop":{"background-color":"","background-image":"","background-repeat":"repeat","background-position":"center center","background-size":"auto","background-attachment":"scroll","background-type":"","background-media":"","overlay-type":"","overlay-color":"","overlay-opacity":"","overlay-gradient":""},"tablet":{"background-color":"","background-image":"","background-repeat":"repeat","background-position":"center center","background-size":"auto","background-attachment":"scroll","background-type":"","background-media":"","overlay-type":"","overlay-color":"","overlay-opacity":"","overlay-gradient":""},"mobile":{"background-color":"","background-image":"","background-repeat":"repeat","background-position":"center center","background-size":"auto","background-attachment":"scroll","background-type":"","background-media":"","overlay-type":"","overlay-color":"","overlay-opacity":"","overlay-gradient":""}},"ast-content-background-meta":{"desktop":{"background-color":"var(--ast-global-color-5)","background-image":"","background-repeat":"repeat","background-position":"center center","background-size":"auto","background-attachment":"scroll","background-type":"","background-media":"","overlay-type":"","overlay-color":"","overlay-opacity":"","overlay-gradient":""},"tablet":{"background-color":"var(--ast-global-color-5)","background-image":"","background-repeat":"repeat","background-position":"center center","background-size":"auto","background-attachment":"scroll","background-type":"","background-media":"","overlay-type":"","overlay-color":"","overlay-opacity":"","overlay-gradient":""},"mobile":{"background-color":"var(--ast-global-color-5)","background-image":"","background-repeat":"repeat","background-position":"center center","background-size":"auto","background-attachment":"scroll","background-type":"","background-media":"","overlay-type":"","overlay-color":"","overlay-opacity":"","overlay-gradient":""}}},"product_brand":[],"product_cat":[22],"product_tag":[27],"class_list":{"0":"post-2651","1":"product","2":"type-product","3":"status-publish","4":"has-post-thumbnail","6":"product_cat-film","7":"product_tag-film","8":"desktop-align-center","9":"tablet-align-center","10":"mobile-align-center","12":"first","13":"instock","14":"taxable","15":"shipping-taxable","16":"purchasable","17":"product-type-simple"},"aioseo_notices":[],"spectra_custom_meta":{"_edit_last":["3"],"total_sales":["18"],"_tax_status":["taxable"],"_tax_class":["6"],"_manage_stock":["yes"],"_backorders":["no"],"_sold_individually":["no"],"_virtual":["no"],"_downloadable":["no"],"_download_limit":["-1"],"_download_expiry":["-1"],"_stock":["4"],"_stock_status":["instock"],"_wc_average_rating":["0"],"_wc_review_count":["0"],"_product_attributes":["a:1:{s:8:\"pa_langd\";a:6:{s:4:\"name\";s:8:\"pa_langd\";s:5:\"value\";s:0:\"\";s:8:\"position\";i:0;s:10:\"is_visible\";i:1;s:12:\"is_variation\";i:0;s:11:\"is_taxonomy\";i:1;}}"],"_product_version":["8.5.2"],"_thumbnail_id":["108"],"_regular_price":["149"],"_price":["149"],"_yoast_wpseo_primary_product_cat":["48"],"_yoast_wpseo_content_score":["60"],"_weight":["33"],"_edit_lock":["1732554049:3"],"_primary_term_product_cat":["22"],"site-sidebar-layout":["default"],"site-content-layout":["default"],"theme-transparent-header-meta":["default"],"fb_product_item_id":["3085018438265900"],"_wc_facebook_sync_enabled":["yes"],"fb_visibility":["yes"],"fb_product_description":[""],"_wc_facebook_product_image_source":["product"],"_wc_facebook_commerce_enabled":["no"],"ast-site-content-layout":["default"],"site-content-style":["default"],"site-sidebar-style":["default"],"_aioseo_keywords":["a:0:{}"],"_aioseo_og_article_tags":["a:0:{}"],"_aioseo_title":[null],"_aioseo_description":[null],"_aioseo_og_title":[null],"_aioseo_og_description":[null],"_aioseo_og_article_section":[""],"_aioseo_twitter_title":[null],"_aioseo_twitter_description":[null],"_monsterinsights_sitenote_active":["0"],"om_disable_all_campaigns":[""],"astra-migrate-meta-layouts":["set"],"_uag_page_assets":["a:9:{s:3:\"css\";s:0:\"\";s:2:\"js\";s:0:\"\";s:18:\"current_block_list\";a:5:{i:0;s:26:\"woocommerce\/product-search\";i:1;s:10:\"core\/group\";i:2;s:12:\"core\/heading\";i:3;s:27:\"woocommerce\/product-on-sale\";i:4;s:32:\"woocommerce\/product-best-sellers\";}s:8:\"uag_flag\";b:0;s:11:\"uag_version\";s:10:\"1775983743\";s:6:\"gfonts\";a:0:{}s:10:\"gfonts_url\";s:0:\"\";s:12:\"gfonts_files\";a:0:{}s:14:\"uag_faq_layout\";b:0;}"]},"uagb_featured_image_src":{"full":["https:\/\/smalsparet.com\/wp-content\/uploads\/2009\/01\/fsvv_dvdfilm_stor-1.jpg",1181,763,false],"thumbnail":["https:\/\/smalsparet.com\/wp-content\/uploads\/2009\/01\/fsvv_dvdfilm_stor-1-150x150.jpg",150,150,true],"medium":["https:\/\/smalsparet.com\/wp-content\/uploads\/2009\/01\/fsvv_dvdfilm_stor-1-300x194.jpg",300,194,true],"medium_large":["https:\/\/smalsparet.com\/wp-content\/uploads\/2009\/01\/fsvv_dvdfilm_stor-1-768x496.jpg",768,496,true],"large":["https:\/\/smalsparet.com\/wp-content\/uploads\/2009\/01\/fsvv_dvdfilm_stor-1-1024x662.jpg",1024,662,true],"1536x1536":["https:\/\/smalsparet.com\/wp-content\/uploads\/2009\/01\/fsvv_dvdfilm_stor-1.jpg",1181,763,false],"2048x2048":["https:\/\/smalsparet.com\/wp-content\/uploads\/2009\/01\/fsvv_dvdfilm_stor-1.jpg",1181,763,false],"trp-custom-language-flag":["https:\/\/smalsparet.com\/wp-content\/uploads\/2009\/01\/fsvv_dvdfilm_stor-1.jpg",18,12,false],"woocommerce_thumbnail":["https:\/\/smalsparet.com\/wp-content\/uploads\/2009\/01\/fsvv_dvdfilm_stor-1-300x300.jpg",300,300,true],"woocommerce_single":["https:\/\/smalsparet.com\/wp-content\/uploads\/2009\/01\/fsvv_dvdfilm_stor-1-600x388.jpg",600,388,true],"woocommerce_gallery_thumbnail":["https:\/\/smalsparet.com\/wp-content\/uploads\/2009\/01\/fsvv_dvdfilm_stor-1-100x100.jpg",100,100,true],"awb_sm":["https:\/\/smalsparet.com\/wp-content\/uploads\/2009\/01\/fsvv_dvdfilm_stor-1.jpg",500,323,false],"awb_md":["https:\/\/smalsparet.com\/wp-content\/uploads\/2009\/01\/fsvv_dvdfilm_stor-1.jpg",800,517,false],"awb_lg":["https:\/\/smalsparet.com\/wp-content\/uploads\/2009\/01\/fsvv_dvdfilm_stor-1.jpg",1181,763,false],"awb_xl":["https:\/\/smalsparet.com\/wp-content\/uploads\/2009\/01\/fsvv_dvdfilm_stor-1.jpg",1181,763,false]},"uagb_author_info":{"display_name":"Olaf","author_link":"https:\/\/smalsparet.com\/nl\/author\/"},"uagb_comment_info":0,"uagb_excerpt":"Inneh\u00e5ller tv\u00e5 mycket trevliga filmer om smalsp\u00e5rets sista \u00e5r i SJ:s regi. En film \u00e4r tagen ur LEG-videos tidigare utgivna VHS, en tidigare outgiven film om V\u00e4xj\u00f6-V\u00e4stervik som nu kommer fr\u00e5n masterbandet direkt i dvd-kvalit\u00e9 \u00e4r filmad somrarna 1980-81 av f\u00f6reningens medlem Hans Hult\u00e9n, dessutom med originalljud. B\u00e5da filmerna beskriver ordinarie trafik med motorvagnar och&hellip;","_links":{"self":[{"href":"https:\/\/smalsparet.com\/nl\/wp-json\/wp\/v2\/product\/2651","targetHints":{"allow":["GET"]}}],"collection":[{"href":"https:\/\/smalsparet.com\/nl\/wp-json\/wp\/v2\/product"}],"about":[{"href":"https:\/\/smalsparet.com\/nl\/wp-json\/wp\/v2\/types\/product"}],"replies":[{"embeddable":true,"href":"https:\/\/smalsparet.com\/nl\/wp-json\/wp\/v2\/comments?post=2651"}],"wp:featuredmedia":[{"embeddable":true,"href":"https:\/\/smalsparet.com\/nl\/wp-json\/wp\/v2\/media\/108"}],"wp:attachment":[{"href":"https:\/\/smalsparet.com\/nl\/wp-json\/wp\/v2\/media?parent=2651"}],"wp:term":[{"taxonomy":"product_brand","embeddable":true,"href":"https:\/\/smalsparet.com\/nl\/wp-json\/wp\/v2\/product_brand?post=2651"},{"taxonomy":"product_cat","embeddable":true,"href":"https:\/\/smalsparet.com\/nl\/wp-json\/wp\/v2\/product_cat?post=2651"},{"taxonomy":"product_tag","embeddable":true,"href":"https:\/\/smalsparet.com\/nl\/wp-json\/wp\/v2\/product_tag?post=2651"}],"curies":[{"name":"wp","href":"https:\/\/api.w.org\/{rel}","templated":true}]}}