{"id":2649,"date":"2020-12-15T22:04:29","date_gmt":"2020-12-15T22:04:29","guid":{"rendered":"https:\/\/nya.smalsparet.com\/produkt\/boken-virserums-station-2\/"},"modified":"2023-07-13T11:56:35","modified_gmt":"2023-07-13T11:56:35","slug":"boken-virserums-station-2","status":"publish","type":"product","link":"https:\/\/smalsparet.com\/nl\/product\/boken-virserums-station-2\/","title":{"rendered":"Het boek \"Station Virserum"},"content":{"rendered":"<p>In het boek van Stig-\u00c5ke Pettersson kun je alles lezen over de spoorwegen in Virserum! Stig-\u00c5ke heeft onderzoek gedaan in de archieven, dit boek gaat door de hele geschiedenis van station Virserum, van de gebouwen zelf, zoals het goederenmagazijn en de Pressbyr\u00e5kiosken, tot verhalen en anekdotes, daarnaast wordt dit aangevuld met veel leuke en unieke foto's uit het verleden!<\/p>\n<p>De lezer krijgt verhalen en data wanneer dingen gebeurden, wanneer ze werden gebouwd of gesloopt, we krijgen ook anekdotes zoals toen stationsinspecteur Lengqvist werd beschuldigd van \"gebrek aan respect voor het publiek\" en de zaak helemaal naar de raad van bestuur van de spoorwegmaatschappij ging.<\/p>\n<p>Dit prachtige werk is een must-have op de boekenplank van iedereen die meer wil weten over Virserum en onze spoorweggeschiedenis!<\/p>","protected":false},"excerpt":{"rendered":"<p>I Stig-\u00c5ke Petterssons bok f\u00e5r du l\u00e4sa allt om j\u00e4rnv\u00e4gen i Virserum! Stig-\u00c5ke har forskat i arkiven, denna bok g\u00e5r igenom hela Virserums stations historia, fr\u00e5n sj\u00e4lva byggnaderna som t.ex. godsmagasinet och Pressbyr\u00e5kiosken till historier och anekdoter, dessutom komplettereras detta med m\u00e4ngder av fina och unika bilder fr\u00e5n f\u00f6rr! L\u00e4saren delges historier och \u00e5rtal n\u00e4r [&hellip;]<\/p>\n","protected":false},"featured_media":302,"comment_status":"closed","ping_status":"closed","template":"","meta":{"om_disable_all_campaigns":false,"_uag_custom_page_level_css":"","_monsterinsights_skip_tracking":false,"_monsterinsights_sitenote_active":false,"_monsterinsights_sitenote_note":"","_monsterinsights_sitenote_category":0,"site-sidebar-layout":"default","site-content-layout":"default","ast-site-content-layout":"default","site-content-style":"default","site-sidebar-style":"default","ast-global-header-display":"","ast-banner-title-visibility":"","ast-main-header-display":"","ast-hfb-above-header-display":"","ast-hfb-below-header-display":"","ast-hfb-mobile-header-display":"","site-post-title":"","ast-breadcrumbs-content":"","ast-featured-img":"","footer-sml-layout":"","ast-disable-related-posts":"","theme-transparent-header-meta":"default","adv-header-id-meta":"","stick-header-meta":"","header-above-stick-meta":"","header-main-stick-meta":"","header-below-stick-meta":"","astra-migrate-meta-layouts":"default","ast-page-background-enabled":"default","ast-page-background-meta":{"desktop":{"background-color":"","background-image":"","background-repeat":"repeat","background-position":"center center","background-size":"auto","background-attachment":"scroll","background-type":"","background-media":"","overlay-type":"","overlay-color":"","overlay-opacity":"","overlay-gradient":""},"tablet":{"background-color":"","background-image":"","background-repeat":"repeat","background-position":"center center","background-size":"auto","background-attachment":"scroll","background-type":"","background-media":"","overlay-type":"","overlay-color":"","overlay-opacity":"","overlay-gradient":""},"mobile":{"background-color":"","background-image":"","background-repeat":"repeat","background-position":"center center","background-size":"auto","background-attachment":"scroll","background-type":"","background-media":"","overlay-type":"","overlay-color":"","overlay-opacity":"","overlay-gradient":""}},"ast-content-background-meta":{"desktop":{"background-color":"var(--ast-global-color-5)","background-image":"","background-repeat":"repeat","background-position":"center center","background-size":"auto","background-attachment":"scroll","background-type":"","background-media":"","overlay-type":"","overlay-color":"","overlay-opacity":"","overlay-gradient":""},"tablet":{"background-color":"var(--ast-global-color-5)","background-image":"","background-repeat":"repeat","background-position":"center center","background-size":"auto","background-attachment":"scroll","background-type":"","background-media":"","overlay-type":"","overlay-color":"","overlay-opacity":"","overlay-gradient":""},"mobile":{"background-color":"var(--ast-global-color-5)","background-image":"","background-repeat":"repeat","background-position":"center center","background-size":"auto","background-attachment":"scroll","background-type":"","background-media":"","overlay-type":"","overlay-color":"","overlay-opacity":"","overlay-gradient":""}}},"product_brand":[],"product_cat":[23],"product_tag":[26],"class_list":{"0":"post-2649","1":"product","2":"type-product","3":"status-publish","4":"has-post-thumbnail","6":"product_cat-bok","7":"product_tag-bok","8":"desktop-align-center","9":"tablet-align-center","10":"mobile-align-center","12":"first","13":"outofstock","14":"taxable","15":"shipping-taxable","16":"purchasable","17":"product-type-simple"},"aioseo_notices":[],"spectra_custom_meta":{"_edit_last":["3"],"total_sales":["6"],"_tax_status":["taxable"],"_tax_class":[""],"_manage_stock":["yes"],"_backorders":["no"],"_sold_individually":["no"],"_virtual":["no"],"_downloadable":["no"],"_download_limit":["-1"],"_download_expiry":["-1"],"_stock":["0"],"_stock_status":["outofstock"],"_wc_average_rating":["0"],"_wc_review_count":["0"],"_product_attributes":["a:2:{s:11:\"pa_bindning\";a:6:{s:4:\"name\";s:11:\"pa_bindning\";s:5:\"value\";s:0:\"\";s:8:\"position\";i:0;s:10:\"is_visible\";i:1;s:12:\"is_variation\";i:0;s:11:\"is_taxonomy\";i:1;}s:8:\"pa_sidor\";a:6:{s:4:\"name\";s:8:\"pa_sidor\";s:5:\"value\";s:0:\"\";s:8:\"position\";i:1;s:10:\"is_visible\";i:1;s:12:\"is_variation\";i:0;s:11:\"is_taxonomy\";i:1;}}"],"_product_version":["7.2.0"],"_thumbnail_id":["302"],"_regular_price":["170"],"_price":["170"],"_yoast_wpseo_primary_product_cat":["44"],"_yoast_wpseo_content_score":["30"],"_weight":["449"],"fb_product_item_id":["2964153150354097"],"_edit_lock":["1689249399:3"],"_primary_term_product_cat":["23"],"_wc_facebook_sync_enabled":["yes"],"fb_visibility":["yes"],"fb_product_description":[""],"_wc_facebook_product_image_source":["product"],"_wc_facebook_commerce_enabled":["no"],"site-sidebar-layout":["default"],"site-content-layout":["default"],"theme-transparent-header-meta":["default"],"_uag_page_assets":["a:9:{s:3:\"css\";s:0:\"\";s:2:\"js\";s:0:\"\";s:18:\"current_block_list\";a:5:{i:0;s:26:\"woocommerce\/product-search\";i:1;s:10:\"core\/group\";i:2;s:12:\"core\/heading\";i:3;s:27:\"woocommerce\/product-on-sale\";i:4;s:32:\"woocommerce\/product-best-sellers\";}s:8:\"uag_flag\";b:0;s:11:\"uag_version\";s:10:\"1775301941\";s:6:\"gfonts\";a:0:{}s:10:\"gfonts_url\";s:0:\"\";s:12:\"gfonts_files\";a:0:{}s:14:\"uag_faq_layout\";b:0;}"]},"uagb_featured_image_src":{"full":["https:\/\/smalsparet.com\/wp-content\/uploads\/2014\/12\/virerumsstation_boken.jpg",213,300,false],"thumbnail":["https:\/\/smalsparet.com\/wp-content\/uploads\/2014\/12\/virerumsstation_boken-150x150.jpg",150,150,true],"medium":["https:\/\/smalsparet.com\/wp-content\/uploads\/2014\/12\/virerumsstation_boken.jpg",213,300,false],"medium_large":["https:\/\/smalsparet.com\/wp-content\/uploads\/2014\/12\/virerumsstation_boken.jpg",213,300,false],"large":["https:\/\/smalsparet.com\/wp-content\/uploads\/2014\/12\/virerumsstation_boken.jpg",213,300,false],"1536x1536":["https:\/\/smalsparet.com\/wp-content\/uploads\/2014\/12\/virerumsstation_boken.jpg",213,300,false],"2048x2048":["https:\/\/smalsparet.com\/wp-content\/uploads\/2014\/12\/virerumsstation_boken.jpg",213,300,false],"trp-custom-language-flag":["https:\/\/smalsparet.com\/wp-content\/uploads\/2014\/12\/virerumsstation_boken.jpg",9,12,false],"woocommerce_thumbnail":["https:\/\/smalsparet.com\/wp-content\/uploads\/2014\/12\/virerumsstation_boken.jpg",213,300,false],"woocommerce_single":["https:\/\/smalsparet.com\/wp-content\/uploads\/2014\/12\/virerumsstation_boken.jpg",213,300,false],"woocommerce_gallery_thumbnail":["https:\/\/smalsparet.com\/wp-content\/uploads\/2014\/12\/virerumsstation_boken-100x100.jpg",100,100,true],"awb_sm":["https:\/\/smalsparet.com\/wp-content\/uploads\/2014\/12\/virerumsstation_boken.jpg",213,300,false],"awb_md":["https:\/\/smalsparet.com\/wp-content\/uploads\/2014\/12\/virerumsstation_boken.jpg",213,300,false],"awb_lg":["https:\/\/smalsparet.com\/wp-content\/uploads\/2014\/12\/virerumsstation_boken.jpg",213,300,false],"awb_xl":["https:\/\/smalsparet.com\/wp-content\/uploads\/2014\/12\/virerumsstation_boken.jpg",213,300,false]},"uagb_author_info":{"display_name":"Olaf","author_link":"https:\/\/smalsparet.com\/nl\/author\/"},"uagb_comment_info":0,"uagb_excerpt":"I Stig-\u00c5ke Petterssons bok f\u00e5r du l\u00e4sa allt om j\u00e4rnv\u00e4gen i Virserum! Stig-\u00c5ke har forskat i arkiven, denna bok g\u00e5r igenom hela Virserums stations historia, fr\u00e5n sj\u00e4lva byggnaderna som t.ex. godsmagasinet och Pressbyr\u00e5kiosken till historier och anekdoter, dessutom komplettereras detta med m\u00e4ngder av fina och unika bilder fr\u00e5n f\u00f6rr! L\u00e4saren delges historier och \u00e5rtal n\u00e4r&hellip;","_links":{"self":[{"href":"https:\/\/smalsparet.com\/nl\/wp-json\/wp\/v2\/product\/2649","targetHints":{"allow":["GET"]}}],"collection":[{"href":"https:\/\/smalsparet.com\/nl\/wp-json\/wp\/v2\/product"}],"about":[{"href":"https:\/\/smalsparet.com\/nl\/wp-json\/wp\/v2\/types\/product"}],"replies":[{"embeddable":true,"href":"https:\/\/smalsparet.com\/nl\/wp-json\/wp\/v2\/comments?post=2649"}],"wp:featuredmedia":[{"embeddable":true,"href":"https:\/\/smalsparet.com\/nl\/wp-json\/wp\/v2\/media\/302"}],"wp:attachment":[{"href":"https:\/\/smalsparet.com\/nl\/wp-json\/wp\/v2\/media?parent=2649"}],"wp:term":[{"taxonomy":"product_brand","embeddable":true,"href":"https:\/\/smalsparet.com\/nl\/wp-json\/wp\/v2\/product_brand?post=2649"},{"taxonomy":"product_cat","embeddable":true,"href":"https:\/\/smalsparet.com\/nl\/wp-json\/wp\/v2\/product_cat?post=2649"},{"taxonomy":"product_tag","embeddable":true,"href":"https:\/\/smalsparet.com\/nl\/wp-json\/wp\/v2\/product_tag?post=2649"}],"curies":[{"name":"wp","href":"https:\/\/api.w.org\/{rel}","templated":true}]}}