{"id":2643,"date":"2020-12-14T20:35:26","date_gmt":"2020-12-14T20:35:26","guid":{"rendered":"https:\/\/nya.smalsparet.com\/produkt\/krosataget-den-smalandska-tagrevolutionen\/"},"modified":"2026-01-05T13:58:53","modified_gmt":"2026-01-05T13:58:53","slug":"krosataget-den-smalandska-tagrevolutionen","status":"publish","type":"product","link":"https:\/\/smalsparet.com\/nl\/product\/krosataget-den-smalandska-tagrevolutionen\/","title":{"rendered":"Kr\u00f6sat\u00e5get, de treinrevolutie in Sm\u00e5land, deel 1"},"content":{"rendered":"<p>Het boek kopen <strong>De Kr\u00f6sat\u00e5get, de treinrevolutie in Sm\u00e5land<\/strong>, geschreven door <strong>Ingemar Lundin<\/strong> en <strong>De heer Sten-\u00c5ke Bergholm<\/strong>. Het off-mainline spoorvervoer in Zweden werd eind jaren 1970 en begin jaren 1980 min of meer als ten dode opgeschreven beschouwd.<\/p>\n<p>Royale overheidssubsidies voor vervangende busdiensten zorgden ervoor dat veel bedrijven in de provincie de treindiensten opgaven ten gunste van wegbussen. Het district J\u00f6nk\u00f6ping had een wijd vertakt spoorwegnet en met vastberaden werknemers op leidinggevende posities en ondanks felle tegenstand werd er een nieuwe toekomst voor regionale treindiensten gecre\u00eberd met nieuwe spelers.<\/p>\n<p>Het spannende verhaal wordt in twee delen verteld door degenen die erbij waren, onder leiding van Ingemar Lundin, voormalig CEO van J\u00f6nk\u00f6ping County Transport.<\/p>","protected":false},"excerpt":{"rendered":"<p>K\u00f6p boken Kr\u00f6sat\u00e5get, den sm\u00e5l\u00e4ndska t\u00e5grevolutionen, f\u00f6rfattad av Ingemar Lundin och Sten-\u00c5ke Bergholm. J\u00e4rnv\u00e4gstrafiken utanf\u00f6r huvudlinjerna i Sverige betraktades som mer eller mindre d\u00f6dsd\u00f6md under senare delen av 1970- och b\u00f6rjan av 80-talen. Gener\u00f6sa statsbidrag till ers\u00e4ttande busstrafik gjorde att m\u00e5nga l\u00e4nsbolag \u00f6vergav t\u00e5gtrafiken till f\u00f6rm\u00e5n f\u00f6r landsv\u00e4gsbussar. I J\u00f6nk\u00f6pings l\u00e4n fanns ett vitt f\u00f6rgrenat [&hellip;]<\/p>\n","protected":false},"featured_media":877,"comment_status":"closed","ping_status":"closed","template":"","meta":{"om_disable_all_campaigns":false,"_uag_custom_page_level_css":"","_monsterinsights_skip_tracking":false,"_monsterinsights_sitenote_active":false,"_monsterinsights_sitenote_note":"","_monsterinsights_sitenote_category":0,"site-sidebar-layout":"default","site-content-layout":"default","ast-site-content-layout":"default","site-content-style":"default","site-sidebar-style":"default","ast-global-header-display":"","ast-banner-title-visibility":"","ast-main-header-display":"","ast-hfb-above-header-display":"","ast-hfb-below-header-display":"","ast-hfb-mobile-header-display":"","site-post-title":"","ast-breadcrumbs-content":"","ast-featured-img":"","footer-sml-layout":"","ast-disable-related-posts":"","theme-transparent-header-meta":"default","adv-header-id-meta":"","stick-header-meta":"","header-above-stick-meta":"","header-main-stick-meta":"","header-below-stick-meta":"","astra-migrate-meta-layouts":"default","ast-page-background-enabled":"default","ast-page-background-meta":{"desktop":{"background-color":"","background-image":"","background-repeat":"repeat","background-position":"center center","background-size":"auto","background-attachment":"scroll","background-type":"","background-media":"","overlay-type":"","overlay-color":"","overlay-opacity":"","overlay-gradient":""},"tablet":{"background-color":"","background-image":"","background-repeat":"repeat","background-position":"center center","background-size":"auto","background-attachment":"scroll","background-type":"","background-media":"","overlay-type":"","overlay-color":"","overlay-opacity":"","overlay-gradient":""},"mobile":{"background-color":"","background-image":"","background-repeat":"repeat","background-position":"center center","background-size":"auto","background-attachment":"scroll","background-type":"","background-media":"","overlay-type":"","overlay-color":"","overlay-opacity":"","overlay-gradient":""}},"ast-content-background-meta":{"desktop":{"background-color":"var(--ast-global-color-5)","background-image":"","background-repeat":"repeat","background-position":"center center","background-size":"auto","background-attachment":"scroll","background-type":"","background-media":"","overlay-type":"","overlay-color":"","overlay-opacity":"","overlay-gradient":""},"tablet":{"background-color":"var(--ast-global-color-5)","background-image":"","background-repeat":"repeat","background-position":"center center","background-size":"auto","background-attachment":"scroll","background-type":"","background-media":"","overlay-type":"","overlay-color":"","overlay-opacity":"","overlay-gradient":""},"mobile":{"background-color":"var(--ast-global-color-5)","background-image":"","background-repeat":"repeat","background-position":"center center","background-size":"auto","background-attachment":"scroll","background-type":"","background-media":"","overlay-type":"","overlay-color":"","overlay-opacity":"","overlay-gradient":""}}},"product_brand":[],"product_cat":[23],"product_tag":[],"class_list":{"0":"post-2643","1":"product","2":"type-product","3":"status-publish","4":"has-post-thumbnail","6":"product_cat-bok","7":"desktop-align-center","8":"tablet-align-center","9":"mobile-align-center","11":"first","12":"instock","13":"taxable","14":"shipping-taxable","15":"purchasable","16":"product-type-simple"},"aioseo_notices":[],"spectra_custom_meta":{"_edit_last":["3"],"_thumbnail_id":["877"],"_regular_price":["240"],"total_sales":["4"],"_tax_status":["taxable"],"_tax_class":["6"],"_manage_stock":["yes"],"_backorders":["no"],"_sold_individually":["no"],"_virtual":["no"],"_downloadable":["no"],"_download_limit":["-1"],"_download_expiry":["-1"],"_stock":["6"],"_stock_status":["instock"],"_wc_average_rating":["0"],"_wc_review_count":["0"],"_product_version":["9.7.1"],"_price":["240"],"_yoast_wpseo_content_score":["30"],"_weight":["721"],"fb_product_item_id":["4806313866106240"],"fb_product_group_id":["4806313812772912"],"_wc_facebook_sync_enabled":["yes"],"fb_visibility":["yes"],"fb_product_description":[""],"_wc_facebook_product_image_source":["product"],"_wc_facebook_commerce_enabled":["no"],"_edit_lock":["1767621535:3"],"_primary_term_product_cat":["23"],"site-sidebar-layout":["default"],"site-content-layout":["default"],"theme-transparent-header-meta":["default"],"_uag_page_assets":["a:9:{s:3:\"css\";s:0:\"\";s:2:\"js\";s:0:\"\";s:18:\"current_block_list\";a:5:{i:0;s:26:\"woocommerce\/product-search\";i:1;s:10:\"core\/group\";i:2;s:12:\"core\/heading\";i:3;s:27:\"woocommerce\/product-on-sale\";i:4;s:32:\"woocommerce\/product-best-sellers\";}s:8:\"uag_flag\";b:0;s:11:\"uag_version\";s:10:\"1777463016\";s:6:\"gfonts\";a:0:{}s:10:\"gfonts_url\";s:0:\"\";s:12:\"gfonts_files\";a:0:{}s:14:\"uag_faq_layout\";b:0;}"]},"uagb_featured_image_src":{"full":["https:\/\/smalsparet.com\/wp-content\/uploads\/2016\/05\/jarnvagsminnen_krosataget.jpg",475,600,false],"thumbnail":["https:\/\/smalsparet.com\/wp-content\/uploads\/2016\/05\/jarnvagsminnen_krosataget-150x150.jpg",150,150,true],"medium":["https:\/\/smalsparet.com\/wp-content\/uploads\/2016\/05\/jarnvagsminnen_krosataget-238x300.jpg",238,300,true],"medium_large":["https:\/\/smalsparet.com\/wp-content\/uploads\/2016\/05\/jarnvagsminnen_krosataget.jpg",475,600,false],"large":["https:\/\/smalsparet.com\/wp-content\/uploads\/2016\/05\/jarnvagsminnen_krosataget.jpg",475,600,false],"1536x1536":["https:\/\/smalsparet.com\/wp-content\/uploads\/2016\/05\/jarnvagsminnen_krosataget.jpg",475,600,false],"2048x2048":["https:\/\/smalsparet.com\/wp-content\/uploads\/2016\/05\/jarnvagsminnen_krosataget.jpg",475,600,false],"trp-custom-language-flag":["https:\/\/smalsparet.com\/wp-content\/uploads\/2016\/05\/jarnvagsminnen_krosataget.jpg",10,12,false],"woocommerce_thumbnail":["https:\/\/smalsparet.com\/wp-content\/uploads\/2016\/05\/jarnvagsminnen_krosataget-300x300.jpg",300,300,true],"woocommerce_single":["https:\/\/smalsparet.com\/wp-content\/uploads\/2016\/05\/jarnvagsminnen_krosataget.jpg",475,600,false],"woocommerce_gallery_thumbnail":["https:\/\/smalsparet.com\/wp-content\/uploads\/2016\/05\/jarnvagsminnen_krosataget-100x100.jpg",100,100,true],"awb_sm":["https:\/\/smalsparet.com\/wp-content\/uploads\/2016\/05\/jarnvagsminnen_krosataget.jpg",475,600,false],"awb_md":["https:\/\/smalsparet.com\/wp-content\/uploads\/2016\/05\/jarnvagsminnen_krosataget.jpg",475,600,false],"awb_lg":["https:\/\/smalsparet.com\/wp-content\/uploads\/2016\/05\/jarnvagsminnen_krosataget.jpg",475,600,false],"awb_xl":["https:\/\/smalsparet.com\/wp-content\/uploads\/2016\/05\/jarnvagsminnen_krosataget.jpg",475,600,false]},"uagb_author_info":{"display_name":"Olaf","author_link":"https:\/\/smalsparet.com\/nl\/author\/"},"uagb_comment_info":0,"uagb_excerpt":"K\u00f6p boken Kr\u00f6sat\u00e5get, den sm\u00e5l\u00e4ndska t\u00e5grevolutionen, f\u00f6rfattad av Ingemar Lundin och Sten-\u00c5ke Bergholm. J\u00e4rnv\u00e4gstrafiken utanf\u00f6r huvudlinjerna i Sverige betraktades som mer eller mindre d\u00f6dsd\u00f6md under senare delen av 1970- och b\u00f6rjan av 80-talen. Gener\u00f6sa statsbidrag till ers\u00e4ttande busstrafik gjorde att m\u00e5nga l\u00e4nsbolag \u00f6vergav t\u00e5gtrafiken till f\u00f6rm\u00e5n f\u00f6r landsv\u00e4gsbussar. I J\u00f6nk\u00f6pings l\u00e4n fanns ett vitt f\u00f6rgrenat&hellip;","_links":{"self":[{"href":"https:\/\/smalsparet.com\/nl\/wp-json\/wp\/v2\/product\/2643","targetHints":{"allow":["GET"]}}],"collection":[{"href":"https:\/\/smalsparet.com\/nl\/wp-json\/wp\/v2\/product"}],"about":[{"href":"https:\/\/smalsparet.com\/nl\/wp-json\/wp\/v2\/types\/product"}],"replies":[{"embeddable":true,"href":"https:\/\/smalsparet.com\/nl\/wp-json\/wp\/v2\/comments?post=2643"}],"wp:featuredmedia":[{"embeddable":true,"href":"https:\/\/smalsparet.com\/nl\/wp-json\/wp\/v2\/media\/877"}],"wp:attachment":[{"href":"https:\/\/smalsparet.com\/nl\/wp-json\/wp\/v2\/media?parent=2643"}],"wp:term":[{"taxonomy":"product_brand","embeddable":true,"href":"https:\/\/smalsparet.com\/nl\/wp-json\/wp\/v2\/product_brand?post=2643"},{"taxonomy":"product_cat","embeddable":true,"href":"https:\/\/smalsparet.com\/nl\/wp-json\/wp\/v2\/product_cat?post=2643"},{"taxonomy":"product_tag","embeddable":true,"href":"https:\/\/smalsparet.com\/nl\/wp-json\/wp\/v2\/product_tag?post=2643"}],"curies":[{"name":"wp","href":"https:\/\/api.w.org\/{rel}","templated":true}]}}