{"id":1472,"date":"2018-04-12T20:04:53","date_gmt":"2018-04-12T20:04:53","guid":{"rendered":"https:\/\/nya.smalsparet.com\/produkt\/rasande-roland-smalspar-pa-rugen-2\/"},"modified":"2025-12-01T00:00:07","modified_gmt":"2025-12-01T00:00:07","slug":"rasande-roland-smalspar-pa-rugen-2","status":"publish","type":"product","link":"https:\/\/smalsparet.com\/nl\/product\/rasande-roland-smalspar-pa-rugen-2\/","title":{"rendered":"Woedende Roland Smalspoor op R\u00fcgen"},"content":{"rendered":"<p>Een film over de smalspoorwegen (750 mm spoorbreedte) op het Duitse eiland R\u00fcgen. Gefilmd tussen 1993 en 2017. Aangevuld met historische smalspoorfilmsc\u00e8nes uit de jaren 1960. De film toont alle soorten locomotieven en bezoekende voertuigen, inclusief normaalspoor op aansluitende lijnen. Optionele soundtrack: met of zonder luidspreker.<\/p>","protected":false},"excerpt":{"rendered":"<p>Een film over de smalspoorwegen (750 mm spoorbreedte) op het Duitse eiland R\u00fcgen. Gefilmd tussen 1993 en 2017. Aangevuld met historische smalspoorfilmsc\u00e8nes uit de jaren 1960. De film toont alle soorten locomotieven en bezoekende voertuigen, inclusief normaalspoor op aansluitende lijnen. Optionele soundtrack: met of zonder luidspreker.<\/p>","protected":false},"featured_media":2539,"comment_status":"closed","ping_status":"closed","template":"","meta":{"om_disable_all_campaigns":false,"_uag_custom_page_level_css":"","_monsterinsights_skip_tracking":false,"_monsterinsights_sitenote_active":false,"_monsterinsights_sitenote_note":"","_monsterinsights_sitenote_category":0,"site-sidebar-layout":"default","site-content-layout":"default","ast-site-content-layout":"default","site-content-style":"default","site-sidebar-style":"default","ast-global-header-display":"","ast-banner-title-visibility":"","ast-main-header-display":"","ast-hfb-above-header-display":"","ast-hfb-below-header-display":"","ast-hfb-mobile-header-display":"","site-post-title":"","ast-breadcrumbs-content":"","ast-featured-img":"","footer-sml-layout":"","ast-disable-related-posts":"","theme-transparent-header-meta":"default","adv-header-id-meta":"","stick-header-meta":"","header-above-stick-meta":"","header-main-stick-meta":"","header-below-stick-meta":"","astra-migrate-meta-layouts":"set","ast-page-background-enabled":"default","ast-page-background-meta":{"desktop":{"background-color":"","background-image":"","background-repeat":"repeat","background-position":"center center","background-size":"auto","background-attachment":"scroll","background-type":"","background-media":"","overlay-type":"","overlay-color":"","overlay-opacity":"","overlay-gradient":""},"tablet":{"background-color":"","background-image":"","background-repeat":"repeat","background-position":"center center","background-size":"auto","background-attachment":"scroll","background-type":"","background-media":"","overlay-type":"","overlay-color":"","overlay-opacity":"","overlay-gradient":""},"mobile":{"background-color":"","background-image":"","background-repeat":"repeat","background-position":"center center","background-size":"auto","background-attachment":"scroll","background-type":"","background-media":"","overlay-type":"","overlay-color":"","overlay-opacity":"","overlay-gradient":""}},"ast-content-background-meta":{"desktop":{"background-color":"var(--ast-global-color-5)","background-image":"","background-repeat":"repeat","background-position":"center center","background-size":"auto","background-attachment":"scroll","background-type":"","background-media":"","overlay-type":"","overlay-color":"","overlay-opacity":"","overlay-gradient":""},"tablet":{"background-color":"var(--ast-global-color-5)","background-image":"","background-repeat":"repeat","background-position":"center center","background-size":"auto","background-attachment":"scroll","background-type":"","background-media":"","overlay-type":"","overlay-color":"","overlay-opacity":"","overlay-gradient":""},"mobile":{"background-color":"var(--ast-global-color-5)","background-image":"","background-repeat":"repeat","background-position":"center center","background-size":"auto","background-attachment":"scroll","background-type":"","background-media":"","overlay-type":"","overlay-color":"","overlay-opacity":"","overlay-gradient":""}}},"product_brand":[],"product_cat":[83,22,68],"product_tag":[],"class_list":{"0":"post-1472","1":"product","2":"type-product","3":"status-publish","4":"has-post-thumbnail","6":"product_cat-black-friday-2025","7":"product_cat-film","8":"product_cat-jarnvagslinjer","9":"desktop-align-center","10":"tablet-align-center","11":"mobile-align-center","13":"first","14":"instock","15":"taxable","16":"shipping-taxable","17":"purchasable","18":"product-type-simple"},"aioseo_notices":[],"spectra_custom_meta":{"is_cornerstone":[""],"_wc_review_count":["0"],"_wc_rating_count":["a:0:{}"],"_wc_average_rating":["0"],"_edit_last":["3"],"_thumbnail_id":["2539"],"_sku":[""],"_regular_price":["150"],"_sale_price_dates_from":[""],"total_sales":["9"],"_tax_status":["taxable"],"_tax_class":["6"],"_manage_stock":["yes"],"_backorders":["no"],"_sold_individually":["no"],"_weight":["86"],"_length":[""],"_width":[""],"_height":[""],"_upsell_ids":["a:0:{}"],"_crosssell_ids":["a:0:{}"],"_purchase_note":[""],"_default_attributes":["a:0:{}"],"_virtual":["no"],"_downloadable":["no"],"_product_image_gallery":[""],"_download_limit":["-1"],"_download_expiry":["-1"],"_stock":["86"],"_stock_status":["instock"],"_product_version":["9.7.1"],"_price":["150"],"_yoast_wpseo_primary_product_cat":[""],"_yoast_wpseo_content_score":["90"],"_product_attributes":["a:2:{s:9:\"pa_format\";a:6:{s:4:\"name\";s:9:\"pa_format\";s:5:\"value\";s:0:\"\";s:8:\"position\";i:0;s:10:\"is_visible\";i:1;s:12:\"is_variation\";i:0;s:11:\"is_taxonomy\";i:1;}s:8:\"pa_langd\";a:6:{s:4:\"name\";s:8:\"pa_langd\";s:5:\"value\";s:0:\"\";s:8:\"position\";i:1;s:10:\"is_visible\";i:1;s:12:\"is_variation\";i:0;s:11:\"is_taxonomy\";i:1;}}"],"_edit_lock":["1763818005:3"],"_primary_term_product_cat":["68"],"site-sidebar-layout":["default"],"site-content-layout":["default"],"theme-transparent-header-meta":["default"],"fb_product_item_id":["3706401976070136"],"_wc_facebook_sync_enabled":["yes"],"fb_visibility":["yes"],"fb_product_description":[""],"fb_rich_text_description":[""],"_wc_facebook_product_image_source":["product"],"fb_product_video":["a:0:{}"],"fb_brand":[""],"fb_mpn":[""],"_aioseo_title":[null],"_aioseo_description":[null],"_aioseo_keywords":["a:0:{}"],"_aioseo_og_title":[""],"_aioseo_og_description":[""],"_aioseo_og_article_section":[""],"_aioseo_og_article_tags":["a:0:{}"],"_aioseo_twitter_title":[""],"_aioseo_twitter_description":[""],"_monsterinsights_sitenote_active":["0"],"om_disable_all_campaigns":[""],"ast-site-content-layout":["default"],"site-content-style":["default"],"site-sidebar-style":["default"],"astra-migrate-meta-layouts":["set"],"_uag_page_assets":["a:9:{s:3:\"css\";s:0:\"\";s:2:\"js\";s:0:\"\";s:18:\"current_block_list\";a:5:{i:0;s:26:\"woocommerce\/product-search\";i:1;s:10:\"core\/group\";i:2;s:12:\"core\/heading\";i:3;s:27:\"woocommerce\/product-on-sale\";i:4;s:32:\"woocommerce\/product-best-sellers\";}s:8:\"uag_flag\";b:0;s:11:\"uag_version\";s:10:\"1775301941\";s:6:\"gfonts\";a:0:{}s:10:\"gfonts_url\";s:0:\"\";s:12:\"gfonts_files\";a:0:{}s:14:\"uag_faq_layout\";b:0;}"]},"uagb_featured_image_src":{"full":["https:\/\/smalsparet.com\/wp-content\/uploads\/2018\/04\/rasanderoland-e1605034792613.jpg",211,301,false],"thumbnail":["https:\/\/smalsparet.com\/wp-content\/uploads\/2018\/04\/rasanderoland-e1605034792613-150x150.jpg",150,150,true],"medium":["https:\/\/smalsparet.com\/wp-content\/uploads\/2018\/04\/rasanderoland-e1605034792613.jpg",210,300,false],"medium_large":["https:\/\/smalsparet.com\/wp-content\/uploads\/2018\/04\/rasanderoland-e1605034792613.jpg",211,301,false],"large":["https:\/\/smalsparet.com\/wp-content\/uploads\/2018\/04\/rasanderoland-e1605034792613.jpg",211,301,false],"1536x1536":["https:\/\/smalsparet.com\/wp-content\/uploads\/2018\/04\/rasanderoland-e1605034792613.jpg",211,301,false],"2048x2048":["https:\/\/smalsparet.com\/wp-content\/uploads\/2018\/04\/rasanderoland-e1605034792613.jpg",211,301,false],"trp-custom-language-flag":["https:\/\/smalsparet.com\/wp-content\/uploads\/2018\/04\/rasanderoland-e1605034792613.jpg",8,12,false],"woocommerce_thumbnail":["https:\/\/smalsparet.com\/wp-content\/uploads\/2018\/04\/rasanderoland-e1605034792613.jpg",210,300,false],"woocommerce_single":["https:\/\/smalsparet.com\/wp-content\/uploads\/2018\/04\/rasanderoland-e1605034792613.jpg",211,301,false],"woocommerce_gallery_thumbnail":["https:\/\/smalsparet.com\/wp-content\/uploads\/2018\/04\/rasanderoland-e1605034792613-100x100.jpg",100,100,true],"awb_sm":["https:\/\/smalsparet.com\/wp-content\/uploads\/2018\/04\/rasanderoland-e1605034792613.jpg",211,301,false],"awb_md":["https:\/\/smalsparet.com\/wp-content\/uploads\/2018\/04\/rasanderoland-e1605034792613.jpg",211,301,false],"awb_lg":["https:\/\/smalsparet.com\/wp-content\/uploads\/2018\/04\/rasanderoland-e1605034792613.jpg",211,301,false],"awb_xl":["https:\/\/smalsparet.com\/wp-content\/uploads\/2018\/04\/rasanderoland-e1605034792613.jpg",211,301,false]},"uagb_author_info":{"display_name":"Olaf","author_link":"https:\/\/smalsparet.com\/nl\/author\/"},"uagb_comment_info":0,"uagb_excerpt":"En film om de smalsp\u00e5riga j\u00e4rnv\u00e4garna (750 mm spv) p\u00e5 den tyska \u00f6n R\u00fcgen. Filmad mellan 1993 och 2017. Kompletterad med historiska smalfilmscener fr\u00e5n 1960-talet. Filmen visar samtliga loktyper och g\u00e4stande fordon, \u00e4ven normalsp\u00e5riga p\u00e5 anslutande banor. Valbara ljudsp\u00e5r: med eller utan speaker.","_links":{"self":[{"href":"https:\/\/smalsparet.com\/nl\/wp-json\/wp\/v2\/product\/1472","targetHints":{"allow":["GET"]}}],"collection":[{"href":"https:\/\/smalsparet.com\/nl\/wp-json\/wp\/v2\/product"}],"about":[{"href":"https:\/\/smalsparet.com\/nl\/wp-json\/wp\/v2\/types\/product"}],"replies":[{"embeddable":true,"href":"https:\/\/smalsparet.com\/nl\/wp-json\/wp\/v2\/comments?post=1472"}],"wp:featuredmedia":[{"embeddable":true,"href":"https:\/\/smalsparet.com\/nl\/wp-json\/wp\/v2\/media\/2539"}],"wp:attachment":[{"href":"https:\/\/smalsparet.com\/nl\/wp-json\/wp\/v2\/media?parent=1472"}],"wp:term":[{"taxonomy":"product_brand","embeddable":true,"href":"https:\/\/smalsparet.com\/nl\/wp-json\/wp\/v2\/product_brand?post=1472"},{"taxonomy":"product_cat","embeddable":true,"href":"https:\/\/smalsparet.com\/nl\/wp-json\/wp\/v2\/product_cat?post=1472"},{"taxonomy":"product_tag","embeddable":true,"href":"https:\/\/smalsparet.com\/nl\/wp-json\/wp\/v2\/product_tag?post=1472"}],"curies":[{"name":"wp","href":"https:\/\/api.w.org\/{rel}","templated":true}]}}