{"id":8518,"date":"2024-07-20T13:14:50","date_gmt":"2024-07-20T13:14:50","guid":{"rendered":"https:\/\/smalsparet.com\/?page_id=8518"},"modified":"2024-08-15T07:28:05","modified_gmt":"2024-08-15T07:28:05","slug":"hyr-flaten-station","status":"publish","type":"page","link":"https:\/\/smalsparet.com\/nl\/hyr-flaten-station\/","title":{"rendered":"Station Flaten huren"},"content":{"rendered":"<div class=\"inherit-container-width wp-block-group has-background is-layout-constrained wp-block-group-is-layout-constrained\" style=\"background-color:#f8f6f3\"><div class=\"wp-block-group__inner-container\">\n<h1 class=\"wp-block-heading has-text-align-center\">Station Flaten huren<\/h1>\n\n\n\n<p><\/p>\n<\/div><\/div>\n\n\n\n<div class=\"inherit-container-width wp-block-group alignwide is-layout-constrained wp-block-group-is-layout-constrained\"><div class=\"wp-block-group__inner-container\">\n<div class=\"wp-block-columns is-layout-flex wp-container-core-columns-is-layout-28f84493 wp-block-columns-is-layout-flex\">\n<div class=\"wp-block-column is-layout-flow wp-block-column-is-layout-flow\" style=\"flex-basis:33.33%\">\n<figure class=\"wp-block-image alignright size-large is-resized\"><img loading=\"lazy\" decoding=\"async\" width=\"768\" height=\"1024\" src=\"https:\/\/smalsparet.com\/wp-content\/uploads\/2021\/09\/flaten1-768x1024.jpeg\" alt=\"\" class=\"wp-image-4920\" style=\"width:300px\" srcset=\"https:\/\/smalsparet.com\/wp-content\/uploads\/2021\/09\/flaten1-768x1024.jpeg 768w, https:\/\/smalsparet.com\/wp-content\/uploads\/2021\/09\/flaten1-225x300.jpeg 225w, https:\/\/smalsparet.com\/wp-content\/uploads\/2021\/09\/flaten1-1152x1536.jpeg 1152w, https:\/\/smalsparet.com\/wp-content\/uploads\/2021\/09\/flaten1-600x800.jpeg 600w, https:\/\/smalsparet.com\/wp-content\/uploads\/2021\/09\/flaten1.jpeg 1536w\" sizes=\"auto, (max-width: 768px) 100vw, 768px\" \/><figcaption class=\"wp-element-caption\">Gemeenteraadslid Lars Rosander knipt het lint door en verklaart het station heropend, nu heb je de kans om in dit prachtige stationshuis te wonen.<\/figcaption><\/figure>\n<\/div>\n\n\n\n<div class=\"wp-block-column is-layout-flow wp-block-column-is-layout-flow\" style=\"flex-basis:66.66%\">\n<h3 class=\"wp-block-heading\">Boek ons prachtige en zorgvuldig gerestaureerde station in Flaten, tussen Virserum en M\u00e5lilla.<\/h3>\n\n\n\n<p>Sinds 2018 heeft de vereniging station Flaten gekocht en gerestaureerd, langs de Smalsp\u00e5retspoorlijn op het traject Virserum-G\u00e5rdveda-Hultsfred.<\/p>\n\n\n\n<p>Het huis was in vervallen staat en de tuin overwoekerd, maar na vele uren van renovatie en restauratie zijn zowel het stationsgebouw als het land ernaast zorgvuldig gerestaureerd tot hun gloriedagen uit de jaren 1960.<\/p>\n\n\n\n<h3 class=\"wp-block-heading\">Boek accommodatie<\/h3>\n\n\n\n<p>Je kunt gemakkelijk accommodatie boeken op AirBnB, als je niet de mogelijkheid hebt om dit te doen, kun je via e-mail boeken op info@smalsparet.com. Er worden dan servicekosten van SEK 250 in rekening gebracht. <a href=\"https:\/\/www.airbnb.se\/rooms\/1199314902238953494\" title=\"\">Boek via AirBnB<\/a>.<\/p>\n\n\n\n<h3 class=\"wp-block-heading\">Prijs<\/h3>\n\n\n\n<p>De prijzen worden dynamisch aangepast aan het seizoen, maar liggen rond de 600-1000 kronen per nacht, met korting voor langere verblijven. Kijk op AirBnB voor de actuele prijs.<\/p>\n<\/div>\n<\/div>\n<\/div><\/div>\n\n\n\n<div class=\"inherit-container-width wp-block-group alignwide is-layout-constrained wp-block-group-is-layout-constrained\"><div class=\"wp-block-group__inner-container\">\n<div class=\"wp-block-columns is-layout-flex wp-container-core-columns-is-layout-28f84493 wp-block-columns-is-layout-flex\">\n<div class=\"wp-block-column is-layout-flow wp-block-column-is-layout-flow\" style=\"flex-basis:50%\">\n<h2 class=\"wp-block-heading\">Over het station<\/h2>\n\n\n\n<p>De wachtruimte en het perron\/magazijn maken deel uit van het bedrijf waar we dressings verhuren, terwijl het appartement zelf hier los van staat en zowel in de zomer als in de winter wekelijks verhuurd wordt. Het pand heeft glasvezel met 100\/100 mbit\/s.<\/p>\n\n\n\n<h3 class=\"wp-block-heading\">2 slaapkamers<\/h3>\n\n\n\n<p>De bovenverdieping bestaat uit 2 slaapkamers met elk 2 bedden (90cm). Op de begane grond staat een slaapbank waardoor er in totaal 5 personen kunnen overnachten.<\/p>\n\n\n\n<h3 class=\"wp-block-heading\">Keuken<\/h3>\n\n\n\n<p>De keuken heeft ruimte om te koken en een eettafel voor vier personen. Als je met meer mensen bent, is er ook een eetgroep in een van de woonkamers.<\/p>\n\n\n\n<h3 class=\"wp-block-heading\">Badkamer<\/h3>\n\n\n\n<p>De badkamer is van een modernere stijl met plastic tapijt, douche en toilet. Er is ook een bijgebouw als je wilt proberen hoe het vroeger was.<\/p>\n\n\n\n<h3 class=\"wp-block-heading\">Woonkamer\/familiekamer<\/h3>\n\n\n\n<p>Er zijn 3 woonkamers, waarvan een met een slaapbank voor 1 persoon. In de andere kamers staan eetkamermeubels, een slaapbank enz.<\/p>\n\n\n\n<figure class=\"wp-block-image size-full\"><img loading=\"lazy\" decoding=\"async\" width=\"1440\" height=\"1080\" src=\"https:\/\/smalsparet.com\/wp-content\/uploads\/2024\/08\/vardagsrum_bx.jpeg\" alt=\"\" class=\"wp-image-8542\" srcset=\"https:\/\/smalsparet.com\/wp-content\/uploads\/2024\/08\/vardagsrum_bx.jpeg 1440w, https:\/\/smalsparet.com\/wp-content\/uploads\/2024\/08\/vardagsrum_bx-300x225.jpeg 300w, https:\/\/smalsparet.com\/wp-content\/uploads\/2024\/08\/vardagsrum_bx-1024x768.jpeg 1024w, https:\/\/smalsparet.com\/wp-content\/uploads\/2024\/08\/vardagsrum_bx-768x576.jpeg 768w, https:\/\/smalsparet.com\/wp-content\/uploads\/2024\/08\/vardagsrum_bx-16x12.jpeg 16w, https:\/\/smalsparet.com\/wp-content\/uploads\/2024\/08\/vardagsrum_bx-500x375.jpeg 500w, https:\/\/smalsparet.com\/wp-content\/uploads\/2024\/08\/vardagsrum_bx-800x600.jpeg 800w, https:\/\/smalsparet.com\/wp-content\/uploads\/2024\/08\/vardagsrum_bx-1280x960.jpeg 1280w, https:\/\/smalsparet.com\/wp-content\/uploads\/2024\/08\/vardagsrum_bx-600x450.jpeg 600w\" sizes=\"auto, (max-width: 1440px) 100vw, 1440px\" \/><figcaption class=\"wp-element-caption\">Woonkamer 1<\/figcaption><\/figure>\n\n\n\n<figure class=\"wp-block-image size-full\"><img loading=\"lazy\" decoding=\"async\" width=\"480\" height=\"360\" src=\"https:\/\/smalsparet.com\/wp-content\/uploads\/2024\/08\/vardagsrum_matgrupp.webp\" alt=\"\" class=\"wp-image-8541\" srcset=\"https:\/\/smalsparet.com\/wp-content\/uploads\/2024\/08\/vardagsrum_matgrupp.webp 480w, https:\/\/smalsparet.com\/wp-content\/uploads\/2024\/08\/vardagsrum_matgrupp-300x225.webp 300w, https:\/\/smalsparet.com\/wp-content\/uploads\/2024\/08\/vardagsrum_matgrupp-16x12.webp 16w\" sizes=\"auto, (max-width: 480px) 100vw, 480px\" \/><figcaption class=\"wp-element-caption\">Woonkamer 2<\/figcaption><\/figure>\n<\/div>\n\n\n\n<div class=\"wp-block-column is-layout-flow wp-block-column-is-layout-flow\" style=\"flex-basis:50%\">\n<figure class=\"wp-block-image size-large\"><img loading=\"lazy\" decoding=\"async\" width=\"1024\" height=\"576\" src=\"https:\/\/smalsparet.com\/wp-content\/uploads\/2021\/04\/20210417_143522-1024x576.jpg\" alt=\"\" class=\"wp-image-4754\" srcset=\"https:\/\/smalsparet.com\/wp-content\/uploads\/2021\/04\/20210417_143522-1024x576.jpg 1024w, https:\/\/smalsparet.com\/wp-content\/uploads\/2021\/04\/20210417_143522-300x169.jpg 300w, https:\/\/smalsparet.com\/wp-content\/uploads\/2021\/04\/20210417_143522-768x432.jpg 768w, https:\/\/smalsparet.com\/wp-content\/uploads\/2021\/04\/20210417_143522-1536x864.jpg 1536w, https:\/\/smalsparet.com\/wp-content\/uploads\/2021\/04\/20210417_143522-2048x1152.jpg 2048w, https:\/\/smalsparet.com\/wp-content\/uploads\/2021\/04\/20210417_143522-600x338.jpg 600w\" sizes=\"auto, (max-width: 1024px) 100vw, 1024px\" \/><figcaption class=\"wp-element-caption\">Flaten station na renovatie.<\/figcaption><\/figure>\n\n\n\n<figure class=\"wp-block-image size-large\"><img loading=\"lazy\" decoding=\"async\" width=\"1024\" height=\"461\" src=\"https:\/\/smalsparet.com\/wp-content\/uploads\/2021\/09\/20210912_144128-1024x461.jpg\" alt=\"\" class=\"wp-image-4917\" srcset=\"https:\/\/smalsparet.com\/wp-content\/uploads\/2021\/09\/20210912_144128-1024x461.jpg 1024w, https:\/\/smalsparet.com\/wp-content\/uploads\/2021\/09\/20210912_144128-300x135.jpg 300w, https:\/\/smalsparet.com\/wp-content\/uploads\/2021\/09\/20210912_144128-768x346.jpg 768w, https:\/\/smalsparet.com\/wp-content\/uploads\/2021\/09\/20210912_144128-1536x691.jpg 1536w, https:\/\/smalsparet.com\/wp-content\/uploads\/2021\/09\/20210912_144128-2048x922.jpg 2048w, https:\/\/smalsparet.com\/wp-content\/uploads\/2021\/09\/20210912_144128-600x270.jpg 600w\" sizes=\"auto, (max-width: 1024px) 100vw, 1024px\" \/><figcaption class=\"wp-element-caption\">Als je zin hebt in een ritje, kun je om de hoek een trolley huren.<\/figcaption><\/figure>\n\n\n\n<figure class=\"wp-block-image size-full\"><img loading=\"lazy\" decoding=\"async\" width=\"480\" height=\"360\" src=\"https:\/\/smalsparet.com\/wp-content\/uploads\/2024\/08\/sovrum1.webp\" alt=\"\" class=\"wp-image-8544\" srcset=\"https:\/\/smalsparet.com\/wp-content\/uploads\/2024\/08\/sovrum1.webp 480w, https:\/\/smalsparet.com\/wp-content\/uploads\/2024\/08\/sovrum1-300x225.webp 300w, https:\/\/smalsparet.com\/wp-content\/uploads\/2024\/08\/sovrum1-16x12.webp 16w\" sizes=\"auto, (max-width: 480px) 100vw, 480px\" \/><figcaption class=\"wp-element-caption\">Slaapkamer<\/figcaption><\/figure>\n\n\n\n<figure class=\"wp-block-image size-full\"><img loading=\"lazy\" decoding=\"async\" width=\"480\" height=\"360\" src=\"https:\/\/smalsparet.com\/wp-content\/uploads\/2024\/08\/sovrum2.webp\" alt=\"\" class=\"wp-image-8543\" srcset=\"https:\/\/smalsparet.com\/wp-content\/uploads\/2024\/08\/sovrum2.webp 480w, https:\/\/smalsparet.com\/wp-content\/uploads\/2024\/08\/sovrum2-300x225.webp 300w, https:\/\/smalsparet.com\/wp-content\/uploads\/2024\/08\/sovrum2-16x12.webp 16w\" sizes=\"auto, (max-width: 480px) 100vw, 480px\" \/><figcaption class=\"wp-element-caption\">Slaapkamer 2<\/figcaption><\/figure>\n<\/div>\n<\/div>\n<\/div><\/div>\n\n\n\n<div class=\"wp-block-group alignfull has-background\" style=\"background-color:#001524\"><div class=\"wp-block-group__inner-container is-layout-flow wp-block-group-is-layout-flow\">\n<div class=\"wp-block-columns is-layout-flex wp-container-core-columns-is-layout-28f84493 wp-block-columns-is-layout-flex\">\n<div class=\"wp-block-column is-layout-flow wp-block-column-is-layout-flow\" style=\"flex-basis:40%\">\n<h5 class=\"has-white-color has-text-color wp-block-heading\">Over F\u00f6reningen Smalsp\u00e5ret<\/h5>\n\n\n\n<div class=\"wp-block-image\"><figure class=\"alignleft size-large is-resized\"><img loading=\"lazy\" decoding=\"async\" src=\"https:\/\/smalsparet.com\/wp-content\/uploads\/2020\/12\/FSVV_symbol@2x.png\" alt=\"F\u00f6reningen Smalsp\u00e5ret V\u00e4xj\u00f6-V\u00e4stervik\" class=\"wp-image-3909\" width=\"84\" height=\"84\" srcset=\"https:\/\/smalsparet.com\/wp-content\/uploads\/2020\/12\/FSVV_symbol@2x.png 600w, https:\/\/smalsparet.com\/wp-content\/uploads\/2020\/12\/FSVV_symbol@2x-300x300.png 300w, https:\/\/smalsparet.com\/wp-content\/uploads\/2020\/12\/FSVV_symbol@2x-150x150.png 150w, https:\/\/smalsparet.com\/wp-content\/uploads\/2020\/12\/FSVV_symbol@2x-12x12.png 12w, https:\/\/smalsparet.com\/wp-content\/uploads\/2020\/12\/FSVV_symbol@2x-100x100.png 100w, https:\/\/smalsparet.com\/wp-content\/uploads\/2020\/12\/FSVV_symbol@2x-500x500.png 500w, https:\/\/smalsparet.com\/wp-content\/uploads\/2020\/12\/FSVV_symbol@2x-70x70.png 70w\" sizes=\"auto, (max-width: 84px) 100vw, 84px\" \/><\/figure><\/div>\n\n\n\n<p class=\"has-cyan-bluish-gray-color has-text-color\">F\u00f6reningen Smalsp\u00e5ret V\u00e4xj\u00f6-V\u00e4stervik is een niet-politieke organisatie zonder winstoogmerk, opgericht in 1984, met meer dan 1000 leden.<\/p>\n\n\n\n<p class=\"has-cyan-bluish-gray-color has-text-color\">De vereniging zet zich in voor het behoud en de ontwikkeling van het smalspoor V\u00e4xj\u00f6-V\u00e4stervik op de huidige route. Meer lezen <a href=\"#\">meer over de vereniging<\/a>.<\/p>\n<\/div>\n\n\n\n<div class=\"wp-block-column is-layout-flow wp-block-column-is-layout-flow\" style=\"flex-basis:26.67%\">\n<h5 class=\"has-text-align-left has-white-color has-text-color wp-block-heading\">Neem contact met ons op<\/h5>\n\n\n<nav class=\"has-text-color has-cyan-bluish-gray-color is-responsive wp-block-navigation is-layout-flex wp-block-navigation-is-layout-flex\" \n\t\t data-wp-interactive=\"core\/navigation\" data-wp-context='{\"overlayOpenedBy\":{\"click\":false,\"hover\":false,\"focus\":false},\"type\":\"overlay\",\"roleAttribute\":\"\",\"ariaLabel\":\"Menu\"}'><button aria-haspopup=\"dialog\" aria-label=\"Menu openen\" class=\"wp-block-navigation__responsive-container-open\" \n\t\t\t\tdata-wp-on--click=\"actions.openMenuOnClick\"\n\t\t\t\tdata-wp-on--keydown=\"actions.handleMenuKeydown\"\n\t\t\t><svg width=\"24\" height=\"24\" xmlns=\"http:\/\/www.w3.org\/2000\/svg\" viewbox=\"0 0 24 24\" aria-hidden=\"true\" focusable=\"false\"><path d=\"M4 7.5h16v1.5H4z\"><\/path><path d=\"M4 15h16v1.5H4z\"><\/path><\/svg><\/button>\n\t\t\t\t<div class=\"wp-block-navigation__responsive-container\"  id=\"modal-1\" \n\t\t\t\tdata-wp-class--has-modal-open=\"state.isMenuOpen\"\n\t\t\t\tdata-wp-class--is-menu-open=\"state.isMenuOpen\"\n\t\t\t\tdata-wp-watch=\"callbacks.initMenu\"\n\t\t\t\tdata-wp-on--keydown=\"actions.handleMenuKeydown\"\n\t\t\t\tdata-wp-on--focusout=\"actions.handleMenuFocusout\"\n\t\t\t\ttabindex=\"-1\"\n\t\t\t>\n\t\t\t\t\t<div class=\"wp-block-navigation__responsive-close\" tabindex=\"-1\">\n\t\t\t\t\t\t<div class=\"wp-block-navigation__responsive-dialog\" \n\t\t\t\tdata-wp-bind--aria-modal=\"state.ariaModal\"\n\t\t\t\tdata-wp-bind--aria-label=\"state.ariaLabel\"\n\t\t\t\tdata-wp-bind--role=\"state.roleAttribute\"\n\t\t\t>\n\t\t\t\t\t\t\t<button aria-label=\"Menu sluiten\" class=\"wp-block-navigation__responsive-container-close\" \n\t\t\t\tdata-wp-on--click=\"actions.closeMenuOnClick\"\n\t\t\t><svg xmlns=\"http:\/\/www.w3.org\/2000\/svg\" viewbox=\"0 0 24 24\" width=\"24\" height=\"24\" aria-hidden=\"true\" focusable=\"false\"><path d=\"m13.06 12 6.47-6.47-1.06-1.06L12 10.94 5.53 4.47 4.47 5.53 10.94 12l-6.47 6.47 1.06 1.06L12 13.06l6.47 6.47 1.06-1.06L13.06 12Z\"><\/path><\/svg><\/button>\n\t\t\t\t\t\t\t<div class=\"wp-block-navigation__responsive-container-content\" \n\t\t\t\tdata-wp-watch=\"callbacks.focusFirstElement\"\n\t\t\t id=\"modal-1-content\">\n\t\t\t\t\t\t\t\t<ul class=\"wp-block-navigation__container has-text-color has-cyan-bluish-gray-color is-responsive wp-block-navigation\"><li class=\"wp-block-navigation-item wp-block-navigation-link\"><a class=\"wp-block-navigation-item__content\"  href=\"http:\/\/maps.google.com\/?q=S%C3%B6dra%20J%C3%A4rnv%C3%A4gsgatan%2020,%20577%2071,%20Virserum\"><span class=\"wp-block-navigation-item__label\"><strong>Adres<\/strong>: <em>Box 1, 577 03, Virserum<\/em><\/span><\/a><\/li><li class=\"wp-block-navigation-item wp-block-navigation-link\"><a class=\"wp-block-navigation-item__content\"  href=\"mailto:info@smalsparet.com\"><span class=\"wp-block-navigation-item__label\"><strong>E-mail:<\/strong> info@smalsparet.com<\/span><\/a><\/li><li class=\"wp-block-navigation-item wp-block-navigation-link\"><a class=\"wp-block-navigation-item__content\"  href=\"tel:004649510808\"><span class=\"wp-block-navigation-item__label\"><strong>Dressin Virserum\/\u00c5seda:<\/strong> 0495-108 08<\/span><\/a><\/li><li class=\"wp-block-navigation-item wp-block-navigation-link\"><a class=\"wp-block-navigation-item__content\"  href=\"tel:0046495650880\"><span class=\"wp-block-navigation-item__label\"><strong>Dressin Flaten\/Hultsfred: <\/strong>0495-650 880<\/span><\/a><\/li><\/ul>\n\t\t\t\t\t\t\t<\/div>\n\t\t\t\t\t\t<\/div>\n\t\t\t\t\t<\/div>\n\t\t\t\t<\/div><\/nav><\/div>\n\n\n\n<div class=\"wp-block-column is-layout-flow wp-block-column-is-layout-flow\" style=\"flex-basis:33.33%\"><script>(function() {\n\twindow.mc4wp = window.mc4wp || {\n\t\tlisteners: [],\n\t\tforms: {\n\t\t\ton: function(evt, cb) {\n\t\t\t\twindow.mc4wp.listeners.push(\n\t\t\t\t\t{\n\t\t\t\t\t\tevent   : evt,\n\t\t\t\t\t\tcallback: cb\n\t\t\t\t\t}\n\t\t\t\t);\n\t\t\t}\n\t\t}\n\t}\n})();\n<\/script><!-- Mailchimp for WordPress v4.11.1 - https:\/\/wordpress.org\/plugins\/mailchimp-for-wp\/ --><form id=\"mc4wp-form-1\" class=\"mc4wp-form mc4wp-form-4128\" method=\"post\" data-id=\"4128\" data-name=\"Nyhetsbrev sidfot\" action=\"\" ><div class=\"mc4wp-form-fields\"><p class=\"has-cyan-bluish-gray-color\">\r\n\t<label>E-mailadres: \r\n\t\t<input type=\"email\" name=\"EMAIL\" placeholder=\"Uw e-mailadres\" required \/>\r\n<\/label>\r\n<\/p>\r\n\r\n<p class=\"has-cyan-bluish-gray-color\">\r\n    <label>\r\n        <input name=\"AGREE_TO_TERMS\" type=\"checkbox\" value=\"1\" required=\"\" style=\"margin-right: 10px;\">Ik heb de algemene voorwaarden gelezen en accepteer deze<\/label>\r\n<\/p>\r\n\r\n<p>\r\n\t<input type=\"submit\" value=\"Registreer\" \/>\r\n<\/p><\/div><label style=\"display: none !important;\">Laat dit veld leeg als je een mens bent: <input type=\"text\" name=\"_mc4wp_honeypot\" value=\"\" tabindex=\"-1\" autocomplete=\"off\" \/><\/label><input type=\"hidden\" name=\"_mc4wp_timestamp\" value=\"1775835154\" \/><input type=\"hidden\" name=\"_mc4wp_form_id\" value=\"4128\" \/><input type=\"hidden\" name=\"_mc4wp_form_element_id\" value=\"mc4wp-form-1\" \/><div class=\"mc4wp-response\"><\/div><input type=\"hidden\" name=\"trp-form-language\" value=\"nl\"\/><\/form><!-- \/ Mailchimp for WordPress Plugin -->\n\n\n<p><\/p>\n<\/div>\n<\/div>\n<\/div><\/div>","protected":false},"excerpt":{"rendered":"<p>Hyr Flaten station Boka v\u00e5r fina och omsorgsfullt restaurerade station i Flaten, mellan Virserum och M\u00e5lilla. F\u00f6reningen har sedan 2018 k\u00f6pt in och \u00e5terst\u00e4llt Flaten station, l\u00e4ngs Smalsp\u00e5ret p\u00e5 str\u00e4ckan Virserum-G\u00e5rdveda-Hultsfred. Huset var i ett bedagat skick och tr\u00e4dg\u00e5rden igenvuxen, men efter m\u00e5nga timmars renovering samt restuarering s\u00e5 \u00e4r b\u00e5de stationshuset och marken intill omsorgsfullt [&hellip;]<\/p>\n","protected":false},"author":3,"featured_media":1219,"parent":0,"menu_order":0,"comment_status":"closed","ping_status":"closed","template":"","meta":{"om_disable_all_campaigns":false,"_uag_custom_page_level_css":"","_monsterinsights_skip_tracking":false,"_monsterinsights_sitenote_active":false,"_monsterinsights_sitenote_note":"","_monsterinsights_sitenote_category":0,"site-sidebar-layout":"no-sidebar","site-content-layout":"page-builder","ast-site-content-layout":"full-width-container","site-content-style":"unboxed","site-sidebar-style":"unboxed","ast-global-header-display":"","ast-banner-title-visibility":"","ast-main-header-display":"","ast-hfb-above-header-display":"","ast-hfb-below-header-display":"","ast-hfb-mobile-header-display":"","site-post-title":"disabled","ast-breadcrumbs-content":"","ast-featured-img":"disabled","footer-sml-layout":"","ast-disable-related-posts":"","theme-transparent-header-meta":"default","adv-header-id-meta":"","stick-header-meta":"","header-above-stick-meta":"","header-main-stick-meta":"","header-below-stick-meta":"","astra-migrate-meta-layouts":"set","ast-page-background-enabled":"default","ast-page-background-meta":{"desktop":{"background-color":"","background-image":"","background-repeat":"repeat","background-position":"center center","background-size":"auto","background-attachment":"scroll","background-type":"","background-media":"","overlay-type":"","overlay-color":"","overlay-opacity":"","overlay-gradient":""},"tablet":{"background-color":"","background-image":"","background-repeat":"repeat","background-position":"center center","background-size":"auto","background-attachment":"scroll","background-type":"","background-media":"","overlay-type":"","overlay-color":"","overlay-opacity":"","overlay-gradient":""},"mobile":{"background-color":"","background-image":"","background-repeat":"repeat","background-position":"center center","background-size":"auto","background-attachment":"scroll","background-type":"","background-media":"","overlay-type":"","overlay-color":"","overlay-opacity":"","overlay-gradient":""}},"ast-content-background-meta":{"desktop":{"background-color":"var(--ast-global-color-5)","background-image":"","background-repeat":"repeat","background-position":"center center","background-size":"auto","background-attachment":"scroll","background-type":"","background-media":"","overlay-type":"","overlay-color":"","overlay-opacity":"","overlay-gradient":""},"tablet":{"background-color":"var(--ast-global-color-5)","background-image":"","background-repeat":"repeat","background-position":"center center","background-size":"auto","background-attachment":"scroll","background-type":"","background-media":"","overlay-type":"","overlay-color":"","overlay-opacity":"","overlay-gradient":""},"mobile":{"background-color":"var(--ast-global-color-5)","background-image":"","background-repeat":"repeat","background-position":"center center","background-size":"auto","background-attachment":"scroll","background-type":"","background-media":"","overlay-type":"","overlay-color":"","overlay-opacity":"","overlay-gradient":""}},"footnotes":""},"class_list":["post-8518","page","type-page","status-publish","has-post-thumbnail","hentry"],"aioseo_notices":[],"spectra_custom_meta":{"site-sidebar-layout":["no-sidebar"],"site-content-layout":["page-builder"],"theme-transparent-header-meta":["default"],"site-post-title":["disabled"],"_thumbnail_id":["1219"],"ast-featured-img":["disabled"],"_genesis_title":["\u00c5k t\u00e5g p\u00e5 smalsp\u00e5ret"],"_genesis_description":["Upplev smalsp\u00e5ret fr\u00e5n de klassiska brandgula r\u00e4lsbussarna. Att \u00e5ka r\u00e4lsbuss genom Sm\u00e5land \u00e4r en nostalgisk utflykt f\u00f6r hela familjen."],"_dp_original":["4563"],"_edit_lock":["1738008810:3"],"om_disable_all_campaigns":[""],"_uag_custom_page_level_css":[""],"_monsterinsights_skip_tracking":[""],"_monsterinsights_sitenote_active":[""],"ast-site-content-layout":["full-width-container"],"site-content-style":["unboxed"],"site-sidebar-style":["unboxed"],"adv-header-id-meta":[""],"stick-header-meta":[""],"astra-migrate-meta-layouts":["set"],"footnotes":[""],"_edit_last":["3"],"_aioseo_title":[null],"_aioseo_description":[null],"_aioseo_keywords":[""],"_aioseo_og_title":[null],"_aioseo_og_description":[null],"_aioseo_og_article_section":[""],"_aioseo_og_article_tags":[""],"_aioseo_twitter_title":[null],"_aioseo_twitter_description":[null],"_uag_page_assets":["a:9:{s:3:\"css\";s:0:\"\";s:2:\"js\";s:0:\"\";s:18:\"current_block_list\";a:12:{i:0;s:10:\"core\/group\";i:1;s:12:\"core\/heading\";i:2;s:14:\"core\/paragraph\";i:4;s:12:\"core\/columns\";i:5;s:11:\"core\/column\";i:6;s:10:\"core\/image\";i:7;s:15:\"core\/navigation\";i:8;s:20:\"core\/navigation-link\";i:10;s:21:\"mailchimp-for-wp\/form\";i:11;s:26:\"woocommerce\/product-search\";i:12;s:27:\"woocommerce\/product-on-sale\";i:13;s:32:\"woocommerce\/product-best-sellers\";}s:8:\"uag_flag\";b:0;s:11:\"uag_version\";s:10:\"1775748772\";s:6:\"gfonts\";a:0:{}s:10:\"gfonts_url\";s:0:\"\";s:12:\"gfonts_files\";a:0:{}s:14:\"uag_faq_layout\";b:0;}"]},"uagb_featured_image_src":{"full":["https:\/\/smalsparet.com\/wp-content\/uploads\/2006\/10\/IMG_20170520_060252-scaled-1.jpg",2560,1920,false],"thumbnail":["https:\/\/smalsparet.com\/wp-content\/uploads\/2006\/10\/IMG_20170520_060252-scaled-1-150x150.jpg",150,150,true],"medium":["https:\/\/smalsparet.com\/wp-content\/uploads\/2006\/10\/IMG_20170520_060252-scaled-1-300x225.jpg",300,225,true],"medium_large":["https:\/\/smalsparet.com\/wp-content\/uploads\/2006\/10\/IMG_20170520_060252-scaled-1-768x576.jpg",768,576,true],"large":["https:\/\/smalsparet.com\/wp-content\/uploads\/2006\/10\/IMG_20170520_060252-scaled-1-1024x768.jpg",1024,768,true],"1536x1536":["https:\/\/smalsparet.com\/wp-content\/uploads\/2006\/10\/IMG_20170520_060252-scaled-1-1536x1152.jpg",1536,1152,true],"2048x2048":["https:\/\/smalsparet.com\/wp-content\/uploads\/2006\/10\/IMG_20170520_060252-scaled-1-2048x1536.jpg",2048,1536,true],"trp-custom-language-flag":["https:\/\/smalsparet.com\/wp-content\/uploads\/2006\/10\/IMG_20170520_060252-scaled-1.jpg",16,12,false],"woocommerce_thumbnail":["https:\/\/smalsparet.com\/wp-content\/uploads\/2006\/10\/IMG_20170520_060252-scaled-1-300x300.jpg",300,300,true],"woocommerce_single":["https:\/\/smalsparet.com\/wp-content\/uploads\/2006\/10\/IMG_20170520_060252-scaled-1-600x450.jpg",600,450,true],"woocommerce_gallery_thumbnail":["https:\/\/smalsparet.com\/wp-content\/uploads\/2006\/10\/IMG_20170520_060252-scaled-1-100x100.jpg",100,100,true],"awb_sm":["https:\/\/smalsparet.com\/wp-content\/uploads\/2006\/10\/IMG_20170520_060252-scaled-1.jpg",500,375,false],"awb_md":["https:\/\/smalsparet.com\/wp-content\/uploads\/2006\/10\/IMG_20170520_060252-scaled-1.jpg",800,600,false],"awb_lg":["https:\/\/smalsparet.com\/wp-content\/uploads\/2006\/10\/IMG_20170520_060252-scaled-1.jpg",1280,960,false],"awb_xl":["https:\/\/smalsparet.com\/wp-content\/uploads\/2006\/10\/IMG_20170520_060252-scaled-1.jpg",1920,1440,false]},"uagb_author_info":{"display_name":"Olaf","author_link":"https:\/\/smalsparet.com\/nl\/author\/olalid\/"},"uagb_comment_info":0,"uagb_excerpt":"Hyr Flaten station Boka v\u00e5r fina och omsorgsfullt restaurerade station i Flaten, mellan Virserum och M\u00e5lilla. F\u00f6reningen har sedan 2018 k\u00f6pt in och \u00e5terst\u00e4llt Flaten station, l\u00e4ngs Smalsp\u00e5ret p\u00e5 str\u00e4ckan Virserum-G\u00e5rdveda-Hultsfred. Huset var i ett bedagat skick och tr\u00e4dg\u00e5rden igenvuxen, men efter m\u00e5nga timmars renovering samt restuarering s\u00e5 \u00e4r b\u00e5de stationshuset och marken intill omsorgsfullt&hellip;","_links":{"self":[{"href":"https:\/\/smalsparet.com\/nl\/wp-json\/wp\/v2\/pages\/8518","targetHints":{"allow":["GET"]}}],"collection":[{"href":"https:\/\/smalsparet.com\/nl\/wp-json\/wp\/v2\/pages"}],"about":[{"href":"https:\/\/smalsparet.com\/nl\/wp-json\/wp\/v2\/types\/page"}],"author":[{"embeddable":true,"href":"https:\/\/smalsparet.com\/nl\/wp-json\/wp\/v2\/users\/3"}],"replies":[{"embeddable":true,"href":"https:\/\/smalsparet.com\/nl\/wp-json\/wp\/v2\/comments?post=8518"}],"version-history":[{"count":9,"href":"https:\/\/smalsparet.com\/nl\/wp-json\/wp\/v2\/pages\/8518\/revisions"}],"predecessor-version":[{"id":8548,"href":"https:\/\/smalsparet.com\/nl\/wp-json\/wp\/v2\/pages\/8518\/revisions\/8548"}],"wp:featuredmedia":[{"embeddable":true,"href":"https:\/\/smalsparet.com\/nl\/wp-json\/wp\/v2\/media\/1219"}],"wp:attachment":[{"href":"https:\/\/smalsparet.com\/nl\/wp-json\/wp\/v2\/media?parent=8518"}],"curies":[{"name":"wp","href":"https:\/\/api.w.org\/{rel}","templated":true}]}}