{"id":4594,"date":"2021-03-19T09:00:01","date_gmt":"2021-03-19T09:00:01","guid":{"rendered":"https:\/\/nya.smalsparet.com\/?page_id=4594"},"modified":"2023-08-21T15:19:21","modified_gmt":"2023-08-21T15:19:21","slug":"vanliga-fragor-om-dressincykling","status":"publish","type":"page","link":"https:\/\/smalsparet.com\/nl\/cykla-dressin\/vanliga-fragor-om-dressincykling\/","title":{"rendered":"Veelgestelde vragen over het trappen van een trolley"},"content":{"rendered":"<div class=\"inherit-container-width wp-block-group has-background is-layout-constrained wp-block-group-is-layout-constrained\" style=\"background-color:#f8f6f3\"><div class=\"wp-block-group__inner-container\">\n<h1 class=\"wp-block-heading has-text-align-center\">Veelgestelde vragen over het trappen van een trolley<\/h1>\n\n\n\n<p><\/p>\n<\/div><\/div>\n\n\n\n<div class=\"inherit-container-width wp-block-group alignwide is-layout-constrained wp-block-group-is-layout-constrained\"><div class=\"wp-block-group__inner-container\">\n<div class=\"wp-block-columns is-layout-flex wp-container-core-columns-is-layout-28f84493 wp-block-columns-is-layout-flex\">\n<div class=\"wp-block-column is-layout-flow wp-block-column-is-layout-flow\" style=\"flex-basis:50%\">\n<h2 class=\"wp-block-heading\">Voor het fietsen<\/h2>\n\n\n\n<h4 class=\"wp-block-heading\">Hoe maak ik een boeking?<\/h4>\n\n\n\n<p class=\"translation-block\">Je kunt eenvoudig direct boeken op onze website. Informatie en reservering voor elke route: <a href=\"https:\/\/smalsparet.com\/nl\/cykla-dressin\/cykla-dressin-fran-hultsfred-till-malilla\/\" data-type=\"page\" data-id=\"4511\" target=\"_self\">Hultsfred<\/a>, <a href=\"https:\/\/smalsparet.com\/nl\/cykla-dressin\/cykla-dressin-fran-flaten-till-gardveda\/\" data-type=\"page\" data-id=\"4548\" target=\"_self\">Flaten<\/a>, <a href=\"https:\/\/smalsparet.com\/nl\/cykla-dressin\/cykla-dressin-fran-virserum-till-aseda\/\" data-type=\"page\" data-id=\"4131\" target=\"_self\">Virserum<\/a>, <a href=\"https:\/\/smalsparet.com\/nl\/cykla-dressin\/cykla-dressin-fran-aseda-till-virserum\/\" data-type=\"page\" data-id=\"4164\" target=\"_self\">\u00c5seda<\/a>. <strong>We kunnen geen boekingen per e-mail accepteren<\/strong>, maar verwijzen naar de online boeking. Dit is omdat het erg druk is en we bezoekers vooral ter plekke willen helpen. <strong>Telefonische boekingen zijn beperkt<\/strong>, dus het <strong>is afhankelijk van beschikbaarheid<\/strong>, de huidige boekingsstatus is altijd online zichtbaar.<\/p>\n\n\n\n<hr class=\"wp-block-separator has-css-opacity\"\/>\n\n\n\n<h4 class=\"wp-block-heading\">Hoe kan ik annuleren?<\/h4>\n\n\n\n<p>Je kunt eenvoudig annuleren op onze boekingspagina, de link verschilt afhankelijk van de route waarvoor je hebt geboekt. Als je niet kunt inloggen, stuur dan een e-mail naar info@smalsparet.com en vermeld je boekingsnummer en de route waarvoor je hebt geboekt, dan helpen we je verder.<\/p>\n\n\n\n<p><a href=\"https:\/\/dressinhultsfred.bokamera.se\/bookings\">Annuleer fietsen met start in Flaten of Hultsfred<\/a><\/p>\n\n\n\n<p><a href=\"https:\/\/dressinvirserum.bokamera.se\/bookings\">Annuleer fietsen met start in Virserum of \u00c5seda<\/a><\/p>\n\n\n\n<hr class=\"wp-block-separator has-css-opacity\"\/>\n\n\n\n<h4 class=\"wp-block-heading\">Hoe betaal ik?<\/h4>\n\n\n\n<p>We accepteren Swish en kaarten op alle locaties, de betaling wordt gedaan bij aankomst, dus je hoeft de boeking niet van tevoren te betalen.<\/p>\n\n\n\n<hr class=\"wp-block-separator has-css-opacity\"\/>\n\n\n\n<h4 class=\"wp-block-heading\">Moet ik speciale kleding dragen?<\/h4>\n\n\n\n<p>Kleed je naar het weer, denk eraan dat je in de natuur aan het fietsen bent. Met andere woorden, niet te kwetsbare kleding.<\/p>\n\n\n\n<hr class=\"wp-block-separator has-css-opacity\"\/>\n\n\n\n<h4 class=\"wp-block-heading\">Moet ik een helm dragen?<\/h4>\n\n\n\n<p>Natuurlijk raden we je aan een helm te dragen, vooral voor kinderen en jongeren. Er is een klein aantal helmen te leen bij de start, mocht je die vergeten zijn.<\/p>\n\n\n\n<hr class=\"wp-block-separator has-css-opacity\"\/>\n\n\n\n<h4 class=\"wp-block-heading\">Mogen zelfs de kleinste kinderen mee?<\/h4>\n\n\n\n<p>Absoluut, kinderen die zelf rechtop kunnen zitten of in een kinderzitje zitten, zijn prima. We hebben speciale kinderzitjes die je aan de fietsen hangt, houd er rekening mee dat er een beperkt aantal op elke route zijn.<\/p>\n\n\n\n<hr class=\"wp-block-separator has-css-opacity\"\/>\n\n\n\n<h4 class=\"wp-block-heading\">Hoeveel mensen kunnen op een fiets zitten?<\/h4>\n\n\n\n<p>De trolleys kunnen elk tot 2 personen vervoeren.<\/p>\n\n\n\n<hr class=\"wp-block-separator has-css-opacity\"\/>\n\n\n\n<h4 class=\"wp-block-heading\">Fiets je enkele reis of heen en terug?<\/h4>\n\n\n\n<p>Je begint en eindigt op dezelfde plaats. Als je bijvoorbeeld huurt in Virserum en naar \u00c5seda fietst, fiets je ook terug naar Virserum.<\/p>\n\n\n\n<hr class=\"wp-block-separator has-css-opacity\"\/>\n\n\n\n<h4 class=\"wp-block-heading\">Kan ik mijn hond meenemen?<\/h4>\n\n\n\n<p>Ja, het is mogelijk om de hond mee te nemen, maar houd er rekening mee dat het nogal een lawaaiige omgeving is voor een hond met hun goede gehoor. De hond moet zich ook op zijn gemak voelen als hij op het platte plateau van de kar zit, zodat hij er bijvoorbeeld niet afspringt tijdens het rijden. Overweeg of de hond mee moet voordat je hem meeneemt.<\/p>\n\n\n\n<hr class=\"wp-block-separator has-css-opacity\"\/>\n\n\n\n<h3 class=\"wp-block-heading\">Terwijl je fietst<\/h3>\n\n\n\n<h4 class=\"wp-block-heading\">Zijn er regels voor fietsen?<\/h4>\n\n\n\n<p>Voordat je begint met fietsen, teken je een overeenkomst met onze verkeersregels. Onze medewerkers zullen deze ook met de hele groep doornemen voordat je vertrekt. Langs de routes staan ook stopborden e.d. die aangeven waar je moet stoppen en de fiets moet geleiden.<\/p>\n\n\n\n<hr class=\"wp-block-separator has-css-opacity\"\/>\n\n\n\n<h4 class=\"wp-block-heading\">Kan ik blijven waar ik wil?<\/h4>\n\n\n\n<p>Vergeet absoluut niet om je fiets los te koppelen zodat anderen kunnen passeren, bijvoorbeeld als je wilt stoppen voor een koffiepauze langs de route. Respecteer ook priv\u00e9terrein en -eigendom.<\/p>\n\n\n\n<hr class=\"wp-block-separator has-css-opacity\"\/>\n\n\n\n<h4 class=\"wp-block-heading\">Hoe werkt het als ik andere fietsers ontmoet?<\/h4>\n\n\n\n<p>Afhankelijk van de rijrichting zal jij of de tegemoetkomende fietser afstappen. Onze medewerkers zullen je hierover ter plaatse informeren. Denk eraan de fiets op te tillen aan het frame\/de onderkant van de fiets, niet aan het stuur enz.<\/p>\n\n\n\n<hr class=\"wp-block-separator has-css-opacity\"\/>\n\n\n\n<h4 class=\"wp-block-heading\">Hoe draai ik de fiets om?<\/h4>\n\n\n\n<p>De makkelijkste manier is om onze keerplaten te gebruiken, deze zijn beschikbaar op geselecteerde plaatsen langs de routes. Anders draai je de fiets door er een op te tillen aan elk uiteinde van het frame (niet in stuur\/zadels etc). Onze medewerkers zullen je laten zien hoe je dit moet doen voordat je aftrapt.<\/p>\n\n\n\n<hr class=\"wp-block-separator has-css-opacity\"\/>\n\n\n\n<h4 class=\"wp-block-heading\">Maak ik veel lawaai tijdens het fietsen?<\/h4>\n\n\n\n<p>Hoewel het een relatief stille ervaring is, moet je er rekening mee houden dat de wielen van metaal zijn en de rails ook. Er is dus meer lawaai dan bij een normale fiets. Voor de allerkleinsten raden we oorbeschermers aan, of als je een volwassene bent die achtergrondgeluid vervelend vindt.<\/p>\n\n\n\n<hr class=\"wp-block-separator has-css-opacity\"\/>\n\n\n\n<h4 class=\"wp-block-heading\">Moet ik de hele weg heen en terug fietsen?<\/h4>\n\n\n\n<p>Je mag zelf bepalen hoe ver je fietst, maar je moet altijd terugtrappen naar het beginpunt. Dus als je bijvoorbeeld in Virserum begint te fietsen, moet je daar na vier of acht uur weer eindigen.<\/p>\n\n\n\n<h3 class=\"wp-block-heading\">Na het fietsen<\/h3>\n\n\n\n<h4 class=\"wp-block-heading\">Er is iets misgegaan, met wie moet ik contact opnemen?<\/h4>\n\n\n\n<p class=\"translation-block\">Spreek in eerste instantie rechtstreeks met onze medewerkers ter plaatse en wij zullen proberen het probleem meteen op te lossen. Anders kunt u ons het gemakkelijkst bereiken op <a href=\"https:\/\/smalsparet.com\/nl\/kontakta-smalsparet\/\" data-type=\"page\" data-id=\"3614\" target=\"_self\">email<\/a> of <a href=\"https:\/\/www.facebook.com\/foreningensmalsparet\" target=\"_self\">Facebook<\/a>, en wij zullen u helpen.<\/p>\n\n\n\n<hr class=\"wp-block-separator has-css-opacity\"\/>\n\n\n\n<h4 class=\"wp-block-heading\">Ik ben iets vergeten<\/h4>\n\n\n\n<p class=\"translation-block\">Neem contact met ons op via <a href=\"https:\/\/smalsparet.com\/nl\/kontakta-smalsparet\/\" data-type=\"page\" data-id=\"3614\" target=\"_self\">email<\/a> of <a href=\"https:\/\/www.facebook.com\/foreningensmalsparet\" target=\"_self\">Facebook<\/a>, dan helpen wij je verder.<\/p>\n<\/div>\n\n\n\n<div class=\"wp-block-column is-layout-flow wp-block-column-is-layout-flow\" style=\"flex-basis:50%\">\n<figure class=\"wp-block-image size-large\"><img loading=\"lazy\" decoding=\"async\" width=\"576\" height=\"1024\" src=\"https:\/\/smalsparet.com\/wp-content\/uploads\/2021\/03\/20200717_124645-576x1024.jpg\" alt=\"Cykla dressin fr\u00e5n \u00c5seda\" class=\"wp-image-4471\"\/><figcaption class=\"wp-element-caption\">We hebben fietsen met kinderzitjes in beperkte aantallen. Goed voor de allerkleinsten.<\/figcaption><\/figure>\n\n\n\n<figure class=\"wp-block-image size-large\"><img loading=\"lazy\" decoding=\"async\" width=\"576\" height=\"1024\" src=\"https:\/\/smalsparet.com\/wp-content\/uploads\/2021\/03\/20200717_124635-576x1024.jpg\" alt=\"Dressiner i \u00c5seda\" class=\"wp-image-4469\" srcset=\"https:\/\/smalsparet.com\/wp-content\/uploads\/2021\/03\/20200717_124635-576x1024.jpg 576w, https:\/\/smalsparet.com\/wp-content\/uploads\/2021\/03\/20200717_124635-169x300.jpg 169w, https:\/\/smalsparet.com\/wp-content\/uploads\/2021\/03\/20200717_124635-768x1365.jpg 768w, https:\/\/smalsparet.com\/wp-content\/uploads\/2021\/03\/20200717_124635-864x1536.jpg 864w, https:\/\/smalsparet.com\/wp-content\/uploads\/2021\/03\/20200717_124635-1152x2048.jpg 1152w, https:\/\/smalsparet.com\/wp-content\/uploads\/2021\/03\/20200717_124635-600x1067.jpg 600w, https:\/\/smalsparet.com\/wp-content\/uploads\/2021\/03\/20200717_124635-scaled.jpg 1440w\" sizes=\"auto, (max-width: 576px) 100vw, 576px\" \/><figcaption class=\"wp-element-caption\">In Hultsfred, Virserum en Flaten zijn alle fietsen uitgerust met een zitje en kunnen ze 2 volwassenen vervoeren. In \u00c5seda hebben de meeste trolleys een zitje, maar niet alle trolleys hebben een zitje.<\/figcaption><\/figure>\n\n\n\n<figure class=\"wp-block-image size-large\"><img loading=\"lazy\" decoding=\"async\" width=\"1024\" height=\"576\" src=\"https:\/\/smalsparet.com\/wp-content\/uploads\/2021\/06\/20210418_144231-1024x576.jpg\" alt=\"\" class=\"wp-image-4838\" srcset=\"https:\/\/smalsparet.com\/wp-content\/uploads\/2021\/06\/20210418_144231-1024x576.jpg 1024w, https:\/\/smalsparet.com\/wp-content\/uploads\/2021\/06\/20210418_144231-300x169.jpg 300w, https:\/\/smalsparet.com\/wp-content\/uploads\/2021\/06\/20210418_144231-768x432.jpg 768w, https:\/\/smalsparet.com\/wp-content\/uploads\/2021\/06\/20210418_144231-1536x864.jpg 1536w, https:\/\/smalsparet.com\/wp-content\/uploads\/2021\/06\/20210418_144231-2048x1152.jpg 2048w, https:\/\/smalsparet.com\/wp-content\/uploads\/2021\/06\/20210418_144231-600x338.jpg 600w\" sizes=\"auto, (max-width: 1024px) 100vw, 1024px\" \/><figcaption class=\"wp-element-caption\">Dressin fietsen kunnen eenvoudig worden gedraaid met onze draaiplateaus op geselecteerde locaties. Het is ook mogelijk om te draaien door de fiets op te tillen, \u00e9\u00e9n aan elk uiteinde, als je liever op een andere locatie draait.<\/figcaption><\/figure>\n\n\n\n<p><\/p>\n<\/div>\n<\/div>\n<\/div><\/div>\n\n\n\n<div class=\"wp-block-group alignfull has-background\" style=\"background-color:#001524\"><div class=\"wp-block-group__inner-container is-layout-flow wp-block-group-is-layout-flow\">\n<div class=\"wp-block-columns is-layout-flex wp-container-core-columns-is-layout-28f84493 wp-block-columns-is-layout-flex\">\n<div class=\"wp-block-column is-layout-flow wp-block-column-is-layout-flow\" style=\"flex-basis:40%\">\n<h5 class=\"has-white-color has-text-color wp-block-heading\">Over F\u00f6reningen Smalsp\u00e5ret<\/h5>\n\n\n\n<div class=\"wp-block-image\"><figure class=\"alignleft size-large is-resized\"><img loading=\"lazy\" decoding=\"async\" src=\"https:\/\/smalsparet.com\/wp-content\/uploads\/2020\/12\/FSVV_symbol@2x.png\" alt=\"F\u00f6reningen Smalsp\u00e5ret V\u00e4xj\u00f6-V\u00e4stervik\" class=\"wp-image-3909\" width=\"84\" height=\"84\" srcset=\"https:\/\/smalsparet.com\/wp-content\/uploads\/2020\/12\/FSVV_symbol@2x.png 600w, https:\/\/smalsparet.com\/wp-content\/uploads\/2020\/12\/FSVV_symbol@2x-300x300.png 300w, https:\/\/smalsparet.com\/wp-content\/uploads\/2020\/12\/FSVV_symbol@2x-150x150.png 150w, https:\/\/smalsparet.com\/wp-content\/uploads\/2020\/12\/FSVV_symbol@2x-12x12.png 12w, https:\/\/smalsparet.com\/wp-content\/uploads\/2020\/12\/FSVV_symbol@2x-100x100.png 100w, https:\/\/smalsparet.com\/wp-content\/uploads\/2020\/12\/FSVV_symbol@2x-500x500.png 500w, https:\/\/smalsparet.com\/wp-content\/uploads\/2020\/12\/FSVV_symbol@2x-70x70.png 70w\" sizes=\"auto, (max-width: 84px) 100vw, 84px\" \/><\/figure><\/div>\n\n\n\n<p class=\"has-cyan-bluish-gray-color has-text-color\">F\u00f6reningen Smalsp\u00e5ret V\u00e4xj\u00f6-V\u00e4stervik is een niet-politieke organisatie zonder winstoogmerk, opgericht in 1984, met meer dan 1000 leden.<\/p>\n\n\n\n<p class=\"has-cyan-bluish-gray-color has-text-color\">De vereniging zet zich in voor het behoud en de ontwikkeling van het smalspoor V\u00e4xj\u00f6-V\u00e4stervik op de huidige route. Meer lezen <a href=\"#\">meer over de vereniging<\/a>.<\/p>\n<\/div>\n\n\n\n<div class=\"wp-block-column is-layout-flow wp-block-column-is-layout-flow\" style=\"flex-basis:26.67%\">\n<h5 class=\"has-text-align-left has-white-color has-text-color wp-block-heading\">Neem contact met ons op<\/h5>\n\n\n<nav class=\"has-text-color has-cyan-bluish-gray-color is-responsive wp-block-navigation is-layout-flex wp-block-navigation-is-layout-flex\" \n\t\t data-wp-interactive=\"core\/navigation\" data-wp-context='{\"overlayOpenedBy\":{\"click\":false,\"hover\":false,\"focus\":false},\"type\":\"overlay\",\"roleAttribute\":\"\",\"ariaLabel\":\"Menu\"}'><button aria-haspopup=\"dialog\" aria-label=\"Menu openen\" class=\"wp-block-navigation__responsive-container-open\" \n\t\t\t\tdata-wp-on--click=\"actions.openMenuOnClick\"\n\t\t\t\tdata-wp-on--keydown=\"actions.handleMenuKeydown\"\n\t\t\t><svg width=\"24\" height=\"24\" xmlns=\"http:\/\/www.w3.org\/2000\/svg\" viewbox=\"0 0 24 24\" aria-hidden=\"true\" focusable=\"false\"><path d=\"M4 7.5h16v1.5H4z\"><\/path><path d=\"M4 15h16v1.5H4z\"><\/path><\/svg><\/button>\n\t\t\t\t<div class=\"wp-block-navigation__responsive-container\"  id=\"modal-1\" \n\t\t\t\tdata-wp-class--has-modal-open=\"state.isMenuOpen\"\n\t\t\t\tdata-wp-class--is-menu-open=\"state.isMenuOpen\"\n\t\t\t\tdata-wp-watch=\"callbacks.initMenu\"\n\t\t\t\tdata-wp-on--keydown=\"actions.handleMenuKeydown\"\n\t\t\t\tdata-wp-on--focusout=\"actions.handleMenuFocusout\"\n\t\t\t\ttabindex=\"-1\"\n\t\t\t>\n\t\t\t\t\t<div class=\"wp-block-navigation__responsive-close\" tabindex=\"-1\">\n\t\t\t\t\t\t<div class=\"wp-block-navigation__responsive-dialog\" \n\t\t\t\tdata-wp-bind--aria-modal=\"state.ariaModal\"\n\t\t\t\tdata-wp-bind--aria-label=\"state.ariaLabel\"\n\t\t\t\tdata-wp-bind--role=\"state.roleAttribute\"\n\t\t\t>\n\t\t\t\t\t\t\t<button aria-label=\"Menu sluiten\" class=\"wp-block-navigation__responsive-container-close\" \n\t\t\t\tdata-wp-on--click=\"actions.closeMenuOnClick\"\n\t\t\t><svg xmlns=\"http:\/\/www.w3.org\/2000\/svg\" viewbox=\"0 0 24 24\" width=\"24\" height=\"24\" aria-hidden=\"true\" focusable=\"false\"><path d=\"m13.06 12 6.47-6.47-1.06-1.06L12 10.94 5.53 4.47 4.47 5.53 10.94 12l-6.47 6.47 1.06 1.06L12 13.06l6.47 6.47 1.06-1.06L13.06 12Z\"><\/path><\/svg><\/button>\n\t\t\t\t\t\t\t<div class=\"wp-block-navigation__responsive-container-content\" \n\t\t\t\tdata-wp-watch=\"callbacks.focusFirstElement\"\n\t\t\t id=\"modal-1-content\">\n\t\t\t\t\t\t\t\t<ul class=\"wp-block-navigation__container has-text-color has-cyan-bluish-gray-color is-responsive wp-block-navigation\"><li class=\"wp-block-navigation-item wp-block-navigation-link\"><a class=\"wp-block-navigation-item__content\"  href=\"http:\/\/maps.google.com\/?q=S%C3%B6dra%20J%C3%A4rnv%C3%A4gsgatan%2020,%20577%2071,%20Virserum\"><span class=\"wp-block-navigation-item__label\"><strong>Adres<\/strong>: <em>Box 1, 577 03, Virserum<\/em><\/span><\/a><\/li><li class=\"wp-block-navigation-item wp-block-navigation-link\"><a class=\"wp-block-navigation-item__content\"  href=\"mailto:info@smalsparet.com\"><span class=\"wp-block-navigation-item__label\"><strong>E-mail:<\/strong> info@smalsparet.com<\/span><\/a><\/li><li class=\"wp-block-navigation-item wp-block-navigation-link\"><a class=\"wp-block-navigation-item__content\"  href=\"tel:004649510808\"><span class=\"wp-block-navigation-item__label\"><strong>Dressin Virserum\/\u00c5seda:<\/strong> 0495-108 08<\/span><\/a><\/li><li class=\"wp-block-navigation-item wp-block-navigation-link\"><a class=\"wp-block-navigation-item__content\"  href=\"tel:0046495650880\"><span class=\"wp-block-navigation-item__label\"><strong>Dressin Flaten\/Hultsfred: <\/strong>0495-650 880<\/span><\/a><\/li><\/ul>\n\t\t\t\t\t\t\t<\/div>\n\t\t\t\t\t\t<\/div>\n\t\t\t\t\t<\/div>\n\t\t\t\t<\/div><\/nav><\/div>\n\n\n\n<div class=\"wp-block-column is-layout-flow wp-block-column-is-layout-flow\" style=\"flex-basis:33.33%\"><script>(function() {\n\twindow.mc4wp = window.mc4wp || {\n\t\tlisteners: [],\n\t\tforms: {\n\t\t\ton: function(evt, cb) {\n\t\t\t\twindow.mc4wp.listeners.push(\n\t\t\t\t\t{\n\t\t\t\t\t\tevent   : evt,\n\t\t\t\t\t\tcallback: cb\n\t\t\t\t\t}\n\t\t\t\t);\n\t\t\t}\n\t\t}\n\t}\n})();\n<\/script><!-- Mailchimp for WordPress v4.11.1 - https:\/\/wordpress.org\/plugins\/mailchimp-for-wp\/ --><form id=\"mc4wp-form-1\" class=\"mc4wp-form mc4wp-form-4128\" method=\"post\" data-id=\"4128\" data-name=\"Nyhetsbrev sidfot\" action=\"\" ><div class=\"mc4wp-form-fields\"><p class=\"has-cyan-bluish-gray-color\">\r\n\t<label>E-mailadres: \r\n\t\t<input type=\"email\" name=\"EMAIL\" placeholder=\"Uw e-mailadres\" required \/>\r\n<\/label>\r\n<\/p>\r\n\r\n<p class=\"has-cyan-bluish-gray-color\">\r\n    <label>\r\n        <input name=\"AGREE_TO_TERMS\" type=\"checkbox\" value=\"1\" required=\"\" style=\"margin-right: 10px;\">Ik heb de algemene voorwaarden gelezen en accepteer deze<\/label>\r\n<\/p>\r\n\r\n<p>\r\n\t<input type=\"submit\" value=\"Registreer\" \/>\r\n<\/p><\/div><label style=\"display: none !important;\">Laat dit veld leeg als je een mens bent: <input type=\"text\" name=\"_mc4wp_honeypot\" value=\"\" tabindex=\"-1\" autocomplete=\"off\" \/><\/label><input type=\"hidden\" name=\"_mc4wp_timestamp\" value=\"1775522689\" \/><input type=\"hidden\" name=\"_mc4wp_form_id\" value=\"4128\" \/><input type=\"hidden\" name=\"_mc4wp_form_element_id\" value=\"mc4wp-form-1\" \/><div class=\"mc4wp-response\"><\/div><input type=\"hidden\" name=\"trp-form-language\" value=\"nl\"\/><\/form><!-- \/ Mailchimp for WordPress Plugin -->\n\n\n<p><\/p>\n<\/div>\n<\/div>\n<\/div><\/div>\n\n\n\n<p><\/p>","protected":false},"excerpt":{"rendered":"<p>Vanliga fr\u00e5gor om dressincykling Inf\u00f6r cyklingen Hur bokar jag? Du bokar enkelt direkt h\u00e4r p\u00e5 v\u00e5r webbplats. Information samt bokning f\u00f6r respektive str\u00e4cka:&nbsp;Hultsfred,&nbsp;Flaten,&nbsp;Virserum,&nbsp;\u00c5seda.&nbsp;Vi kan tyv\u00e4rr inte ta emot bokningar p\u00e5 mail, utan h\u00e4nvisar till onlinebokningen. Detta d\u00e5 det \u00e4r mycket h\u00f6gt tryck och vi i f\u00f6rsta hand vill hj\u00e4lpa bes\u00f6kare p\u00e5 plats.&nbsp;Telefonbokningen \u00e4r begr\u00e4nsad, s\u00e5 [&hellip;]<\/p>\n","protected":false},"author":1,"featured_media":0,"parent":4537,"menu_order":0,"comment_status":"closed","ping_status":"closed","template":"","meta":{"om_disable_all_campaigns":false,"_uag_custom_page_level_css":"","_monsterinsights_skip_tracking":false,"_monsterinsights_sitenote_active":false,"_monsterinsights_sitenote_note":"","_monsterinsights_sitenote_category":0,"site-sidebar-layout":"no-sidebar","site-content-layout":"page-builder","ast-site-content-layout":"default","site-content-style":"default","site-sidebar-style":"default","ast-global-header-display":"","ast-banner-title-visibility":"","ast-main-header-display":"","ast-hfb-above-header-display":"","ast-hfb-below-header-display":"","ast-hfb-mobile-header-display":"","site-post-title":"disabled","ast-breadcrumbs-content":"","ast-featured-img":"","footer-sml-layout":"","ast-disable-related-posts":"","theme-transparent-header-meta":"default","adv-header-id-meta":"","stick-header-meta":"","header-above-stick-meta":"","header-main-stick-meta":"","header-below-stick-meta":"","astra-migrate-meta-layouts":"default","ast-page-background-enabled":"default","ast-page-background-meta":{"desktop":{"background-color":"","background-image":"","background-repeat":"repeat","background-position":"center center","background-size":"auto","background-attachment":"scroll","background-type":"","background-media":"","overlay-type":"","overlay-color":"","overlay-opacity":"","overlay-gradient":""},"tablet":{"background-color":"","background-image":"","background-repeat":"repeat","background-position":"center center","background-size":"auto","background-attachment":"scroll","background-type":"","background-media":"","overlay-type":"","overlay-color":"","overlay-opacity":"","overlay-gradient":""},"mobile":{"background-color":"","background-image":"","background-repeat":"repeat","background-position":"center center","background-size":"auto","background-attachment":"scroll","background-type":"","background-media":"","overlay-type":"","overlay-color":"","overlay-opacity":"","overlay-gradient":""}},"ast-content-background-meta":{"desktop":{"background-color":"var(--ast-global-color-5)","background-image":"","background-repeat":"repeat","background-position":"center center","background-size":"auto","background-attachment":"scroll","background-type":"","background-media":"","overlay-type":"","overlay-color":"","overlay-opacity":"","overlay-gradient":""},"tablet":{"background-color":"var(--ast-global-color-5)","background-image":"","background-repeat":"repeat","background-position":"center center","background-size":"auto","background-attachment":"scroll","background-type":"","background-media":"","overlay-type":"","overlay-color":"","overlay-opacity":"","overlay-gradient":""},"mobile":{"background-color":"var(--ast-global-color-5)","background-image":"","background-repeat":"repeat","background-position":"center center","background-size":"auto","background-attachment":"scroll","background-type":"","background-media":"","overlay-type":"","overlay-color":"","overlay-opacity":"","overlay-gradient":""}},"footnotes":""},"class_list":["post-4594","page","type-page","status-publish","hentry"],"aioseo_notices":[],"spectra_custom_meta":{"site-sidebar-layout":["no-sidebar"],"site-content-layout":["page-builder"],"theme-transparent-header-meta":["default"],"site-post-title":["disabled"],"_dp_original":["4306"],"_edit_lock":["1704913723:3"],"_edit_last":["3"],"_genesis_title":["Cykla dressin &#x2d; FAQ"],"_genesis_description":["Ska du cykla dressin? Vi har samlat de vanligaste fr\u00e5gorna och svaren p\u00e5 dessa i en enkel FAQ\/guide. F\u00e5 svar p\u00e5 det du undrar om dressincykling."],"_uag_page_assets":["a:9:{s:3:\"css\";s:0:\"\";s:2:\"js\";s:0:\"\";s:18:\"current_block_list\";a:13:{i:0;s:10:\"core\/group\";i:1;s:12:\"core\/heading\";i:2;s:14:\"core\/paragraph\";i:4;s:12:\"core\/columns\";i:5;s:11:\"core\/column\";i:6;s:14:\"core\/separator\";i:8;s:10:\"core\/image\";i:9;s:15:\"core\/navigation\";i:10;s:20:\"core\/navigation-link\";i:12;s:21:\"mailchimp-for-wp\/form\";i:13;s:26:\"woocommerce\/product-search\";i:14;s:27:\"woocommerce\/product-on-sale\";i:15;s:32:\"woocommerce\/product-best-sellers\";}s:8:\"uag_flag\";b:0;s:11:\"uag_version\";s:10:\"1775301941\";s:6:\"gfonts\";a:0:{}s:10:\"gfonts_url\";s:0:\"\";s:12:\"gfonts_files\";a:0:{}s:14:\"uag_faq_layout\";b:0;}"]},"uagb_featured_image_src":{"full":false,"thumbnail":false,"medium":false,"medium_large":false,"large":false,"1536x1536":false,"2048x2048":false,"trp-custom-language-flag":false,"woocommerce_thumbnail":false,"woocommerce_single":false,"woocommerce_gallery_thumbnail":false,"awb_sm":false,"awb_md":false,"awb_lg":false,"awb_xl":false},"uagb_author_info":{"display_name":"admin","author_link":"https:\/\/smalsparet.com\/nl\/author\/olafjlindstrom_ciz3lt7h\/"},"uagb_comment_info":0,"uagb_excerpt":"Vanliga fr\u00e5gor om dressincykling Inf\u00f6r cyklingen Hur bokar jag? Du bokar enkelt direkt h\u00e4r p\u00e5 v\u00e5r webbplats. Information samt bokning f\u00f6r respektive str\u00e4cka:&nbsp;Hultsfred,&nbsp;Flaten,&nbsp;Virserum,&nbsp;\u00c5seda.&nbsp;Vi kan tyv\u00e4rr inte ta emot bokningar p\u00e5 mail, utan h\u00e4nvisar till onlinebokningen. Detta d\u00e5 det \u00e4r mycket h\u00f6gt tryck och vi i f\u00f6rsta hand vill hj\u00e4lpa bes\u00f6kare p\u00e5 plats.&nbsp;Telefonbokningen \u00e4r begr\u00e4nsad, s\u00e5&hellip;","_links":{"self":[{"href":"https:\/\/smalsparet.com\/nl\/wp-json\/wp\/v2\/pages\/4594","targetHints":{"allow":["GET"]}}],"collection":[{"href":"https:\/\/smalsparet.com\/nl\/wp-json\/wp\/v2\/pages"}],"about":[{"href":"https:\/\/smalsparet.com\/nl\/wp-json\/wp\/v2\/types\/page"}],"author":[{"embeddable":true,"href":"https:\/\/smalsparet.com\/nl\/wp-json\/wp\/v2\/users\/1"}],"replies":[{"embeddable":true,"href":"https:\/\/smalsparet.com\/nl\/wp-json\/wp\/v2\/comments?post=4594"}],"version-history":[{"count":13,"href":"https:\/\/smalsparet.com\/nl\/wp-json\/wp\/v2\/pages\/4594\/revisions"}],"predecessor-version":[{"id":8314,"href":"https:\/\/smalsparet.com\/nl\/wp-json\/wp\/v2\/pages\/4594\/revisions\/8314"}],"up":[{"embeddable":true,"href":"https:\/\/smalsparet.com\/nl\/wp-json\/wp\/v2\/pages\/4537"}],"wp:attachment":[{"href":"https:\/\/smalsparet.com\/nl\/wp-json\/wp\/v2\/media?parent=4594"}],"curies":[{"name":"wp","href":"https:\/\/api.w.org\/{rel}","templated":true}]}}