{"id":4400,"date":"2021-02-02T19:05:46","date_gmt":"2021-02-02T19:05:46","guid":{"rendered":"https:\/\/nya.smalsparet.com\/?page_id=4400"},"modified":"2021-02-02T19:05:46","modified_gmt":"2021-02-02T19:05:46","slug":"vanliga-fragor-dressin","status":"publish","type":"page","link":"https:\/\/smalsparet.com\/nl\/vanliga-fragor-dressin\/","title":{"rendered":"Veelgestelde vragen dressin"},"content":{"rendered":"<div class=\"wp-block-group alignfull has-white-background-color has-background\"><div class=\"wp-block-group__inner-container is-layout-flow wp-block-group-is-layout-flow\">\n<h1 class=\"has-text-align-center wp-block-heading\">Veelgestelde vragen over het trappen van een trolley<\/h1>\n<\/div><\/div>\n\n\n\n<div class=\"wp-block-cover alignfull has-background-dim\" style=\"background-color:#d9dee3;min-height:500px;aspect-ratio:unset;\"><div class=\"wp-block-cover__inner-container is-layout-flow wp-block-cover-is-layout-flow\">\n<h2 class=\"has-text-align-center has-text-color wp-block-heading\" style=\"color:#333333\">Veelgestelde vragen v\u00f3\u00f3r het fietsen<\/h2>\n\n\n\n<div class=\"wp-block-columns are-vertically-aligned-top is-layout-flex wp-container-core-columns-is-layout-28f84493 wp-block-columns-is-layout-flex\">\n<div class=\"wp-block-column is-vertically-aligned-top is-layout-flow wp-block-column-is-layout-flow\">\n<div class=\"wp-block-group\"><div class=\"wp-block-group__inner-container is-layout-flow wp-block-group-is-layout-flow\">\n<h5 class=\"has-text-color wp-block-heading\" style=\"color:#333333\">Hoe maak ik een boeking?<\/h5>\n\n\n\n<p class=\"has-black-color has-text-color\">Je kunt gemakkelijk direct boeken op onze website. Informatie en boekingen voor elke route: <\/p>\n\n\n\n<p>Hultsfred, Flaten, <a href=\"https:\/\/smalsparet.com\/nl\/cykla-dressin-fran-virserum\/\" data-type=\"page\">Virserum<\/a>, <a href=\"https:\/\/smalsparet.com\/nl\/cykla-dressin-fran-aseda\/\" data-type=\"page\" data-id=\"4164\">\u00c5seda<\/a>.<\/p>\n\n\n\n<p class=\"has-text-color\" style=\"color:#333333\"><strong><em>Helaas kunnen we geen boekingen per e-mail accepteren<\/em><\/strong>maar verwijst naar de online boeking. Telefonische boekingen zijn beperkt en dus afhankelijk van beschikbaarheid, actuele beschikbaarheid en openingstijden zijn altijd online zichtbaar.<\/p>\n\n\n\n<h5 class=\"has-text-color wp-block-heading\" style=\"color:#333333\">Hoe kan ik annuleren?<\/h5>\n\n\n\n<p class=\"has-text-color\" style=\"color:#333333\">Je kunt eenvoudig annuleren op onze boekingspagina, de link verschilt afhankelijk van de route waarvoor je hebt geboekt. Als je niet kunt inloggen, stuur dan een e-mail naar info@smalsparet.com en vermeld je boekingsnummer en de route waarvoor je hebt geboekt, dan helpen we je verder.<\/p>\n\n\n\n<p><a href=\"https:\/\/dressinhultsfred.bokamera.se\/bookings\"><strong>Annuleer fietsen met start in Flaten of Hultsfred<\/strong><\/a><\/p>\n\n\n\n<p><a href=\"https:\/\/dressinvirserum.bokamera.se\/bookings\"><strong>Annuleer fietsen met start in Virserum of \u00c5seda<\/strong><\/a><\/p>\n\n\n\n<h5 class=\"has-text-color wp-block-heading\" style=\"color:#333333\">Moet ik speciale kleding dragen?<\/h5>\n\n\n\n<p class=\"has-text-color\" style=\"color:#333333\">Kleed je naar het weer, denk eraan dat je in de natuur aan het fietsen bent. Met andere woorden, niet te kwetsbare kleding.<\/p>\n<\/div><\/div>\n<\/div>\n\n\n\n<div class=\"wp-block-column is-vertically-aligned-top is-layout-flow wp-block-column-is-layout-flow\">\n<div class=\"wp-block-group\"><div class=\"wp-block-group__inner-container is-layout-flow wp-block-group-is-layout-flow\">\n<h5 class=\"has-text-color wp-block-heading\" style=\"color:#333333\">Moet ik een helm dragen?<\/h5>\n\n\n\n<p class=\"has-text-color\" style=\"color:#333333\">Natuurlijk raden we je aan een helm te dragen, vooral voor kinderen en jongeren. Er is een klein aantal helmen te leen bij de start, mocht je die vergeten zijn, maar neem gerust je eigen helm mee, zodat je er een krijgt die bij je past.<\/p>\n\n\n\n<h5 class=\"has-text-color wp-block-heading\" style=\"color:#333333\">Mogen zelfs de kleinste kinderen mee?<\/h5>\n\n\n\n<p class=\"has-text-color\" style=\"color:#333333\">Absoluut, kinderen die zelf rechtop kunnen zitten of in een kinderzitje zitten, zijn prima. We hebben speciale kinderzitjes die je aan de fietsen hangt, houd er rekening mee dat er een beperkt aantal op elke route zijn.<\/p>\n\n\n\n<h5 class=\"has-text-color wp-block-heading\" style=\"color:#333333\">Hoeveel mensen kunnen op een fiets zitten?<\/h5>\n\n\n\n<p class=\"has-text-color\" style=\"color:#333333\">Er zijn twee soorten fietsen, een met een zitje en een met een platte bodem. In Hultsfred en Flaten zijn ze allemaal met stoel, in Virserum en \u00c5seda is het gemengd. De versie met een stoel kan 2 volwassenen vervoeren, de versie met een dieplader kan 1 volwassene en 1 kind\/jeugd vervoeren.<\/p>\n\n\n\n<h5 class=\"has-text-color wp-block-heading\" style=\"color:#333333\">Fiets je enkele reis of heen en terug?<\/h5>\n\n\n\n<p class=\"has-text-color\" style=\"color:#333333\">Er zijn twee soorten fietsen, een met een zitje en een met een platte bodem. In Hultsfred en Flaten zijn ze allemaal met stoel, in Virserum en \u00c5seda is het gemengd. De versie met een stoel kan 2 volwassenen vervoeren, de versie met een dieplader kan 1 volwassene en 1 kind\/jeugd vervoeren.<\/p>\n\n\n\n<h5 class=\"has-black-color has-text-color wp-block-heading\">Kan ik mijn hond meenemen?<\/h5>\n\n\n\n<p class=\"has-black-color has-text-color\">Ja, het is mogelijk om de hond mee te nemen, maar houd er rekening mee dat het nogal een lawaaiige omgeving is voor een hond met hun goede gehoor. De hond moet het ook prettig vinden om achterop de fiets te zitten, zodat hij er bijvoorbeeld niet afspringt als hij te hard rijdt. Overweeg eerst of de hond mee moet voordat je hem meeneemt.<\/p>\n<\/div><\/div>\n\n\n\n<p><\/p>\n<\/div>\n<\/div>\n<\/div><\/div>\n\n\n\n<div class=\"wp-block-cover alignfull has-white-background-color has-background-dim\" style=\"min-height:500px;aspect-ratio:unset;\"><div class=\"wp-block-cover__inner-container is-layout-flow wp-block-cover-is-layout-flow\">\n<h2 class=\"has-text-align-center has-text-color wp-block-heading\" style=\"color:#333333\">Tijdens en na het fietsen<\/h2>\n\n\n\n<div class=\"wp-block-columns are-vertically-aligned-top is-layout-flex wp-container-core-columns-is-layout-28f84493 wp-block-columns-is-layout-flex\">\n<div class=\"wp-block-column is-vertically-aligned-top is-layout-flow wp-block-column-is-layout-flow\">\n<div class=\"wp-block-group\"><div class=\"wp-block-group__inner-container is-layout-flow wp-block-group-is-layout-flow\">\n<h5 class=\"has-black-color has-text-color wp-block-heading\">Zijn er regels voor fietsen?<\/h5>\n\n\n\n<p class=\"has-black-color has-text-color\">Voordat je begint met fietsen, teken je een overeenkomst met onze verkeersregels. Onze medewerkers zullen deze ook met de hele groep doornemen voordat je vertrekt. Langs de routes staan ook stopborden e.d. die aangeven waar je moet stoppen en de fiets moet geleiden.<\/p>\n\n\n\n<h5 class=\"has-black-color has-text-color wp-block-heading\">Kan ik blijven waar ik wil?<\/h5>\n\n\n\n<p class=\"has-black-color has-text-color\">Vergeet absoluut niet om je fiets los te koppelen zodat anderen kunnen passeren, bijvoorbeeld als je wilt stoppen voor een koffiepauze langs de route. Respecteer ook priv\u00e9terrein en -eigendom.<\/p>\n\n\n\n<h5 class=\"has-black-color has-text-color wp-block-heading\">Hoe werkt het als ik andere fietsers ontmoet?<\/h5>\n\n\n\n<p class=\"has-black-color has-text-color\">Afhankelijk van de rijrichting zal jij of de tegemoetkomende fietser afstappen. Onze medewerkers zullen je hierover ter plaatse informeren. Denk eraan de fiets op te tillen aan het frame\/de onderkant van de fiets, niet aan het stuur enz.<\/p>\n\n\n\n<p><\/p>\n<\/div><\/div>\n<\/div>\n\n\n\n<div class=\"wp-block-column is-vertically-aligned-top is-layout-flow wp-block-column-is-layout-flow\">\n<div class=\"wp-block-group\"><div class=\"wp-block-group__inner-container is-layout-flow wp-block-group-is-layout-flow\">\n<h5 class=\"has-black-color has-text-color wp-block-heading\">Hoe draai ik de fiets om?<\/h5>\n\n\n\n<p class=\"has-black-color has-text-color\">De makkelijkste manier is om onze keerplaten te gebruiken, deze zijn beschikbaar op geselecteerde plaatsen langs de routes. Anders draai je de fiets door er een op te tillen aan elk uiteinde van het frame (niet in stuur\/zadels etc). Onze medewerkers zullen je laten zien hoe je dit moet doen voordat je aftrapt.<\/p>\n\n\n\n<h5 class=\"has-black-color has-text-color wp-block-heading\">Er is iets misgegaan, met wie moet ik contact opnemen?<\/h5>\n\n\n\n<p class=\"has-black-color has-text-color\">Spreek in de eerste plaats rechtstreeks met onze medewerkers ter plaatse en we zullen proberen het probleem meteen op te lossen. Anders kun je ons het gemakkelijkst bereiken via e-mail of facebook, zoals hieronder, en dan helpen we je verder.<\/p>\n\n\n\n<h5 class=\"has-black-color has-text-color wp-block-heading\">Ik ben iets vergeten<\/h5>\n\n\n\n<p class=\"has-black-color has-text-color\">Hier kunt u ons bereiken<a href=\"mailto:info@smalsparet.com\"> per e-mail of telefoon zoals hieronder<\/a>.<\/p>\n\n\n\n<p><\/p>\n<\/div><\/div>\n\n\n\n<p><\/p>\n<\/div>\n<\/div>\n<\/div><\/div>\n\n\n\n<p><\/p>\n\n\n\n<div class=\"wp-block-group alignfull has-background\" style=\"background-color:#f8f6f3\"><div class=\"wp-block-group__inner-container is-layout-flow wp-block-group-is-layout-flow\">\n<h2 class=\"has-text-align-center wp-block-heading\">Spoorfietsen<\/h2>\n\n\n\n<h2 class=\"has-text-align-center wp-block-heading\">Virserum &amp; \u00c5seda<\/h2>\n\n\n\n<div class=\"wp-block-columns are-vertically-aligned-center is-layout-flex wp-container-core-columns-is-layout-28f84493 wp-block-columns-is-layout-flex\">\n<div class=\"wp-block-column is-vertically-aligned-center is-layout-flow wp-block-column-is-layout-flow\">\n<div class=\"wp-block-image is-style-default\"><figure class=\"aligncenter size-large is-resized\"><img loading=\"lazy\" decoding=\"async\" src=\"https:\/\/smalsparet.com\/wp-content\/uploads\/2020\/09\/phone.png\" alt=\"\" class=\"wp-image-3847\" width=\"25\" height=\"25\"\/><\/figure><\/div>\n\n\n\n<p class=\"has-text-align-center\">0495-108 08<\/p>\n<\/div>\n\n\n\n<div class=\"wp-block-column is-vertically-aligned-center is-layout-flow wp-block-column-is-layout-flow\">\n<div class=\"wp-block-image is-style-default\"><figure class=\"aligncenter size-large is-resized\"><img loading=\"lazy\" decoding=\"async\" src=\"https:\/\/smalsparet.com\/wp-content\/uploads\/2020\/09\/mail-us.png\" alt=\"\" class=\"wp-image-3853\" width=\"25\" height=\"17\"\/><\/figure><\/div>\n\n\n\n<p class=\"has-text-align-center\">info@smalsparet.com<\/p>\n<\/div>\n<\/div>\n<\/div><\/div>\n\n\n\n<div class=\"wp-block-group alignfull has-white-background-color has-background\"><div class=\"wp-block-group__inner-container is-layout-flow wp-block-group-is-layout-flow\">\n<h2 class=\"has-text-align-center wp-block-heading\">Spoorfietsen<\/h2>\n\n\n\n<h2 class=\"has-text-align-center wp-block-heading\">Hultsfred &amp; Flaten<\/h2>\n\n\n\n<div class=\"wp-block-columns are-vertically-aligned-center is-layout-flex wp-container-core-columns-is-layout-28f84493 wp-block-columns-is-layout-flex\">\n<div class=\"wp-block-column is-vertically-aligned-center is-layout-flow wp-block-column-is-layout-flow\">\n<div class=\"wp-block-image is-style-default\"><figure class=\"aligncenter size-large is-resized\"><img loading=\"lazy\" decoding=\"async\" src=\"https:\/\/smalsparet.com\/wp-content\/uploads\/2020\/09\/phone.png\" alt=\"\" class=\"wp-image-3847\" width=\"25\" height=\"25\"\/><\/figure><\/div>\n\n\n\n<p class=\"has-text-align-center\">0495-650 880<\/p>\n<\/div>\n\n\n\n<div class=\"wp-block-column is-vertically-aligned-center is-layout-flow wp-block-column-is-layout-flow\">\n<div class=\"wp-block-image is-style-default\"><figure class=\"aligncenter size-large is-resized\"><img loading=\"lazy\" decoding=\"async\" src=\"https:\/\/smalsparet.com\/wp-content\/uploads\/2020\/09\/mail-us.png\" alt=\"\" class=\"wp-image-3853\" width=\"25\" height=\"17\"\/><\/figure><\/div>\n\n\n\n<p class=\"has-text-align-center\">info@smalsparet.com<\/p>\n<\/div>\n<\/div>\n<\/div><\/div>\n\n\n\n<div class=\"wp-block-group alignfull has-background\" style=\"background-color:#001524\"><div class=\"wp-block-group__inner-container is-layout-flow wp-block-group-is-layout-flow\">\n<div class=\"wp-block-columns is-layout-flex wp-container-core-columns-is-layout-28f84493 wp-block-columns-is-layout-flex\">\n<div class=\"wp-block-column is-layout-flow wp-block-column-is-layout-flow\" style=\"flex-basis:40%\">\n<h5 class=\"has-white-color has-text-color wp-block-heading\">Over F\u00f6reningen Smalsp\u00e5ret<\/h5>\n\n\n\n<div class=\"wp-block-image\"><figure class=\"alignleft size-large is-resized\"><img loading=\"lazy\" decoding=\"async\" src=\"https:\/\/smalsparet.com\/wp-content\/uploads\/2020\/12\/FSVV_symbol@2x.png\" alt=\"F\u00f6reningen Smalsp\u00e5ret V\u00e4xj\u00f6-V\u00e4stervik\" class=\"wp-image-3909\" width=\"84\" height=\"84\" srcset=\"https:\/\/smalsparet.com\/wp-content\/uploads\/2020\/12\/FSVV_symbol@2x.png 600w, https:\/\/smalsparet.com\/wp-content\/uploads\/2020\/12\/FSVV_symbol@2x-300x300.png 300w, https:\/\/smalsparet.com\/wp-content\/uploads\/2020\/12\/FSVV_symbol@2x-150x150.png 150w, https:\/\/smalsparet.com\/wp-content\/uploads\/2020\/12\/FSVV_symbol@2x-12x12.png 12w, https:\/\/smalsparet.com\/wp-content\/uploads\/2020\/12\/FSVV_symbol@2x-100x100.png 100w, https:\/\/smalsparet.com\/wp-content\/uploads\/2020\/12\/FSVV_symbol@2x-500x500.png 500w, https:\/\/smalsparet.com\/wp-content\/uploads\/2020\/12\/FSVV_symbol@2x-70x70.png 70w\" sizes=\"auto, (max-width: 84px) 100vw, 84px\" \/><\/figure><\/div>\n\n\n\n<p class=\"has-cyan-bluish-gray-color has-text-color\">F\u00f6reningen Smalsp\u00e5ret V\u00e4xj\u00f6-V\u00e4stervik is een niet-politieke organisatie zonder winstoogmerk, opgericht in 1984, met meer dan 1000 leden.<\/p>\n\n\n\n<p class=\"has-cyan-bluish-gray-color has-text-color\">De vereniging zet zich in voor het behoud en de ontwikkeling van het smalspoor V\u00e4xj\u00f6-V\u00e4stervik op de huidige route. Meer lezen <a href=\"#\">meer over de vereniging<\/a>.<\/p>\n<\/div>\n\n\n\n<div class=\"wp-block-column is-layout-flow wp-block-column-is-layout-flow\" style=\"flex-basis:26.67%\">\n<h5 class=\"has-text-align-left has-white-color has-text-color wp-block-heading\">Neem contact met ons op<\/h5>\n\n\n<nav class=\"has-text-color has-cyan-bluish-gray-color is-responsive wp-block-navigation is-layout-flex wp-block-navigation-is-layout-flex\" \n\t\t data-wp-interactive=\"core\/navigation\" data-wp-context='{\"overlayOpenedBy\":{\"click\":false,\"hover\":false,\"focus\":false},\"type\":\"overlay\",\"roleAttribute\":\"\",\"ariaLabel\":\"Menu\"}'><button aria-haspopup=\"dialog\" aria-label=\"Menu openen\" class=\"wp-block-navigation__responsive-container-open\" \n\t\t\t\tdata-wp-on--click=\"actions.openMenuOnClick\"\n\t\t\t\tdata-wp-on--keydown=\"actions.handleMenuKeydown\"\n\t\t\t><svg width=\"24\" height=\"24\" xmlns=\"http:\/\/www.w3.org\/2000\/svg\" viewbox=\"0 0 24 24\" aria-hidden=\"true\" focusable=\"false\"><path d=\"M4 7.5h16v1.5H4z\"><\/path><path d=\"M4 15h16v1.5H4z\"><\/path><\/svg><\/button>\n\t\t\t\t<div class=\"wp-block-navigation__responsive-container\"  id=\"modal-1\" \n\t\t\t\tdata-wp-class--has-modal-open=\"state.isMenuOpen\"\n\t\t\t\tdata-wp-class--is-menu-open=\"state.isMenuOpen\"\n\t\t\t\tdata-wp-watch=\"callbacks.initMenu\"\n\t\t\t\tdata-wp-on--keydown=\"actions.handleMenuKeydown\"\n\t\t\t\tdata-wp-on--focusout=\"actions.handleMenuFocusout\"\n\t\t\t\ttabindex=\"-1\"\n\t\t\t>\n\t\t\t\t\t<div class=\"wp-block-navigation__responsive-close\" tabindex=\"-1\">\n\t\t\t\t\t\t<div class=\"wp-block-navigation__responsive-dialog\" \n\t\t\t\tdata-wp-bind--aria-modal=\"state.ariaModal\"\n\t\t\t\tdata-wp-bind--aria-label=\"state.ariaLabel\"\n\t\t\t\tdata-wp-bind--role=\"state.roleAttribute\"\n\t\t\t>\n\t\t\t\t\t\t\t<button aria-label=\"Menu sluiten\" class=\"wp-block-navigation__responsive-container-close\" \n\t\t\t\tdata-wp-on--click=\"actions.closeMenuOnClick\"\n\t\t\t><svg xmlns=\"http:\/\/www.w3.org\/2000\/svg\" viewbox=\"0 0 24 24\" width=\"24\" height=\"24\" aria-hidden=\"true\" focusable=\"false\"><path d=\"m13.06 12 6.47-6.47-1.06-1.06L12 10.94 5.53 4.47 4.47 5.53 10.94 12l-6.47 6.47 1.06 1.06L12 13.06l6.47 6.47 1.06-1.06L13.06 12Z\"><\/path><\/svg><\/button>\n\t\t\t\t\t\t\t<div class=\"wp-block-navigation__responsive-container-content\" \n\t\t\t\tdata-wp-watch=\"callbacks.focusFirstElement\"\n\t\t\t id=\"modal-1-content\">\n\t\t\t\t\t\t\t\t<ul class=\"wp-block-navigation__container has-text-color has-cyan-bluish-gray-color is-responsive wp-block-navigation\"><li class=\"wp-block-navigation-item wp-block-navigation-link\"><a class=\"wp-block-navigation-item__content\"  href=\"http:\/\/maps.google.com\/?q=S%C3%B6dra%20J%C3%A4rnv%C3%A4gsgatan%2020,%20577%2071,%20Virserum\"><span class=\"wp-block-navigation-item__label\"><strong>Adres<\/strong>: <em>Box 1, 577 03, Virserum<\/em><\/span><\/a><\/li><li class=\"wp-block-navigation-item wp-block-navigation-link\"><a class=\"wp-block-navigation-item__content\"  href=\"mailto:info@smalsparet.com\"><span class=\"wp-block-navigation-item__label\"><strong>E-mail:<\/strong> info@smalsparet.com<\/span><\/a><\/li><li class=\"wp-block-navigation-item wp-block-navigation-link\"><a class=\"wp-block-navigation-item__content\"  href=\"tel:004649510808\"><span class=\"wp-block-navigation-item__label\"><strong>Dressin Virserum\/\u00c5seda:<\/strong> 0495-108 08<\/span><\/a><\/li><li class=\"wp-block-navigation-item wp-block-navigation-link\"><a class=\"wp-block-navigation-item__content\"  href=\"tel:0046495650880\"><span class=\"wp-block-navigation-item__label\"><strong>Dressin Flaten\/Hultsfred: <\/strong>0495-650 880<\/span><\/a><\/li><\/ul>\n\t\t\t\t\t\t\t<\/div>\n\t\t\t\t\t\t<\/div>\n\t\t\t\t\t<\/div>\n\t\t\t\t<\/div><\/nav><\/div>\n\n\n\n<div class=\"wp-block-column is-layout-flow wp-block-column-is-layout-flow\" style=\"flex-basis:33.33%\"><script>(function() {\n\twindow.mc4wp = window.mc4wp || {\n\t\tlisteners: [],\n\t\tforms: {\n\t\t\ton: function(evt, cb) {\n\t\t\t\twindow.mc4wp.listeners.push(\n\t\t\t\t\t{\n\t\t\t\t\t\tevent   : evt,\n\t\t\t\t\t\tcallback: cb\n\t\t\t\t\t}\n\t\t\t\t);\n\t\t\t}\n\t\t}\n\t}\n})();\n<\/script><!-- Mailchimp for WordPress v4.11.1 - https:\/\/wordpress.org\/plugins\/mailchimp-for-wp\/ --><form id=\"mc4wp-form-1\" class=\"mc4wp-form mc4wp-form-4128\" method=\"post\" data-id=\"4128\" data-name=\"Nyhetsbrev sidfot\" action=\"\" ><div class=\"mc4wp-form-fields\"><p class=\"has-cyan-bluish-gray-color\">\r\n\t<label>E-mailadres: \r\n\t\t<input type=\"email\" name=\"EMAIL\" placeholder=\"Uw e-mailadres\" required \/>\r\n<\/label>\r\n<\/p>\r\n\r\n<p class=\"has-cyan-bluish-gray-color\">\r\n    <label>\r\n        <input name=\"AGREE_TO_TERMS\" type=\"checkbox\" value=\"1\" required=\"\" style=\"margin-right: 10px;\">Ik heb de algemene voorwaarden gelezen en accepteer deze<\/label>\r\n<\/p>\r\n\r\n<p>\r\n\t<input type=\"submit\" value=\"Registreer\" \/>\r\n<\/p><\/div><label style=\"display: none !important;\">Laat dit veld leeg als je een mens bent: <input type=\"text\" name=\"_mc4wp_honeypot\" value=\"\" tabindex=\"-1\" autocomplete=\"off\" \/><\/label><input type=\"hidden\" name=\"_mc4wp_timestamp\" value=\"1777565432\" \/><input type=\"hidden\" name=\"_mc4wp_form_id\" value=\"4128\" \/><input type=\"hidden\" name=\"_mc4wp_form_element_id\" value=\"mc4wp-form-1\" \/><div class=\"mc4wp-response\"><\/div><input type=\"hidden\" name=\"trp-form-language\" value=\"nl\"\/><\/form><!-- \/ Mailchimp for WordPress Plugin -->\n\n\n<p><\/p>\n<\/div>\n<\/div>\n<\/div><\/div>","protected":false},"excerpt":{"rendered":"<p>Veelgestelde vragen over dressuurwielrennen Dressin Virserum &amp; \u00c5seda 0495-108 08 info@smalsparet.com Dressin Hultsfred &amp; Flaten 0495-650 880 info@smalsparet.com<\/p>","protected":false},"author":1,"featured_media":0,"parent":0,"menu_order":0,"comment_status":"closed","ping_status":"closed","template":"","meta":{"om_disable_all_campaigns":false,"_uag_custom_page_level_css":"","_monsterinsights_skip_tracking":false,"_monsterinsights_sitenote_active":false,"_monsterinsights_sitenote_note":"","_monsterinsights_sitenote_category":0,"site-sidebar-layout":"no-sidebar","site-content-layout":"plain-container","ast-site-content-layout":"default","site-content-style":"default","site-sidebar-style":"default","ast-global-header-display":"","ast-banner-title-visibility":"","ast-main-header-display":"","ast-hfb-above-header-display":"","ast-hfb-below-header-display":"","ast-hfb-mobile-header-display":"","site-post-title":"disabled","ast-breadcrumbs-content":"","ast-featured-img":"disabled","footer-sml-layout":"","ast-disable-related-posts":"","theme-transparent-header-meta":"default","adv-header-id-meta":"","stick-header-meta":"","header-above-stick-meta":"","header-main-stick-meta":"","header-below-stick-meta":"","astra-migrate-meta-layouts":"default","ast-page-background-enabled":"default","ast-page-background-meta":{"desktop":{"background-color":"","background-image":"","background-repeat":"repeat","background-position":"center center","background-size":"auto","background-attachment":"scroll","background-type":"","background-media":"","overlay-type":"","overlay-color":"","overlay-opacity":"","overlay-gradient":""},"tablet":{"background-color":"","background-image":"","background-repeat":"repeat","background-position":"center center","background-size":"auto","background-attachment":"scroll","background-type":"","background-media":"","overlay-type":"","overlay-color":"","overlay-opacity":"","overlay-gradient":""},"mobile":{"background-color":"","background-image":"","background-repeat":"repeat","background-position":"center center","background-size":"auto","background-attachment":"scroll","background-type":"","background-media":"","overlay-type":"","overlay-color":"","overlay-opacity":"","overlay-gradient":""}},"ast-content-background-meta":{"desktop":{"background-color":"var(--ast-global-color-5)","background-image":"","background-repeat":"repeat","background-position":"center center","background-size":"auto","background-attachment":"scroll","background-type":"","background-media":"","overlay-type":"","overlay-color":"","overlay-opacity":"","overlay-gradient":""},"tablet":{"background-color":"var(--ast-global-color-5)","background-image":"","background-repeat":"repeat","background-position":"center center","background-size":"auto","background-attachment":"scroll","background-type":"","background-media":"","overlay-type":"","overlay-color":"","overlay-opacity":"","overlay-gradient":""},"mobile":{"background-color":"var(--ast-global-color-5)","background-image":"","background-repeat":"repeat","background-position":"center center","background-size":"auto","background-attachment":"scroll","background-type":"","background-media":"","overlay-type":"","overlay-color":"","overlay-opacity":"","overlay-gradient":""}},"footnotes":""},"class_list":["post-4400","page","type-page","status-publish","hentry"],"aioseo_notices":[],"spectra_custom_meta":{"site-sidebar-layout":["no-sidebar"],"site-content-layout":["plain-container"],"theme-transparent-header-meta":["default"],"site-post-title":["disabled"],"ast-featured-img":["disabled"],"_yoast_wpseo_content_score":["60"],"astra-main-page-id":["48123"],"_wxr_import_user_slug":["rishabhm"],"_astra_sites_imported_post":["1"],"_astra_sites_enable_for_batch":["1"],"_dp_original":["3614"],"_edit_lock":["1612292915:1"],"_edit_last":["1"],"_uag_page_assets":["a:9:{s:3:\"css\";s:0:\"\";s:2:\"js\";s:0:\"\";s:18:\"current_block_list\";a:13:{i:0;s:10:\"core\/group\";i:1;s:12:\"core\/heading\";i:2;s:10:\"core\/cover\";i:3;s:12:\"core\/columns\";i:4;s:11:\"core\/column\";i:5;s:14:\"core\/paragraph\";i:8;s:10:\"core\/image\";i:9;s:15:\"core\/navigation\";i:10;s:20:\"core\/navigation-link\";i:12;s:21:\"mailchimp-for-wp\/form\";i:13;s:26:\"woocommerce\/product-search\";i:14;s:27:\"woocommerce\/product-on-sale\";i:15;s:32:\"woocommerce\/product-best-sellers\";}s:8:\"uag_flag\";b:0;s:11:\"uag_version\";s:10:\"1777463016\";s:6:\"gfonts\";a:0:{}s:10:\"gfonts_url\";s:0:\"\";s:12:\"gfonts_files\";a:0:{}s:14:\"uag_faq_layout\";b:0;}"]},"uagb_featured_image_src":{"full":false,"thumbnail":false,"medium":false,"medium_large":false,"large":false,"1536x1536":false,"2048x2048":false,"trp-custom-language-flag":false,"woocommerce_thumbnail":false,"woocommerce_single":false,"woocommerce_gallery_thumbnail":false,"awb_sm":false,"awb_md":false,"awb_lg":false,"awb_xl":false},"uagb_author_info":{"display_name":"admin","author_link":"https:\/\/smalsparet.com\/nl\/author\/olafjlindstrom_ciz3lt7h\/"},"uagb_comment_info":0,"uagb_excerpt":"Vanliga fr\u00e5gor om dressincykling Dressin Virserum &amp; \u00c5seda 0495-108 08 info@smalsparet.com Dressin Hultsfred &amp; Flaten 0495-650 880 info@smalsparet.com","_links":{"self":[{"href":"https:\/\/smalsparet.com\/nl\/wp-json\/wp\/v2\/pages\/4400","targetHints":{"allow":["GET"]}}],"collection":[{"href":"https:\/\/smalsparet.com\/nl\/wp-json\/wp\/v2\/pages"}],"about":[{"href":"https:\/\/smalsparet.com\/nl\/wp-json\/wp\/v2\/types\/page"}],"author":[{"embeddable":true,"href":"https:\/\/smalsparet.com\/nl\/wp-json\/wp\/v2\/users\/1"}],"replies":[{"embeddable":true,"href":"https:\/\/smalsparet.com\/nl\/wp-json\/wp\/v2\/comments?post=4400"}],"version-history":[{"count":1,"href":"https:\/\/smalsparet.com\/nl\/wp-json\/wp\/v2\/pages\/4400\/revisions"}],"predecessor-version":[{"id":4416,"href":"https:\/\/smalsparet.com\/nl\/wp-json\/wp\/v2\/pages\/4400\/revisions\/4416"}],"wp:attachment":[{"href":"https:\/\/smalsparet.com\/nl\/wp-json\/wp\/v2\/media?parent=4400"}],"curies":[{"name":"wp","href":"https:\/\/api.w.org\/{rel}","templated":true}]}}