{"id":9043,"date":"2025-11-22T11:09:05","date_gmt":"2025-11-22T11:09:05","guid":{"rendered":"https:\/\/smalsparet.com\/?post_type=product&#038;p=9043"},"modified":"2025-12-01T18:35:16","modified_gmt":"2025-12-01T18:35:16","slug":"virserums-jarnvagsstation","status":"publish","type":"product","link":"https:\/\/smalsparet.com\/en\/product\/virserums-jarnvagsstation\/","title":{"rendered":"Virserum railway station"},"content":{"rendered":"<p class=\"p1\">This 86-page booklet is part 8 of the popular series <span class=\"s1\"><b>Acta Widisrum<\/b><\/span>, published by Virserums Gille in Stockholm and written by Stig-\u00c5ke Petersson. The book offers an in-depth and well-illustrated history of <span class=\"s1\"><b>Virserum railway station<\/b><\/span> - a central hub along the V\u00e4xj\u00f6-Hultsfred railway and an important part of the narrow-gauge development in Sm\u00e5land.<\/p>\n<p class=\"p1\">The extensive content allows the reader to follow the station's construction, function and role in society. The chapters cover everything from the station house and goods depot to the engine shed with coal shed and water station, as well as staff housing, outbuildings and the classic Press Agency kiosk. It also describes the Central Association building, the development of the railway yard, the importance of the industrial tracks, and details of staff, train connections and freight traffic. Finally, the planned - but never realised - railways that would have affected Virserum are discussed.<\/p>\n<p class=\"p1\">This is a piece of local railway history that is rarely described in such breadth and detail. A <span class=\"s1\"><b>last unique batch<\/b><\/span>, perfect for collectors, narrow-gauge enthusiasts and anyone who wants to immerse themselves in the importance of the railway for Virserum and the region. When stocks run out, no further copies will be available.<\/p>","protected":false},"excerpt":{"rendered":"<p class=\"p1\">One last unique batch of <i>Acta Widisrum<\/i> Part 8 - an 86-page booklet about Virserum railway station, published by Virserums Gille in Stockholm and written by Stig-\u00c5ke Petersson. Here you get a rich and detailed review of the station's history, buildings, staff and traffic. Perfect for those who love narrow gauge, local history or Virserum's cultural heritage. Once this lot is sold out, there are no more copies.<\/p>","protected":false},"featured_media":9044,"comment_status":"closed","ping_status":"closed","template":"","meta":{"om_disable_all_campaigns":false,"_uag_custom_page_level_css":"","_monsterinsights_skip_tracking":false,"_monsterinsights_sitenote_active":false,"_monsterinsights_sitenote_note":"","_monsterinsights_sitenote_category":0,"site-sidebar-layout":"default","site-content-layout":"","ast-site-content-layout":"default","site-content-style":"default","site-sidebar-style":"default","ast-global-header-display":"","ast-banner-title-visibility":"","ast-main-header-display":"","ast-hfb-above-header-display":"","ast-hfb-below-header-display":"","ast-hfb-mobile-header-display":"","site-post-title":"","ast-breadcrumbs-content":"","ast-featured-img":"","footer-sml-layout":"","ast-disable-related-posts":"","theme-transparent-header-meta":"default","adv-header-id-meta":"","stick-header-meta":"","header-above-stick-meta":"","header-main-stick-meta":"","header-below-stick-meta":"","astra-migrate-meta-layouts":"set","ast-page-background-enabled":"default","ast-page-background-meta":{"desktop":{"background-color":"","background-image":"","background-repeat":"repeat","background-position":"center center","background-size":"auto","background-attachment":"scroll","background-type":"","background-media":"","overlay-type":"","overlay-color":"","overlay-opacity":"","overlay-gradient":""},"tablet":{"background-color":"","background-image":"","background-repeat":"repeat","background-position":"center center","background-size":"auto","background-attachment":"scroll","background-type":"","background-media":"","overlay-type":"","overlay-color":"","overlay-opacity":"","overlay-gradient":""},"mobile":{"background-color":"","background-image":"","background-repeat":"repeat","background-position":"center center","background-size":"auto","background-attachment":"scroll","background-type":"","background-media":"","overlay-type":"","overlay-color":"","overlay-opacity":"","overlay-gradient":""}},"ast-content-background-meta":{"desktop":{"background-color":"var(--ast-global-color-5)","background-image":"","background-repeat":"repeat","background-position":"center center","background-size":"auto","background-attachment":"scroll","background-type":"","background-media":"","overlay-type":"","overlay-color":"","overlay-opacity":"","overlay-gradient":""},"tablet":{"background-color":"var(--ast-global-color-5)","background-image":"","background-repeat":"repeat","background-position":"center center","background-size":"auto","background-attachment":"scroll","background-type":"","background-media":"","overlay-type":"","overlay-color":"","overlay-opacity":"","overlay-gradient":""},"mobile":{"background-color":"var(--ast-global-color-5)","background-image":"","background-repeat":"repeat","background-position":"center center","background-size":"auto","background-attachment":"scroll","background-type":"","background-media":"","overlay-type":"","overlay-color":"","overlay-opacity":"","overlay-gradient":""}}},"product_brand":[],"product_cat":[23],"product_tag":[],"class_list":{"0":"post-9043","1":"product","2":"type-product","3":"status-publish","4":"has-post-thumbnail","6":"product_cat-bok","7":"desktop-align-center","8":"tablet-align-center","9":"mobile-align-center","11":"first","12":"instock","13":"taxable","14":"shipping-taxable","15":"purchasable","16":"product-type-simple"},"aioseo_notices":[],"spectra_custom_meta":{"_edit_lock":["1763809864:3"],"_edit_last":["3"],"total_sales":["2"],"_tax_status":["taxable"],"_tax_class":[""],"_manage_stock":["yes"],"_backorders":["no"],"_sold_individually":["no"],"_virtual":["no"],"_downloadable":["no"],"_download_limit":["-1"],"_download_expiry":["-1"],"_stock":["8"],"_stock_status":["instock"],"_wc_average_rating":["0"],"_wc_review_count":["0"],"_product_attributes":["a:2:{s:11:\"pa_bindning\";a:6:{s:4:\"name\";s:11:\"pa_bindning\";s:5:\"value\";s:0:\"\";s:8:\"position\";i:0;s:10:\"is_visible\";i:1;s:12:\"is_variation\";i:0;s:11:\"is_taxonomy\";i:1;}s:8:\"pa_sidor\";a:6:{s:4:\"name\";s:8:\"pa_sidor\";s:5:\"value\";s:0:\"\";s:8:\"position\";i:1;s:10:\"is_visible\";i:1;s:12:\"is_variation\";i:0;s:11:\"is_taxonomy\";i:1;}}"],"_product_version":["9.7.1"],"_thumbnail_id":["9044"],"_regular_price":["149"],"_weight":["250"],"_price":["149"],"_wc_facebook_sync_enabled":["yes"],"fb_visibility":["yes"],"fb_product_description":[""],"fb_rich_text_description":[""],"_wc_facebook_product_image_source":["product"],"fb_product_video":["a:0:{}"],"fb_brand":[""],"fb_mpn":[""],"fb_product_group_id":["2021295508627546"],"_aioseo_title":[null],"_aioseo_description":[null],"_aioseo_keywords":["a:0:{}"],"_aioseo_og_title":[""],"_aioseo_og_description":[""],"_aioseo_og_article_section":[""],"_aioseo_og_article_tags":["a:0:{}"],"_aioseo_twitter_title":[""],"_aioseo_twitter_description":[""],"_monsterinsights_sitenote_active":["0"],"om_disable_all_campaigns":[""],"site-sidebar-layout":["default"],"ast-site-content-layout":["default"],"site-content-style":["default"],"site-sidebar-style":["default"],"theme-transparent-header-meta":["default"],"astra-migrate-meta-layouts":["set"],"fb_product_item_id":["24478166975191301"],"_uag_page_assets":["a:9:{s:3:\"css\";s:0:\"\";s:2:\"js\";s:0:\"\";s:18:\"current_block_list\";a:5:{i:0;s:26:\"woocommerce\/product-search\";i:1;s:10:\"core\/group\";i:2;s:12:\"core\/heading\";i:3;s:27:\"woocommerce\/product-on-sale\";i:4;s:32:\"woocommerce\/product-best-sellers\";}s:8:\"uag_flag\";b:0;s:11:\"uag_version\";s:10:\"1775983743\";s:6:\"gfonts\";a:0:{}s:10:\"gfonts_url\";s:0:\"\";s:12:\"gfonts_files\";a:0:{}s:14:\"uag_faq_layout\";b:0;}"]},"uagb_featured_image_src":{"full":["https:\/\/smalsparet.com\/wp-content\/uploads\/2025\/11\/virserumsstationactawidisrum.jpg",1125,1500,false],"thumbnail":["https:\/\/smalsparet.com\/wp-content\/uploads\/2025\/11\/virserumsstationactawidisrum-150x150.jpg",150,150,true],"medium":["https:\/\/smalsparet.com\/wp-content\/uploads\/2025\/11\/virserumsstationactawidisrum-225x300.jpg",225,300,true],"medium_large":["https:\/\/smalsparet.com\/wp-content\/uploads\/2025\/11\/virserumsstationactawidisrum-768x1024.jpg",768,1024,true],"large":["https:\/\/smalsparet.com\/wp-content\/uploads\/2025\/11\/virserumsstationactawidisrum-768x1024.jpg",768,1024,true],"1536x1536":["https:\/\/smalsparet.com\/wp-content\/uploads\/2025\/11\/virserumsstationactawidisrum.jpg",1125,1500,false],"2048x2048":["https:\/\/smalsparet.com\/wp-content\/uploads\/2025\/11\/virserumsstationactawidisrum.jpg",1125,1500,false],"trp-custom-language-flag":["https:\/\/smalsparet.com\/wp-content\/uploads\/2025\/11\/virserumsstationactawidisrum-9x12.jpg",9,12,true],"woocommerce_thumbnail":["https:\/\/smalsparet.com\/wp-content\/uploads\/2025\/11\/virserumsstationactawidisrum-300x300.jpg",300,300,true],"woocommerce_single":["https:\/\/smalsparet.com\/wp-content\/uploads\/2025\/11\/virserumsstationactawidisrum-600x800.jpg",600,800,true],"woocommerce_gallery_thumbnail":["https:\/\/smalsparet.com\/wp-content\/uploads\/2025\/11\/virserumsstationactawidisrum-100x100.jpg",100,100,true],"awb_sm":["https:\/\/smalsparet.com\/wp-content\/uploads\/2025\/11\/virserumsstationactawidisrum-500x667.jpg",500,667,true],"awb_md":["https:\/\/smalsparet.com\/wp-content\/uploads\/2025\/11\/virserumsstationactawidisrum-800x1067.jpg",800,1067,true],"awb_lg":["https:\/\/smalsparet.com\/wp-content\/uploads\/2025\/11\/virserumsstationactawidisrum.jpg",1125,1500,false],"awb_xl":["https:\/\/smalsparet.com\/wp-content\/uploads\/2025\/11\/virserumsstationactawidisrum.jpg",1125,1500,false]},"uagb_author_info":{"display_name":"Olaf","author_link":"https:\/\/smalsparet.com\/en\/author\/"},"uagb_comment_info":0,"uagb_excerpt":"Ett sista unikt parti av Acta Widisrum del 8 \u2013 en 86-sidig skrift om Virserums j\u00e4rnv\u00e4gsstation, utgiven av Virserums Gille i Stockholm och skriven av Stig-\u00c5ke Petersson. H\u00e4r f\u00e5r du en rik och detaljerad genomg\u00e5ng av stationens historia, byggnader, personal och trafik. Perfekt f\u00f6r den som \u00e4lskar smalsp\u00e5r, lokalhistoria eller Virserums kulturarv. N\u00e4r detta parti&hellip;","_links":{"self":[{"href":"https:\/\/smalsparet.com\/en\/wp-json\/wp\/v2\/product\/9043","targetHints":{"allow":["GET"]}}],"collection":[{"href":"https:\/\/smalsparet.com\/en\/wp-json\/wp\/v2\/product"}],"about":[{"href":"https:\/\/smalsparet.com\/en\/wp-json\/wp\/v2\/types\/product"}],"replies":[{"embeddable":true,"href":"https:\/\/smalsparet.com\/en\/wp-json\/wp\/v2\/comments?post=9043"}],"wp:featuredmedia":[{"embeddable":true,"href":"https:\/\/smalsparet.com\/en\/wp-json\/wp\/v2\/media\/9044"}],"wp:attachment":[{"href":"https:\/\/smalsparet.com\/en\/wp-json\/wp\/v2\/media?parent=9043"}],"wp:term":[{"taxonomy":"product_brand","embeddable":true,"href":"https:\/\/smalsparet.com\/en\/wp-json\/wp\/v2\/product_brand?post=9043"},{"taxonomy":"product_cat","embeddable":true,"href":"https:\/\/smalsparet.com\/en\/wp-json\/wp\/v2\/product_cat?post=9043"},{"taxonomy":"product_tag","embeddable":true,"href":"https:\/\/smalsparet.com\/en\/wp-json\/wp\/v2\/product_tag?post=9043"}],"curies":[{"name":"wp","href":"https:\/\/api.w.org\/{rel}","templated":true}]}}