{"id":8929,"date":"2025-06-18T16:10:20","date_gmt":"2025-06-18T16:10:20","guid":{"rendered":"https:\/\/smalsparet.com\/?post_type=product&#038;p=8929"},"modified":"2026-02-25T14:43:31","modified_gmt":"2026-02-25T14:43:31","slug":"virserums-hembygdsbok-2025","status":"publish","type":"product","link":"https:\/\/smalsparet.com\/en\/product\/virserums-hembygdsbok-2025\/","title":{"rendered":"Virserum local history book 2025"},"content":{"rendered":"<p>Virserums hembygdsbok volume 11, 2025.  Read about, among other things:<\/p>\n<ul>\n<li>The weaving centre<\/li>\n<li>pinnacles<\/li>\n<li>Virotroups<\/li>\n<li>Juniper drink<\/li>\n<li>Music school<\/li>\n<\/ul>","protected":false},"excerpt":{"rendered":"<p>Virserums hembygdsbok volume 11, 2025.  Read about, among other things: V\u00e4vstugan Stinsen Virotruppen Enb\u00e4rsdricka Music school<\/p>","protected":false},"featured_media":8930,"comment_status":"closed","ping_status":"closed","template":"","meta":{"om_disable_all_campaigns":false,"_uag_custom_page_level_css":"","_monsterinsights_skip_tracking":false,"_monsterinsights_sitenote_active":false,"_monsterinsights_sitenote_note":"","_monsterinsights_sitenote_category":0,"site-sidebar-layout":"default","site-content-layout":"","ast-site-content-layout":"default","site-content-style":"default","site-sidebar-style":"default","ast-global-header-display":"","ast-banner-title-visibility":"","ast-main-header-display":"","ast-hfb-above-header-display":"","ast-hfb-below-header-display":"","ast-hfb-mobile-header-display":"","site-post-title":"","ast-breadcrumbs-content":"","ast-featured-img":"","footer-sml-layout":"","ast-disable-related-posts":"","theme-transparent-header-meta":"default","adv-header-id-meta":"","stick-header-meta":"","header-above-stick-meta":"","header-main-stick-meta":"","header-below-stick-meta":"","astra-migrate-meta-layouts":"set","ast-page-background-enabled":"default","ast-page-background-meta":{"desktop":{"background-color":"","background-image":"","background-repeat":"repeat","background-position":"center center","background-size":"auto","background-attachment":"scroll","background-type":"","background-media":"","overlay-type":"","overlay-color":"","overlay-opacity":"","overlay-gradient":""},"tablet":{"background-color":"","background-image":"","background-repeat":"repeat","background-position":"center center","background-size":"auto","background-attachment":"scroll","background-type":"","background-media":"","overlay-type":"","overlay-color":"","overlay-opacity":"","overlay-gradient":""},"mobile":{"background-color":"","background-image":"","background-repeat":"repeat","background-position":"center center","background-size":"auto","background-attachment":"scroll","background-type":"","background-media":"","overlay-type":"","overlay-color":"","overlay-opacity":"","overlay-gradient":""}},"ast-content-background-meta":{"desktop":{"background-color":"var(--ast-global-color-5)","background-image":"","background-repeat":"repeat","background-position":"center center","background-size":"auto","background-attachment":"scroll","background-type":"","background-media":"","overlay-type":"","overlay-color":"","overlay-opacity":"","overlay-gradient":""},"tablet":{"background-color":"var(--ast-global-color-5)","background-image":"","background-repeat":"repeat","background-position":"center center","background-size":"auto","background-attachment":"scroll","background-type":"","background-media":"","overlay-type":"","overlay-color":"","overlay-opacity":"","overlay-gradient":""},"mobile":{"background-color":"var(--ast-global-color-5)","background-image":"","background-repeat":"repeat","background-position":"center center","background-size":"auto","background-attachment":"scroll","background-type":"","background-media":"","overlay-type":"","overlay-color":"","overlay-opacity":"","overlay-gradient":""}}},"product_brand":[],"product_cat":[83,23],"product_tag":[],"class_list":{"0":"post-8929","1":"product","2":"type-product","3":"status-publish","4":"has-post-thumbnail","6":"product_cat-black-friday-2025","7":"product_cat-bok","8":"desktop-align-center","9":"tablet-align-center","10":"mobile-align-center","12":"first","13":"instock","14":"taxable","15":"shipping-taxable","16":"purchasable","17":"product-type-simple"},"aioseo_notices":[],"spectra_custom_meta":{"_regular_price":["199"],"total_sales":["9"],"_tax_status":["taxable"],"_tax_class":["6"],"_manage_stock":["yes"],"_backorders":["no"],"_sold_individually":["no"],"_weight":["200"],"_virtual":["no"],"_downloadable":["no"],"_download_limit":["-1"],"_download_expiry":["-1"],"_thumbnail_id":["8930"],"_stock":["1"],"_stock_status":["instock"],"_wc_average_rating":["0"],"_wc_review_count":["0"],"_product_version":["10.5.2"],"_price":["199"],"_wc_facebook_sync_enabled":["yes"],"fb_visibility":["yes"],"fb_product_description":[""],"_wc_facebook_product_image_source":["product"],"_wc_facebook_commerce_enabled":["no"],"_aioseo_keywords":["a:0:{}"],"_aioseo_og_article_tags":["a:0:{}"],"_monsterinsights_sitenote_active":["0"],"om_disable_all_campaigns":[""],"site-sidebar-layout":["default"],"ast-site-content-layout":["default"],"site-content-style":["default"],"site-sidebar-style":["default"],"theme-transparent-header-meta":["default"],"_aioseo_og_article_section":[""],"_edit_lock":["1763818024:3"],"_edit_last":["3"],"fb_rich_text_description":[""],"fb_product_video":["a:0:{}"],"fb_brand":[""],"fb_mpn":[""],"fb_product_group_id":["9959588384077696"],"_aioseo_og_title":[""],"_aioseo_og_description":[""],"_aioseo_twitter_title":[""],"_aioseo_twitter_description":[""],"fb_product_item_id":["9959588877410980"],"_aioseo_title":[null],"_aioseo_description":[null],"astra-migrate-meta-layouts":["set"],"_uag_page_assets":["a:9:{s:3:\"css\";s:0:\"\";s:2:\"js\";s:0:\"\";s:18:\"current_block_list\";a:5:{i:0;s:26:\"woocommerce\/product-search\";i:1;s:10:\"core\/group\";i:2;s:12:\"core\/heading\";i:3;s:27:\"woocommerce\/product-on-sale\";i:4;s:32:\"woocommerce\/product-best-sellers\";}s:8:\"uag_flag\";b:0;s:11:\"uag_version\";s:10:\"1775301941\";s:6:\"gfonts\";a:0:{}s:10:\"gfonts_url\";s:0:\"\";s:12:\"gfonts_files\";a:0:{}s:14:\"uag_faq_layout\";b:0;}"]},"uagb_featured_image_src":{"full":["https:\/\/smalsparet.com\/wp-content\/uploads\/2025\/06\/virserumhembygdsbok2025.jpg",415,495,false],"thumbnail":["https:\/\/smalsparet.com\/wp-content\/uploads\/2025\/06\/virserumhembygdsbok2025-150x150.jpg",150,150,true],"medium":["https:\/\/smalsparet.com\/wp-content\/uploads\/2025\/06\/virserumhembygdsbok2025-252x300.jpg",252,300,true],"medium_large":["https:\/\/smalsparet.com\/wp-content\/uploads\/2025\/06\/virserumhembygdsbok2025.jpg",415,495,false],"large":["https:\/\/smalsparet.com\/wp-content\/uploads\/2025\/06\/virserumhembygdsbok2025.jpg",415,495,false],"1536x1536":["https:\/\/smalsparet.com\/wp-content\/uploads\/2025\/06\/virserumhembygdsbok2025.jpg",415,495,false],"2048x2048":["https:\/\/smalsparet.com\/wp-content\/uploads\/2025\/06\/virserumhembygdsbok2025.jpg",415,495,false],"trp-custom-language-flag":["https:\/\/smalsparet.com\/wp-content\/uploads\/2025\/06\/virserumhembygdsbok2025-10x12.jpg",10,12,true],"woocommerce_thumbnail":["https:\/\/smalsparet.com\/wp-content\/uploads\/2025\/06\/virserumhembygdsbok2025-300x300.jpg",300,300,true],"woocommerce_single":["https:\/\/smalsparet.com\/wp-content\/uploads\/2025\/06\/virserumhembygdsbok2025.jpg",415,495,false],"woocommerce_gallery_thumbnail":["https:\/\/smalsparet.com\/wp-content\/uploads\/2025\/06\/virserumhembygdsbok2025-100x100.jpg",100,100,true],"awb_sm":["https:\/\/smalsparet.com\/wp-content\/uploads\/2025\/06\/virserumhembygdsbok2025.jpg",415,495,false],"awb_md":["https:\/\/smalsparet.com\/wp-content\/uploads\/2025\/06\/virserumhembygdsbok2025.jpg",415,495,false],"awb_lg":["https:\/\/smalsparet.com\/wp-content\/uploads\/2025\/06\/virserumhembygdsbok2025.jpg",415,495,false],"awb_xl":["https:\/\/smalsparet.com\/wp-content\/uploads\/2025\/06\/virserumhembygdsbok2025.jpg",415,495,false]},"uagb_author_info":{"display_name":"Olaf","author_link":"https:\/\/smalsparet.com\/en\/author\/"},"uagb_comment_info":0,"uagb_excerpt":"Virserums hembygdsbok \u00e5rg\u00e5ng 11, 2025. \u00a0L\u00e4s bland annat om: V\u00e4vstugan Stinsen Virotruppen Enb\u00e4rsdricka Musikskolan","_links":{"self":[{"href":"https:\/\/smalsparet.com\/en\/wp-json\/wp\/v2\/product\/8929","targetHints":{"allow":["GET"]}}],"collection":[{"href":"https:\/\/smalsparet.com\/en\/wp-json\/wp\/v2\/product"}],"about":[{"href":"https:\/\/smalsparet.com\/en\/wp-json\/wp\/v2\/types\/product"}],"replies":[{"embeddable":true,"href":"https:\/\/smalsparet.com\/en\/wp-json\/wp\/v2\/comments?post=8929"}],"wp:featuredmedia":[{"embeddable":true,"href":"https:\/\/smalsparet.com\/en\/wp-json\/wp\/v2\/media\/8930"}],"wp:attachment":[{"href":"https:\/\/smalsparet.com\/en\/wp-json\/wp\/v2\/media?parent=8929"}],"wp:term":[{"taxonomy":"product_brand","embeddable":true,"href":"https:\/\/smalsparet.com\/en\/wp-json\/wp\/v2\/product_brand?post=8929"},{"taxonomy":"product_cat","embeddable":true,"href":"https:\/\/smalsparet.com\/en\/wp-json\/wp\/v2\/product_cat?post=8929"},{"taxonomy":"product_tag","embeddable":true,"href":"https:\/\/smalsparet.com\/en\/wp-json\/wp\/v2\/product_tag?post=8929"}],"curies":[{"name":"wp","href":"https:\/\/api.w.org\/{rel}","templated":true}]}}