{"id":8737,"date":"2024-12-10T21:00:49","date_gmt":"2024-12-10T21:00:49","guid":{"rendered":"https:\/\/smalsparet.com\/?post_type=product&#038;p=8737"},"modified":"2025-12-01T00:00:07","modified_gmt":"2025-12-01T00:00:07","slug":"kalmar-jarnvag-under-150-ar","status":"publish","type":"product","link":"https:\/\/smalsparet.com\/en\/product\/kalmar-jarnvag-under-150-ar\/","title":{"rendered":"Kalmar Railway in 150 years"},"content":{"rendered":"<p class=\"p1\"><b>Fascinating history of Kalmar Railway - a journey through time and development<\/b><\/p>\n<p class=\"p1\">As railways began to spread across Sweden, the south-eastern part of the country faced the risk of being left out of the new communication network. But through persistence and co-operation between stakeholders in Kalmar and Karlskrona, a solution was born: a union station was strategically placed in Emmaboda, a place where a new community was rapidly emerging. On 8 August 1874, the Kalmar Railway was solemnly inaugurated by King Oscar II, marking the start of a journey filled with both challenges and successes.<\/p>\n<p class=\"p1\">The early years were characterised by financial difficulties and insufficient resources. In 1892, the railway was rocked by a scandal when it was revealed that its director had embezzled large sums of money. Despite this, the future was brighter. In 1914, the line was extended to N\u00e4ssj\u00f6, and in 1930, the stylish locomotive No 17 was introduced for express train services - an iconic locomotive that is preserved today as part of Swedish railway history.<\/p>\n<p class=\"p1\">Following the state takeover of the railway, the Kalmar-Emmaboda-Alvesta line was electrified in 1955, re-establishing the important direct links to Stockholm. Although local passenger services were replaced by buses in 1968, they made a triumphant comeback in 2014 under the name Kr\u00f6sat\u00e5g. By its 150th anniversary, the railway had more traffic than ever before, showing its continued importance to the region.<\/p>\n<p class=\"p1\">In this magnificent book you can follow the history of Kalmar Railway in detail. With interesting stories about the origins of the railway, royal visits, the everyday life of the staff, and the development of locomotives and wagons, the railway's journey through time is depicted. The book is richly illustrated with photos, track plans, timetables and much more, making it a perfect tribute to the railway that has meant so much to the community.<\/p>\n<p class=\"p1\"><b>256 pages in A4 format filled with exciting railway history - a must for all history and railway enthusiasts!<\/b><\/p>","protected":false},"excerpt":{"rendered":"<p class=\"p1\"><b>Discover the fascinating history of Kalmar Railway!<\/b><b><\/b><\/p>\n<p class=\"p1\">This book chronicles 150 years of railway development - from its beginnings and challenges to its successes and importance to the community. Read about royal visits, iconic locomotives, station developments and much more, illustrated with photos, track plans and timetables. A perfect tribute to the railway that shaped the region - a must for history and railway enthusiasts!<\/p>","protected":false},"featured_media":8738,"comment_status":"closed","ping_status":"closed","template":"","meta":{"om_disable_all_campaigns":false,"_uag_custom_page_level_css":"","_monsterinsights_skip_tracking":false,"_monsterinsights_sitenote_active":false,"_monsterinsights_sitenote_note":"","_monsterinsights_sitenote_category":0,"site-sidebar-layout":"default","site-content-layout":"","ast-site-content-layout":"default","site-content-style":"default","site-sidebar-style":"default","ast-global-header-display":"","ast-banner-title-visibility":"","ast-main-header-display":"","ast-hfb-above-header-display":"","ast-hfb-below-header-display":"","ast-hfb-mobile-header-display":"","site-post-title":"","ast-breadcrumbs-content":"","ast-featured-img":"","footer-sml-layout":"","ast-disable-related-posts":"","theme-transparent-header-meta":"default","adv-header-id-meta":"","stick-header-meta":"","header-above-stick-meta":"","header-main-stick-meta":"","header-below-stick-meta":"","astra-migrate-meta-layouts":"set","ast-page-background-enabled":"default","ast-page-background-meta":{"desktop":{"background-color":"","background-image":"","background-repeat":"repeat","background-position":"center center","background-size":"auto","background-attachment":"scroll","background-type":"","background-media":"","overlay-type":"","overlay-color":"","overlay-opacity":"","overlay-gradient":""},"tablet":{"background-color":"","background-image":"","background-repeat":"repeat","background-position":"center center","background-size":"auto","background-attachment":"scroll","background-type":"","background-media":"","overlay-type":"","overlay-color":"","overlay-opacity":"","overlay-gradient":""},"mobile":{"background-color":"","background-image":"","background-repeat":"repeat","background-position":"center center","background-size":"auto","background-attachment":"scroll","background-type":"","background-media":"","overlay-type":"","overlay-color":"","overlay-opacity":"","overlay-gradient":""}},"ast-content-background-meta":{"desktop":{"background-color":"var(--ast-global-color-5)","background-image":"","background-repeat":"repeat","background-position":"center center","background-size":"auto","background-attachment":"scroll","background-type":"","background-media":"","overlay-type":"","overlay-color":"","overlay-opacity":"","overlay-gradient":""},"tablet":{"background-color":"var(--ast-global-color-5)","background-image":"","background-repeat":"repeat","background-position":"center center","background-size":"auto","background-attachment":"scroll","background-type":"","background-media":"","overlay-type":"","overlay-color":"","overlay-opacity":"","overlay-gradient":""},"mobile":{"background-color":"var(--ast-global-color-5)","background-image":"","background-repeat":"repeat","background-position":"center center","background-size":"auto","background-attachment":"scroll","background-type":"","background-media":"","overlay-type":"","overlay-color":"","overlay-opacity":"","overlay-gradient":""}}},"product_brand":[],"product_cat":[83,23,15],"product_tag":[],"class_list":{"0":"post-8737","1":"product","2":"type-product","3":"status-publish","4":"has-post-thumbnail","6":"product_cat-black-friday-2025","7":"product_cat-bok","8":"product_cat-okategoriserad","9":"desktop-align-center","10":"tablet-align-center","11":"mobile-align-center","13":"first","14":"outofstock","15":"taxable","16":"shipping-taxable","17":"purchasable","18":"product-type-simple"},"aioseo_notices":[],"spectra_custom_meta":{"_edit_lock":["1763818026:3"],"_edit_last":["3"],"_thumbnail_id":["8738"],"_regular_price":["395"],"total_sales":["6"],"_tax_status":["taxable"],"_tax_class":["6"],"_manage_stock":["yes"],"_backorders":["no"],"_sold_individually":["no"],"_weight":["2000"],"_virtual":["no"],"_downloadable":["no"],"_download_limit":["-1"],"_download_expiry":["-1"],"_stock":["0"],"_stock_status":["outofstock"],"_wc_average_rating":["0"],"_wc_review_count":["0"],"_product_version":["9.7.1"],"_price":["395"],"_wc_facebook_sync_enabled":["yes"],"fb_visibility":["yes"],"fb_product_description":[""],"_wc_facebook_product_image_source":["product"],"_wc_facebook_commerce_enabled":["no"],"fb_product_group_id":["9199274590090695"],"_aioseo_keywords":["a:0:{}"],"_aioseo_og_article_tags":["a:0:{}"],"_monsterinsights_sitenote_active":["0"],"om_disable_all_campaigns":[""],"site-sidebar-layout":["default"],"ast-site-content-layout":["default"],"site-content-style":["default"],"site-sidebar-style":["default"],"theme-transparent-header-meta":["default"],"fb_product_item_id":["9199275086757312"],"fb_rich_text_description":[""],"fb_product_video":["a:0:{}"],"fb_brand":[""],"fb_mpn":[""],"_aioseo_og_title":[""],"_aioseo_og_description":[""],"_aioseo_og_article_section":[""],"_aioseo_twitter_title":[""],"_aioseo_twitter_description":[""],"_aioseo_title":[null],"_aioseo_description":[null],"astra-migrate-meta-layouts":["set"],"_uag_page_assets":["a:9:{s:3:\"css\";s:0:\"\";s:2:\"js\";s:0:\"\";s:18:\"current_block_list\";a:5:{i:0;s:26:\"woocommerce\/product-search\";i:1;s:10:\"core\/group\";i:2;s:12:\"core\/heading\";i:3;s:27:\"woocommerce\/product-on-sale\";i:4;s:32:\"woocommerce\/product-best-sellers\";}s:8:\"uag_flag\";b:0;s:11:\"uag_version\";s:10:\"1775301941\";s:6:\"gfonts\";a:0:{}s:10:\"gfonts_url\";s:0:\"\";s:12:\"gfonts_files\";a:0:{}s:14:\"uag_faq_layout\";b:0;}"]},"uagb_featured_image_src":{"full":["https:\/\/smalsparet.com\/wp-content\/uploads\/2024\/12\/9789172662094_Kalmar-Jarnvag-under-150-ar.jpeg",460,593,false],"thumbnail":["https:\/\/smalsparet.com\/wp-content\/uploads\/2024\/12\/9789172662094_Kalmar-Jarnvag-under-150-ar-150x150.jpeg",150,150,true],"medium":["https:\/\/smalsparet.com\/wp-content\/uploads\/2024\/12\/9789172662094_Kalmar-Jarnvag-under-150-ar-233x300.jpeg",233,300,true],"medium_large":["https:\/\/smalsparet.com\/wp-content\/uploads\/2024\/12\/9789172662094_Kalmar-Jarnvag-under-150-ar.jpeg",460,593,false],"large":["https:\/\/smalsparet.com\/wp-content\/uploads\/2024\/12\/9789172662094_Kalmar-Jarnvag-under-150-ar.jpeg",460,593,false],"1536x1536":["https:\/\/smalsparet.com\/wp-content\/uploads\/2024\/12\/9789172662094_Kalmar-Jarnvag-under-150-ar.jpeg",460,593,false],"2048x2048":["https:\/\/smalsparet.com\/wp-content\/uploads\/2024\/12\/9789172662094_Kalmar-Jarnvag-under-150-ar.jpeg",460,593,false],"trp-custom-language-flag":["https:\/\/smalsparet.com\/wp-content\/uploads\/2024\/12\/9789172662094_Kalmar-Jarnvag-under-150-ar-9x12.jpeg",9,12,true],"woocommerce_thumbnail":["https:\/\/smalsparet.com\/wp-content\/uploads\/2024\/12\/9789172662094_Kalmar-Jarnvag-under-150-ar-300x300.jpeg",300,300,true],"woocommerce_single":["https:\/\/smalsparet.com\/wp-content\/uploads\/2024\/12\/9789172662094_Kalmar-Jarnvag-under-150-ar.jpeg",460,593,false],"woocommerce_gallery_thumbnail":["https:\/\/smalsparet.com\/wp-content\/uploads\/2024\/12\/9789172662094_Kalmar-Jarnvag-under-150-ar-100x100.jpeg",100,100,true],"awb_sm":["https:\/\/smalsparet.com\/wp-content\/uploads\/2024\/12\/9789172662094_Kalmar-Jarnvag-under-150-ar.jpeg",460,593,false],"awb_md":["https:\/\/smalsparet.com\/wp-content\/uploads\/2024\/12\/9789172662094_Kalmar-Jarnvag-under-150-ar.jpeg",460,593,false],"awb_lg":["https:\/\/smalsparet.com\/wp-content\/uploads\/2024\/12\/9789172662094_Kalmar-Jarnvag-under-150-ar.jpeg",460,593,false],"awb_xl":["https:\/\/smalsparet.com\/wp-content\/uploads\/2024\/12\/9789172662094_Kalmar-Jarnvag-under-150-ar.jpeg",460,593,false]},"uagb_author_info":{"display_name":"Olaf","author_link":"https:\/\/smalsparet.com\/en\/author\/"},"uagb_comment_info":0,"uagb_excerpt":"Uppt\u00e4ck Kalmar J\u00e4rnv\u00e4gs fascinerande historia! Denna bok skildrar 150 \u00e5r av j\u00e4rnv\u00e4gens utveckling \u2013 fr\u00e5n dess b\u00f6rjan och utmaningar till dess framg\u00e5ngar och betydelse f\u00f6r bygden. H\u00e4r f\u00e5r du l\u00e4sa om kungabes\u00f6k, ikoniska lok, stationernas utveckling och mycket mer, illustrerat med foton, sp\u00e5rplaner och tidtabeller. En perfekt hyllning till j\u00e4rnv\u00e4gen som format regionen \u2013 ett&hellip;","_links":{"self":[{"href":"https:\/\/smalsparet.com\/en\/wp-json\/wp\/v2\/product\/8737","targetHints":{"allow":["GET"]}}],"collection":[{"href":"https:\/\/smalsparet.com\/en\/wp-json\/wp\/v2\/product"}],"about":[{"href":"https:\/\/smalsparet.com\/en\/wp-json\/wp\/v2\/types\/product"}],"replies":[{"embeddable":true,"href":"https:\/\/smalsparet.com\/en\/wp-json\/wp\/v2\/comments?post=8737"}],"wp:featuredmedia":[{"embeddable":true,"href":"https:\/\/smalsparet.com\/en\/wp-json\/wp\/v2\/media\/8738"}],"wp:attachment":[{"href":"https:\/\/smalsparet.com\/en\/wp-json\/wp\/v2\/media?parent=8737"}],"wp:term":[{"taxonomy":"product_brand","embeddable":true,"href":"https:\/\/smalsparet.com\/en\/wp-json\/wp\/v2\/product_brand?post=8737"},{"taxonomy":"product_cat","embeddable":true,"href":"https:\/\/smalsparet.com\/en\/wp-json\/wp\/v2\/product_cat?post=8737"},{"taxonomy":"product_tag","embeddable":true,"href":"https:\/\/smalsparet.com\/en\/wp-json\/wp\/v2\/product_tag?post=8737"}],"curies":[{"name":"wp","href":"https:\/\/api.w.org\/{rel}","templated":true}]}}