{"id":7629,"date":"2022-11-16T13:37:25","date_gmt":"2022-11-16T13:37:25","guid":{"rendered":"https:\/\/smalsparet.com\/?post_type=product&#038;p=7629"},"modified":"2026-03-16T20:00:25","modified_gmt":"2026-03-16T20:00:25","slug":"konduktorskeps-till-barn","status":"publish","type":"product","link":"https:\/\/smalsparet.com\/en\/product\/konduktorskeps-till-barn\/","title":{"rendered":"Conductor's cap for children"},"content":{"rendered":"<p>The conductor's cap is a must-have for all children who want to play conductor and cut tickets. Part of the series of products adapted for the younger ones where we also have <a href=\"https:\/\/smalsparet.com\/en\/product\/konduktorsvaska-till-barn\/\"><strong>conductor's bag with ticket punch and tickets<\/strong><\/a>, and <a href=\"https:\/\/smalsparet.com\/en\/product\/konduktorsvast-till-barn\/\"><strong>conductor's vest<\/strong><\/a> with the text conductor.<\/p>\n<p>The cap is embroidered with the text Conductor on the front and a logo of a locomotive on the side. The conductor's cap is in children's size and the colour is navy blue. When the child gets one <strong><a href=\"https:\/\/smalsparet.com\/en\/product\/konduktorsvaska-till-barn\/\">conductor's bag<\/a><\/strong>, <a href=\"https:\/\/smalsparet.com\/en\/product\/konduktorsvast-till-barn\/\"><strong>conductor's vest<\/strong><\/a> and a conductor's cap, you can count on the kids to start playing conductor.<\/p>","protected":false},"excerpt":{"rendered":"<p>Kondukt\u00f6rskepsen \u00e4r ett m\u00e5ste f\u00f6r alla barn som vill leka kondukt\u00f6r och klippa biljetter. En del i serien av produkter anpassade f\u00f6r de yngre d\u00e4r vi \u00e4ven har kondukt\u00f6rsv\u00e4skan med biljettt\u00e5ng och biljetter, samt kondukt\u00f6rsv\u00e4sten med texten kondukt\u00f6r. Kepsen \u00e4r broderad med texten Kondukt\u00f6r p\u00e5 framsidan och en logotype av ett lok p\u00e5 sidan. Kondukt\u00f6rskepsen [&hellip;]<\/p>\n","protected":false},"featured_media":7636,"comment_status":"open","ping_status":"closed","template":"","meta":{"om_disable_all_campaigns":false,"_uag_custom_page_level_css":"","_monsterinsights_skip_tracking":false,"_monsterinsights_sitenote_active":false,"_monsterinsights_sitenote_note":"","_monsterinsights_sitenote_category":0,"site-sidebar-layout":"default","site-content-layout":"default","ast-site-content-layout":"default","site-content-style":"default","site-sidebar-style":"default","ast-global-header-display":"","ast-banner-title-visibility":"","ast-main-header-display":"","ast-hfb-above-header-display":"","ast-hfb-below-header-display":"","ast-hfb-mobile-header-display":"","site-post-title":"","ast-breadcrumbs-content":"","ast-featured-img":"","footer-sml-layout":"","ast-disable-related-posts":"","theme-transparent-header-meta":"default","adv-header-id-meta":"","stick-header-meta":"","header-above-stick-meta":"","header-main-stick-meta":"","header-below-stick-meta":"","astra-migrate-meta-layouts":"default","ast-page-background-enabled":"default","ast-page-background-meta":{"desktop":{"background-color":"","background-image":"","background-repeat":"repeat","background-position":"center center","background-size":"auto","background-attachment":"scroll","background-type":"","background-media":"","overlay-type":"","overlay-color":"","overlay-opacity":"","overlay-gradient":""},"tablet":{"background-color":"","background-image":"","background-repeat":"repeat","background-position":"center center","background-size":"auto","background-attachment":"scroll","background-type":"","background-media":"","overlay-type":"","overlay-color":"","overlay-opacity":"","overlay-gradient":""},"mobile":{"background-color":"","background-image":"","background-repeat":"repeat","background-position":"center center","background-size":"auto","background-attachment":"scroll","background-type":"","background-media":"","overlay-type":"","overlay-color":"","overlay-opacity":"","overlay-gradient":""}},"ast-content-background-meta":{"desktop":{"background-color":"var(--ast-global-color-5)","background-image":"","background-repeat":"repeat","background-position":"center center","background-size":"auto","background-attachment":"scroll","background-type":"","background-media":"","overlay-type":"","overlay-color":"","overlay-opacity":"","overlay-gradient":""},"tablet":{"background-color":"var(--ast-global-color-5)","background-image":"","background-repeat":"repeat","background-position":"center center","background-size":"auto","background-attachment":"scroll","background-type":"","background-media":"","overlay-type":"","overlay-color":"","overlay-opacity":"","overlay-gradient":""},"mobile":{"background-color":"var(--ast-global-color-5)","background-image":"","background-repeat":"repeat","background-position":"center center","background-size":"auto","background-attachment":"scroll","background-type":"","background-media":"","overlay-type":"","overlay-color":"","overlay-opacity":"","overlay-gradient":""}}},"product_brand":[],"product_cat":[24,25],"product_tag":[],"class_list":{"0":"post-7629","1":"product","2":"type-product","3":"status-publish","4":"has-post-thumbnail","6":"product_cat-leksak","7":"product_cat-ovrigt","8":"desktop-align-center","9":"tablet-align-center","10":"mobile-align-center","12":"first","13":"outofstock","14":"taxable","15":"shipping-taxable","16":"purchasable","17":"product-type-simple"},"aioseo_notices":[],"spectra_custom_meta":{"_edit_lock":["1763327351:3"],"_edit_last":["3"],"_primary_term_product_cat":["24"],"total_sales":["59"],"_tax_status":["taxable"],"_tax_class":[""],"_manage_stock":["yes"],"_backorders":["no"],"_sold_individually":["no"],"_virtual":["no"],"_downloadable":["no"],"_download_limit":["-1"],"_download_expiry":["-1"],"_stock":["0"],"_stock_status":["outofstock"],"_wc_average_rating":["0"],"_wc_review_count":["0"],"_product_version":["10.6.1"],"site-sidebar-layout":["default"],"site-content-layout":["default"],"theme-transparent-header-meta":["default"],"_product_attributes":["a:2:{s:7:\"storlek\";a:6:{s:4:\"name\";s:7:\"Storlek\";s:5:\"value\";s:11:\"Barnstorlek\";s:8:\"position\";i:0;s:10:\"is_visible\";i:1;s:12:\"is_variation\";i:0;s:11:\"is_taxonomy\";i:0;}s:4:\"farg\";a:6:{s:4:\"name\";s:5:\"F\u00e4rg\";s:5:\"value\";s:9:\"Marinbl\u00e5\";s:8:\"position\";i:1;s:10:\"is_visible\";i:1;s:12:\"is_variation\";i:0;s:11:\"is_taxonomy\";i:0;}}"],"_regular_price":["149"],"_weight":["200"],"_price":["149"],"_thumbnail_id":["7636"],"fb_product_item_id":["5591884017533905"],"_wc_facebook_sync_enabled":["yes"],"fb_visibility":["yes"],"fb_product_description":[""],"_wc_facebook_product_image_source":["product"],"_wc_facebook_commerce_enabled":["no"],"_aioseo_title":[null],"_aioseo_description":[null],"_aioseo_keywords":["a:0:{}"],"_aioseo_og_title":[null],"_aioseo_og_description":[null],"_aioseo_og_article_section":[null],"_aioseo_og_article_tags":["a:0:{}"],"_aioseo_twitter_title":[null],"_aioseo_twitter_description":[null],"_last_change_time":["1773691225"],"_uag_page_assets":["a:9:{s:3:\"css\";s:0:\"\";s:2:\"js\";s:0:\"\";s:18:\"current_block_list\";a:5:{i:0;s:26:\"woocommerce\/product-search\";i:1;s:10:\"core\/group\";i:2;s:12:\"core\/heading\";i:3;s:27:\"woocommerce\/product-on-sale\";i:4;s:32:\"woocommerce\/product-best-sellers\";}s:8:\"uag_flag\";b:0;s:11:\"uag_version\";s:10:\"1775983743\";s:6:\"gfonts\";a:0:{}s:10:\"gfonts_url\";s:0:\"\";s:12:\"gfonts_files\";a:0:{}s:14:\"uag_faq_layout\";b:0;}"]},"uagb_featured_image_src":{"full":["https:\/\/smalsparet.com\/wp-content\/uploads\/2022\/11\/konduktorsmossa.png",340,340,false],"thumbnail":["https:\/\/smalsparet.com\/wp-content\/uploads\/2022\/11\/konduktorsmossa-150x150.png",150,150,true],"medium":["https:\/\/smalsparet.com\/wp-content\/uploads\/2022\/11\/konduktorsmossa-300x300.png",300,300,true],"medium_large":["https:\/\/smalsparet.com\/wp-content\/uploads\/2022\/11\/konduktorsmossa.png",340,340,false],"large":["https:\/\/smalsparet.com\/wp-content\/uploads\/2022\/11\/konduktorsmossa.png",340,340,false],"1536x1536":["https:\/\/smalsparet.com\/wp-content\/uploads\/2022\/11\/konduktorsmossa.png",340,340,false],"2048x2048":["https:\/\/smalsparet.com\/wp-content\/uploads\/2022\/11\/konduktorsmossa.png",340,340,false],"trp-custom-language-flag":["https:\/\/smalsparet.com\/wp-content\/uploads\/2022\/11\/konduktorsmossa-12x12.png",12,12,true],"woocommerce_thumbnail":["https:\/\/smalsparet.com\/wp-content\/uploads\/2022\/11\/konduktorsmossa-300x300.png",300,300,true],"woocommerce_single":["https:\/\/smalsparet.com\/wp-content\/uploads\/2022\/11\/konduktorsmossa.png",340,340,false],"woocommerce_gallery_thumbnail":["https:\/\/smalsparet.com\/wp-content\/uploads\/2022\/11\/konduktorsmossa-100x100.png",100,100,true],"awb_sm":["https:\/\/smalsparet.com\/wp-content\/uploads\/2022\/11\/konduktorsmossa.png",340,340,false],"awb_md":["https:\/\/smalsparet.com\/wp-content\/uploads\/2022\/11\/konduktorsmossa.png",340,340,false],"awb_lg":["https:\/\/smalsparet.com\/wp-content\/uploads\/2022\/11\/konduktorsmossa.png",340,340,false],"awb_xl":["https:\/\/smalsparet.com\/wp-content\/uploads\/2022\/11\/konduktorsmossa.png",340,340,false]},"uagb_author_info":{"display_name":"Olaf","author_link":"https:\/\/smalsparet.com\/en\/author\/"},"uagb_comment_info":0,"uagb_excerpt":"Kondukt\u00f6rskepsen \u00e4r ett m\u00e5ste f\u00f6r alla barn som vill leka kondukt\u00f6r och klippa biljetter. En del i serien av produkter anpassade f\u00f6r de yngre d\u00e4r vi \u00e4ven har kondukt\u00f6rsv\u00e4skan med biljettt\u00e5ng och biljetter, samt kondukt\u00f6rsv\u00e4sten med texten kondukt\u00f6r. Kepsen \u00e4r broderad med texten Kondukt\u00f6r p\u00e5 framsidan och en logotype av ett lok p\u00e5 sidan. Kondukt\u00f6rskepsen&hellip;","_links":{"self":[{"href":"https:\/\/smalsparet.com\/en\/wp-json\/wp\/v2\/product\/7629","targetHints":{"allow":["GET"]}}],"collection":[{"href":"https:\/\/smalsparet.com\/en\/wp-json\/wp\/v2\/product"}],"about":[{"href":"https:\/\/smalsparet.com\/en\/wp-json\/wp\/v2\/types\/product"}],"replies":[{"embeddable":true,"href":"https:\/\/smalsparet.com\/en\/wp-json\/wp\/v2\/comments?post=7629"}],"wp:featuredmedia":[{"embeddable":true,"href":"https:\/\/smalsparet.com\/en\/wp-json\/wp\/v2\/media\/7636"}],"wp:attachment":[{"href":"https:\/\/smalsparet.com\/en\/wp-json\/wp\/v2\/media?parent=7629"}],"wp:term":[{"taxonomy":"product_brand","embeddable":true,"href":"https:\/\/smalsparet.com\/en\/wp-json\/wp\/v2\/product_brand?post=7629"},{"taxonomy":"product_cat","embeddable":true,"href":"https:\/\/smalsparet.com\/en\/wp-json\/wp\/v2\/product_cat?post=7629"},{"taxonomy":"product_tag","embeddable":true,"href":"https:\/\/smalsparet.com\/en\/wp-json\/wp\/v2\/product_tag?post=7629"}],"curies":[{"name":"wp","href":"https:\/\/api.w.org\/{rel}","templated":true}]}}