{"id":7601,"date":"2022-11-16T07:58:49","date_gmt":"2022-11-16T07:58:49","guid":{"rendered":"https:\/\/smalsparet.com\/?post_type=product&#038;p=7601"},"modified":"2025-11-26T14:18:59","modified_gmt":"2025-11-26T14:18:59","slug":"spar-av-passion","status":"publish","type":"product","link":"https:\/\/smalsparet.com\/en\/product\/spar-av-passion\/","title":{"rendered":"Traces of passion"},"content":{"rendered":"<div>In Traces of Passion, photographer and writer Staffan Ekengren presents an intimate and contemporary portrait of the Hultsfred-V\u00e4stervik narrow-gauge railway and the people around it. The railway is also a listed building and has the status of one of Sweden's twelve industrial monuments, a strong tourist attraction and experience for visitors.<\/div>\n<div><\/div>\n<div>Traces of Passion is a story about how passion and spirit make the railway possible, but also about how it brings joy to people locally, nationally and even internationally.<\/div>\n<div><\/div>\n<div>The book has been favourably received by several reviewers, including T\u00e5g magazine:<\/div>\n<blockquote>\n<div>\"Buy, read and enjoy - the book is highly recommended!\" - Leif Elgh, Tidningen T\u00e5g, June 2022<\/div>\n<\/blockquote>","protected":false},"excerpt":{"rendered":"<p>I Sp\u00e5r av passion presenterar fotografen och skribenten Staffan Ekengren i bild och text ett n\u00e4ra och nutida portr\u00e4tt av smalsp\u00e5rsj\u00e4rnv\u00e4gen Hultsfred-V\u00e4stervik och m\u00e4nniskorna runt omkring den. J\u00e4rnv\u00e4gen \u00e4r dessutom byggnadsminnesm\u00e4rkt samt med status som ett av Sveriges tolv industriminnen, en stark turistattraktion och upplevelse f\u00f6r bes\u00f6kare. Sp\u00e5r av passion \u00e4r en ber\u00e4ttelse om hur [&hellip;]<\/p>\n","protected":false},"featured_media":7602,"comment_status":"open","ping_status":"closed","template":"","meta":{"om_disable_all_campaigns":false,"_uag_custom_page_level_css":"","_monsterinsights_skip_tracking":false,"_monsterinsights_sitenote_active":false,"_monsterinsights_sitenote_note":"","_monsterinsights_sitenote_category":0,"site-sidebar-layout":"default","site-content-layout":"default","ast-site-content-layout":"default","site-content-style":"default","site-sidebar-style":"default","ast-global-header-display":"","ast-banner-title-visibility":"","ast-main-header-display":"","ast-hfb-above-header-display":"","ast-hfb-below-header-display":"","ast-hfb-mobile-header-display":"","site-post-title":"","ast-breadcrumbs-content":"","ast-featured-img":"","footer-sml-layout":"","ast-disable-related-posts":"","theme-transparent-header-meta":"default","adv-header-id-meta":"","stick-header-meta":"","header-above-stick-meta":"","header-main-stick-meta":"","header-below-stick-meta":"","astra-migrate-meta-layouts":"default","ast-page-background-enabled":"default","ast-page-background-meta":{"desktop":{"background-color":"","background-image":"","background-repeat":"repeat","background-position":"center center","background-size":"auto","background-attachment":"scroll","background-type":"","background-media":"","overlay-type":"","overlay-color":"","overlay-opacity":"","overlay-gradient":""},"tablet":{"background-color":"","background-image":"","background-repeat":"repeat","background-position":"center center","background-size":"auto","background-attachment":"scroll","background-type":"","background-media":"","overlay-type":"","overlay-color":"","overlay-opacity":"","overlay-gradient":""},"mobile":{"background-color":"","background-image":"","background-repeat":"repeat","background-position":"center center","background-size":"auto","background-attachment":"scroll","background-type":"","background-media":"","overlay-type":"","overlay-color":"","overlay-opacity":"","overlay-gradient":""}},"ast-content-background-meta":{"desktop":{"background-color":"var(--ast-global-color-5)","background-image":"","background-repeat":"repeat","background-position":"center center","background-size":"auto","background-attachment":"scroll","background-type":"","background-media":"","overlay-type":"","overlay-color":"","overlay-opacity":"","overlay-gradient":""},"tablet":{"background-color":"var(--ast-global-color-5)","background-image":"","background-repeat":"repeat","background-position":"center center","background-size":"auto","background-attachment":"scroll","background-type":"","background-media":"","overlay-type":"","overlay-color":"","overlay-opacity":"","overlay-gradient":""},"mobile":{"background-color":"var(--ast-global-color-5)","background-image":"","background-repeat":"repeat","background-position":"center center","background-size":"auto","background-attachment":"scroll","background-type":"","background-media":"","overlay-type":"","overlay-color":"","overlay-opacity":"","overlay-gradient":""}}},"product_brand":[],"product_cat":[23],"product_tag":[],"class_list":{"0":"post-7601","1":"product","2":"type-product","3":"status-publish","4":"has-post-thumbnail","6":"product_cat-bok","7":"desktop-align-center","8":"tablet-align-center","9":"mobile-align-center","11":"first","12":"instock","13":"featured","14":"taxable","15":"shipping-taxable","16":"purchasable","17":"product-type-simple"},"aioseo_notices":[],"spectra_custom_meta":{"_edit_lock":["1696941016:3"],"_edit_last":["3"],"_thumbnail_id":["7602"],"_primary_term_product_cat":["23"],"_regular_price":["239"],"total_sales":["6"],"_tax_status":["taxable"],"_tax_class":["6"],"_manage_stock":["yes"],"_backorders":["no"],"_sold_individually":["no"],"_weight":["980"],"_length":["26"],"_width":["21.5"],"_height":["3"],"_virtual":["no"],"_downloadable":["no"],"_download_limit":["-1"],"_download_expiry":["-1"],"_stock":["3"],"_stock_status":["instock"],"_wc_average_rating":["0"],"_wc_review_count":["0"],"_product_attributes":["a:2:{s:11:\"pa_bindning\";a:6:{s:4:\"name\";s:11:\"pa_bindning\";s:5:\"value\";s:0:\"\";s:8:\"position\";i:0;s:10:\"is_visible\";i:1;s:12:\"is_variation\";i:0;s:11:\"is_taxonomy\";i:1;}s:8:\"pa_sidor\";a:6:{s:4:\"name\";s:8:\"pa_sidor\";s:5:\"value\";s:0:\"\";s:8:\"position\";i:1;s:10:\"is_visible\";i:1;s:12:\"is_variation\";i:0;s:11:\"is_taxonomy\";i:1;}}"],"_product_version":["9.7.1"],"_price":["239"],"site-sidebar-layout":["default"],"site-content-layout":["default"],"theme-transparent-header-meta":["default"],"fb_product_item_id":["5100674746700656"],"_uag_page_assets":["a:9:{s:3:\"css\";s:0:\"\";s:2:\"js\";s:0:\"\";s:18:\"current_block_list\";a:5:{i:0;s:26:\"woocommerce\/product-search\";i:1;s:10:\"core\/group\";i:2;s:12:\"core\/heading\";i:3;s:27:\"woocommerce\/product-on-sale\";i:4;s:32:\"woocommerce\/product-best-sellers\";}s:8:\"uag_flag\";b:0;s:11:\"uag_version\";s:10:\"1775301941\";s:6:\"gfonts\";a:0:{}s:10:\"gfonts_url\";s:0:\"\";s:12:\"gfonts_files\";a:0:{}s:14:\"uag_faq_layout\";b:0;}"]},"uagb_featured_image_src":{"full":["https:\/\/smalsparet.com\/wp-content\/uploads\/2022\/11\/sparavpassion.jpg",2560,2139,false],"thumbnail":["https:\/\/smalsparet.com\/wp-content\/uploads\/2022\/11\/sparavpassion-150x150.jpg",150,150,true],"medium":["https:\/\/smalsparet.com\/wp-content\/uploads\/2022\/11\/sparavpassion-300x251.jpg",300,251,true],"medium_large":["https:\/\/smalsparet.com\/wp-content\/uploads\/2022\/11\/sparavpassion-768x642.jpg",768,642,true],"large":["https:\/\/smalsparet.com\/wp-content\/uploads\/2022\/11\/sparavpassion-1024x856.jpg",1024,856,true],"1536x1536":["https:\/\/smalsparet.com\/wp-content\/uploads\/2022\/11\/sparavpassion-1536x1283.jpg",1536,1283,true],"2048x2048":["https:\/\/smalsparet.com\/wp-content\/uploads\/2022\/11\/sparavpassion-2048x1711.jpg",2048,1711,true],"trp-custom-language-flag":["https:\/\/smalsparet.com\/wp-content\/uploads\/2022\/11\/sparavpassion-14x12.jpg",14,12,true],"woocommerce_thumbnail":["https:\/\/smalsparet.com\/wp-content\/uploads\/2022\/11\/sparavpassion-300x300.jpg",300,300,true],"woocommerce_single":["https:\/\/smalsparet.com\/wp-content\/uploads\/2022\/11\/sparavpassion-600x501.jpg",600,501,true],"woocommerce_gallery_thumbnail":["https:\/\/smalsparet.com\/wp-content\/uploads\/2022\/11\/sparavpassion-100x100.jpg",100,100,true],"awb_sm":["https:\/\/smalsparet.com\/wp-content\/uploads\/2022\/11\/sparavpassion.jpg",500,418,false],"awb_md":["https:\/\/smalsparet.com\/wp-content\/uploads\/2022\/11\/sparavpassion.jpg",800,668,false],"awb_lg":["https:\/\/smalsparet.com\/wp-content\/uploads\/2022\/11\/sparavpassion.jpg",1280,1070,false],"awb_xl":["https:\/\/smalsparet.com\/wp-content\/uploads\/2022\/11\/sparavpassion.jpg",1920,1604,false]},"uagb_author_info":{"display_name":"Olaf","author_link":"https:\/\/smalsparet.com\/en\/author\/"},"uagb_comment_info":0,"uagb_excerpt":"I Sp\u00e5r av passion presenterar fotografen och skribenten Staffan Ekengren i bild och text ett n\u00e4ra och nutida portr\u00e4tt av smalsp\u00e5rsj\u00e4rnv\u00e4gen Hultsfred-V\u00e4stervik och m\u00e4nniskorna runt omkring den. J\u00e4rnv\u00e4gen \u00e4r dessutom byggnadsminnesm\u00e4rkt samt med status som ett av Sveriges tolv industriminnen, en stark turistattraktion och upplevelse f\u00f6r bes\u00f6kare. Sp\u00e5r av passion \u00e4r en ber\u00e4ttelse om hur&hellip;","_links":{"self":[{"href":"https:\/\/smalsparet.com\/en\/wp-json\/wp\/v2\/product\/7601","targetHints":{"allow":["GET"]}}],"collection":[{"href":"https:\/\/smalsparet.com\/en\/wp-json\/wp\/v2\/product"}],"about":[{"href":"https:\/\/smalsparet.com\/en\/wp-json\/wp\/v2\/types\/product"}],"replies":[{"embeddable":true,"href":"https:\/\/smalsparet.com\/en\/wp-json\/wp\/v2\/comments?post=7601"}],"wp:featuredmedia":[{"embeddable":true,"href":"https:\/\/smalsparet.com\/en\/wp-json\/wp\/v2\/media\/7602"}],"wp:attachment":[{"href":"https:\/\/smalsparet.com\/en\/wp-json\/wp\/v2\/media?parent=7601"}],"wp:term":[{"taxonomy":"product_brand","embeddable":true,"href":"https:\/\/smalsparet.com\/en\/wp-json\/wp\/v2\/product_brand?post=7601"},{"taxonomy":"product_cat","embeddable":true,"href":"https:\/\/smalsparet.com\/en\/wp-json\/wp\/v2\/product_cat?post=7601"},{"taxonomy":"product_tag","embeddable":true,"href":"https:\/\/smalsparet.com\/en\/wp-json\/wp\/v2\/product_tag?post=7601"}],"curies":[{"name":"wp","href":"https:\/\/api.w.org\/{rel}","templated":true}]}}