{"id":7598,"date":"2022-11-16T07:48:28","date_gmt":"2022-11-16T07:48:28","guid":{"rendered":"https:\/\/smalsparet.com\/?post_type=product&#038;p=7598"},"modified":"2025-07-17T17:05:30","modified_gmt":"2025-07-17T17:05:30","slug":"891-ostra-smaland","status":"publish","type":"product","link":"https:\/\/smalsparet.com\/en\/product\/891-ostra-smaland\/","title":{"rendered":"891 East Sm\u00e5land"},"content":{"rendered":"<div>\n<p><strong>New edition of a film that has been sold out for some time. Same content as the first edition!<\/strong><\/p>\n<\/div>\n<p>A film about narrow gauge railways in Eastern Sm\u00e5land. Until the mid-1960s, there was an extensive network of narrow gauge railways with 891 mm gauge. Optional soundtrack with or without speaker. 45 minutes of 8mm colour and black and white film transferred to digital video, edited and soundtracked.<\/p>\n<p><strong>From the content:<\/strong><\/p>\n<ul>\n<li>Steam locomotive hauled local freight train between V\u00e4xj\u00f6 and Oskarshamn.<\/li>\n<li>SJK trip 1962 V\u00e4xj\u00f6-Skorpetorp.<\/li>\n<li>Cycle tour along the former M\u00f6nster\u00e5s-\u00c5seda railway.<\/li>\n<li>Kalmar-Berga.<\/li>\n<li>Local freight train Kalmar-P\u00e5ryd.<\/li>\n<li>SJK excursion train Hultsfred-Kimstad.<\/li>\n<\/ul>","protected":false},"excerpt":{"rendered":"<p>Nyutg\u00e5va av en film som varit sluts\u00e5ld en l\u00e4ngre tid. Samma inneh\u00e5ll som f\u00f6rsta utg\u00e5van! En film om smalsp\u00e5riga j\u00e4rnv\u00e4gar i \u00d6stra Sm\u00e5land. H\u00e4r fanns till mitten av 1960-talet ett omfattande n\u00e4t av smalsp\u00e5rsbanor med 891 mm sp\u00e5rvidd. Valbara ljudsp\u00e5r med eller utan speaker. 45 minuter 8 mm smalfilm i f\u00e4rg och svartvitt som \u00f6verf\u00f6rts [&hellip;]<\/p>\n","protected":false},"featured_media":7659,"comment_status":"open","ping_status":"closed","template":"","meta":{"om_disable_all_campaigns":false,"_uag_custom_page_level_css":"","_monsterinsights_skip_tracking":false,"_monsterinsights_sitenote_active":false,"_monsterinsights_sitenote_note":"","_monsterinsights_sitenote_category":0,"site-sidebar-layout":"default","site-content-layout":"default","ast-site-content-layout":"default","site-content-style":"default","site-sidebar-style":"default","ast-global-header-display":"","ast-banner-title-visibility":"","ast-main-header-display":"","ast-hfb-above-header-display":"","ast-hfb-below-header-display":"","ast-hfb-mobile-header-display":"","site-post-title":"","ast-breadcrumbs-content":"","ast-featured-img":"","footer-sml-layout":"","ast-disable-related-posts":"","theme-transparent-header-meta":"default","adv-header-id-meta":"","stick-header-meta":"","header-above-stick-meta":"","header-main-stick-meta":"","header-below-stick-meta":"","astra-migrate-meta-layouts":"default","ast-page-background-enabled":"default","ast-page-background-meta":{"desktop":{"background-color":"","background-image":"","background-repeat":"repeat","background-position":"center center","background-size":"auto","background-attachment":"scroll","background-type":"","background-media":"","overlay-type":"","overlay-color":"","overlay-opacity":"","overlay-gradient":""},"tablet":{"background-color":"","background-image":"","background-repeat":"repeat","background-position":"center center","background-size":"auto","background-attachment":"scroll","background-type":"","background-media":"","overlay-type":"","overlay-color":"","overlay-opacity":"","overlay-gradient":""},"mobile":{"background-color":"","background-image":"","background-repeat":"repeat","background-position":"center center","background-size":"auto","background-attachment":"scroll","background-type":"","background-media":"","overlay-type":"","overlay-color":"","overlay-opacity":"","overlay-gradient":""}},"ast-content-background-meta":{"desktop":{"background-color":"var(--ast-global-color-5)","background-image":"","background-repeat":"repeat","background-position":"center center","background-size":"auto","background-attachment":"scroll","background-type":"","background-media":"","overlay-type":"","overlay-color":"","overlay-opacity":"","overlay-gradient":""},"tablet":{"background-color":"var(--ast-global-color-5)","background-image":"","background-repeat":"repeat","background-position":"center center","background-size":"auto","background-attachment":"scroll","background-type":"","background-media":"","overlay-type":"","overlay-color":"","overlay-opacity":"","overlay-gradient":""},"mobile":{"background-color":"var(--ast-global-color-5)","background-image":"","background-repeat":"repeat","background-position":"center center","background-size":"auto","background-attachment":"scroll","background-type":"","background-media":"","overlay-type":"","overlay-color":"","overlay-opacity":"","overlay-gradient":""}}},"product_brand":[],"product_cat":[66],"product_tag":[],"class_list":{"0":"post-7598","1":"product","2":"type-product","3":"status-publish","4":"has-post-thumbnail","6":"product_cat-historiska-filmer","7":"desktop-align-center","8":"tablet-align-center","9":"mobile-align-center","11":"first","12":"outofstock","13":"sale","14":"taxable","15":"shipping-taxable","16":"purchasable","17":"product-type-simple"},"aioseo_notices":[],"spectra_custom_meta":{"_edit_lock":["1688423428:3"],"_edit_last":["3"],"_primary_term_product_cat":["66"],"_regular_price":["220"],"total_sales":["19"],"_tax_status":["taxable"],"_tax_class":["6"],"_manage_stock":["yes"],"_backorders":["no"],"_sold_individually":["no"],"_virtual":["no"],"_downloadable":["no"],"_download_limit":["-1"],"_download_expiry":["-1"],"_stock":["0"],"_stock_status":["outofstock"],"_wc_average_rating":["0"],"_wc_review_count":["0"],"_product_version":["9.7.1"],"_price":["176"],"site-sidebar-layout":["default"],"site-content-layout":["default"],"theme-transparent-header-meta":["default"],"_weight":["120"],"_thumbnail_id":["7659"],"fb_product_item_id":["5828405810549382"],"_wc_facebook_sync_enabled":["yes"],"fb_visibility":["yes"],"fb_product_description":[""],"_wc_facebook_product_image_source":["product"],"_wc_facebook_commerce_enabled":["no"],"_sale_price":["176"],"_uag_page_assets":["a:9:{s:3:\"css\";s:0:\"\";s:2:\"js\";s:0:\"\";s:18:\"current_block_list\";a:5:{i:0;s:26:\"woocommerce\/product-search\";i:1;s:10:\"core\/group\";i:2;s:12:\"core\/heading\";i:3;s:27:\"woocommerce\/product-on-sale\";i:4;s:32:\"woocommerce\/product-best-sellers\";}s:8:\"uag_flag\";b:0;s:11:\"uag_version\";s:10:\"1775983743\";s:6:\"gfonts\";a:0:{}s:10:\"gfonts_url\";s:0:\"\";s:12:\"gfonts_files\";a:0:{}s:14:\"uag_faq_layout\";b:0;}"]},"uagb_featured_image_src":{"full":["https:\/\/smalsparet.com\/wp-content\/uploads\/2022\/11\/white-891-Ostra-Smaland.jpeg",940,940,false],"thumbnail":["https:\/\/smalsparet.com\/wp-content\/uploads\/2022\/11\/white-891-Ostra-Smaland-150x150.jpeg",150,150,true],"medium":["https:\/\/smalsparet.com\/wp-content\/uploads\/2022\/11\/white-891-Ostra-Smaland-300x300.jpeg",300,300,true],"medium_large":["https:\/\/smalsparet.com\/wp-content\/uploads\/2022\/11\/white-891-Ostra-Smaland-768x768.jpeg",768,768,true],"large":["https:\/\/smalsparet.com\/wp-content\/uploads\/2022\/11\/white-891-Ostra-Smaland.jpeg",940,940,false],"1536x1536":["https:\/\/smalsparet.com\/wp-content\/uploads\/2022\/11\/white-891-Ostra-Smaland.jpeg",940,940,false],"2048x2048":["https:\/\/smalsparet.com\/wp-content\/uploads\/2022\/11\/white-891-Ostra-Smaland.jpeg",940,940,false],"trp-custom-language-flag":["https:\/\/smalsparet.com\/wp-content\/uploads\/2022\/11\/white-891-Ostra-Smaland-12x12.jpeg",12,12,true],"woocommerce_thumbnail":["https:\/\/smalsparet.com\/wp-content\/uploads\/2022\/11\/white-891-Ostra-Smaland-300x300.jpeg",300,300,true],"woocommerce_single":["https:\/\/smalsparet.com\/wp-content\/uploads\/2022\/11\/white-891-Ostra-Smaland-600x600.jpeg",600,600,true],"woocommerce_gallery_thumbnail":["https:\/\/smalsparet.com\/wp-content\/uploads\/2022\/11\/white-891-Ostra-Smaland-100x100.jpeg",100,100,true],"awb_sm":["https:\/\/smalsparet.com\/wp-content\/uploads\/2022\/11\/white-891-Ostra-Smaland.jpeg",500,500,false],"awb_md":["https:\/\/smalsparet.com\/wp-content\/uploads\/2022\/11\/white-891-Ostra-Smaland.jpeg",800,800,false],"awb_lg":["https:\/\/smalsparet.com\/wp-content\/uploads\/2022\/11\/white-891-Ostra-Smaland.jpeg",940,940,false],"awb_xl":["https:\/\/smalsparet.com\/wp-content\/uploads\/2022\/11\/white-891-Ostra-Smaland.jpeg",940,940,false]},"uagb_author_info":{"display_name":"Olaf","author_link":"https:\/\/smalsparet.com\/en\/author\/"},"uagb_comment_info":0,"uagb_excerpt":"Nyutg\u00e5va av en film som varit sluts\u00e5ld en l\u00e4ngre tid. Samma inneh\u00e5ll som f\u00f6rsta utg\u00e5van! En film om smalsp\u00e5riga j\u00e4rnv\u00e4gar i \u00d6stra Sm\u00e5land. H\u00e4r fanns till mitten av 1960-talet ett omfattande n\u00e4t av smalsp\u00e5rsbanor med 891 mm sp\u00e5rvidd. Valbara ljudsp\u00e5r med eller utan speaker. 45 minuter 8 mm smalfilm i f\u00e4rg och svartvitt som \u00f6verf\u00f6rts&hellip;","_links":{"self":[{"href":"https:\/\/smalsparet.com\/en\/wp-json\/wp\/v2\/product\/7598","targetHints":{"allow":["GET"]}}],"collection":[{"href":"https:\/\/smalsparet.com\/en\/wp-json\/wp\/v2\/product"}],"about":[{"href":"https:\/\/smalsparet.com\/en\/wp-json\/wp\/v2\/types\/product"}],"replies":[{"embeddable":true,"href":"https:\/\/smalsparet.com\/en\/wp-json\/wp\/v2\/comments?post=7598"}],"wp:featuredmedia":[{"embeddable":true,"href":"https:\/\/smalsparet.com\/en\/wp-json\/wp\/v2\/media\/7659"}],"wp:attachment":[{"href":"https:\/\/smalsparet.com\/en\/wp-json\/wp\/v2\/media?parent=7598"}],"wp:term":[{"taxonomy":"product_brand","embeddable":true,"href":"https:\/\/smalsparet.com\/en\/wp-json\/wp\/v2\/product_brand?post=7598"},{"taxonomy":"product_cat","embeddable":true,"href":"https:\/\/smalsparet.com\/en\/wp-json\/wp\/v2\/product_cat?post=7598"},{"taxonomy":"product_tag","embeddable":true,"href":"https:\/\/smalsparet.com\/en\/wp-json\/wp\/v2\/product_tag?post=7598"}],"curies":[{"name":"wp","href":"https:\/\/api.w.org\/{rel}","templated":true}]}}