{"id":5354,"date":"2020-12-16T16:50:53","date_gmt":"2020-12-16T16:50:53","guid":{"rendered":"https:\/\/smalsparet.com\/?product=svenska-tag-49"},"modified":"2025-07-15T10:44:30","modified_gmt":"2025-07-15T10:44:30","slug":"svenska-tag-49","status":"publish","type":"product","link":"https:\/\/smalsparet.com\/en\/product\/svenska-tag-49\/","title":{"rendered":"Swedish Trains 49"},"content":{"rendered":"<p style=\"margin-bottom: 19.5pt;\"><span style=\"font-size: 11.5pt; font-family: 'Helvetica',sans-serif;\">Contains: Short features (4 tracks Malm\u00f6<\/span><span style=\"font-size: 11.5pt; font-family: 'Arial',sans-serif;\">-<\/span><span style=\"font-size: 11.5pt; font-family: 'Helvetica',sans-serif;\">Lund. For a while in Uddevalla. The railway in Lund. RLJ Jung locomotive is unloaded). Kilafors<\/span><span style=\"font-size: 11.5pt; font-family: 'Arial',sans-serif;\">-<\/span><span style=\"font-size: 11.5pt; font-family: 'Helvetica',sans-serif;\">S\u00f6derhamn. Track change on Olofstr\u00f6msbanan. Green Cargo Mb locomotive. Timber trains on JTJ. Folke Zettervall theme: Kumla and Esl\u00f6v. Corona and the museum railways. Conclusion: Evening train on Ohsabanan.<\/span><\/p>\n<p style=\"margin-bottom: 19.5pt; color: inherit; font-stretch: normal; font-style: inherit;\"><span style=\"font-size: 11.5pt; font-family: 'Helvetica',sans-serif;\">Bonus film: Swedish Trains 10<\/span><\/p>\n<p style=\"margin-bottom: 19.5pt; color: inherit; font-stretch: normal; font-style: inherit;\"><span style=\"font-size: 11.5pt; font-family: 'Helvetica',sans-serif;\">Optional audio tracks: with or without commentary.<\/span><\/p>\n<p style=\"margin-bottom: 19.5pt; color: inherit; font-stretch: normal; font-style: inherit;\"><span style=\"font-size: 11.5pt; font-family: 'Helvetica',sans-serif;\">Format 16:9 (Bonus film 4:3). Length 80+65 minutes.<\/span><\/p>","protected":false},"excerpt":{"rendered":"<p>Inneh\u00e5ller: Korta inslag (4 sp\u00e5r Malm\u00f6\u2013Lund. En stund i Uddevalla. Sp\u00e5rv\u00e4gen i Lund. RLJ Jung-lok lossas.) Kilafors\u2013S\u00f6derhamn. Sp\u00e5rbyte p\u00e5 Olofstr\u00f6msbanan. Green Cargo Mb-lok. Timmert\u00e5g p\u00e5 JTJ. Tema Folke Zettervall: Kumla och Esl\u00f6v. Corona och museij\u00e4rnv\u00e4garna. Avslutning: Kv\u00e4llst\u00e5g p\u00e5 Ohsabanan. Bonusfilm: Svenska T\u00e5g 10 Valbara ljudsp\u00e5r: med eller utan kommentarer. Format 16:9 (Bonusfilm 4:3). L\u00e4ngd 80+65 [&hellip;]<\/p>\n","protected":false},"featured_media":5355,"comment_status":"open","ping_status":"closed","template":"","meta":{"om_disable_all_campaigns":false,"_uag_custom_page_level_css":"","_monsterinsights_skip_tracking":false,"_monsterinsights_sitenote_active":false,"_monsterinsights_sitenote_note":"","_monsterinsights_sitenote_category":0,"site-sidebar-layout":"default","site-content-layout":"default","ast-site-content-layout":"default","site-content-style":"default","site-sidebar-style":"default","ast-global-header-display":"","ast-banner-title-visibility":"","ast-main-header-display":"","ast-hfb-above-header-display":"","ast-hfb-below-header-display":"","ast-hfb-mobile-header-display":"","site-post-title":"","ast-breadcrumbs-content":"","ast-featured-img":"","footer-sml-layout":"","ast-disable-related-posts":"","theme-transparent-header-meta":"default","adv-header-id-meta":"","stick-header-meta":"","header-above-stick-meta":"","header-main-stick-meta":"","header-below-stick-meta":"","astra-migrate-meta-layouts":"default","ast-page-background-enabled":"default","ast-page-background-meta":{"desktop":{"background-color":"","background-image":"","background-repeat":"repeat","background-position":"center center","background-size":"auto","background-attachment":"scroll","background-type":"","background-media":"","overlay-type":"","overlay-color":"","overlay-opacity":"","overlay-gradient":""},"tablet":{"background-color":"","background-image":"","background-repeat":"repeat","background-position":"center center","background-size":"auto","background-attachment":"scroll","background-type":"","background-media":"","overlay-type":"","overlay-color":"","overlay-opacity":"","overlay-gradient":""},"mobile":{"background-color":"","background-image":"","background-repeat":"repeat","background-position":"center center","background-size":"auto","background-attachment":"scroll","background-type":"","background-media":"","overlay-type":"","overlay-color":"","overlay-opacity":"","overlay-gradient":""}},"ast-content-background-meta":{"desktop":{"background-color":"var(--ast-global-color-5)","background-image":"","background-repeat":"repeat","background-position":"center center","background-size":"auto","background-attachment":"scroll","background-type":"","background-media":"","overlay-type":"","overlay-color":"","overlay-opacity":"","overlay-gradient":""},"tablet":{"background-color":"var(--ast-global-color-5)","background-image":"","background-repeat":"repeat","background-position":"center center","background-size":"auto","background-attachment":"scroll","background-type":"","background-media":"","overlay-type":"","overlay-color":"","overlay-opacity":"","overlay-gradient":""},"mobile":{"background-color":"var(--ast-global-color-5)","background-image":"","background-repeat":"repeat","background-position":"center center","background-size":"auto","background-attachment":"scroll","background-type":"","background-media":"","overlay-type":"","overlay-color":"","overlay-opacity":"","overlay-gradient":""}}},"product_brand":[],"product_cat":[64,65],"product_tag":[],"class_list":{"0":"post-5354","1":"product","2":"type-product","3":"status-publish","4":"has-post-thumbnail","6":"product_cat-nyheter","7":"product_cat-svenska-tag","8":"desktop-align-center","9":"tablet-align-center","10":"mobile-align-center","12":"first","13":"outofstock","14":"taxable","15":"shipping-taxable","16":"purchasable","17":"product-type-simple"},"aioseo_notices":[],"spectra_custom_meta":{"_product_attributes":["a:0:{}"],"_thumbnail_id":["5355"],"_visibility":["visible"],"_stock_status":["outofstock"],"total_sales":["7"],"_downloadable":["no"],"_virtual":["no"],"_regular_price":["225"],"_tax_status":["taxable"],"_tax_class":["6"],"_featured":["no"],"_purchase_note":[""],"_weight":["86"],"_length":[""],"_width":[""],"_height":[""],"_sku":[""],"_sale_price_dates_from":[""],"_price":["225"],"_sold_individually":[""],"_manage_stock":["yes"],"_backorders":["no"],"_stock":["0"],"_upsell_ids":["a:0:{}"],"_crosssell_ids":["a:0:{}"],"_children":["a:0:{}"],"_min_variation_price":[""],"_max_variation_price":[""],"_min_price_variation_id":[""],"_max_price_variation_id":[""],"_min_variation_regular_price":[""],"_max_variation_regular_price":[""],"_min_regular_price_variation_id":[""],"_max_regular_price_variation_id":[""],"_min_variation_sale_price":[""],"_max_variation_sale_price":[""],"_min_sale_price_variation_id":[""],"_max_sale_price_variation_id":[""],"_product_image_gallery":[""],"_yoast_wpseo_title":[""],"_yoast_wpseo_metadesc":[""],"_yoast_wpseo_focuskw":[""],"_downloadable_files":["a:0:{}"],"_download_limit":[""],"_download_expiry":[""],"_wc_average_rating":["0"],"_wc_rating_count":["a:0:{}"],"_wc_review_count":["0"],"_wpm_gtin_code":[""],"rank_math_title":[""],"rank_math_description":[""],"rank_math_focus_keyword":[""],"_edit_last":["3"],"_product_version":["9.7.1"],"_edit_lock":["1674990232:3"],"fb_product_group_id":["5724729767640977"],"fb_product_item_id":["5724729867640967"],"_primary_term_product_cat":["64"],"_wc_facebook_sync_enabled":["yes"],"fb_visibility":["yes"],"fb_product_description":[""],"_wc_facebook_product_image_source":["product"],"_wc_facebook_commerce_enabled":["no"],"site-sidebar-layout":["default"],"site-content-layout":["default"],"theme-transparent-header-meta":["default"],"_uag_page_assets":["a:9:{s:3:\"css\";s:0:\"\";s:2:\"js\";s:0:\"\";s:18:\"current_block_list\";a:5:{i:0;s:26:\"woocommerce\/product-search\";i:1;s:10:\"core\/group\";i:2;s:12:\"core\/heading\";i:3;s:27:\"woocommerce\/product-on-sale\";i:4;s:32:\"woocommerce\/product-best-sellers\";}s:8:\"uag_flag\";b:0;s:11:\"uag_version\";s:10:\"1775301941\";s:6:\"gfonts\";a:0:{}s:10:\"gfonts_url\";s:0:\"\";s:12:\"gfonts_files\";a:0:{}s:14:\"uag_faq_layout\";b:0;}"]},"uagb_featured_image_src":{"full":["https:\/\/smalsparet.com\/wp-content\/uploads\/nc\/2020\/12\/LEG-SvT49-20201123-dvdomslag-900.jpg",900,603,false],"thumbnail":["https:\/\/smalsparet.com\/wp-content\/uploads\/nc\/2020\/12\/LEG-SvT49-20201123-dvdomslag-900.jpg",150,101,false],"medium":["https:\/\/smalsparet.com\/wp-content\/uploads\/nc\/2020\/12\/LEG-SvT49-20201123-dvdomslag-900.jpg",300,201,false],"medium_large":["https:\/\/smalsparet.com\/wp-content\/uploads\/nc\/2020\/12\/LEG-SvT49-20201123-dvdomslag-900.jpg",768,515,false],"large":["https:\/\/smalsparet.com\/wp-content\/uploads\/nc\/2020\/12\/LEG-SvT49-20201123-dvdomslag-900.jpg",900,603,false],"1536x1536":["https:\/\/smalsparet.com\/wp-content\/uploads\/nc\/2020\/12\/LEG-SvT49-20201123-dvdomslag-900.jpg",900,603,false],"2048x2048":["https:\/\/smalsparet.com\/wp-content\/uploads\/nc\/2020\/12\/LEG-SvT49-20201123-dvdomslag-900.jpg",900,603,false],"trp-custom-language-flag":["https:\/\/smalsparet.com\/wp-content\/uploads\/nc\/2020\/12\/LEG-SvT49-20201123-dvdomslag-900.jpg",18,12,false],"woocommerce_thumbnail":["https:\/\/smalsparet.com\/wp-content\/uploads\/nc\/2020\/12\/LEG-SvT49-20201123-dvdomslag-900-300x300.jpg",300,300,true],"woocommerce_single":["https:\/\/smalsparet.com\/wp-content\/uploads\/nc\/2020\/12\/LEG-SvT49-20201123-dvdomslag-900.jpg",600,402,true],"woocommerce_gallery_thumbnail":["https:\/\/smalsparet.com\/wp-content\/uploads\/nc\/2020\/12\/LEG-SvT49-20201123-dvdomslag-900-100x100.jpg",100,100,true],"awb_sm":["https:\/\/smalsparet.com\/wp-content\/uploads\/nc\/2020\/12\/LEG-SvT49-20201123-dvdomslag-900.jpg",500,335,false],"awb_md":["https:\/\/smalsparet.com\/wp-content\/uploads\/nc\/2020\/12\/LEG-SvT49-20201123-dvdomslag-900.jpg",800,536,false],"awb_lg":["https:\/\/smalsparet.com\/wp-content\/uploads\/nc\/2020\/12\/LEG-SvT49-20201123-dvdomslag-900.jpg",900,603,false],"awb_xl":["https:\/\/smalsparet.com\/wp-content\/uploads\/nc\/2020\/12\/LEG-SvT49-20201123-dvdomslag-900.jpg",900,603,false]},"uagb_author_info":{"display_name":"admin","author_link":"https:\/\/smalsparet.com\/en\/author\/"},"uagb_comment_info":0,"uagb_excerpt":"Inneh\u00e5ller: Korta inslag (4 sp\u00e5r Malm\u00f6\u2013Lund. En stund i Uddevalla. Sp\u00e5rv\u00e4gen i Lund. RLJ Jung-lok lossas.) Kilafors\u2013S\u00f6derhamn. Sp\u00e5rbyte p\u00e5 Olofstr\u00f6msbanan. Green Cargo Mb-lok. Timmert\u00e5g p\u00e5 JTJ. Tema Folke Zettervall: Kumla och Esl\u00f6v. Corona och museij\u00e4rnv\u00e4garna. Avslutning: Kv\u00e4llst\u00e5g p\u00e5 Ohsabanan. Bonusfilm: Svenska T\u00e5g 10 Valbara ljudsp\u00e5r: med eller utan kommentarer. Format 16:9 (Bonusfilm 4:3). L\u00e4ngd 80+65&hellip;","_links":{"self":[{"href":"https:\/\/smalsparet.com\/en\/wp-json\/wp\/v2\/product\/5354","targetHints":{"allow":["GET"]}}],"collection":[{"href":"https:\/\/smalsparet.com\/en\/wp-json\/wp\/v2\/product"}],"about":[{"href":"https:\/\/smalsparet.com\/en\/wp-json\/wp\/v2\/types\/product"}],"replies":[{"embeddable":true,"href":"https:\/\/smalsparet.com\/en\/wp-json\/wp\/v2\/comments?post=5354"}],"wp:featuredmedia":[{"embeddable":true,"href":"https:\/\/smalsparet.com\/en\/wp-json\/wp\/v2\/media\/5355"}],"wp:attachment":[{"href":"https:\/\/smalsparet.com\/en\/wp-json\/wp\/v2\/media?parent=5354"}],"wp:term":[{"taxonomy":"product_brand","embeddable":true,"href":"https:\/\/smalsparet.com\/en\/wp-json\/wp\/v2\/product_brand?post=5354"},{"taxonomy":"product_cat","embeddable":true,"href":"https:\/\/smalsparet.com\/en\/wp-json\/wp\/v2\/product_cat?post=5354"},{"taxonomy":"product_tag","embeddable":true,"href":"https:\/\/smalsparet.com\/en\/wp-json\/wp\/v2\/product_tag?post=5354"}],"curies":[{"name":"wp","href":"https:\/\/api.w.org\/{rel}","templated":true}]}}