{"id":5341,"date":"2017-09-27T10:43:18","date_gmt":"2017-09-27T10:43:18","guid":{"rendered":"https:\/\/smalsparet.com\/?product=svenska-tag-43"},"modified":"2025-12-31T07:44:20","modified_gmt":"2025-12-31T07:44:20","slug":"svenska-tag-43","status":"publish","type":"product","link":"https:\/\/smalsparet.com\/en\/product\/svenska-tag-43\/","title":{"rendered":"Swedish Trains 43"},"content":{"rendered":"<p>Includes: Short features (Vectron-Sn\u00e4llt\u00e5get, Str\u00e4ngn\u00e4s-H\u00e4rad, Hallsberg-Deger\u00f6n, SMoK to Olofstr\u00f6m). X11 P\u00e5gat\u00e5g in new design. T\u00f6reboda bridge over G\u00f6ta Canal. LPG. Freight train to Stenungsund. S\u00f6der\u00e5sbanan. SkLJ 50th anniversary. Conclusion: Boats and the railway at Forsvik.<\/p>\n<p>Optional soundtrack: with or without speaker. Bonus film: Swedish Trains Part 4 (55 minutes, in addition to the regular 90 minutes).<\/p>","protected":false},"excerpt":{"rendered":"<p>Includes: Short features (Vectron-Sn\u00e4llt\u00e5get, Str\u00e4ngn\u00e4s-H\u00e4rad, Hallsberg-Deger\u00f6n, SMoK to Olofstr\u00f6m). X11 P\u00e5gat\u00e5g in new design. T\u00f6reboda bridge over G\u00f6ta Canal. LPG. Freight train to Stenungsund. S\u00f6der\u00e5sbanan. SkLJ 50th anniversary. Conclusion: Boats and the railway at Forsvik. Optional soundtrack: with or without speaker. Bonus film: Swedish Trains part 4 (55 minutes, in addition to the regular 90 minutes).<\/p>","protected":false},"featured_media":5297,"comment_status":"open","ping_status":"closed","template":"","meta":{"om_disable_all_campaigns":false,"_uag_custom_page_level_css":"","_monsterinsights_skip_tracking":false,"_monsterinsights_sitenote_active":false,"_monsterinsights_sitenote_note":"","_monsterinsights_sitenote_category":0,"site-sidebar-layout":"default","site-content-layout":"default","ast-site-content-layout":"default","site-content-style":"default","site-sidebar-style":"default","ast-global-header-display":"","ast-banner-title-visibility":"","ast-main-header-display":"","ast-hfb-above-header-display":"","ast-hfb-below-header-display":"","ast-hfb-mobile-header-display":"","site-post-title":"","ast-breadcrumbs-content":"","ast-featured-img":"","footer-sml-layout":"","ast-disable-related-posts":"","theme-transparent-header-meta":"default","adv-header-id-meta":"","stick-header-meta":"","header-above-stick-meta":"","header-main-stick-meta":"","header-below-stick-meta":"","astra-migrate-meta-layouts":"set","ast-page-background-enabled":"default","ast-page-background-meta":{"desktop":{"background-color":"","background-image":"","background-repeat":"repeat","background-position":"center center","background-size":"auto","background-attachment":"scroll","background-type":"","background-media":"","overlay-type":"","overlay-color":"","overlay-opacity":"","overlay-gradient":""},"tablet":{"background-color":"","background-image":"","background-repeat":"repeat","background-position":"center center","background-size":"auto","background-attachment":"scroll","background-type":"","background-media":"","overlay-type":"","overlay-color":"","overlay-opacity":"","overlay-gradient":""},"mobile":{"background-color":"","background-image":"","background-repeat":"repeat","background-position":"center center","background-size":"auto","background-attachment":"scroll","background-type":"","background-media":"","overlay-type":"","overlay-color":"","overlay-opacity":"","overlay-gradient":""}},"ast-content-background-meta":{"desktop":{"background-color":"var(--ast-global-color-5)","background-image":"","background-repeat":"repeat","background-position":"center center","background-size":"auto","background-attachment":"scroll","background-type":"","background-media":"","overlay-type":"","overlay-color":"","overlay-opacity":"","overlay-gradient":""},"tablet":{"background-color":"var(--ast-global-color-5)","background-image":"","background-repeat":"repeat","background-position":"center center","background-size":"auto","background-attachment":"scroll","background-type":"","background-media":"","overlay-type":"","overlay-color":"","overlay-opacity":"","overlay-gradient":""},"mobile":{"background-color":"var(--ast-global-color-5)","background-image":"","background-repeat":"repeat","background-position":"center center","background-size":"auto","background-attachment":"scroll","background-type":"","background-media":"","overlay-type":"","overlay-color":"","overlay-opacity":"","overlay-gradient":""}}},"product_brand":[],"product_cat":[83,65],"product_tag":[],"class_list":{"0":"post-5341","1":"product","2":"type-product","3":"status-publish","4":"has-post-thumbnail","6":"product_cat-black-friday-2025","7":"product_cat-svenska-tag","8":"desktop-align-center","9":"tablet-align-center","10":"mobile-align-center","12":"first","13":"instock","14":"taxable","15":"shipping-taxable","16":"purchasable","17":"product-type-simple"},"aioseo_notices":[],"spectra_custom_meta":{"_product_attributes":["a:2:{s:9:\"pa_format\";a:6:{s:4:\"name\";s:9:\"pa_format\";s:5:\"value\";s:0:\"\";s:8:\"position\";i:0;s:10:\"is_visible\";i:1;s:12:\"is_variation\";i:0;s:11:\"is_taxonomy\";i:1;}s:8:\"pa_langd\";a:6:{s:4:\"name\";s:8:\"pa_langd\";s:5:\"value\";s:0:\"\";s:8:\"position\";i:1;s:10:\"is_visible\";i:1;s:12:\"is_variation\";i:0;s:11:\"is_taxonomy\";i:1;}}"],"_thumbnail_id":["5297"],"_visibility":["visible"],"_stock_status":["instock"],"total_sales":["8"],"_downloadable":["no"],"_virtual":["no"],"_regular_price":["100"],"_tax_status":["taxable"],"_tax_class":["6"],"_featured":["no"],"_purchase_note":[""],"_weight":["80"],"_length":[""],"_width":[""],"_height":[""],"_sku":[""],"_price":["100"],"_sold_individually":[""],"_manage_stock":["yes"],"_backorders":["no"],"_stock":["26"],"_upsell_ids":["a:0:{}"],"_crosssell_ids":["a:0:{}"],"_children":["a:0:{}"],"_min_variation_price":[""],"_max_variation_price":[""],"_min_price_variation_id":[""],"_max_price_variation_id":[""],"_min_variation_regular_price":[""],"_max_variation_regular_price":[""],"_min_regular_price_variation_id":[""],"_max_regular_price_variation_id":[""],"_min_variation_sale_price":[""],"_max_variation_sale_price":[""],"_min_sale_price_variation_id":[""],"_max_sale_price_variation_id":[""],"_product_image_gallery":["5297"],"_yoast_wpseo_title":[""],"_yoast_wpseo_metadesc":[""],"_yoast_wpseo_focuskw":[""],"_downloadable_files":["a:0:{}"],"_download_limit":[""],"_download_expiry":[""],"_wc_average_rating":["0"],"_wc_rating_count":["a:0:{}"],"_wc_review_count":["0"],"_wpm_gtin_code":[""],"rank_math_title":[""],"rank_math_description":[""],"rank_math_focus_keyword":[""],"_edit_lock":["1763818006:3"],"_edit_last":["3"],"_primary_term_product_cat":["65"],"_product_version":["9.7.1"],"site-sidebar-layout":["default"],"site-content-layout":["default"],"theme-transparent-header-meta":["default"],"fb_product_item_id":["6219050391455564"],"_wc_facebook_sync_enabled":["yes"],"fb_visibility":["yes"],"fb_product_description":[""],"_wc_facebook_product_image_source":["product"],"_wc_facebook_commerce_enabled":["no"],"_aioseo_keywords":["a:0:{}"],"_aioseo_og_article_section":[""],"_aioseo_og_article_tags":["a:0:{}"],"_monsterinsights_sitenote_active":["0"],"om_disable_all_campaigns":[""],"ast-site-content-layout":["default"],"site-content-style":["default"],"site-sidebar-style":["default"],"fb_rich_text_description":[""],"fb_product_video":["a:0:{}"],"fb_brand":[""],"fb_mpn":[""],"_aioseo_title":[null],"_aioseo_description":[null],"_aioseo_og_title":[""],"_aioseo_og_description":[""],"_aioseo_twitter_title":[""],"_aioseo_twitter_description":[""],"astra-migrate-meta-layouts":["set"],"_uag_page_assets":["a:9:{s:3:\"css\";s:0:\"\";s:2:\"js\";s:0:\"\";s:18:\"current_block_list\";a:5:{i:0;s:26:\"woocommerce\/product-search\";i:1;s:10:\"core\/group\";i:2;s:12:\"core\/heading\";i:3;s:27:\"woocommerce\/product-on-sale\";i:4;s:32:\"woocommerce\/product-best-sellers\";}s:8:\"uag_flag\";b:0;s:11:\"uag_version\";s:10:\"1775301941\";s:6:\"gfonts\";a:0:{}s:10:\"gfonts_url\";s:0:\"\";s:12:\"gfonts_files\";a:0:{}s:14:\"uag_faq_layout\";b:0;}"]},"uagb_featured_image_src":{"full":["https:\/\/smalsparet.com\/wp-content\/uploads\/nc\/2017\/09\/LEG-SvT43-20170905-dvdomslag-900-e1506504599461.jpg",900,603,false],"thumbnail":["https:\/\/smalsparet.com\/wp-content\/uploads\/nc\/2017\/09\/LEG-SvT43-20170905-dvdomslag-900-e1506504599461.jpg",150,101,false],"medium":["https:\/\/smalsparet.com\/wp-content\/uploads\/nc\/2017\/09\/LEG-SvT43-20170905-dvdomslag-900-e1506504599461.jpg",300,201,false],"medium_large":["https:\/\/smalsparet.com\/wp-content\/uploads\/nc\/2017\/09\/LEG-SvT43-20170905-dvdomslag-900-e1506504599461.jpg",768,515,false],"large":["https:\/\/smalsparet.com\/wp-content\/uploads\/nc\/2017\/09\/LEG-SvT43-20170905-dvdomslag-900-e1506504599461.jpg",900,603,false],"1536x1536":["https:\/\/smalsparet.com\/wp-content\/uploads\/nc\/2017\/09\/LEG-SvT43-20170905-dvdomslag-900-e1506504599461.jpg",900,603,false],"2048x2048":["https:\/\/smalsparet.com\/wp-content\/uploads\/nc\/2017\/09\/LEG-SvT43-20170905-dvdomslag-900-e1506504599461.jpg",900,603,false],"trp-custom-language-flag":["https:\/\/smalsparet.com\/wp-content\/uploads\/nc\/2017\/09\/LEG-SvT43-20170905-dvdomslag-900-e1506504599461.jpg",18,12,false],"woocommerce_thumbnail":["https:\/\/smalsparet.com\/wp-content\/uploads\/nc\/2017\/09\/LEG-SvT43-20170905-dvdomslag-900-e1506504599461-300x300.jpg",300,300,true],"woocommerce_single":["https:\/\/smalsparet.com\/wp-content\/uploads\/nc\/2017\/09\/LEG-SvT43-20170905-dvdomslag-900-e1506504599461.jpg",600,402,true],"woocommerce_gallery_thumbnail":["https:\/\/smalsparet.com\/wp-content\/uploads\/nc\/2017\/09\/LEG-SvT43-20170905-dvdomslag-900-e1506504599461-100x100.jpg",100,100,true],"awb_sm":["https:\/\/smalsparet.com\/wp-content\/uploads\/nc\/2017\/09\/LEG-SvT43-20170905-dvdomslag-900-e1506504599461.jpg",500,335,false],"awb_md":["https:\/\/smalsparet.com\/wp-content\/uploads\/nc\/2017\/09\/LEG-SvT43-20170905-dvdomslag-900-e1506504599461.jpg",800,536,false],"awb_lg":["https:\/\/smalsparet.com\/wp-content\/uploads\/nc\/2017\/09\/LEG-SvT43-20170905-dvdomslag-900-e1506504599461.jpg",900,603,false],"awb_xl":["https:\/\/smalsparet.com\/wp-content\/uploads\/nc\/2017\/09\/LEG-SvT43-20170905-dvdomslag-900-e1506504599461.jpg",900,603,false]},"uagb_author_info":{"display_name":"admin","author_link":"https:\/\/smalsparet.com\/en\/author\/"},"uagb_comment_info":0,"uagb_excerpt":"Inneh\u00e5ller: Korta inslag (Vectron-Sn\u00e4llt\u00e5get, Str\u00e4ngn\u00e4s\u2013H\u00e4rad, Hallsberg\u2013Deger\u00f6n, SMoK till Olofstr\u00f6m). X11 P\u00e5gat\u00e5g i ny design. T\u00f6reboda bron \u00f6ver G\u00f6ta kanal. Gasol. Godst\u00e5g till Stenungsund. S\u00f6der\u00e5sbanan. SkLJ 50-\u00e5rsjubileum. Avslutning: B\u00e5tar och bruksj\u00e4rnv\u00e4g vid Forsvik. Valbara ljudsp\u00e5r: med eller utan speaker. Bonusfilm: Svenska T\u00e5g del 4 (55 minuter, ut\u00f6ver ordinarie 90 minuter).","_links":{"self":[{"href":"https:\/\/smalsparet.com\/en\/wp-json\/wp\/v2\/product\/5341","targetHints":{"allow":["GET"]}}],"collection":[{"href":"https:\/\/smalsparet.com\/en\/wp-json\/wp\/v2\/product"}],"about":[{"href":"https:\/\/smalsparet.com\/en\/wp-json\/wp\/v2\/types\/product"}],"replies":[{"embeddable":true,"href":"https:\/\/smalsparet.com\/en\/wp-json\/wp\/v2\/comments?post=5341"}],"wp:featuredmedia":[{"embeddable":true,"href":"https:\/\/smalsparet.com\/en\/wp-json\/wp\/v2\/media\/5297"}],"wp:attachment":[{"href":"https:\/\/smalsparet.com\/en\/wp-json\/wp\/v2\/media?parent=5341"}],"wp:term":[{"taxonomy":"product_brand","embeddable":true,"href":"https:\/\/smalsparet.com\/en\/wp-json\/wp\/v2\/product_brand?post=5341"},{"taxonomy":"product_cat","embeddable":true,"href":"https:\/\/smalsparet.com\/en\/wp-json\/wp\/v2\/product_cat?post=5341"},{"taxonomy":"product_tag","embeddable":true,"href":"https:\/\/smalsparet.com\/en\/wp-json\/wp\/v2\/product_tag?post=5341"}],"curies":[{"name":"wp","href":"https:\/\/api.w.org\/{rel}","templated":true}]}}