{"id":5328,"date":"2015-11-10T10:20:39","date_gmt":"2015-11-10T10:20:39","guid":{"rendered":"https:\/\/smalsparet.com\/?product=gotlandstaget"},"modified":"2025-10-27T19:12:33","modified_gmt":"2025-10-27T19:12:33","slug":"gotlandstaget","status":"publish","type":"product","link":"https:\/\/smalsparet.com\/en\/product\/gotlandstaget\/","title":{"rendered":"The Gotland train"},"content":{"rendered":"<p>A film about the museum railway on Gotland that was inaugurated in May 2015. We visit the inauguration and follow the train traffic over the newly opened line between Hesselby and Roma, summer 2015. We see the association's own locomotives and wagons and borrowed vehicles for the railway opening.<br \/>\nBonus film: The stone train at Bl\u00e4se.<br \/>\nSelectable audio tracks with or without speaker.<br \/>\nFilm format 16:9. Length 70 minutes<\/p>","protected":false},"excerpt":{"rendered":"<p>A film about the museum railway on Gotland that was inaugurated in May 2015. We visit the inauguration and follow the train traffic over the newly opened line between Hesselby and Roma, summer 2015. We see the association's own locomotives and carriages and borrowed vehicles for the railway opening. Bonus film: The stone train at Bl\u00e4se. Selectable soundtrack with or without speaker. Film format 16:9. Length 70 minutes<\/p>","protected":false},"featured_media":5329,"comment_status":"open","ping_status":"closed","template":"","meta":{"om_disable_all_campaigns":false,"_uag_custom_page_level_css":"","_monsterinsights_skip_tracking":false,"_monsterinsights_sitenote_active":false,"_monsterinsights_sitenote_note":"","_monsterinsights_sitenote_category":0,"site-sidebar-layout":"default","site-content-layout":"default","ast-site-content-layout":"default","site-content-style":"default","site-sidebar-style":"default","ast-global-header-display":"","ast-banner-title-visibility":"","ast-main-header-display":"","ast-hfb-above-header-display":"","ast-hfb-below-header-display":"","ast-hfb-mobile-header-display":"","site-post-title":"","ast-breadcrumbs-content":"","ast-featured-img":"","footer-sml-layout":"","ast-disable-related-posts":"","theme-transparent-header-meta":"default","adv-header-id-meta":"","stick-header-meta":"","header-above-stick-meta":"","header-main-stick-meta":"","header-below-stick-meta":"","astra-migrate-meta-layouts":"default","ast-page-background-enabled":"default","ast-page-background-meta":{"desktop":{"background-color":"","background-image":"","background-repeat":"repeat","background-position":"center center","background-size":"auto","background-attachment":"scroll","background-type":"","background-media":"","overlay-type":"","overlay-color":"","overlay-opacity":"","overlay-gradient":""},"tablet":{"background-color":"","background-image":"","background-repeat":"repeat","background-position":"center center","background-size":"auto","background-attachment":"scroll","background-type":"","background-media":"","overlay-type":"","overlay-color":"","overlay-opacity":"","overlay-gradient":""},"mobile":{"background-color":"","background-image":"","background-repeat":"repeat","background-position":"center center","background-size":"auto","background-attachment":"scroll","background-type":"","background-media":"","overlay-type":"","overlay-color":"","overlay-opacity":"","overlay-gradient":""}},"ast-content-background-meta":{"desktop":{"background-color":"var(--ast-global-color-5)","background-image":"","background-repeat":"repeat","background-position":"center center","background-size":"auto","background-attachment":"scroll","background-type":"","background-media":"","overlay-type":"","overlay-color":"","overlay-opacity":"","overlay-gradient":""},"tablet":{"background-color":"var(--ast-global-color-5)","background-image":"","background-repeat":"repeat","background-position":"center center","background-size":"auto","background-attachment":"scroll","background-type":"","background-media":"","overlay-type":"","overlay-color":"","overlay-opacity":"","overlay-gradient":""},"mobile":{"background-color":"var(--ast-global-color-5)","background-image":"","background-repeat":"repeat","background-position":"center center","background-size":"auto","background-attachment":"scroll","background-type":"","background-media":"","overlay-type":"","overlay-color":"","overlay-opacity":"","overlay-gradient":""}}},"product_brand":[],"product_cat":[68],"product_tag":[],"class_list":{"0":"post-5328","1":"product","2":"type-product","3":"status-publish","4":"has-post-thumbnail","6":"product_cat-jarnvagslinjer","7":"desktop-align-center","8":"tablet-align-center","9":"mobile-align-center","11":"first","12":"instock","13":"taxable","14":"shipping-taxable","15":"purchasable","16":"product-type-simple"},"aioseo_notices":[],"spectra_custom_meta":{"_product_attributes":["a:0:{}"],"_thumbnail_id":["5329"],"_visibility":["visible"],"_stock_status":["instock"],"total_sales":["5"],"_downloadable":["no"],"_virtual":["no"],"_regular_price":["100"],"_tax_status":["taxable"],"_tax_class":["6"],"_featured":["no"],"_purchase_note":[""],"_weight":["80"],"_length":[""],"_width":[""],"_height":[""],"_sku":[""],"_sale_price_dates_from":[""],"_price":["100"],"_sold_individually":[""],"_manage_stock":["yes"],"_backorders":["no"],"_stock":["1"],"_upsell_ids":["a:0:{}"],"_crosssell_ids":["a:0:{}"],"_children":["a:0:{}"],"_min_variation_price":[""],"_max_variation_price":[""],"_min_price_variation_id":[""],"_max_price_variation_id":[""],"_min_variation_regular_price":[""],"_max_variation_regular_price":[""],"_min_regular_price_variation_id":[""],"_max_regular_price_variation_id":[""],"_min_variation_sale_price":[""],"_max_variation_sale_price":[""],"_min_sale_price_variation_id":[""],"_max_sale_price_variation_id":[""],"_product_image_gallery":["5329"],"_yoast_wpseo_title":[""],"_yoast_wpseo_metadesc":[""],"_yoast_wpseo_focuskw":[""],"_downloadable_files":["a:0:{}"],"_download_limit":[""],"_download_expiry":[""],"_wc_average_rating":["0"],"_wc_rating_count":["a:0:{}"],"_wc_review_count":["0"],"_wpm_gtin_code":[""],"rank_math_title":[""],"rank_math_description":[""],"rank_math_focus_keyword":[""],"_edit_last":["3"],"_product_version":["9.7.1"],"_edit_lock":["1674990208:3"],"_primary_term_product_cat":["68"],"site-sidebar-layout":["default"],"site-content-layout":["default"],"theme-transparent-header-meta":["default"],"fb_product_item_id":["5652018121549127"],"_wc_facebook_sync_enabled":["yes"],"fb_visibility":["yes"],"fb_product_description":[""],"_wc_facebook_product_image_source":["product"],"_wc_facebook_commerce_enabled":["no"],"_uag_page_assets":["a:9:{s:3:\"css\";s:0:\"\";s:2:\"js\";s:0:\"\";s:18:\"current_block_list\";a:5:{i:0;s:26:\"woocommerce\/product-search\";i:1;s:10:\"core\/group\";i:2;s:12:\"core\/heading\";i:3;s:27:\"woocommerce\/product-on-sale\";i:4;s:32:\"woocommerce\/product-best-sellers\";}s:8:\"uag_flag\";b:0;s:11:\"uag_version\";s:10:\"1775983743\";s:6:\"gfonts\";a:0:{}s:10:\"gfonts_url\";s:0:\"\";s:12:\"gfonts_files\";a:0:{}s:14:\"uag_faq_layout\";b:0;}"]},"uagb_featured_image_src":{"full":["https:\/\/smalsparet.com\/wp-content\/uploads\/nc\/2015\/11\/LEG-GHJ-20151023-dvdomslag-900.jpg",900,603,false],"thumbnail":["https:\/\/smalsparet.com\/wp-content\/uploads\/nc\/2015\/11\/LEG-GHJ-20151023-dvdomslag-900.jpg",150,101,false],"medium":["https:\/\/smalsparet.com\/wp-content\/uploads\/nc\/2015\/11\/LEG-GHJ-20151023-dvdomslag-900.jpg",300,201,false],"medium_large":["https:\/\/smalsparet.com\/wp-content\/uploads\/nc\/2015\/11\/LEG-GHJ-20151023-dvdomslag-900.jpg",768,515,false],"large":["https:\/\/smalsparet.com\/wp-content\/uploads\/nc\/2015\/11\/LEG-GHJ-20151023-dvdomslag-900.jpg",900,603,false],"1536x1536":["https:\/\/smalsparet.com\/wp-content\/uploads\/nc\/2015\/11\/LEG-GHJ-20151023-dvdomslag-900.jpg",900,603,false],"2048x2048":["https:\/\/smalsparet.com\/wp-content\/uploads\/nc\/2015\/11\/LEG-GHJ-20151023-dvdomslag-900.jpg",900,603,false],"trp-custom-language-flag":["https:\/\/smalsparet.com\/wp-content\/uploads\/nc\/2015\/11\/LEG-GHJ-20151023-dvdomslag-900.jpg",18,12,false],"woocommerce_thumbnail":["https:\/\/smalsparet.com\/wp-content\/uploads\/nc\/2015\/11\/LEG-GHJ-20151023-dvdomslag-900-300x300.jpg",300,300,true],"woocommerce_single":["https:\/\/smalsparet.com\/wp-content\/uploads\/nc\/2015\/11\/LEG-GHJ-20151023-dvdomslag-900.jpg",600,402,true],"woocommerce_gallery_thumbnail":["https:\/\/smalsparet.com\/wp-content\/uploads\/nc\/2015\/11\/LEG-GHJ-20151023-dvdomslag-900-100x100.jpg",100,100,true],"awb_sm":["https:\/\/smalsparet.com\/wp-content\/uploads\/nc\/2015\/11\/LEG-GHJ-20151023-dvdomslag-900.jpg",500,335,false],"awb_md":["https:\/\/smalsparet.com\/wp-content\/uploads\/nc\/2015\/11\/LEG-GHJ-20151023-dvdomslag-900.jpg",800,536,false],"awb_lg":["https:\/\/smalsparet.com\/wp-content\/uploads\/nc\/2015\/11\/LEG-GHJ-20151023-dvdomslag-900.jpg",900,603,false],"awb_xl":["https:\/\/smalsparet.com\/wp-content\/uploads\/nc\/2015\/11\/LEG-GHJ-20151023-dvdomslag-900.jpg",900,603,false]},"uagb_author_info":{"display_name":"admin","author_link":"https:\/\/smalsparet.com\/en\/author\/"},"uagb_comment_info":0,"uagb_excerpt":"En film om museij\u00e4rnv\u00e4gen p\u00e5 Gotland som invigdes i maj 2015. Vi bes\u00f6ker invigningen och f\u00f6ljer t\u00e5gtrafiken \u00f6ver den ny\u00f6ppnade linjen mellan Hesselby och Roma, sommaren 2015. Vi ser f\u00f6reningens egna lok och vagnar och inl\u00e5nade fordon till j\u00e4rnv\u00e4gsinvigningen. Bonusfilm: Stent\u00e5get vid Bl\u00e4se. Valbara ljudsp\u00e5r med eller utan speaker. Filmformat 16:9. L\u00e4ngd 70 minuter","_links":{"self":[{"href":"https:\/\/smalsparet.com\/en\/wp-json\/wp\/v2\/product\/5328","targetHints":{"allow":["GET"]}}],"collection":[{"href":"https:\/\/smalsparet.com\/en\/wp-json\/wp\/v2\/product"}],"about":[{"href":"https:\/\/smalsparet.com\/en\/wp-json\/wp\/v2\/types\/product"}],"replies":[{"embeddable":true,"href":"https:\/\/smalsparet.com\/en\/wp-json\/wp\/v2\/comments?post=5328"}],"wp:featuredmedia":[{"embeddable":true,"href":"https:\/\/smalsparet.com\/en\/wp-json\/wp\/v2\/media\/5329"}],"wp:attachment":[{"href":"https:\/\/smalsparet.com\/en\/wp-json\/wp\/v2\/media?parent=5328"}],"wp:term":[{"taxonomy":"product_brand","embeddable":true,"href":"https:\/\/smalsparet.com\/en\/wp-json\/wp\/v2\/product_brand?post=5328"},{"taxonomy":"product_cat","embeddable":true,"href":"https:\/\/smalsparet.com\/en\/wp-json\/wp\/v2\/product_cat?post=5328"},{"taxonomy":"product_tag","embeddable":true,"href":"https:\/\/smalsparet.com\/en\/wp-json\/wp\/v2\/product_tag?post=5328"}],"curies":[{"name":"wp","href":"https:\/\/api.w.org\/{rel}","templated":true}]}}