{"id":5306,"date":"2014-06-17T18:56:14","date_gmt":"2014-06-17T18:56:14","guid":{"rendered":"https:\/\/smalsparet.com\/?product=pa-600-mm-spar-i-polen"},"modified":"2026-04-21T22:10:31","modified_gmt":"2026-04-21T22:10:31","slug":"pa-600-mm-spar-i-polen","status":"publish","type":"product","link":"https:\/\/smalsparet.com\/en\/product\/pa-600-mm-spar-i-polen\/","title":{"rendered":"On 600 mm track in Poland"},"content":{"rendered":"<p>Poland has had several large networks of 600 mm gauge narrow-gauge railways for both passenger and freight traffic. Most were built when the area was part of Germany. In 2014, about 40 km of track remains, starting from Bia\u0142osliwie. Filmed on Super 8 film (dubbed sound) and Hi8 video (original sound). Digitised and collected on this DVD.<br \/>\nWirsitzer and Bromberger Kreisbahnen 1976 and 1992. Zniner Kreisbahn in 1974.<br \/>\nJarociner Kreisbahn 1976. Mecklenburg-Pommersche Schmalspurbahnen, GDR 1968. Parts of this film material have previously been released on VHS.<\/p>\n<p>Selectable audio tracks with or without speaker. Subtitles in Polish and German, selectable with or without subtitles.<\/p>\n<p>Format 4:3. Length 80 min. Cardboard cover<\/p>\n<p><span style=\"color: #ff0000;\">\u00a0<\/span><\/p>","protected":false},"excerpt":{"rendered":"<p>I Polen har det funnits flera stora n\u00e4t av smalsp\u00e5rsj\u00e4rnv\u00e4gar med 600 mm sp\u00e5rvidd med b\u00e5de person- och godstrafik. De flesta byggdes n\u00e4r omr\u00e5det tillh\u00f6rde Tyskland. \u00c5r 2014 \u00e5terst\u00e5r en ca 40 km l\u00e5ng bana med Bia\u0142osliwie som utg\u00e5ngspunkt. Filmat p\u00e5 smalfilm Super 8 (dubbat ljud) och video Hi8 (originalljud). Digitaliserat och samlat p\u00e5 denna [&hellip;]<\/p>\n","protected":false},"featured_media":5307,"comment_status":"open","ping_status":"closed","template":"","meta":{"om_disable_all_campaigns":false,"_uag_custom_page_level_css":"","_monsterinsights_skip_tracking":false,"_monsterinsights_sitenote_active":false,"_monsterinsights_sitenote_note":"","_monsterinsights_sitenote_category":0,"site-sidebar-layout":"default","site-content-layout":"default","ast-site-content-layout":"default","site-content-style":"default","site-sidebar-style":"default","ast-global-header-display":"","ast-banner-title-visibility":"","ast-main-header-display":"","ast-hfb-above-header-display":"","ast-hfb-below-header-display":"","ast-hfb-mobile-header-display":"","site-post-title":"","ast-breadcrumbs-content":"","ast-featured-img":"","footer-sml-layout":"","ast-disable-related-posts":"","theme-transparent-header-meta":"default","adv-header-id-meta":"","stick-header-meta":"","header-above-stick-meta":"","header-main-stick-meta":"","header-below-stick-meta":"","astra-migrate-meta-layouts":"set","ast-page-background-enabled":"default","ast-page-background-meta":{"desktop":{"background-color":"","background-image":"","background-repeat":"repeat","background-position":"center center","background-size":"auto","background-attachment":"scroll","background-type":"","background-media":"","overlay-type":"","overlay-color":"","overlay-opacity":"","overlay-gradient":""},"tablet":{"background-color":"","background-image":"","background-repeat":"repeat","background-position":"center center","background-size":"auto","background-attachment":"scroll","background-type":"","background-media":"","overlay-type":"","overlay-color":"","overlay-opacity":"","overlay-gradient":""},"mobile":{"background-color":"","background-image":"","background-repeat":"repeat","background-position":"center center","background-size":"auto","background-attachment":"scroll","background-type":"","background-media":"","overlay-type":"","overlay-color":"","overlay-opacity":"","overlay-gradient":""}},"ast-content-background-meta":{"desktop":{"background-color":"var(--ast-global-color-5)","background-image":"","background-repeat":"repeat","background-position":"center center","background-size":"auto","background-attachment":"scroll","background-type":"","background-media":"","overlay-type":"","overlay-color":"","overlay-opacity":"","overlay-gradient":""},"tablet":{"background-color":"var(--ast-global-color-5)","background-image":"","background-repeat":"repeat","background-position":"center center","background-size":"auto","background-attachment":"scroll","background-type":"","background-media":"","overlay-type":"","overlay-color":"","overlay-opacity":"","overlay-gradient":""},"mobile":{"background-color":"var(--ast-global-color-5)","background-image":"","background-repeat":"repeat","background-position":"center center","background-size":"auto","background-attachment":"scroll","background-type":"","background-media":"","overlay-type":"","overlay-color":"","overlay-opacity":"","overlay-gradient":""}}},"product_brand":[],"product_cat":[83,71,70],"product_tag":[],"class_list":{"0":"post-5306","1":"product","2":"type-product","3":"status-publish","4":"has-post-thumbnail","6":"product_cat-black-friday-2025","7":"product_cat-lagprisfilmer","8":"product_cat-vinter-rea","9":"desktop-align-center","10":"tablet-align-center","11":"mobile-align-center","13":"first","14":"instock","15":"taxable","16":"shipping-taxable","17":"purchasable","18":"product-type-simple"},"aioseo_notices":[],"spectra_custom_meta":{"_product_attributes":["a:0:{}"],"_thumbnail_id":["5307"],"_visibility":["visible"],"_stock_status":["instock"],"total_sales":["5"],"_downloadable":["no"],"_virtual":["no"],"_regular_price":["65"],"_tax_status":["taxable"],"_tax_class":["6"],"_featured":["no"],"_purchase_note":[""],"_weight":[""],"_length":[""],"_width":[""],"_height":[""],"_sku":[""],"_price":["65"],"_sold_individually":[""],"_manage_stock":["yes"],"_backorders":["no"],"_stock":["145"],"_upsell_ids":["a:0:{}"],"_crosssell_ids":["a:0:{}"],"_children":["a:0:{}"],"_min_variation_price":[""],"_max_variation_price":[""],"_min_price_variation_id":[""],"_max_price_variation_id":[""],"_min_variation_regular_price":[""],"_max_variation_regular_price":[""],"_min_regular_price_variation_id":[""],"_max_regular_price_variation_id":[""],"_min_variation_sale_price":[""],"_max_variation_sale_price":[""],"_min_sale_price_variation_id":[""],"_max_sale_price_variation_id":[""],"_product_image_gallery":["5307"],"_yoast_wpseo_title":[""],"_yoast_wpseo_metadesc":[""],"_yoast_wpseo_focuskw":[""],"_downloadable_files":["a:0:{}"],"_download_limit":[""],"_download_expiry":[""],"_wc_average_rating":["0"],"_wc_rating_count":["a:0:{}"],"_wc_review_count":["0"],"_wpm_gtin_code":[""],"rank_math_title":[""],"rank_math_description":[""],"rank_math_focus_keyword":[""],"_edit_last":["3"],"_product_version":["10.7.0"],"_edit_lock":["1763818012:3"],"_primary_term_product_cat":["70"],"site-sidebar-layout":["default"],"site-content-layout":["default"],"theme-transparent-header-meta":["default"],"fb_product_item_id":["6260035864024471"],"_wc_facebook_sync_enabled":["yes"],"fb_visibility":["yes"],"fb_product_description":[""],"_wc_facebook_product_image_source":["product"],"_wc_facebook_commerce_enabled":["no"],"fb_rich_text_description":[""],"fb_product_video":["a:0:{}"],"fb_brand":[""],"fb_mpn":[""],"_aioseo_title":[null],"_aioseo_description":[null],"_aioseo_keywords":["a:0:{}"],"_aioseo_og_title":[""],"_aioseo_og_description":[""],"_aioseo_og_article_section":[""],"_aioseo_og_article_tags":["a:0:{}"],"_aioseo_twitter_title":[""],"_aioseo_twitter_description":[""],"_monsterinsights_sitenote_active":["0"],"om_disable_all_campaigns":[""],"ast-site-content-layout":["default"],"site-content-style":["default"],"site-sidebar-style":["default"],"astra-migrate-meta-layouts":["set"],"_uag_page_assets":["a:9:{s:3:\"css\";s:0:\"\";s:2:\"js\";s:0:\"\";s:18:\"current_block_list\";a:5:{i:0;s:26:\"woocommerce\/product-search\";i:1;s:10:\"core\/group\";i:2;s:12:\"core\/heading\";i:3;s:27:\"woocommerce\/product-on-sale\";i:4;s:32:\"woocommerce\/product-best-sellers\";}s:8:\"uag_flag\";b:0;s:11:\"uag_version\";s:10:\"1777463016\";s:6:\"gfonts\";a:0:{}s:10:\"gfonts_url\";s:0:\"\";s:12:\"gfonts_files\";a:0:{}s:14:\"uag_faq_layout\";b:0;}"]},"uagb_featured_image_src":{"full":["https:\/\/smalsparet.com\/wp-content\/uploads\/nc\/2014\/06\/LEG-PolenSV-20140519-900.jpg",900,443,false],"thumbnail":["https:\/\/smalsparet.com\/wp-content\/uploads\/nc\/2014\/06\/LEG-PolenSV-20140519-900.jpg",150,74,false],"medium":["https:\/\/smalsparet.com\/wp-content\/uploads\/nc\/2014\/06\/LEG-PolenSV-20140519-900.jpg",300,148,false],"medium_large":["https:\/\/smalsparet.com\/wp-content\/uploads\/nc\/2014\/06\/LEG-PolenSV-20140519-900.jpg",768,378,false],"large":["https:\/\/smalsparet.com\/wp-content\/uploads\/nc\/2014\/06\/LEG-PolenSV-20140519-900.jpg",900,443,false],"1536x1536":["https:\/\/smalsparet.com\/wp-content\/uploads\/nc\/2014\/06\/LEG-PolenSV-20140519-900.jpg",900,443,false],"2048x2048":["https:\/\/smalsparet.com\/wp-content\/uploads\/nc\/2014\/06\/LEG-PolenSV-20140519-900.jpg",900,443,false],"trp-custom-language-flag":["https:\/\/smalsparet.com\/wp-content\/uploads\/nc\/2014\/06\/LEG-PolenSV-20140519-900.jpg",18,9,false],"woocommerce_thumbnail":["https:\/\/smalsparet.com\/wp-content\/uploads\/nc\/2014\/06\/LEG-PolenSV-20140519-900-300x300.jpg",300,300,true],"woocommerce_single":["https:\/\/smalsparet.com\/wp-content\/uploads\/nc\/2014\/06\/LEG-PolenSV-20140519-900.jpg",600,295,true],"woocommerce_gallery_thumbnail":["https:\/\/smalsparet.com\/wp-content\/uploads\/nc\/2014\/06\/LEG-PolenSV-20140519-900-100x100.jpg",100,100,true],"awb_sm":["https:\/\/smalsparet.com\/wp-content\/uploads\/nc\/2014\/06\/LEG-PolenSV-20140519-900.jpg",500,246,false],"awb_md":["https:\/\/smalsparet.com\/wp-content\/uploads\/nc\/2014\/06\/LEG-PolenSV-20140519-900.jpg",800,394,false],"awb_lg":["https:\/\/smalsparet.com\/wp-content\/uploads\/nc\/2014\/06\/LEG-PolenSV-20140519-900.jpg",900,443,false],"awb_xl":["https:\/\/smalsparet.com\/wp-content\/uploads\/nc\/2014\/06\/LEG-PolenSV-20140519-900.jpg",900,443,false]},"uagb_author_info":{"display_name":"admin","author_link":"https:\/\/smalsparet.com\/en\/author\/"},"uagb_comment_info":1,"uagb_excerpt":"I Polen har det funnits flera stora n\u00e4t av smalsp\u00e5rsj\u00e4rnv\u00e4gar med 600 mm sp\u00e5rvidd med b\u00e5de person- och godstrafik. De flesta byggdes n\u00e4r omr\u00e5det tillh\u00f6rde Tyskland. \u00c5r 2014 \u00e5terst\u00e5r en ca 40 km l\u00e5ng bana med Bia\u0142osliwie som utg\u00e5ngspunkt. Filmat p\u00e5 smalfilm Super 8 (dubbat ljud) och video Hi8 (originalljud). Digitaliserat och samlat p\u00e5 denna&hellip;","_links":{"self":[{"href":"https:\/\/smalsparet.com\/en\/wp-json\/wp\/v2\/product\/5306","targetHints":{"allow":["GET"]}}],"collection":[{"href":"https:\/\/smalsparet.com\/en\/wp-json\/wp\/v2\/product"}],"about":[{"href":"https:\/\/smalsparet.com\/en\/wp-json\/wp\/v2\/types\/product"}],"replies":[{"embeddable":true,"href":"https:\/\/smalsparet.com\/en\/wp-json\/wp\/v2\/comments?post=5306"}],"wp:featuredmedia":[{"embeddable":true,"href":"https:\/\/smalsparet.com\/en\/wp-json\/wp\/v2\/media\/5307"}],"wp:attachment":[{"href":"https:\/\/smalsparet.com\/en\/wp-json\/wp\/v2\/media?parent=5306"}],"wp:term":[{"taxonomy":"product_brand","embeddable":true,"href":"https:\/\/smalsparet.com\/en\/wp-json\/wp\/v2\/product_brand?post=5306"},{"taxonomy":"product_cat","embeddable":true,"href":"https:\/\/smalsparet.com\/en\/wp-json\/wp\/v2\/product_cat?post=5306"},{"taxonomy":"product_tag","embeddable":true,"href":"https:\/\/smalsparet.com\/en\/wp-json\/wp\/v2\/product_tag?post=5306"}],"curies":[{"name":"wp","href":"https:\/\/api.w.org\/{rel}","templated":true}]}}