{"id":5304,"date":"2014-06-17T18:53:06","date_gmt":"2014-06-17T18:53:06","guid":{"rendered":"https:\/\/smalsparet.com\/?product=tratag-med-woxna-express"},"modified":"2024-07-18T14:16:31","modified_gmt":"2024-07-18T14:16:31","slug":"tratag-med-woxna-express","status":"publish","type":"product","link":"https:\/\/smalsparet.com\/en\/product\/tratag-med-woxna-express\/","title":{"rendered":"Wooden train with Woxna Express"},"content":{"rendered":"<p>A video film about the small shortline company that operated freight traffic in Dalarna, H\u00e4rjedalen and H\u00e4lsingland between 1994 and 1999. In the film you will see trains on lines around Mora. They are hauled by Z66 and Z67 locomotives. Then we follow a pulpwood train during a traffic day from \u00c4lvdalen to Vallvik. The train goes via Orsa-Bolln\u00e4s which had been reopened between Furudal and Edsbyn. Traction is TMX 1016 hired from IBAB. The film has previously been released on VHS but now comes on DVD.<\/p>\n<p>Format 4:3. Length 45 min. Cardboard cover<\/p>\n<p><span style=\"color: #ff0000;\">\u00a0<\/span><\/p>","protected":false},"excerpt":{"rendered":"<p>En videofilm om det lilla shortlinebolaget som bedrev godstrafik i Dalarna, H\u00e4rjedalen och H\u00e4lsingland mellan 1994 och 1999. I filmen f\u00e5r ni se t\u00e5g p\u00e5 linjer omkring Mora. De dras av lokomotorer av typerna Z66 och Z67. Sedan f\u00f6ljer vi med ett massavedst\u00e5g under ett trafikdygn fr\u00e5n \u00c4lvdalen till Vallvik. T\u00e5get g\u00e5r via Orsa\u2013Bolln\u00e4s som [&hellip;]<\/p>\n","protected":false},"featured_media":5305,"comment_status":"open","ping_status":"closed","template":"","meta":{"om_disable_all_campaigns":false,"_uag_custom_page_level_css":"","_monsterinsights_skip_tracking":false,"_monsterinsights_sitenote_active":false,"_monsterinsights_sitenote_note":"","_monsterinsights_sitenote_category":0,"site-sidebar-layout":"default","site-content-layout":"default","ast-site-content-layout":"default","site-content-style":"default","site-sidebar-style":"default","ast-global-header-display":"","ast-banner-title-visibility":"","ast-main-header-display":"","ast-hfb-above-header-display":"","ast-hfb-below-header-display":"","ast-hfb-mobile-header-display":"","site-post-title":"","ast-breadcrumbs-content":"","ast-featured-img":"","footer-sml-layout":"","ast-disable-related-posts":"","theme-transparent-header-meta":"default","adv-header-id-meta":"","stick-header-meta":"","header-above-stick-meta":"","header-main-stick-meta":"","header-below-stick-meta":"","astra-migrate-meta-layouts":"set","ast-page-background-enabled":"default","ast-page-background-meta":{"desktop":{"background-color":"","background-image":"","background-repeat":"repeat","background-position":"center center","background-size":"auto","background-attachment":"scroll","background-type":"","background-media":"","overlay-type":"","overlay-color":"","overlay-opacity":"","overlay-gradient":""},"tablet":{"background-color":"","background-image":"","background-repeat":"repeat","background-position":"center center","background-size":"auto","background-attachment":"scroll","background-type":"","background-media":"","overlay-type":"","overlay-color":"","overlay-opacity":"","overlay-gradient":""},"mobile":{"background-color":"","background-image":"","background-repeat":"repeat","background-position":"center center","background-size":"auto","background-attachment":"scroll","background-type":"","background-media":"","overlay-type":"","overlay-color":"","overlay-opacity":"","overlay-gradient":""}},"ast-content-background-meta":{"desktop":{"background-color":"var(--ast-global-color-5)","background-image":"","background-repeat":"repeat","background-position":"center center","background-size":"auto","background-attachment":"scroll","background-type":"","background-media":"","overlay-type":"","overlay-color":"","overlay-opacity":"","overlay-gradient":""},"tablet":{"background-color":"var(--ast-global-color-5)","background-image":"","background-repeat":"repeat","background-position":"center center","background-size":"auto","background-attachment":"scroll","background-type":"","background-media":"","overlay-type":"","overlay-color":"","overlay-opacity":"","overlay-gradient":""},"mobile":{"background-color":"var(--ast-global-color-5)","background-image":"","background-repeat":"repeat","background-position":"center center","background-size":"auto","background-attachment":"scroll","background-type":"","background-media":"","overlay-type":"","overlay-color":"","overlay-opacity":"","overlay-gradient":""}}},"product_brand":[],"product_cat":[71,70],"product_tag":[],"class_list":{"0":"post-5304","1":"product","2":"type-product","3":"status-publish","4":"has-post-thumbnail","6":"product_cat-lagprisfilmer","7":"product_cat-vinter-rea","8":"desktop-align-center","9":"tablet-align-center","10":"mobile-align-center","12":"first","13":"outofstock","14":"taxable","15":"shipping-taxable","16":"purchasable","17":"product-type-simple"},"aioseo_notices":[],"spectra_custom_meta":{"_product_attributes":["a:0:{}"],"_thumbnail_id":["5305"],"_visibility":["visible"],"_stock_status":["outofstock"],"total_sales":["10"],"_downloadable":["no"],"_virtual":["no"],"_regular_price":["25"],"_sale_price":[""],"_tax_status":["taxable"],"_tax_class":["6"],"_featured":["no"],"_purchase_note":[""],"_weight":["80"],"_length":[""],"_width":[""],"_height":[""],"_sku":[""],"_sale_price_dates_from":[""],"_sale_price_dates_to":[""],"_price":["25"],"_sold_individually":[""],"_manage_stock":["yes"],"_backorders":["no"],"_stock":["0"],"_upsell_ids":["a:0:{}"],"_crosssell_ids":["a:0:{}"],"_children":["a:0:{}"],"_min_variation_price":[""],"_max_variation_price":[""],"_min_price_variation_id":[""],"_max_price_variation_id":[""],"_min_variation_regular_price":[""],"_max_variation_regular_price":[""],"_min_regular_price_variation_id":[""],"_max_regular_price_variation_id":[""],"_min_variation_sale_price":[""],"_max_variation_sale_price":[""],"_min_sale_price_variation_id":[""],"_max_sale_price_variation_id":[""],"_product_image_gallery":["5305"],"_yoast_wpseo_title":[""],"_yoast_wpseo_metadesc":[""],"_yoast_wpseo_focuskw":[""],"_downloadable_files":["a:0:{}"],"_download_limit":[""],"_download_expiry":[""],"_wc_average_rating":["0"],"_wc_rating_count":["a:0:{}"],"_wc_review_count":["0"],"_wpm_gtin_code":[""],"rank_math_title":[""],"rank_math_description":[""],"rank_math_focus_keyword":[""],"_edit_last":["3"],"_product_version":["8.5.2"],"_edit_lock":["1721479801:3"],"_primary_term_product_cat":["70"],"site-sidebar-layout":["default"],"site-content-layout":["default"],"theme-transparent-header-meta":["default"],"fb_product_item_id":["5149452721821564"],"_wc_facebook_sync_enabled":["yes"],"fb_visibility":["yes"],"fb_product_description":[""],"_wc_facebook_product_image_source":["product"],"_wc_facebook_commerce_enabled":["no"],"ast-site-content-layout":["default"],"site-content-style":["default"],"site-sidebar-style":["default"],"astra-migrate-meta-layouts":["set"],"_uag_page_assets":["a:9:{s:3:\"css\";s:0:\"\";s:2:\"js\";s:0:\"\";s:18:\"current_block_list\";a:5:{i:0;s:26:\"woocommerce\/product-search\";i:1;s:10:\"core\/group\";i:2;s:12:\"core\/heading\";i:3;s:27:\"woocommerce\/product-on-sale\";i:4;s:32:\"woocommerce\/product-best-sellers\";}s:8:\"uag_flag\";b:0;s:11:\"uag_version\";s:10:\"1775301941\";s:6:\"gfonts\";a:0:{}s:10:\"gfonts_url\";s:0:\"\";s:12:\"gfonts_files\";a:0:{}s:14:\"uag_faq_layout\";b:0;}"]},"uagb_featured_image_src":{"full":["https:\/\/smalsparet.com\/wp-content\/uploads\/nc\/2014\/06\/LEG-Woxnaexp-20140514-900.jpg",900,443,false],"thumbnail":["https:\/\/smalsparet.com\/wp-content\/uploads\/nc\/2014\/06\/LEG-Woxnaexp-20140514-900.jpg",150,74,false],"medium":["https:\/\/smalsparet.com\/wp-content\/uploads\/nc\/2014\/06\/LEG-Woxnaexp-20140514-900.jpg",300,148,false],"medium_large":["https:\/\/smalsparet.com\/wp-content\/uploads\/nc\/2014\/06\/LEG-Woxnaexp-20140514-900.jpg",768,378,false],"large":["https:\/\/smalsparet.com\/wp-content\/uploads\/nc\/2014\/06\/LEG-Woxnaexp-20140514-900.jpg",900,443,false],"1536x1536":["https:\/\/smalsparet.com\/wp-content\/uploads\/nc\/2014\/06\/LEG-Woxnaexp-20140514-900.jpg",900,443,false],"2048x2048":["https:\/\/smalsparet.com\/wp-content\/uploads\/nc\/2014\/06\/LEG-Woxnaexp-20140514-900.jpg",900,443,false],"trp-custom-language-flag":["https:\/\/smalsparet.com\/wp-content\/uploads\/nc\/2014\/06\/LEG-Woxnaexp-20140514-900.jpg",18,9,false],"woocommerce_thumbnail":["https:\/\/smalsparet.com\/wp-content\/uploads\/nc\/2014\/06\/LEG-Woxnaexp-20140514-900-300x300.jpg",300,300,true],"woocommerce_single":["https:\/\/smalsparet.com\/wp-content\/uploads\/nc\/2014\/06\/LEG-Woxnaexp-20140514-900.jpg",600,295,true],"woocommerce_gallery_thumbnail":["https:\/\/smalsparet.com\/wp-content\/uploads\/nc\/2014\/06\/LEG-Woxnaexp-20140514-900-100x100.jpg",100,100,true],"awb_sm":["https:\/\/smalsparet.com\/wp-content\/uploads\/nc\/2014\/06\/LEG-Woxnaexp-20140514-900.jpg",500,246,false],"awb_md":["https:\/\/smalsparet.com\/wp-content\/uploads\/nc\/2014\/06\/LEG-Woxnaexp-20140514-900.jpg",800,394,false],"awb_lg":["https:\/\/smalsparet.com\/wp-content\/uploads\/nc\/2014\/06\/LEG-Woxnaexp-20140514-900.jpg",900,443,false],"awb_xl":["https:\/\/smalsparet.com\/wp-content\/uploads\/nc\/2014\/06\/LEG-Woxnaexp-20140514-900.jpg",900,443,false]},"uagb_author_info":{"display_name":"admin","author_link":"https:\/\/smalsparet.com\/en\/author\/"},"uagb_comment_info":0,"uagb_excerpt":"En videofilm om det lilla shortlinebolaget som bedrev godstrafik i Dalarna, H\u00e4rjedalen och H\u00e4lsingland mellan 1994 och 1999. I filmen f\u00e5r ni se t\u00e5g p\u00e5 linjer omkring Mora. De dras av lokomotorer av typerna Z66 och Z67. Sedan f\u00f6ljer vi med ett massavedst\u00e5g under ett trafikdygn fr\u00e5n \u00c4lvdalen till Vallvik. T\u00e5get g\u00e5r via Orsa\u2013Bolln\u00e4s som&hellip;","_links":{"self":[{"href":"https:\/\/smalsparet.com\/en\/wp-json\/wp\/v2\/product\/5304","targetHints":{"allow":["GET"]}}],"collection":[{"href":"https:\/\/smalsparet.com\/en\/wp-json\/wp\/v2\/product"}],"about":[{"href":"https:\/\/smalsparet.com\/en\/wp-json\/wp\/v2\/types\/product"}],"replies":[{"embeddable":true,"href":"https:\/\/smalsparet.com\/en\/wp-json\/wp\/v2\/comments?post=5304"}],"wp:featuredmedia":[{"embeddable":true,"href":"https:\/\/smalsparet.com\/en\/wp-json\/wp\/v2\/media\/5305"}],"wp:attachment":[{"href":"https:\/\/smalsparet.com\/en\/wp-json\/wp\/v2\/media?parent=5304"}],"wp:term":[{"taxonomy":"product_brand","embeddable":true,"href":"https:\/\/smalsparet.com\/en\/wp-json\/wp\/v2\/product_brand?post=5304"},{"taxonomy":"product_cat","embeddable":true,"href":"https:\/\/smalsparet.com\/en\/wp-json\/wp\/v2\/product_cat?post=5304"},{"taxonomy":"product_tag","embeddable":true,"href":"https:\/\/smalsparet.com\/en\/wp-json\/wp\/v2\/product_tag?post=5304"}],"curies":[{"name":"wp","href":"https:\/\/api.w.org\/{rel}","templated":true}]}}