{"id":5294,"date":"2012-01-12T14:53:40","date_gmt":"2012-01-12T14:53:40","guid":{"rendered":"https:\/\/smalsparet.com\/?product=1435-anglok-pa-1960-talet-del-3"},"modified":"2025-12-31T22:07:08","modified_gmt":"2025-12-31T22:07:08","slug":"1435-anglok-pa-1960-talet-del-3-1","status":"publish","type":"product","link":"https:\/\/smalsparet.com\/en\/product\/1435-anglok-pa-1960-talet-del-3-1\/","title":{"rendered":"1435 Steam locomotives in the 1960s, part 3"},"content":{"rendered":"<p>Third instalment of our series on standard gauge steam locomotives in service in the 1960s. Narrow film with dubbed sound. Includes: Around Sweden (litra S1, S2, N, N3 and 2), Test runs, Train 2577 on the Falsterbo line, DSB litra E, Sol\u00f6rbanen, STF in S\u00f6sdala and WAJ 100 years. 60 minutes in 4:3 format with optional soundtracks with and without commentary.<\/p>\n<p><span style=\"color: #ff0000;\">\u00a0<\/span><\/p>","protected":false},"excerpt":{"rendered":"<p>Tredje delen av v\u00e5r serie om normalsp\u00e5riga \u00e5nglok i tj\u00e4nst p\u00e5 1960-talet. Smalfilm med dubbat ljud. Inneh\u00e5ller: Runt om i Sverige (littera S1, S2, N, N3 och 2), Provk\u00f6rningar, T\u00e5g 2577 p\u00e5 Falsterbobanan, DSB littera E, Sol\u00f6rbanen, STF i S\u00f6sdala och WAJ 100 \u00e5r. 60 minuter i format 4:3 med valbara ljudsp\u00e5r med och utan [&hellip;]<\/p>\n","protected":false},"featured_media":2757,"comment_status":"open","ping_status":"closed","template":"","meta":{"om_disable_all_campaigns":false,"_uag_custom_page_level_css":"","_monsterinsights_skip_tracking":false,"_monsterinsights_sitenote_active":false,"_monsterinsights_sitenote_note":"","_monsterinsights_sitenote_category":0,"site-sidebar-layout":"default","site-content-layout":"default","ast-site-content-layout":"default","site-content-style":"default","site-sidebar-style":"default","ast-global-header-display":"","ast-banner-title-visibility":"","ast-main-header-display":"","ast-hfb-above-header-display":"","ast-hfb-below-header-display":"","ast-hfb-mobile-header-display":"","site-post-title":"","ast-breadcrumbs-content":"","ast-featured-img":"","footer-sml-layout":"","ast-disable-related-posts":"","theme-transparent-header-meta":"default","adv-header-id-meta":"","stick-header-meta":"","header-above-stick-meta":"","header-main-stick-meta":"","header-below-stick-meta":"","astra-migrate-meta-layouts":"set","ast-page-background-enabled":"default","ast-page-background-meta":{"desktop":{"background-color":"","background-image":"","background-repeat":"repeat","background-position":"center center","background-size":"auto","background-attachment":"scroll","background-type":"","background-media":"","overlay-type":"","overlay-color":"","overlay-opacity":"","overlay-gradient":""},"tablet":{"background-color":"","background-image":"","background-repeat":"repeat","background-position":"center center","background-size":"auto","background-attachment":"scroll","background-type":"","background-media":"","overlay-type":"","overlay-color":"","overlay-opacity":"","overlay-gradient":""},"mobile":{"background-color":"","background-image":"","background-repeat":"repeat","background-position":"center center","background-size":"auto","background-attachment":"scroll","background-type":"","background-media":"","overlay-type":"","overlay-color":"","overlay-opacity":"","overlay-gradient":""}},"ast-content-background-meta":{"desktop":{"background-color":"var(--ast-global-color-5)","background-image":"","background-repeat":"repeat","background-position":"center center","background-size":"auto","background-attachment":"scroll","background-type":"","background-media":"","overlay-type":"","overlay-color":"","overlay-opacity":"","overlay-gradient":""},"tablet":{"background-color":"var(--ast-global-color-5)","background-image":"","background-repeat":"repeat","background-position":"center center","background-size":"auto","background-attachment":"scroll","background-type":"","background-media":"","overlay-type":"","overlay-color":"","overlay-opacity":"","overlay-gradient":""},"mobile":{"background-color":"var(--ast-global-color-5)","background-image":"","background-repeat":"repeat","background-position":"center center","background-size":"auto","background-attachment":"scroll","background-type":"","background-media":"","overlay-type":"","overlay-color":"","overlay-opacity":"","overlay-gradient":""}}},"product_brand":[],"product_cat":[83,66,70],"product_tag":[],"class_list":{"0":"post-5294","1":"product","2":"type-product","3":"status-publish","4":"has-post-thumbnail","6":"product_cat-black-friday-2025","7":"product_cat-historiska-filmer","8":"product_cat-vinter-rea","9":"desktop-align-center","10":"tablet-align-center","11":"mobile-align-center","13":"first","14":"instock","15":"taxable","16":"shipping-taxable","17":"purchasable","18":"product-type-simple"},"aioseo_notices":[],"spectra_custom_meta":{"_product_attributes":["a:0:{}"],"_thumbnail_id":["2757"],"_visibility":["visible"],"_stock_status":["instock"],"total_sales":["12"],"_downloadable":["no"],"_virtual":["no"],"_regular_price":["100"],"_tax_status":["taxable"],"_tax_class":["6"],"_featured":["no"],"_purchase_note":[""],"_weight":["80"],"_length":[""],"_width":[""],"_height":[""],"_sku":[""],"_price":["100"],"_sold_individually":[""],"_manage_stock":["yes"],"_backorders":["no"],"_stock":["108"],"_upsell_ids":["a:0:{}"],"_crosssell_ids":["a:0:{}"],"_children":["a:0:{}"],"_min_variation_price":[""],"_max_variation_price":[""],"_min_price_variation_id":[""],"_max_price_variation_id":[""],"_min_variation_regular_price":[""],"_max_variation_regular_price":[""],"_min_regular_price_variation_id":[""],"_max_regular_price_variation_id":[""],"_min_variation_sale_price":[""],"_max_variation_sale_price":[""],"_min_sale_price_variation_id":[""],"_max_sale_price_variation_id":[""],"_product_image_gallery":["5295"],"_yoast_wpseo_title":[""],"_yoast_wpseo_metadesc":[""],"_yoast_wpseo_focuskw":[""],"_downloadable_files":["a:0:{}"],"_download_limit":[""],"_download_expiry":[""],"_wc_average_rating":["0"],"_wc_rating_count":["a:0:{}"],"_wc_review_count":["0"],"_wpm_gtin_code":[""],"rank_math_title":[""],"rank_math_description":[""],"rank_math_focus_keyword":[""],"_edit_last":["3"],"_product_version":["9.7.1"],"_edit_lock":["1763818011:3"],"_primary_term_product_cat":["66"],"site-sidebar-layout":["default"],"site-content-layout":["default"],"theme-transparent-header-meta":["default"],"fb_product_item_id":["5418251744967229"],"_wc_facebook_sync_enabled":["yes"],"fb_visibility":["yes"],"fb_product_description":[""],"_wc_facebook_product_image_source":["product"],"_wc_facebook_commerce_enabled":["no"],"_aioseo_keywords":["a:0:{}"],"_aioseo_og_article_section":[""],"_aioseo_og_article_tags":["a:0:{}"],"_monsterinsights_sitenote_active":["0"],"om_disable_all_campaigns":[""],"ast-site-content-layout":["default"],"site-content-style":["default"],"site-sidebar-style":["default"],"fb_rich_text_description":[""],"fb_product_video":["a:0:{}"],"fb_brand":[""],"fb_mpn":[""],"_aioseo_title":[null],"_aioseo_description":[null],"_aioseo_og_title":[""],"_aioseo_og_description":[""],"_aioseo_twitter_title":[""],"_aioseo_twitter_description":[""],"astra-migrate-meta-layouts":["set"],"_uag_page_assets":["a:9:{s:3:\"css\";s:0:\"\";s:2:\"js\";s:0:\"\";s:18:\"current_block_list\";a:5:{i:0;s:26:\"woocommerce\/product-search\";i:1;s:10:\"core\/group\";i:2;s:12:\"core\/heading\";i:3;s:27:\"woocommerce\/product-on-sale\";i:4;s:32:\"woocommerce\/product-best-sellers\";}s:8:\"uag_flag\";b:0;s:11:\"uag_version\";s:10:\"1775301941\";s:6:\"gfonts\";a:0:{}s:10:\"gfonts_url\";s:0:\"\";s:12:\"gfonts_files\";a:0:{}s:14:\"uag_faq_layout\";b:0;}"]},"uagb_featured_image_src":{"full":["https:\/\/smalsparet.com\/wp-content\/uploads\/2021\/01\/Screen-Shot-2012-02-16-at-22.59.45-.png",1029,688,false],"thumbnail":["https:\/\/smalsparet.com\/wp-content\/uploads\/2021\/01\/Screen-Shot-2012-02-16-at-22.59.45--150x150.png",150,150,true],"medium":["https:\/\/smalsparet.com\/wp-content\/uploads\/2021\/01\/Screen-Shot-2012-02-16-at-22.59.45--300x201.png",300,201,true],"medium_large":["https:\/\/smalsparet.com\/wp-content\/uploads\/2021\/01\/Screen-Shot-2012-02-16-at-22.59.45--768x513.png",768,513,true],"large":["https:\/\/smalsparet.com\/wp-content\/uploads\/2021\/01\/Screen-Shot-2012-02-16-at-22.59.45--1024x685.png",1024,685,true],"1536x1536":["https:\/\/smalsparet.com\/wp-content\/uploads\/2021\/01\/Screen-Shot-2012-02-16-at-22.59.45-.png",1029,688,false],"2048x2048":["https:\/\/smalsparet.com\/wp-content\/uploads\/2021\/01\/Screen-Shot-2012-02-16-at-22.59.45-.png",1029,688,false],"trp-custom-language-flag":["https:\/\/smalsparet.com\/wp-content\/uploads\/2021\/01\/Screen-Shot-2012-02-16-at-22.59.45-.png",18,12,false],"woocommerce_thumbnail":["https:\/\/smalsparet.com\/wp-content\/uploads\/2021\/01\/Screen-Shot-2012-02-16-at-22.59.45--300x300.png",300,300,true],"woocommerce_single":["https:\/\/smalsparet.com\/wp-content\/uploads\/2021\/01\/Screen-Shot-2012-02-16-at-22.59.45--600x401.png",600,401,true],"woocommerce_gallery_thumbnail":["https:\/\/smalsparet.com\/wp-content\/uploads\/2021\/01\/Screen-Shot-2012-02-16-at-22.59.45--100x100.png",100,100,true],"awb_sm":["https:\/\/smalsparet.com\/wp-content\/uploads\/2021\/01\/Screen-Shot-2012-02-16-at-22.59.45-.png",500,334,false],"awb_md":["https:\/\/smalsparet.com\/wp-content\/uploads\/2021\/01\/Screen-Shot-2012-02-16-at-22.59.45-.png",800,535,false],"awb_lg":["https:\/\/smalsparet.com\/wp-content\/uploads\/2021\/01\/Screen-Shot-2012-02-16-at-22.59.45-.png",1029,688,false],"awb_xl":["https:\/\/smalsparet.com\/wp-content\/uploads\/2021\/01\/Screen-Shot-2012-02-16-at-22.59.45-.png",1029,688,false]},"uagb_author_info":{"display_name":"admin","author_link":"https:\/\/smalsparet.com\/en\/author\/"},"uagb_comment_info":0,"uagb_excerpt":"Tredje delen av v\u00e5r serie om normalsp\u00e5riga \u00e5nglok i tj\u00e4nst p\u00e5 1960-talet. Smalfilm med dubbat ljud. Inneh\u00e5ller: Runt om i Sverige (littera S1, S2, N, N3 och 2), Provk\u00f6rningar, T\u00e5g 2577 p\u00e5 Falsterbobanan, DSB littera E, Sol\u00f6rbanen, STF i S\u00f6sdala och WAJ 100 \u00e5r. 60 minuter i format 4:3 med valbara ljudsp\u00e5r med och utan&hellip;","_links":{"self":[{"href":"https:\/\/smalsparet.com\/en\/wp-json\/wp\/v2\/product\/5294","targetHints":{"allow":["GET"]}}],"collection":[{"href":"https:\/\/smalsparet.com\/en\/wp-json\/wp\/v2\/product"}],"about":[{"href":"https:\/\/smalsparet.com\/en\/wp-json\/wp\/v2\/types\/product"}],"replies":[{"embeddable":true,"href":"https:\/\/smalsparet.com\/en\/wp-json\/wp\/v2\/comments?post=5294"}],"wp:featuredmedia":[{"embeddable":true,"href":"https:\/\/smalsparet.com\/en\/wp-json\/wp\/v2\/media\/2757"}],"wp:attachment":[{"href":"https:\/\/smalsparet.com\/en\/wp-json\/wp\/v2\/media?parent=5294"}],"wp:term":[{"taxonomy":"product_brand","embeddable":true,"href":"https:\/\/smalsparet.com\/en\/wp-json\/wp\/v2\/product_brand?post=5294"},{"taxonomy":"product_cat","embeddable":true,"href":"https:\/\/smalsparet.com\/en\/wp-json\/wp\/v2\/product_cat?post=5294"},{"taxonomy":"product_tag","embeddable":true,"href":"https:\/\/smalsparet.com\/en\/wp-json\/wp\/v2\/product_tag?post=5294"}],"curies":[{"name":"wp","href":"https:\/\/api.w.org\/{rel}","templated":true}]}}