{"id":5279,"date":"2012-01-11T00:20:12","date_gmt":"2012-01-11T00:20:12","guid":{"rendered":"https:\/\/smalsparet.com\/?product=1435-blekinge-kustbanor"},"modified":"2023-11-28T20:52:44","modified_gmt":"2023-11-28T20:52:44","slug":"1435-blekinge-kustbanor","status":"publish","type":"product","link":"https:\/\/smalsparet.com\/en\/product\/1435-blekinge-kustbanor\/","title":{"rendered":"1435 Blekinge coastal railway"},"content":{"rendered":"<p>A film about the standard gauge railway Blekinge Kustbanor. In the film you can see the development from<br \/>\n1950s until the early 1990s. Steam and diesel locomotives and railcars of many different types. Mainly filmed on 8 mm narrow film in colour with dubbed sound.<br \/>\nScenes filmed on video are also shown. Map by Peter L\u00f6f.<br \/>\n<em>(Some of the footage has been shown in previous LEG video productions).<\/em><br \/>\n50 minutes<\/p>\n<p>&nbsp;<\/p>","protected":false},"excerpt":{"rendered":"<p>En film om normalsp\u00e5riga Blekinge Kustbanor. I filmen f\u00e5r ni se utvecklingen fr\u00e5n 1950-talet fram till b\u00f6rjan av 1990-talet. \u00c5ng- och diesellok samt motorvagnar av m\u00e5nga olika typer. I huvudsak filmad p\u00e5 8 mm:s smalfilm i f\u00e4rg med dubbat ljud. \u00c4ven scener filmade p\u00e5 video visas. Karta av Peter L\u00f6f. (Delar av filmmaterialet har visats [&hellip;]<\/p>\n","protected":false},"featured_media":5280,"comment_status":"open","ping_status":"closed","template":"","meta":{"om_disable_all_campaigns":false,"_uag_custom_page_level_css":"","_monsterinsights_skip_tracking":false,"_monsterinsights_sitenote_active":false,"_monsterinsights_sitenote_note":"","_monsterinsights_sitenote_category":0,"site-sidebar-layout":"default","site-content-layout":"default","ast-site-content-layout":"default","site-content-style":"default","site-sidebar-style":"default","ast-global-header-display":"","ast-banner-title-visibility":"","ast-main-header-display":"","ast-hfb-above-header-display":"","ast-hfb-below-header-display":"","ast-hfb-mobile-header-display":"","site-post-title":"","ast-breadcrumbs-content":"","ast-featured-img":"","footer-sml-layout":"","ast-disable-related-posts":"","theme-transparent-header-meta":"default","adv-header-id-meta":"","stick-header-meta":"","header-above-stick-meta":"","header-main-stick-meta":"","header-below-stick-meta":"","astra-migrate-meta-layouts":"default","ast-page-background-enabled":"default","ast-page-background-meta":{"desktop":{"background-color":"","background-image":"","background-repeat":"repeat","background-position":"center center","background-size":"auto","background-attachment":"scroll","background-type":"","background-media":"","overlay-type":"","overlay-color":"","overlay-opacity":"","overlay-gradient":""},"tablet":{"background-color":"","background-image":"","background-repeat":"repeat","background-position":"center center","background-size":"auto","background-attachment":"scroll","background-type":"","background-media":"","overlay-type":"","overlay-color":"","overlay-opacity":"","overlay-gradient":""},"mobile":{"background-color":"","background-image":"","background-repeat":"repeat","background-position":"center center","background-size":"auto","background-attachment":"scroll","background-type":"","background-media":"","overlay-type":"","overlay-color":"","overlay-opacity":"","overlay-gradient":""}},"ast-content-background-meta":{"desktop":{"background-color":"var(--ast-global-color-5)","background-image":"","background-repeat":"repeat","background-position":"center center","background-size":"auto","background-attachment":"scroll","background-type":"","background-media":"","overlay-type":"","overlay-color":"","overlay-opacity":"","overlay-gradient":""},"tablet":{"background-color":"var(--ast-global-color-5)","background-image":"","background-repeat":"repeat","background-position":"center center","background-size":"auto","background-attachment":"scroll","background-type":"","background-media":"","overlay-type":"","overlay-color":"","overlay-opacity":"","overlay-gradient":""},"mobile":{"background-color":"var(--ast-global-color-5)","background-image":"","background-repeat":"repeat","background-position":"center center","background-size":"auto","background-attachment":"scroll","background-type":"","background-media":"","overlay-type":"","overlay-color":"","overlay-opacity":"","overlay-gradient":""}}},"product_brand":[],"product_cat":[66],"product_tag":[],"class_list":{"0":"post-5279","1":"product","2":"type-product","3":"status-publish","4":"has-post-thumbnail","6":"product_cat-historiska-filmer","7":"desktop-align-center","8":"tablet-align-center","9":"mobile-align-center","11":"first","12":"outofstock","13":"taxable","14":"shipping-taxable","15":"purchasable","16":"product-type-simple"},"aioseo_notices":[],"spectra_custom_meta":{"_product_attributes":["a:0:{}"],"_thumbnail_id":["5280"],"_visibility":["visible"],"_stock_status":["outofstock"],"total_sales":["5"],"_downloadable":["no"],"_virtual":["no"],"_regular_price":["200"],"_sale_price":[""],"_tax_status":["taxable"],"_tax_class":[""],"_featured":["no"],"_purchase_note":[""],"_weight":["80"],"_length":[""],"_width":[""],"_height":[""],"_sku":[""],"_sale_price_dates_from":[""],"_sale_price_dates_to":[""],"_price":["200"],"_sold_individually":[""],"_manage_stock":["yes"],"_backorders":["no"],"_stock":["0"],"_upsell_ids":["a:0:{}"],"_crosssell_ids":["a:0:{}"],"_children":["a:0:{}"],"_min_variation_price":[""],"_max_variation_price":[""],"_min_price_variation_id":[""],"_max_price_variation_id":[""],"_min_variation_regular_price":[""],"_max_variation_regular_price":[""],"_min_regular_price_variation_id":[""],"_max_regular_price_variation_id":[""],"_min_variation_sale_price":[""],"_max_variation_sale_price":[""],"_min_sale_price_variation_id":[""],"_max_sale_price_variation_id":[""],"_product_image_gallery":["5280"],"_yoast_wpseo_title":[""],"_yoast_wpseo_metadesc":[""],"_yoast_wpseo_focuskw":[""],"_downloadable_files":["a:0:{}"],"_download_limit":[""],"_download_expiry":[""],"_wc_average_rating":["0"],"_wc_rating_count":["a:0:{}"],"_wc_review_count":["0"],"_wpm_gtin_code":[""],"rank_math_title":[""],"rank_math_description":[""],"rank_math_focus_keyword":[""],"_edit_last":["3"],"_product_version":["8.0.2"],"_edit_lock":["1663944120:3"],"_primary_term_product_cat":["66"],"site-sidebar-layout":["default"],"site-content-layout":["default"],"theme-transparent-header-meta":["default"],"_uag_page_assets":["a:9:{s:3:\"css\";s:0:\"\";s:2:\"js\";s:0:\"\";s:18:\"current_block_list\";a:5:{i:0;s:26:\"woocommerce\/product-search\";i:1;s:10:\"core\/group\";i:2;s:12:\"core\/heading\";i:3;s:27:\"woocommerce\/product-on-sale\";i:4;s:32:\"woocommerce\/product-best-sellers\";}s:8:\"uag_flag\";b:0;s:11:\"uag_version\";s:10:\"1775983743\";s:6:\"gfonts\";a:0:{}s:10:\"gfonts_url\";s:0:\"\";s:12:\"gfonts_files\";a:0:{}s:14:\"uag_faq_layout\";b:0;}"]},"uagb_featured_image_src":{"full":["https:\/\/smalsparet.com\/wp-content\/uploads\/nc\/2012\/01\/Blekinge-kustbanor.jpg",2158,1460,false],"thumbnail":["https:\/\/smalsparet.com\/wp-content\/uploads\/nc\/2012\/01\/Blekinge-kustbanor.jpg",150,101,false],"medium":["https:\/\/smalsparet.com\/wp-content\/uploads\/nc\/2012\/01\/Blekinge-kustbanor.jpg",300,203,false],"medium_large":["https:\/\/smalsparet.com\/wp-content\/uploads\/nc\/2012\/01\/Blekinge-kustbanor.jpg",768,520,false],"large":["https:\/\/smalsparet.com\/wp-content\/uploads\/nc\/2012\/01\/Blekinge-kustbanor.jpg",1024,693,false],"1536x1536":["https:\/\/smalsparet.com\/wp-content\/uploads\/nc\/2012\/01\/Blekinge-kustbanor.jpg",1536,1039,false],"2048x2048":["https:\/\/smalsparet.com\/wp-content\/uploads\/nc\/2012\/01\/Blekinge-kustbanor.jpg",2048,1386,false],"trp-custom-language-flag":["https:\/\/smalsparet.com\/wp-content\/uploads\/nc\/2012\/01\/Blekinge-kustbanor.jpg",18,12,false],"woocommerce_thumbnail":["https:\/\/smalsparet.com\/wp-content\/uploads\/nc\/2012\/01\/Blekinge-kustbanor-300x300.jpg",300,300,true],"woocommerce_single":["https:\/\/smalsparet.com\/wp-content\/uploads\/nc\/2012\/01\/Blekinge-kustbanor.jpg",600,406,true],"woocommerce_gallery_thumbnail":["https:\/\/smalsparet.com\/wp-content\/uploads\/nc\/2012\/01\/Blekinge-kustbanor-100x100.jpg",100,100,true],"awb_sm":["https:\/\/smalsparet.com\/wp-content\/uploads\/nc\/2012\/01\/Blekinge-kustbanor.jpg",500,338,false],"awb_md":["https:\/\/smalsparet.com\/wp-content\/uploads\/nc\/2012\/01\/Blekinge-kustbanor.jpg",800,541,false],"awb_lg":["https:\/\/smalsparet.com\/wp-content\/uploads\/nc\/2012\/01\/Blekinge-kustbanor.jpg",1280,866,false],"awb_xl":["https:\/\/smalsparet.com\/wp-content\/uploads\/nc\/2012\/01\/Blekinge-kustbanor.jpg",1920,1299,false]},"uagb_author_info":{"display_name":"admin","author_link":"https:\/\/smalsparet.com\/en\/author\/"},"uagb_comment_info":0,"uagb_excerpt":"En film om normalsp\u00e5riga Blekinge Kustbanor. I filmen f\u00e5r ni se utvecklingen fr\u00e5n 1950-talet fram till b\u00f6rjan av 1990-talet. \u00c5ng- och diesellok samt motorvagnar av m\u00e5nga olika typer. I huvudsak filmad p\u00e5 8 mm:s smalfilm i f\u00e4rg med dubbat ljud. \u00c4ven scener filmade p\u00e5 video visas. Karta av Peter L\u00f6f. (Delar av filmmaterialet har visats&hellip;","_links":{"self":[{"href":"https:\/\/smalsparet.com\/en\/wp-json\/wp\/v2\/product\/5279","targetHints":{"allow":["GET"]}}],"collection":[{"href":"https:\/\/smalsparet.com\/en\/wp-json\/wp\/v2\/product"}],"about":[{"href":"https:\/\/smalsparet.com\/en\/wp-json\/wp\/v2\/types\/product"}],"replies":[{"embeddable":true,"href":"https:\/\/smalsparet.com\/en\/wp-json\/wp\/v2\/comments?post=5279"}],"wp:featuredmedia":[{"embeddable":true,"href":"https:\/\/smalsparet.com\/en\/wp-json\/wp\/v2\/media\/5280"}],"wp:attachment":[{"href":"https:\/\/smalsparet.com\/en\/wp-json\/wp\/v2\/media?parent=5279"}],"wp:term":[{"taxonomy":"product_brand","embeddable":true,"href":"https:\/\/smalsparet.com\/en\/wp-json\/wp\/v2\/product_brand?post=5279"},{"taxonomy":"product_cat","embeddable":true,"href":"https:\/\/smalsparet.com\/en\/wp-json\/wp\/v2\/product_cat?post=5279"},{"taxonomy":"product_tag","embeddable":true,"href":"https:\/\/smalsparet.com\/en\/wp-json\/wp\/v2\/product_tag?post=5279"}],"curies":[{"name":"wp","href":"https:\/\/api.w.org\/{rel}","templated":true}]}}