{"id":5024,"date":"2021-11-11T14:00:04","date_gmt":"2021-11-11T14:00:04","guid":{"rendered":"https:\/\/smalsparet.com\/?post_type=product&#038;p=5024"},"modified":"2025-12-01T00:00:09","modified_gmt":"2025-12-01T00:00:09","slug":"svenska-tagran","status":"publish","type":"product","link":"https:\/\/smalsparet.com\/en\/product\/svenska-tagran\/","title":{"rendered":"Swedish Train Robberies"},"content":{"rendered":"<p><strong>Sweden has been fairly spared from bloody train robberies, but in one case, shots were actually fired in the best Western style.<\/strong> The book tells the story of seven train heists and robberies, although one was a sabotage. One of the chapters tells the story of a tragic train wreck. The cases are described from planning to trial, and for those interested in railways, there is also a description of the railway in question!<\/p>","protected":false},"excerpt":{"rendered":"<p>Sverige har varit ganska f\u00f6rskonat fr\u00e5n blodiga t\u00e5gr\u00e5n, men i ett fall avlossades det faktiskt skott i b\u00e4sta v\u00e4stern-stil. I boken ber\u00e4ttas det om sju t\u00e5gkupper och r\u00e5n, en var dock ett sabotage. I ett av kapitlen ber\u00e4ttas det om ett tragiskt stins\u00f6de. Fallen beskrivs fr\u00e5n planering till r\u00e4tteg\u00e5ng, dessutom finns f\u00f6r den j\u00e4rnv\u00e4gsintresserade en [&hellip;]<\/p>\n","protected":false},"featured_media":5025,"comment_status":"open","ping_status":"closed","template":"","meta":{"om_disable_all_campaigns":false,"_uag_custom_page_level_css":"","_monsterinsights_skip_tracking":false,"_monsterinsights_sitenote_active":false,"_monsterinsights_sitenote_note":"","_monsterinsights_sitenote_category":0,"site-sidebar-layout":"default","site-content-layout":"default","ast-site-content-layout":"default","site-content-style":"default","site-sidebar-style":"default","ast-global-header-display":"","ast-banner-title-visibility":"","ast-main-header-display":"","ast-hfb-above-header-display":"","ast-hfb-below-header-display":"","ast-hfb-mobile-header-display":"","site-post-title":"","ast-breadcrumbs-content":"","ast-featured-img":"","footer-sml-layout":"","ast-disable-related-posts":"","theme-transparent-header-meta":"default","adv-header-id-meta":"","stick-header-meta":"","header-above-stick-meta":"","header-main-stick-meta":"","header-below-stick-meta":"","astra-migrate-meta-layouts":"set","ast-page-background-enabled":"default","ast-page-background-meta":{"desktop":{"background-color":"","background-image":"","background-repeat":"repeat","background-position":"center center","background-size":"auto","background-attachment":"scroll","background-type":"","background-media":"","overlay-type":"","overlay-color":"","overlay-opacity":"","overlay-gradient":""},"tablet":{"background-color":"","background-image":"","background-repeat":"repeat","background-position":"center center","background-size":"auto","background-attachment":"scroll","background-type":"","background-media":"","overlay-type":"","overlay-color":"","overlay-opacity":"","overlay-gradient":""},"mobile":{"background-color":"","background-image":"","background-repeat":"repeat","background-position":"center center","background-size":"auto","background-attachment":"scroll","background-type":"","background-media":"","overlay-type":"","overlay-color":"","overlay-opacity":"","overlay-gradient":""}},"ast-content-background-meta":{"desktop":{"background-color":"var(--ast-global-color-5)","background-image":"","background-repeat":"repeat","background-position":"center center","background-size":"auto","background-attachment":"scroll","background-type":"","background-media":"","overlay-type":"","overlay-color":"","overlay-opacity":"","overlay-gradient":""},"tablet":{"background-color":"var(--ast-global-color-5)","background-image":"","background-repeat":"repeat","background-position":"center center","background-size":"auto","background-attachment":"scroll","background-type":"","background-media":"","overlay-type":"","overlay-color":"","overlay-opacity":"","overlay-gradient":""},"mobile":{"background-color":"var(--ast-global-color-5)","background-image":"","background-repeat":"repeat","background-position":"center center","background-size":"auto","background-attachment":"scroll","background-type":"","background-media":"","overlay-type":"","overlay-color":"","overlay-opacity":"","overlay-gradient":""}}},"product_brand":[],"product_cat":[83,23],"product_tag":[26],"class_list":{"0":"post-5024","1":"product","2":"type-product","3":"status-publish","4":"has-post-thumbnail","6":"product_cat-black-friday-2025","7":"product_cat-bok","8":"product_tag-bok","9":"desktop-align-center","10":"tablet-align-center","11":"mobile-align-center","13":"first","14":"instock","15":"taxable","16":"shipping-taxable","17":"purchasable","18":"product-type-simple"},"aioseo_notices":[],"spectra_custom_meta":{"_regular_price":["119"],"total_sales":["2"],"_tax_status":["taxable"],"_tax_class":["6"],"_manage_stock":["yes"],"_backorders":["no"],"_low_stock_amount":["3"],"_sold_individually":["no"],"_weight":["790"],"_virtual":["no"],"_downloadable":["no"],"_download_limit":["-1"],"_download_expiry":["-1"],"_thumbnail_id":["5025"],"_stock":["7"],"_stock_status":["instock"],"_wc_average_rating":["4.00"],"_wc_review_count":["1"],"_product_attributes":["a:2:{s:8:\"pa_sidor\";a:6:{s:4:\"name\";s:8:\"pa_sidor\";s:5:\"value\";s:0:\"\";s:8:\"position\";i:1;s:10:\"is_visible\";i:1;s:12:\"is_variation\";i:0;s:11:\"is_taxonomy\";i:1;}s:11:\"pa_bindning\";a:6:{s:4:\"name\";s:11:\"pa_bindning\";s:5:\"value\";s:0:\"\";s:8:\"position\";i:2;s:10:\"is_visible\";i:1;s:12:\"is_variation\";i:0;s:11:\"is_taxonomy\";i:1;}}"],"_product_version":["9.7.1"],"_price":["119"],"_wc_facebook_sync_enabled":["yes"],"fb_visibility":["yes"],"fb_product_description":[""],"_wc_facebook_product_image_source":["product"],"_wc_facebook_commerce_enabled":["no"],"_yoast_wpseo_primary_product_cat":["44"],"_yoast_wpseo_metadesc":["Ingemar Lundin forts\u00e4tter p\u00e5 ett m\u00e5lande vis ber\u00e4tta om .\u00a0Magnus Lindman tar vid fr\u00e5n 2010 och beskriver sina erfarenheter som f\u00f6rare i trafiken."],"_yoast_wpseo_content_score":["90"],"_genesis_description":["Sverige har varit ganska f\u00f6rskonat fr\u00e5n blodiga t\u00e5gr\u00e5n, men i ett fall avlossades det faktiskt skott i b\u00e4sta v\u00e4stern&#x2d;stil."],"_primary_term_product_cat":["23"],"site-sidebar-layout":["default"],"site-content-layout":["default"],"theme-transparent-header-meta":["default"],"_edit_lock":["1763818015:3"],"_edit_last":["3"],"_wc_rating_count":["a:1:{i:4;i:1;}"],"fb_product_item_id":["5807427932710785"],"_aioseo_keywords":["a:0:{}"],"_aioseo_og_article_section":[""],"_aioseo_og_article_tags":["a:0:{}"],"_monsterinsights_sitenote_active":["0"],"om_disable_all_campaigns":[""],"ast-site-content-layout":["default"],"site-content-style":["default"],"site-sidebar-style":["default"],"fb_rich_text_description":[""],"fb_product_video":["a:0:{}"],"fb_brand":[""],"fb_mpn":[""],"_aioseo_title":[null],"_aioseo_description":[null],"_aioseo_og_title":[""],"_aioseo_og_description":[""],"_aioseo_twitter_title":[""],"_aioseo_twitter_description":[""],"astra-migrate-meta-layouts":["set"],"_uag_page_assets":["a:9:{s:3:\"css\";s:0:\"\";s:2:\"js\";s:0:\"\";s:18:\"current_block_list\";a:5:{i:0;s:26:\"woocommerce\/product-search\";i:1;s:10:\"core\/group\";i:2;s:12:\"core\/heading\";i:3;s:27:\"woocommerce\/product-on-sale\";i:4;s:32:\"woocommerce\/product-best-sellers\";}s:8:\"uag_flag\";b:0;s:11:\"uag_version\";s:10:\"1775301941\";s:6:\"gfonts\";a:0:{}s:10:\"gfonts_url\";s:0:\"\";s:12:\"gfonts_files\";a:0:{}s:14:\"uag_faq_layout\";b:0;}"]},"uagb_featured_image_src":{"full":["https:\/\/smalsparet.com\/wp-content\/uploads\/2021\/11\/svenskatagran.png",1264,1804,false],"thumbnail":["https:\/\/smalsparet.com\/wp-content\/uploads\/2021\/11\/svenskatagran-150x150.png",150,150,true],"medium":["https:\/\/smalsparet.com\/wp-content\/uploads\/2021\/11\/svenskatagran-210x300.png",210,300,true],"medium_large":["https:\/\/smalsparet.com\/wp-content\/uploads\/2021\/11\/svenskatagran-768x1096.png",768,1096,true],"large":["https:\/\/smalsparet.com\/wp-content\/uploads\/2021\/11\/svenskatagran-717x1024.png",717,1024,true],"1536x1536":["https:\/\/smalsparet.com\/wp-content\/uploads\/2021\/11\/svenskatagran-1076x1536.png",1076,1536,true],"2048x2048":["https:\/\/smalsparet.com\/wp-content\/uploads\/2021\/11\/svenskatagran.png",1264,1804,false],"trp-custom-language-flag":["https:\/\/smalsparet.com\/wp-content\/uploads\/2021\/11\/svenskatagran-8x12.png",8,12,true],"woocommerce_thumbnail":["https:\/\/smalsparet.com\/wp-content\/uploads\/2021\/11\/svenskatagran-300x300.png",300,300,true],"woocommerce_single":["https:\/\/smalsparet.com\/wp-content\/uploads\/2021\/11\/svenskatagran-600x856.png",600,856,true],"woocommerce_gallery_thumbnail":["https:\/\/smalsparet.com\/wp-content\/uploads\/2021\/11\/svenskatagran-100x100.png",100,100,true],"awb_sm":["https:\/\/smalsparet.com\/wp-content\/uploads\/2021\/11\/svenskatagran.png",500,714,false],"awb_md":["https:\/\/smalsparet.com\/wp-content\/uploads\/2021\/11\/svenskatagran.png",800,1142,false],"awb_lg":["https:\/\/smalsparet.com\/wp-content\/uploads\/2021\/11\/svenskatagran.png",1264,1804,false],"awb_xl":["https:\/\/smalsparet.com\/wp-content\/uploads\/2021\/11\/svenskatagran.png",1264,1804,false]},"uagb_author_info":{"display_name":"Olaf","author_link":"https:\/\/smalsparet.com\/en\/author\/"},"uagb_comment_info":1,"uagb_excerpt":"Sverige har varit ganska f\u00f6rskonat fr\u00e5n blodiga t\u00e5gr\u00e5n, men i ett fall avlossades det faktiskt skott i b\u00e4sta v\u00e4stern-stil. I boken ber\u00e4ttas det om sju t\u00e5gkupper och r\u00e5n, en var dock ett sabotage. I ett av kapitlen ber\u00e4ttas det om ett tragiskt stins\u00f6de. Fallen beskrivs fr\u00e5n planering till r\u00e4tteg\u00e5ng, dessutom finns f\u00f6r den j\u00e4rnv\u00e4gsintresserade en&hellip;","_links":{"self":[{"href":"https:\/\/smalsparet.com\/en\/wp-json\/wp\/v2\/product\/5024","targetHints":{"allow":["GET"]}}],"collection":[{"href":"https:\/\/smalsparet.com\/en\/wp-json\/wp\/v2\/product"}],"about":[{"href":"https:\/\/smalsparet.com\/en\/wp-json\/wp\/v2\/types\/product"}],"replies":[{"embeddable":true,"href":"https:\/\/smalsparet.com\/en\/wp-json\/wp\/v2\/comments?post=5024"}],"wp:featuredmedia":[{"embeddable":true,"href":"https:\/\/smalsparet.com\/en\/wp-json\/wp\/v2\/media\/5025"}],"wp:attachment":[{"href":"https:\/\/smalsparet.com\/en\/wp-json\/wp\/v2\/media?parent=5024"}],"wp:term":[{"taxonomy":"product_brand","embeddable":true,"href":"https:\/\/smalsparet.com\/en\/wp-json\/wp\/v2\/product_brand?post=5024"},{"taxonomy":"product_cat","embeddable":true,"href":"https:\/\/smalsparet.com\/en\/wp-json\/wp\/v2\/product_cat?post=5024"},{"taxonomy":"product_tag","embeddable":true,"href":"https:\/\/smalsparet.com\/en\/wp-json\/wp\/v2\/product_tag?post=5024"}],"curies":[{"name":"wp","href":"https:\/\/api.w.org\/{rel}","templated":true}]}}