{"id":4763,"date":"2021-04-24T13:33:09","date_gmt":"2021-04-24T13:33:09","guid":{"rendered":"https:\/\/smalsparet.com\/?post_type=product&#038;p=4763"},"modified":"2025-11-22T12:06:52","modified_gmt":"2025-11-22T12:06:52","slug":"krosataget-den-smalandska-tagrevolutionen-del-1-2","status":"publish","type":"product","link":"https:\/\/smalsparet.com\/en\/product\/krosataget-den-smalandska-tagrevolutionen-del-1-2\/","title":{"rendered":"Package: The Kr\u00f6sat\u00e5get, the Sm\u00e5land train revolution (part 1 + 2)"},"content":{"rendered":"<p>The books about Kr\u00f6sat\u00e5get and how they revolutionised the development of the railway in Sm\u00e5land are available in two parts. The first was published in 2016 and covers the history from the early 80s to the mid-90s. The second book in the series was published in the spring of 2021 and covers the history from the 90s until today. Both books can be bought separately, but if you buy them as a package, you get an extra good price.<\/p>","protected":false},"excerpt":{"rendered":"<p>B\u00f6ckerna om Kr\u00f6sat\u00e5get och hur de revolutionerade j\u00e4rnv\u00e4gens utveckling i Sm\u00e5land, finns i tv\u00e5 delar. Den f\u00f6rsta utkom 2016 och behandlar historien fr\u00e5n 80-talets b\u00f6rjan, till 90-talets mitt. Den andra boken i serien utkom v\u00e5ren 2021 och tar upp historien fr\u00e5n 90-talet fram till idag. B\u00e5da b\u00f6ckerna kan k\u00f6pas separat, men k\u00f6per du dem i [&hellip;]<\/p>\n","protected":false},"featured_media":0,"comment_status":"open","ping_status":"closed","template":"","meta":{"om_disable_all_campaigns":false,"_uag_custom_page_level_css":"","_monsterinsights_skip_tracking":false,"_monsterinsights_sitenote_active":false,"_monsterinsights_sitenote_note":"","_monsterinsights_sitenote_category":0,"site-sidebar-layout":"default","site-content-layout":"default","ast-site-content-layout":"default","site-content-style":"default","site-sidebar-style":"default","ast-global-header-display":"","ast-banner-title-visibility":"","ast-main-header-display":"","ast-hfb-above-header-display":"","ast-hfb-below-header-display":"","ast-hfb-mobile-header-display":"","site-post-title":"","ast-breadcrumbs-content":"","ast-featured-img":"","footer-sml-layout":"","ast-disable-related-posts":"","theme-transparent-header-meta":"default","adv-header-id-meta":"","stick-header-meta":"","header-above-stick-meta":"","header-main-stick-meta":"","header-below-stick-meta":"","astra-migrate-meta-layouts":"default","ast-page-background-enabled":"default","ast-page-background-meta":{"desktop":{"background-color":"","background-image":"","background-repeat":"repeat","background-position":"center center","background-size":"auto","background-attachment":"scroll","background-type":"","background-media":"","overlay-type":"","overlay-color":"","overlay-opacity":"","overlay-gradient":""},"tablet":{"background-color":"","background-image":"","background-repeat":"repeat","background-position":"center center","background-size":"auto","background-attachment":"scroll","background-type":"","background-media":"","overlay-type":"","overlay-color":"","overlay-opacity":"","overlay-gradient":""},"mobile":{"background-color":"","background-image":"","background-repeat":"repeat","background-position":"center center","background-size":"auto","background-attachment":"scroll","background-type":"","background-media":"","overlay-type":"","overlay-color":"","overlay-opacity":"","overlay-gradient":""}},"ast-content-background-meta":{"desktop":{"background-color":"var(--ast-global-color-5)","background-image":"","background-repeat":"repeat","background-position":"center center","background-size":"auto","background-attachment":"scroll","background-type":"","background-media":"","overlay-type":"","overlay-color":"","overlay-opacity":"","overlay-gradient":""},"tablet":{"background-color":"var(--ast-global-color-5)","background-image":"","background-repeat":"repeat","background-position":"center center","background-size":"auto","background-attachment":"scroll","background-type":"","background-media":"","overlay-type":"","overlay-color":"","overlay-opacity":"","overlay-gradient":""},"mobile":{"background-color":"var(--ast-global-color-5)","background-image":"","background-repeat":"repeat","background-position":"center center","background-size":"auto","background-attachment":"scroll","background-type":"","background-media":"","overlay-type":"","overlay-color":"","overlay-opacity":"","overlay-gradient":""}}},"product_brand":[],"product_cat":[23],"product_tag":[],"class_list":{"0":"post-4763","1":"product","2":"type-product","3":"status-publish","5":"product_cat-bok","6":"desktop-align-center","7":"tablet-align-center","8":"mobile-align-center","10":"first","11":"instock","12":"sale","13":"taxable","14":"shipping-taxable","15":"purchasable","16":"product-type-simple"},"aioseo_notices":[],"spectra_custom_meta":{"_edit_lock":["1736266685:3"],"_edit_last":["3"],"_primary_term_product_cat":["23"],"_yith_wcpb_bundle_data":["a:2:{i:1;a:3:{s:12:\"bundle_order\";s:1:\"1\";s:10:\"product_id\";s:4:\"2708\";s:11:\"bp_quantity\";s:1:\"1\";}i:2;a:3:{s:12:\"bundle_order\";s:1:\"2\";s:10:\"product_id\";s:4:\"2643\";s:11:\"bp_quantity\";s:1:\"1\";}}"],"_yith_bundle_product_version":["1.4.0"],"total_sales":["4"],"_tax_status":["taxable"],"_tax_class":["6"],"_manage_stock":["yes"],"_backorders":["no"],"_sold_individually":["no"],"_virtual":["no"],"_downloadable":["no"],"_download_limit":["-1"],"_download_expiry":["-1"],"_stock":["6"],"_stock_status":["instock"],"_wc_average_rating":["0"],"_wc_review_count":["0"],"_product_version":["9.7.1"],"_product_image_gallery":["4114,4074"],"site-sidebar-layout":["default"],"site-content-layout":["default"],"theme-transparent-header-meta":["default"],"_weight":["1511"],"_length":["40"],"_width":["210"],"_height":["265"],"_children":["a:2:{i:0;i:2643;i:1;i:2708;}"],"_price":["399","399"],"_regular_price":["450"],"_sale_price":["399"],"fb_product_item_id":["5155519917883479"],"_aioseo_title":[null],"_aioseo_description":[null],"_aioseo_keywords":["a:0:{}"],"_aioseo_og_title":[null],"_aioseo_og_description":[null],"_aioseo_og_article_section":[null],"_aioseo_og_article_tags":["a:0:{}"],"_aioseo_twitter_title":[null],"_aioseo_twitter_description":[null],"_uag_page_assets":["a:9:{s:3:\"css\";s:0:\"\";s:2:\"js\";s:0:\"\";s:18:\"current_block_list\";a:5:{i:0;s:26:\"woocommerce\/product-search\";i:1;s:10:\"core\/group\";i:2;s:12:\"core\/heading\";i:3;s:27:\"woocommerce\/product-on-sale\";i:4;s:32:\"woocommerce\/product-best-sellers\";}s:8:\"uag_flag\";b:0;s:11:\"uag_version\";s:10:\"1775849066\";s:6:\"gfonts\";a:0:{}s:10:\"gfonts_url\";s:0:\"\";s:12:\"gfonts_files\";a:0:{}s:14:\"uag_faq_layout\";b:0;}"]},"uagb_featured_image_src":{"full":false,"thumbnail":false,"medium":false,"medium_large":false,"large":false,"1536x1536":false,"2048x2048":false,"trp-custom-language-flag":false,"woocommerce_thumbnail":false,"woocommerce_single":false,"woocommerce_gallery_thumbnail":false,"awb_sm":false,"awb_md":false,"awb_lg":false,"awb_xl":false},"uagb_author_info":{"display_name":"Olaf","author_link":"https:\/\/smalsparet.com\/en\/author\/"},"uagb_comment_info":0,"uagb_excerpt":"B\u00f6ckerna om Kr\u00f6sat\u00e5get och hur de revolutionerade j\u00e4rnv\u00e4gens utveckling i Sm\u00e5land, finns i tv\u00e5 delar. Den f\u00f6rsta utkom 2016 och behandlar historien fr\u00e5n 80-talets b\u00f6rjan, till 90-talets mitt. Den andra boken i serien utkom v\u00e5ren 2021 och tar upp historien fr\u00e5n 90-talet fram till idag. B\u00e5da b\u00f6ckerna kan k\u00f6pas separat, men k\u00f6per du dem i&hellip;","_links":{"self":[{"href":"https:\/\/smalsparet.com\/en\/wp-json\/wp\/v2\/product\/4763","targetHints":{"allow":["GET"]}}],"collection":[{"href":"https:\/\/smalsparet.com\/en\/wp-json\/wp\/v2\/product"}],"about":[{"href":"https:\/\/smalsparet.com\/en\/wp-json\/wp\/v2\/types\/product"}],"replies":[{"embeddable":true,"href":"https:\/\/smalsparet.com\/en\/wp-json\/wp\/v2\/comments?post=4763"}],"wp:attachment":[{"href":"https:\/\/smalsparet.com\/en\/wp-json\/wp\/v2\/media?parent=4763"}],"wp:term":[{"taxonomy":"product_brand","embeddable":true,"href":"https:\/\/smalsparet.com\/en\/wp-json\/wp\/v2\/product_brand?post=4763"},{"taxonomy":"product_cat","embeddable":true,"href":"https:\/\/smalsparet.com\/en\/wp-json\/wp\/v2\/product_cat?post=4763"},{"taxonomy":"product_tag","embeddable":true,"href":"https:\/\/smalsparet.com\/en\/wp-json\/wp\/v2\/product_tag?post=4763"}],"curies":[{"name":"wp","href":"https:\/\/api.w.org\/{rel}","templated":true}]}}