{"id":4036,"date":"2020-12-30T13:14:55","date_gmt":"2020-12-30T13:14:55","guid":{"rendered":"https:\/\/nya.smalsparet.com\/?product=import-placeholder-for-2543"},"modified":"2022-09-23T14:51:26","modified_gmt":"2022-09-23T14:51:26","slug":"smalspar-i-klippiga-bergen","status":"publish","type":"product","link":"https:\/\/smalsparet.com\/en\/product\/smalspar-i-klippiga-bergen\/","title":{"rendered":"Narrow gauge railway in the Rockies"},"content":{"rendered":"<p>A film about three narrow gauge railways in Klippiga Bergen with 3 foot gauge. The difference between our Sm\u00e5land 3-foot railway and this American one is that the Swedish foot was slightly narrower, so in the Rocky Mountains 3 feet is 914mm against our 891mm.<\/p>\n<p>We visit and travel on the Cumbres &amp; Toltec Scenic RR, Durango &amp; Silverton Narrow Gauge RR and Georgetown Loop RR. The trains run on narrow rock shelves and over deep ravines. Recorded September\/October 2016.<\/p>\n<p>Selectable audio tracks: with or without speaker. Format 16:9. Length 105 minutes.<\/p>","protected":false},"excerpt":{"rendered":"<p>En film om tre smalsp\u00e5riga j\u00e4rnv\u00e4gar i Klippiga Bergen med 3 fots sp\u00e5rvidd. Skillnaden mellan v\u00e5r sm\u00e5l\u00e4ndska 3-fotabana och denna amerikanska \u00e4r att svenska fot var n\u00e5got smalare, s\u00e5 i Klippiga Bergen \u00e4r 3 fot 914mm mot v\u00e5ra 891mm. Vi bes\u00f6ker och reser med Cumbres &amp; Toltec Scenic RR, Durango &amp; Silverton Narrow Gauge RR [&hellip;]<\/p>\n","protected":false},"featured_media":4066,"comment_status":"closed","ping_status":"closed","template":"","meta":{"om_disable_all_campaigns":false,"_uag_custom_page_level_css":"","_monsterinsights_skip_tracking":false,"_monsterinsights_sitenote_active":false,"_monsterinsights_sitenote_note":"","_monsterinsights_sitenote_category":0,"site-sidebar-layout":"default","site-content-layout":"","ast-site-content-layout":"default","site-content-style":"default","site-sidebar-style":"default","ast-global-header-display":"","ast-banner-title-visibility":"","ast-main-header-display":"","ast-hfb-above-header-display":"","ast-hfb-below-header-display":"","ast-hfb-mobile-header-display":"","site-post-title":"","ast-breadcrumbs-content":"","ast-featured-img":"","footer-sml-layout":"","ast-disable-related-posts":"","theme-transparent-header-meta":"","adv-header-id-meta":"","stick-header-meta":"","header-above-stick-meta":"","header-main-stick-meta":"","header-below-stick-meta":"","astra-migrate-meta-layouts":"default","ast-page-background-enabled":"default","ast-page-background-meta":{"desktop":{"background-color":"","background-image":"","background-repeat":"repeat","background-position":"center center","background-size":"auto","background-attachment":"scroll","background-type":"","background-media":"","overlay-type":"","overlay-color":"","overlay-opacity":"","overlay-gradient":""},"tablet":{"background-color":"","background-image":"","background-repeat":"repeat","background-position":"center center","background-size":"auto","background-attachment":"scroll","background-type":"","background-media":"","overlay-type":"","overlay-color":"","overlay-opacity":"","overlay-gradient":""},"mobile":{"background-color":"","background-image":"","background-repeat":"repeat","background-position":"center center","background-size":"auto","background-attachment":"scroll","background-type":"","background-media":"","overlay-type":"","overlay-color":"","overlay-opacity":"","overlay-gradient":""}},"ast-content-background-meta":{"desktop":{"background-color":"var(--ast-global-color-5)","background-image":"","background-repeat":"repeat","background-position":"center center","background-size":"auto","background-attachment":"scroll","background-type":"","background-media":"","overlay-type":"","overlay-color":"","overlay-opacity":"","overlay-gradient":""},"tablet":{"background-color":"var(--ast-global-color-5)","background-image":"","background-repeat":"repeat","background-position":"center center","background-size":"auto","background-attachment":"scroll","background-type":"","background-media":"","overlay-type":"","overlay-color":"","overlay-opacity":"","overlay-gradient":""},"mobile":{"background-color":"var(--ast-global-color-5)","background-image":"","background-repeat":"repeat","background-position":"center center","background-size":"auto","background-attachment":"scroll","background-type":"","background-media":"","overlay-type":"","overlay-color":"","overlay-opacity":"","overlay-gradient":""}}},"product_brand":[],"product_cat":[22],"product_tag":[],"class_list":{"0":"post-4036","1":"product","2":"type-product","3":"status-publish","4":"has-post-thumbnail","6":"product_cat-film","7":"desktop-align-center","8":"tablet-align-center","9":"mobile-align-center","11":"first","12":"instock","13":"taxable","14":"shipping-taxable","15":"purchasable","16":"product-type-simple"},"aioseo_notices":[],"spectra_custom_meta":{"total_sales":["1"],"_tax_status":["taxable"],"_tax_class":[""],"_manage_stock":["no"],"_backorders":["no"],"_sold_individually":["no"],"_virtual":["no"],"_downloadable":["no"],"_download_limit":["0"],"_download_expiry":["0"],"_stock":[null],"_stock_status":["instock"],"_wc_average_rating":["0"],"_wc_review_count":["0"],"_product_version":["6.6.1"],"is_cornerstone":[""],"_yoast_wpseo_primary_product_cat":[""],"_yoast_wpseo_content_score":["60"],"fb_product_group_id":[""],"_wc_facebook_sync_enabled":[""],"fb_visibility":[""],"fb_product_description":[""],"_wc_facebook_product_image_source":[""],"_wc_facebook_commerce_enabled":[""],"fb_product_item_id":[""],"_yoast_wpseo_focuskw":[""],"_yoast_wpseo_linkdex":[""],"_gift_card_template_default_use_image":[""],"_yoast_wpseo_metadesc":[""],"_wp_old_slug":["import-placeholder-for-2543"],"_regular_price":["150"],"_thumbnail_id":["4066"],"_product_attributes":["a:2:{s:9:\"pa_format\";a:6:{s:4:\"name\";s:9:\"pa_format\";s:5:\"value\";s:0:\"\";s:8:\"position\";i:0;s:10:\"is_visible\";i:1;s:12:\"is_variation\";i:0;s:11:\"is_taxonomy\";i:1;}s:8:\"pa_langd\";a:6:{s:4:\"name\";s:8:\"pa_langd\";s:5:\"value\";s:0:\"\";s:8:\"position\";i:1;s:10:\"is_visible\";i:1;s:12:\"is_variation\";i:0;s:11:\"is_taxonomy\";i:1;}}"],"_price":["150"],"_weight":["86"],"_edit_last":["3"],"_uag_page_assets":["a:9:{s:3:\"css\";s:0:\"\";s:2:\"js\";s:0:\"\";s:18:\"current_block_list\";a:5:{i:0;s:26:\"woocommerce\/product-search\";i:1;s:10:\"core\/group\";i:2;s:12:\"core\/heading\";i:3;s:27:\"woocommerce\/product-on-sale\";i:4;s:32:\"woocommerce\/product-best-sellers\";}s:8:\"uag_flag\";b:0;s:11:\"uag_version\";s:10:\"1775301941\";s:6:\"gfonts\";a:0:{}s:10:\"gfonts_url\";s:0:\"\";s:12:\"gfonts_files\";a:0:{}s:14:\"uag_faq_layout\";b:0;}"]},"uagb_featured_image_src":{"full":["https:\/\/smalsparet.com\/wp-content\/uploads\/2020\/12\/legvideo_klippigabergen-e1498059026360.jpg",425,603,false],"thumbnail":["https:\/\/smalsparet.com\/wp-content\/uploads\/2020\/12\/legvideo_klippigabergen-e1498059026360-150x150.jpg",150,150,true],"medium":["https:\/\/smalsparet.com\/wp-content\/uploads\/2020\/12\/legvideo_klippigabergen-e1498059026360-211x300.jpg",211,300,true],"medium_large":["https:\/\/smalsparet.com\/wp-content\/uploads\/2020\/12\/legvideo_klippigabergen-e1498059026360.jpg",425,603,false],"large":["https:\/\/smalsparet.com\/wp-content\/uploads\/2020\/12\/legvideo_klippigabergen-e1498059026360.jpg",425,603,false],"1536x1536":["https:\/\/smalsparet.com\/wp-content\/uploads\/2020\/12\/legvideo_klippigabergen-e1498059026360.jpg",425,603,false],"2048x2048":["https:\/\/smalsparet.com\/wp-content\/uploads\/2020\/12\/legvideo_klippigabergen-e1498059026360.jpg",425,603,false],"trp-custom-language-flag":["https:\/\/smalsparet.com\/wp-content\/uploads\/2020\/12\/legvideo_klippigabergen-e1498059026360.jpg",8,12,false],"woocommerce_thumbnail":["https:\/\/smalsparet.com\/wp-content\/uploads\/2020\/12\/legvideo_klippigabergen-e1498059026360-300x300.jpg",300,300,true],"woocommerce_single":["https:\/\/smalsparet.com\/wp-content\/uploads\/2020\/12\/legvideo_klippigabergen-e1498059026360.jpg",425,603,false],"woocommerce_gallery_thumbnail":["https:\/\/smalsparet.com\/wp-content\/uploads\/2020\/12\/legvideo_klippigabergen-e1498059026360-100x100.jpg",100,100,true],"awb_sm":["https:\/\/smalsparet.com\/wp-content\/uploads\/2020\/12\/legvideo_klippigabergen-e1498059026360.jpg",425,603,false],"awb_md":["https:\/\/smalsparet.com\/wp-content\/uploads\/2020\/12\/legvideo_klippigabergen-e1498059026360.jpg",425,603,false],"awb_lg":["https:\/\/smalsparet.com\/wp-content\/uploads\/2020\/12\/legvideo_klippigabergen-e1498059026360.jpg",425,603,false],"awb_xl":["https:\/\/smalsparet.com\/wp-content\/uploads\/2020\/12\/legvideo_klippigabergen-e1498059026360.jpg",425,603,false]},"uagb_author_info":{"display_name":"admin","author_link":"https:\/\/smalsparet.com\/en\/author\/"},"uagb_comment_info":0,"uagb_excerpt":"En film om tre smalsp\u00e5riga j\u00e4rnv\u00e4gar i Klippiga Bergen med 3 fots sp\u00e5rvidd. Skillnaden mellan v\u00e5r sm\u00e5l\u00e4ndska 3-fotabana och denna amerikanska \u00e4r att svenska fot var n\u00e5got smalare, s\u00e5 i Klippiga Bergen \u00e4r 3 fot 914mm mot v\u00e5ra 891mm. Vi bes\u00f6ker och reser med Cumbres &amp; Toltec Scenic RR, Durango &amp; Silverton Narrow Gauge RR&hellip;","_links":{"self":[{"href":"https:\/\/smalsparet.com\/en\/wp-json\/wp\/v2\/product\/4036","targetHints":{"allow":["GET"]}}],"collection":[{"href":"https:\/\/smalsparet.com\/en\/wp-json\/wp\/v2\/product"}],"about":[{"href":"https:\/\/smalsparet.com\/en\/wp-json\/wp\/v2\/types\/product"}],"replies":[{"embeddable":true,"href":"https:\/\/smalsparet.com\/en\/wp-json\/wp\/v2\/comments?post=4036"}],"wp:featuredmedia":[{"embeddable":true,"href":"https:\/\/smalsparet.com\/en\/wp-json\/wp\/v2\/media\/4066"}],"wp:attachment":[{"href":"https:\/\/smalsparet.com\/en\/wp-json\/wp\/v2\/media?parent=4036"}],"wp:term":[{"taxonomy":"product_brand","embeddable":true,"href":"https:\/\/smalsparet.com\/en\/wp-json\/wp\/v2\/product_brand?post=4036"},{"taxonomy":"product_cat","embeddable":true,"href":"https:\/\/smalsparet.com\/en\/wp-json\/wp\/v2\/product_cat?post=4036"},{"taxonomy":"product_tag","embeddable":true,"href":"https:\/\/smalsparet.com\/en\/wp-json\/wp\/v2\/product_tag?post=4036"}],"curies":[{"name":"wp","href":"https:\/\/api.w.org\/{rel}","templated":true}]}}