{"id":4033,"date":"2020-12-30T13:14:54","date_gmt":"2020-12-30T13:14:54","guid":{"rendered":"https:\/\/nya.smalsparet.com\/?product=import-placeholder-for-2540"},"modified":"2022-09-16T12:11:28","modified_gmt":"2022-09-16T12:11:28","slug":"sigges-tag","status":"publish","type":"product","link":"https:\/\/smalsparet.com\/en\/product\/sigges-tag\/","title":{"rendered":"Sigge's train"},"content":{"rendered":"<p>A warm story about the love of trains Sigge likes trains. So does Grandad. Together they go exploring at the railway station. A freight train is being loaded and a work train is going out to fix something. And most exciting of all, they get to look in on the train driver! Clear, detailed pictures of different trains, including an orange and yellow railway bus! Perfect for young and old train lovers, reading age 0-3 years. By Eva Vid\u00e9n &amp; Jens Ahlbom, published in 2020.<\/p>","protected":false},"excerpt":{"rendered":"<p>Varm ber\u00e4ttelse om k\u00e4rleken till t\u00e5g Sigge gillar t\u00e5g. Det g\u00f6r morfar ocks\u00e5. Tillsammans g\u00e5r de p\u00e5 uppt\u00e4cktsf\u00e4rd p\u00e5 j\u00e4rnv\u00e4gsstationen. Ett godst\u00e5g ska lastas och ett arbetst\u00e5g ska \u00e5ka ut och laga n\u00e5got. Och allra mest sp\u00e4nnande \u00e4r det att f\u00e5 titta in hos lokf\u00f6raren! Tydliga detaljrika bilder p\u00e5 olika t\u00e5g, bl.a. orangegul r\u00e4lsbuss! Perfekt [&hellip;]<\/p>\n","protected":false},"featured_media":4063,"comment_status":"closed","ping_status":"closed","template":"","meta":{"om_disable_all_campaigns":false,"_uag_custom_page_level_css":"","_monsterinsights_skip_tracking":false,"_monsterinsights_sitenote_active":false,"_monsterinsights_sitenote_note":"","_monsterinsights_sitenote_category":0,"site-sidebar-layout":"default","site-content-layout":"default","ast-site-content-layout":"default","site-content-style":"default","site-sidebar-style":"default","ast-global-header-display":"","ast-banner-title-visibility":"","ast-main-header-display":"","ast-hfb-above-header-display":"","ast-hfb-below-header-display":"","ast-hfb-mobile-header-display":"","site-post-title":"","ast-breadcrumbs-content":"","ast-featured-img":"","footer-sml-layout":"","ast-disable-related-posts":"","theme-transparent-header-meta":"default","adv-header-id-meta":"","stick-header-meta":"","header-above-stick-meta":"","header-main-stick-meta":"","header-below-stick-meta":"","astra-migrate-meta-layouts":"default","ast-page-background-enabled":"default","ast-page-background-meta":{"desktop":{"background-color":"","background-image":"","background-repeat":"repeat","background-position":"center center","background-size":"auto","background-attachment":"scroll","background-type":"","background-media":"","overlay-type":"","overlay-color":"","overlay-opacity":"","overlay-gradient":""},"tablet":{"background-color":"","background-image":"","background-repeat":"repeat","background-position":"center center","background-size":"auto","background-attachment":"scroll","background-type":"","background-media":"","overlay-type":"","overlay-color":"","overlay-opacity":"","overlay-gradient":""},"mobile":{"background-color":"","background-image":"","background-repeat":"repeat","background-position":"center center","background-size":"auto","background-attachment":"scroll","background-type":"","background-media":"","overlay-type":"","overlay-color":"","overlay-opacity":"","overlay-gradient":""}},"ast-content-background-meta":{"desktop":{"background-color":"var(--ast-global-color-5)","background-image":"","background-repeat":"repeat","background-position":"center center","background-size":"auto","background-attachment":"scroll","background-type":"","background-media":"","overlay-type":"","overlay-color":"","overlay-opacity":"","overlay-gradient":""},"tablet":{"background-color":"var(--ast-global-color-5)","background-image":"","background-repeat":"repeat","background-position":"center center","background-size":"auto","background-attachment":"scroll","background-type":"","background-media":"","overlay-type":"","overlay-color":"","overlay-opacity":"","overlay-gradient":""},"mobile":{"background-color":"var(--ast-global-color-5)","background-image":"","background-repeat":"repeat","background-position":"center center","background-size":"auto","background-attachment":"scroll","background-type":"","background-media":"","overlay-type":"","overlay-color":"","overlay-opacity":"","overlay-gradient":""}}},"product_brand":[],"product_cat":[23],"product_tag":[],"class_list":{"0":"post-4033","1":"product","2":"type-product","3":"status-publish","4":"has-post-thumbnail","6":"product_cat-bok","7":"desktop-align-center","8":"tablet-align-center","9":"mobile-align-center","11":"first","12":"outofstock","13":"taxable","14":"shipping-taxable","15":"purchasable","16":"product-type-simple"},"aioseo_notices":[],"spectra_custom_meta":{"total_sales":["6"],"_tax_status":["taxable"],"_tax_class":["6"],"_manage_stock":["yes"],"_backorders":["no"],"_sold_individually":["no"],"_virtual":["no"],"_downloadable":["no"],"_download_limit":["0"],"_download_expiry":["0"],"_stock":["0"],"_stock_status":["outofstock"],"_wc_average_rating":["0"],"_wc_review_count":["0"],"_product_version":["6.6.1"],"is_cornerstone":[""],"_yoast_wpseo_primary_product_cat":[""],"_yoast_wpseo_content_score":["60"],"fb_product_group_id":[""],"_wc_facebook_sync_enabled":[""],"fb_visibility":[""],"fb_product_description":[""],"_wc_facebook_product_image_source":[""],"_wc_facebook_commerce_enabled":[""],"fb_product_item_id":[""],"_yoast_wpseo_focuskw":[""],"_yoast_wpseo_linkdex":[""],"_gift_card_template_default_use_image":[""],"_yoast_wpseo_metadesc":[""],"_wp_old_slug":["import-placeholder-for-2540"],"_regular_price":["139"],"_thumbnail_id":["4063"],"_product_attributes":["a:2:{s:5:\"sidor\";a:6:{s:4:\"name\";s:5:\"Sidor\";s:5:\"value\";s:2:\"24\";s:8:\"position\";i:0;s:10:\"is_visible\";i:1;s:12:\"is_variation\";i:0;s:11:\"is_taxonomy\";i:0;}s:8:\"bindning\";a:6:{s:4:\"name\";s:8:\"Bindning\";s:5:\"value\";s:9:\"Limbunden\";s:8:\"position\";i:1;s:10:\"is_visible\";i:1;s:12:\"is_variation\";i:0;s:11:\"is_taxonomy\";i:0;}}"],"_price":["139"],"_edit_last":["3"],"_edit_lock":["1663069386:3"],"_primary_term_product_cat":["23"],"site-sidebar-layout":["default"],"site-content-layout":["default"],"theme-transparent-header-meta":["default"],"_weight":["206"],"_uag_page_assets":["a:9:{s:3:\"css\";s:0:\"\";s:2:\"js\";s:0:\"\";s:18:\"current_block_list\";a:5:{i:0;s:26:\"woocommerce\/product-search\";i:1;s:10:\"core\/group\";i:2;s:12:\"core\/heading\";i:3;s:27:\"woocommerce\/product-on-sale\";i:4;s:32:\"woocommerce\/product-best-sellers\";}s:8:\"uag_flag\";b:0;s:11:\"uag_version\";s:10:\"1775983743\";s:6:\"gfonts\";a:0:{}s:10:\"gfonts_url\";s:0:\"\";s:12:\"gfonts_files\";a:0:{}s:14:\"uag_faq_layout\";b:0;}"]},"uagb_featured_image_src":{"full":["https:\/\/smalsparet.com\/wp-content\/uploads\/2020\/12\/siggestag-e1605034931186.png",400,408,false],"thumbnail":["https:\/\/smalsparet.com\/wp-content\/uploads\/2020\/12\/siggestag-e1605034931186-150x150.png",150,150,true],"medium":["https:\/\/smalsparet.com\/wp-content\/uploads\/2020\/12\/siggestag-e1605034931186-294x300.png",294,300,true],"medium_large":["https:\/\/smalsparet.com\/wp-content\/uploads\/2020\/12\/siggestag-e1605034931186.png",400,408,false],"large":["https:\/\/smalsparet.com\/wp-content\/uploads\/2020\/12\/siggestag-e1605034931186.png",400,408,false],"1536x1536":["https:\/\/smalsparet.com\/wp-content\/uploads\/2020\/12\/siggestag-e1605034931186.png",400,408,false],"2048x2048":["https:\/\/smalsparet.com\/wp-content\/uploads\/2020\/12\/siggestag-e1605034931186.png",400,408,false],"trp-custom-language-flag":["https:\/\/smalsparet.com\/wp-content\/uploads\/2020\/12\/siggestag-e1605034931186.png",12,12,false],"woocommerce_thumbnail":["https:\/\/smalsparet.com\/wp-content\/uploads\/2020\/12\/siggestag-e1605034931186-300x300.png",300,300,true],"woocommerce_single":["https:\/\/smalsparet.com\/wp-content\/uploads\/2020\/12\/siggestag-e1605034931186.png",400,408,false],"woocommerce_gallery_thumbnail":["https:\/\/smalsparet.com\/wp-content\/uploads\/2020\/12\/siggestag-e1605034931186-100x100.png",100,100,true],"awb_sm":["https:\/\/smalsparet.com\/wp-content\/uploads\/2020\/12\/siggestag-e1605034931186.png",400,408,false],"awb_md":["https:\/\/smalsparet.com\/wp-content\/uploads\/2020\/12\/siggestag-e1605034931186.png",400,408,false],"awb_lg":["https:\/\/smalsparet.com\/wp-content\/uploads\/2020\/12\/siggestag-e1605034931186.png",400,408,false],"awb_xl":["https:\/\/smalsparet.com\/wp-content\/uploads\/2020\/12\/siggestag-e1605034931186.png",400,408,false]},"uagb_author_info":{"display_name":"admin","author_link":"https:\/\/smalsparet.com\/en\/author\/"},"uagb_comment_info":0,"uagb_excerpt":"Varm ber\u00e4ttelse om k\u00e4rleken till t\u00e5g Sigge gillar t\u00e5g. Det g\u00f6r morfar ocks\u00e5. Tillsammans g\u00e5r de p\u00e5 uppt\u00e4cktsf\u00e4rd p\u00e5 j\u00e4rnv\u00e4gsstationen. Ett godst\u00e5g ska lastas och ett arbetst\u00e5g ska \u00e5ka ut och laga n\u00e5got. Och allra mest sp\u00e4nnande \u00e4r det att f\u00e5 titta in hos lokf\u00f6raren! Tydliga detaljrika bilder p\u00e5 olika t\u00e5g, bl.a. orangegul r\u00e4lsbuss! Perfekt&hellip;","_links":{"self":[{"href":"https:\/\/smalsparet.com\/en\/wp-json\/wp\/v2\/product\/4033","targetHints":{"allow":["GET"]}}],"collection":[{"href":"https:\/\/smalsparet.com\/en\/wp-json\/wp\/v2\/product"}],"about":[{"href":"https:\/\/smalsparet.com\/en\/wp-json\/wp\/v2\/types\/product"}],"replies":[{"embeddable":true,"href":"https:\/\/smalsparet.com\/en\/wp-json\/wp\/v2\/comments?post=4033"}],"wp:featuredmedia":[{"embeddable":true,"href":"https:\/\/smalsparet.com\/en\/wp-json\/wp\/v2\/media\/4063"}],"wp:attachment":[{"href":"https:\/\/smalsparet.com\/en\/wp-json\/wp\/v2\/media?parent=4033"}],"wp:term":[{"taxonomy":"product_brand","embeddable":true,"href":"https:\/\/smalsparet.com\/en\/wp-json\/wp\/v2\/product_brand?post=4033"},{"taxonomy":"product_cat","embeddable":true,"href":"https:\/\/smalsparet.com\/en\/wp-json\/wp\/v2\/product_cat?post=4033"},{"taxonomy":"product_tag","embeddable":true,"href":"https:\/\/smalsparet.com\/en\/wp-json\/wp\/v2\/product_tag?post=4033"}],"curies":[{"name":"wp","href":"https:\/\/api.w.org\/{rel}","templated":true}]}}