{"id":2652,"date":"2020-12-15T22:08:28","date_gmt":"2020-12-15T22:08:28","guid":{"rendered":"https:\/\/nya.smalsparet.com\/produkt\/svenska-tag-33-hundraarsjubileumet-2\/"},"modified":"2024-01-10T17:46:27","modified_gmt":"2024-01-10T17:46:27","slug":"svenska-tag-33-hundraarsjubileumet-2","status":"publish","type":"product","link":"https:\/\/smalsparet.com\/en\/product\/svenska-tag-33-hundraarsjubileumet-2\/","title":{"rendered":"Swedish Train 33, the centenary"},"content":{"rendered":"<p>LEG-Video, a well-known film producer in the industry, made recordings during the centenary celebrations on 9-10 June 2012 and in issue 33 of the series \"Swedish Trains\" there is a <strong>reportage of about 15 minutes<\/strong> where we get <strong>join the inauguration procession<\/strong>, see Gustaf V and other events that took place during the weekend. All in all, a very nice report whether you were there and experienced the anniversary yourself or are an armchair traveller!<\/p>\n<p>In addition, this dvd of a total of 80 minutes contains a lot of other interesting, a selection of other episodes: No X2000 Gothenburg-Malm\u00f6. New traffic in Sk\u00e5ne. Ore trains in Uppland. Vectron. Risten station. Botniabanan. The Chinese X2 back in Sweden. Taurus. Strand concrete in Veddige. Stena Scanrail.<\/p>","protected":false},"excerpt":{"rendered":"<p>Den i branschen v\u00e4lk\u00e4nde filmproducenten LEG-Video gjorde inspelningar under 100-\u00e5rsjubil\u00e9et 9-10 juni 2012 och i nummer 33 av serien \u201dSvenska T\u00e5g\u201d finns ett reportage p\u00e5 cirka 15 minuter d\u00e4r vi f\u00e5r f\u00f6lja med p\u00e5 invigningst\u00e5get, se Gustaf V och \u00f6vriga begivenheter som gick av stapeln under helgen. Sammantaget ett mycket trevligt reportage vare sig du [&hellip;]<\/p>\n","protected":false},"featured_media":292,"comment_status":"closed","ping_status":"closed","template":"","meta":{"om_disable_all_campaigns":false,"_uag_custom_page_level_css":"","_monsterinsights_skip_tracking":false,"_monsterinsights_sitenote_active":false,"_monsterinsights_sitenote_note":"","_monsterinsights_sitenote_category":0,"site-sidebar-layout":"default","site-content-layout":"","ast-site-content-layout":"default","site-content-style":"default","site-sidebar-style":"default","ast-global-header-display":"","ast-banner-title-visibility":"","ast-main-header-display":"","ast-hfb-above-header-display":"","ast-hfb-below-header-display":"","ast-hfb-mobile-header-display":"","site-post-title":"","ast-breadcrumbs-content":"","ast-featured-img":"","footer-sml-layout":"","ast-disable-related-posts":"","theme-transparent-header-meta":"","adv-header-id-meta":"","stick-header-meta":"","header-above-stick-meta":"","header-main-stick-meta":"","header-below-stick-meta":"","astra-migrate-meta-layouts":"default","ast-page-background-enabled":"default","ast-page-background-meta":{"desktop":{"background-color":"","background-image":"","background-repeat":"repeat","background-position":"center center","background-size":"auto","background-attachment":"scroll","background-type":"","background-media":"","overlay-type":"","overlay-color":"","overlay-opacity":"","overlay-gradient":""},"tablet":{"background-color":"","background-image":"","background-repeat":"repeat","background-position":"center center","background-size":"auto","background-attachment":"scroll","background-type":"","background-media":"","overlay-type":"","overlay-color":"","overlay-opacity":"","overlay-gradient":""},"mobile":{"background-color":"","background-image":"","background-repeat":"repeat","background-position":"center center","background-size":"auto","background-attachment":"scroll","background-type":"","background-media":"","overlay-type":"","overlay-color":"","overlay-opacity":"","overlay-gradient":""}},"ast-content-background-meta":{"desktop":{"background-color":"var(--ast-global-color-5)","background-image":"","background-repeat":"repeat","background-position":"center center","background-size":"auto","background-attachment":"scroll","background-type":"","background-media":"","overlay-type":"","overlay-color":"","overlay-opacity":"","overlay-gradient":""},"tablet":{"background-color":"var(--ast-global-color-5)","background-image":"","background-repeat":"repeat","background-position":"center center","background-size":"auto","background-attachment":"scroll","background-type":"","background-media":"","overlay-type":"","overlay-color":"","overlay-opacity":"","overlay-gradient":""},"mobile":{"background-color":"var(--ast-global-color-5)","background-image":"","background-repeat":"repeat","background-position":"center center","background-size":"auto","background-attachment":"scroll","background-type":"","background-media":"","overlay-type":"","overlay-color":"","overlay-opacity":"","overlay-gradient":""}}},"product_brand":[],"product_cat":[22],"product_tag":[27],"class_list":{"0":"post-2652","1":"product","2":"type-product","3":"status-publish","4":"has-post-thumbnail","6":"product_cat-film","7":"product_tag-film","8":"desktop-align-center","9":"tablet-align-center","10":"mobile-align-center","12":"first","13":"outofstock","14":"taxable","15":"shipping-taxable","16":"purchasable","17":"product-type-simple"},"aioseo_notices":[],"spectra_custom_meta":{"_edit_last":["3"],"total_sales":["2"],"_tax_status":["taxable"],"_tax_class":[""],"_manage_stock":["yes"],"_backorders":["no"],"_sold_individually":["no"],"_virtual":["no"],"_downloadable":["no"],"_download_limit":["-1"],"_download_expiry":["-1"],"_stock":["0"],"_stock_status":["outofstock"],"_wc_average_rating":["0"],"_wc_review_count":["0"],"_product_attributes":["a:1:{s:8:\"pa_langd\";a:6:{s:4:\"name\";s:8:\"pa_langd\";s:5:\"value\";s:0:\"\";s:8:\"position\";i:0;s:10:\"is_visible\";i:1;s:12:\"is_variation\";i:0;s:11:\"is_taxonomy\";i:1;}}"],"_product_version":["8.3.0"],"_thumbnail_id":["292"],"_regular_price":["225"],"_price":["225"],"_yoast_wpseo_primary_product_cat":["48"],"_yoast_wpseo_content_score":["60"],"_weight":["86"],"fb_product_group_id":["3711279012257498"],"fb_product_item_id":["3711279058924160"],"_edit_lock":["1637324936:3"],"_uag_page_assets":["a:9:{s:3:\"css\";s:0:\"\";s:2:\"js\";s:0:\"\";s:18:\"current_block_list\";a:5:{i:0;s:26:\"woocommerce\/product-search\";i:1;s:10:\"core\/group\";i:2;s:12:\"core\/heading\";i:3;s:27:\"woocommerce\/product-on-sale\";i:4;s:32:\"woocommerce\/product-best-sellers\";}s:8:\"uag_flag\";b:0;s:11:\"uag_version\";s:10:\"1775301941\";s:6:\"gfonts\";a:0:{}s:10:\"gfonts_url\";s:0:\"\";s:12:\"gfonts_files\";a:0:{}s:14:\"uag_faq_layout\";b:0;}"]},"uagb_featured_image_src":{"full":["https:\/\/smalsparet.com\/wp-content\/uploads\/2014\/12\/svenskatag33.jpg",900,603,false],"thumbnail":["https:\/\/smalsparet.com\/wp-content\/uploads\/2014\/12\/svenskatag33-150x150.jpg",150,150,true],"medium":["https:\/\/smalsparet.com\/wp-content\/uploads\/2014\/12\/svenskatag33-300x201.jpg",300,201,true],"medium_large":["https:\/\/smalsparet.com\/wp-content\/uploads\/2014\/12\/svenskatag33-768x515.jpg",768,515,true],"large":["https:\/\/smalsparet.com\/wp-content\/uploads\/2014\/12\/svenskatag33.jpg",900,603,false],"1536x1536":["https:\/\/smalsparet.com\/wp-content\/uploads\/2014\/12\/svenskatag33.jpg",900,603,false],"2048x2048":["https:\/\/smalsparet.com\/wp-content\/uploads\/2014\/12\/svenskatag33.jpg",900,603,false],"trp-custom-language-flag":["https:\/\/smalsparet.com\/wp-content\/uploads\/2014\/12\/svenskatag33.jpg",18,12,false],"woocommerce_thumbnail":["https:\/\/smalsparet.com\/wp-content\/uploads\/2014\/12\/svenskatag33-300x300.jpg",300,300,true],"woocommerce_single":["https:\/\/smalsparet.com\/wp-content\/uploads\/2014\/12\/svenskatag33-600x402.jpg",600,402,true],"woocommerce_gallery_thumbnail":["https:\/\/smalsparet.com\/wp-content\/uploads\/2014\/12\/svenskatag33-100x100.jpg",100,100,true],"awb_sm":["https:\/\/smalsparet.com\/wp-content\/uploads\/2014\/12\/svenskatag33.jpg",500,335,false],"awb_md":["https:\/\/smalsparet.com\/wp-content\/uploads\/2014\/12\/svenskatag33.jpg",800,536,false],"awb_lg":["https:\/\/smalsparet.com\/wp-content\/uploads\/2014\/12\/svenskatag33.jpg",900,603,false],"awb_xl":["https:\/\/smalsparet.com\/wp-content\/uploads\/2014\/12\/svenskatag33.jpg",900,603,false]},"uagb_author_info":{"display_name":"Olaf","author_link":"https:\/\/smalsparet.com\/en\/author\/"},"uagb_comment_info":0,"uagb_excerpt":"Den i branschen v\u00e4lk\u00e4nde filmproducenten LEG-Video gjorde inspelningar under 100-\u00e5rsjubil\u00e9et 9-10 juni 2012 och i nummer 33 av serien \u201dSvenska T\u00e5g\u201d finns ett reportage p\u00e5 cirka 15 minuter d\u00e4r vi f\u00e5r f\u00f6lja med p\u00e5 invigningst\u00e5get, se Gustaf V och \u00f6vriga begivenheter som gick av stapeln under helgen. Sammantaget ett mycket trevligt reportage vare sig du&hellip;","_links":{"self":[{"href":"https:\/\/smalsparet.com\/en\/wp-json\/wp\/v2\/product\/2652","targetHints":{"allow":["GET"]}}],"collection":[{"href":"https:\/\/smalsparet.com\/en\/wp-json\/wp\/v2\/product"}],"about":[{"href":"https:\/\/smalsparet.com\/en\/wp-json\/wp\/v2\/types\/product"}],"replies":[{"embeddable":true,"href":"https:\/\/smalsparet.com\/en\/wp-json\/wp\/v2\/comments?post=2652"}],"wp:featuredmedia":[{"embeddable":true,"href":"https:\/\/smalsparet.com\/en\/wp-json\/wp\/v2\/media\/292"}],"wp:attachment":[{"href":"https:\/\/smalsparet.com\/en\/wp-json\/wp\/v2\/media?parent=2652"}],"wp:term":[{"taxonomy":"product_brand","embeddable":true,"href":"https:\/\/smalsparet.com\/en\/wp-json\/wp\/v2\/product_brand?post=2652"},{"taxonomy":"product_cat","embeddable":true,"href":"https:\/\/smalsparet.com\/en\/wp-json\/wp\/v2\/product_cat?post=2652"},{"taxonomy":"product_tag","embeddable":true,"href":"https:\/\/smalsparet.com\/en\/wp-json\/wp\/v2\/product_tag?post=2652"}],"curies":[{"name":"wp","href":"https:\/\/api.w.org\/{rel}","templated":true}]}}