{"id":2646,"date":"2020-12-14T20:46:52","date_gmt":"2020-12-14T20:46:52","guid":{"rendered":"https:\/\/nya.smalsparet.com\/produkt\/lennarts-jarnvagsvarld-i-svartvitt-2\/"},"modified":"2024-07-04T15:53:23","modified_gmt":"2024-07-04T15:53:23","slug":"lennarts-jarnvagsvarld-i-svartvitt-2","status":"publish","type":"product","link":"https:\/\/smalsparet.com\/en\/product\/lennarts-jarnvagsvarld-i-svartvitt-2\/","title":{"rendered":"Lennart's railway world in black and white"},"content":{"rendered":"<p>15 years after \"Lennart's railway pictures\" with wonderful colour pictures, here comes the sequel with the best of the black and white!<\/p>\n<p>The book is a must for anyone interested in railway history, but also for those who \"just\" want a treasure trove of images of environments from the past that no longer exist.<\/p>\n<p>The book is hardback and 112 pages, the content is largely from the narrow gauge railway that started from V\u00e4xj\u00f6 towards Hultsfred but especially Oskarshamn. A favourite is the chapter when we get to follow the local freight train that went V\u00e4xj\u00f6-Oskarshamn, but also the section on ploughing and winter work is a completely unique time document.<\/p>\n<p>Lennart's pictures reflect a sudden moment of everyday life, when railway photographers today take pictures of trains from the front in beautiful weather, it is much more boring to see than Lennart's pictures where it is much more railway-like with, for example, icy winters with snow that drifted, as a railway worker he was out in all weathers.<\/p>\n<p>The pictures were mainly chosen by Lennart himself with the help of his long-time friend Krister Persson and were then produced by the museum association \u00d6stra Sk\u00e5nes j\u00e4rnv\u00e4gar.<\/p>","protected":false},"excerpt":{"rendered":"<p>15 \u00e5r efter \u201dLennarts j\u00e4rnv\u00e4gsbilder\u201d med underbara f\u00e4rgbilder kommer nu uppf\u00f6ljaren med det b\u00e4sta av de svartvita! Boken \u00e4r ett m\u00e5ste f\u00f6r alla j\u00e4rnv\u00e4gshistoriskt intresserade, men \u00e4ven de som \u201dbara\u201d vill ha en bildskatt med milj\u00f6er fr\u00e5n f\u00f6rr och som nu inte l\u00e4ngre finns kvar. Boken \u00e4r inbunden och hela 112 sidor, inneh\u00e5llet \u00e4r till [&hellip;]<\/p>\n","protected":false},"featured_media":106,"comment_status":"closed","ping_status":"closed","template":"","meta":{"om_disable_all_campaigns":false,"_uag_custom_page_level_css":"","_monsterinsights_skip_tracking":false,"_monsterinsights_sitenote_active":false,"_monsterinsights_sitenote_note":"","_monsterinsights_sitenote_category":0,"site-sidebar-layout":"default","site-content-layout":"","ast-site-content-layout":"default","site-content-style":"default","site-sidebar-style":"default","ast-global-header-display":"","ast-banner-title-visibility":"","ast-main-header-display":"","ast-hfb-above-header-display":"","ast-hfb-below-header-display":"","ast-hfb-mobile-header-display":"","site-post-title":"","ast-breadcrumbs-content":"","ast-featured-img":"","footer-sml-layout":"","ast-disable-related-posts":"","theme-transparent-header-meta":"","adv-header-id-meta":"","stick-header-meta":"","header-above-stick-meta":"","header-main-stick-meta":"","header-below-stick-meta":"","astra-migrate-meta-layouts":"default","ast-page-background-enabled":"default","ast-page-background-meta":{"desktop":{"background-color":"","background-image":"","background-repeat":"repeat","background-position":"center center","background-size":"auto","background-attachment":"scroll","background-type":"","background-media":"","overlay-type":"","overlay-color":"","overlay-opacity":"","overlay-gradient":""},"tablet":{"background-color":"","background-image":"","background-repeat":"repeat","background-position":"center center","background-size":"auto","background-attachment":"scroll","background-type":"","background-media":"","overlay-type":"","overlay-color":"","overlay-opacity":"","overlay-gradient":""},"mobile":{"background-color":"","background-image":"","background-repeat":"repeat","background-position":"center center","background-size":"auto","background-attachment":"scroll","background-type":"","background-media":"","overlay-type":"","overlay-color":"","overlay-opacity":"","overlay-gradient":""}},"ast-content-background-meta":{"desktop":{"background-color":"var(--ast-global-color-5)","background-image":"","background-repeat":"repeat","background-position":"center center","background-size":"auto","background-attachment":"scroll","background-type":"","background-media":"","overlay-type":"","overlay-color":"","overlay-opacity":"","overlay-gradient":""},"tablet":{"background-color":"var(--ast-global-color-5)","background-image":"","background-repeat":"repeat","background-position":"center center","background-size":"auto","background-attachment":"scroll","background-type":"","background-media":"","overlay-type":"","overlay-color":"","overlay-opacity":"","overlay-gradient":""},"mobile":{"background-color":"var(--ast-global-color-5)","background-image":"","background-repeat":"repeat","background-position":"center center","background-size":"auto","background-attachment":"scroll","background-type":"","background-media":"","overlay-type":"","overlay-color":"","overlay-opacity":"","overlay-gradient":""}}},"product_brand":[],"product_cat":[23],"product_tag":[],"class_list":{"0":"post-2646","1":"product","2":"type-product","3":"status-publish","4":"has-post-thumbnail","6":"product_cat-bok","7":"desktop-align-center","8":"tablet-align-center","9":"mobile-align-center","11":"first","12":"instock","13":"taxable","14":"shipping-taxable","15":"purchasable","16":"product-type-simple"},"aioseo_notices":[],"spectra_custom_meta":{"_edit_last":["3"],"_thumbnail_id":["106"],"_regular_price":["175"],"total_sales":["15"],"_tax_status":["taxable"],"_tax_class":["6"],"_manage_stock":["yes"],"_backorders":["no"],"_sold_individually":["no"],"_virtual":["no"],"_downloadable":["no"],"_download_limit":["-1"],"_download_expiry":["-1"],"_stock":["7"],"_stock_status":["instock"],"_wc_average_rating":["0"],"_wc_review_count":["0"],"_product_version":["8.5.2"],"_price":["175"],"_yoast_wpseo_content_score":["30"],"_weight":["563"],"_edit_lock":["1659553796:3"],"_uag_page_assets":["a:9:{s:3:\"css\";s:0:\"\";s:2:\"js\";s:0:\"\";s:18:\"current_block_list\";a:5:{i:0;s:26:\"woocommerce\/product-search\";i:1;s:10:\"core\/group\";i:2;s:12:\"core\/heading\";i:3;s:27:\"woocommerce\/product-on-sale\";i:4;s:32:\"woocommerce\/product-best-sellers\";}s:8:\"uag_flag\";b:0;s:11:\"uag_version\";s:10:\"1775301941\";s:6:\"gfonts\";a:0:{}s:10:\"gfonts_url\";s:0:\"\";s:12:\"gfonts_files\";a:0:{}s:14:\"uag_faq_layout\";b:0;}"]},"uagb_featured_image_src":{"full":["https:\/\/smalsparet.com\/wp-content\/uploads\/2009\/01\/lennartsbok_20140523.jpg",409,600,false],"thumbnail":["https:\/\/smalsparet.com\/wp-content\/uploads\/2009\/01\/lennartsbok_20140523-150x150.jpg",150,150,true],"medium":["https:\/\/smalsparet.com\/wp-content\/uploads\/2009\/01\/lennartsbok_20140523-205x300.jpg",205,300,true],"medium_large":["https:\/\/smalsparet.com\/wp-content\/uploads\/2009\/01\/lennartsbok_20140523.jpg",409,600,false],"large":["https:\/\/smalsparet.com\/wp-content\/uploads\/2009\/01\/lennartsbok_20140523.jpg",409,600,false],"1536x1536":["https:\/\/smalsparet.com\/wp-content\/uploads\/2009\/01\/lennartsbok_20140523.jpg",409,600,false],"2048x2048":["https:\/\/smalsparet.com\/wp-content\/uploads\/2009\/01\/lennartsbok_20140523.jpg",409,600,false],"trp-custom-language-flag":["https:\/\/smalsparet.com\/wp-content\/uploads\/2009\/01\/lennartsbok_20140523.jpg",8,12,false],"woocommerce_thumbnail":["https:\/\/smalsparet.com\/wp-content\/uploads\/2009\/01\/lennartsbok_20140523-300x300.jpg",300,300,true],"woocommerce_single":["https:\/\/smalsparet.com\/wp-content\/uploads\/2009\/01\/lennartsbok_20140523.jpg",409,600,false],"woocommerce_gallery_thumbnail":["https:\/\/smalsparet.com\/wp-content\/uploads\/2009\/01\/lennartsbok_20140523-100x100.jpg",100,100,true],"awb_sm":["https:\/\/smalsparet.com\/wp-content\/uploads\/2009\/01\/lennartsbok_20140523.jpg",409,600,false],"awb_md":["https:\/\/smalsparet.com\/wp-content\/uploads\/2009\/01\/lennartsbok_20140523.jpg",409,600,false],"awb_lg":["https:\/\/smalsparet.com\/wp-content\/uploads\/2009\/01\/lennartsbok_20140523.jpg",409,600,false],"awb_xl":["https:\/\/smalsparet.com\/wp-content\/uploads\/2009\/01\/lennartsbok_20140523.jpg",409,600,false]},"uagb_author_info":{"display_name":"Olaf","author_link":"https:\/\/smalsparet.com\/en\/author\/"},"uagb_comment_info":0,"uagb_excerpt":"15 \u00e5r efter \u201dLennarts j\u00e4rnv\u00e4gsbilder\u201d med underbara f\u00e4rgbilder kommer nu uppf\u00f6ljaren med det b\u00e4sta av de svartvita! Boken \u00e4r ett m\u00e5ste f\u00f6r alla j\u00e4rnv\u00e4gshistoriskt intresserade, men \u00e4ven de som \u201dbara\u201d vill ha en bildskatt med milj\u00f6er fr\u00e5n f\u00f6rr och som nu inte l\u00e4ngre finns kvar. Boken \u00e4r inbunden och hela 112 sidor, inneh\u00e5llet \u00e4r till&hellip;","_links":{"self":[{"href":"https:\/\/smalsparet.com\/en\/wp-json\/wp\/v2\/product\/2646","targetHints":{"allow":["GET"]}}],"collection":[{"href":"https:\/\/smalsparet.com\/en\/wp-json\/wp\/v2\/product"}],"about":[{"href":"https:\/\/smalsparet.com\/en\/wp-json\/wp\/v2\/types\/product"}],"replies":[{"embeddable":true,"href":"https:\/\/smalsparet.com\/en\/wp-json\/wp\/v2\/comments?post=2646"}],"wp:featuredmedia":[{"embeddable":true,"href":"https:\/\/smalsparet.com\/en\/wp-json\/wp\/v2\/media\/106"}],"wp:attachment":[{"href":"https:\/\/smalsparet.com\/en\/wp-json\/wp\/v2\/media?parent=2646"}],"wp:term":[{"taxonomy":"product_brand","embeddable":true,"href":"https:\/\/smalsparet.com\/en\/wp-json\/wp\/v2\/product_brand?post=2646"},{"taxonomy":"product_cat","embeddable":true,"href":"https:\/\/smalsparet.com\/en\/wp-json\/wp\/v2\/product_cat?post=2646"},{"taxonomy":"product_tag","embeddable":true,"href":"https:\/\/smalsparet.com\/en\/wp-json\/wp\/v2\/product_tag?post=2646"}],"curies":[{"name":"wp","href":"https:\/\/api.w.org\/{rel}","templated":true}]}}