{"id":2644,"date":"2020-12-14T20:39:24","date_gmt":"2020-12-14T20:39:24","guid":{"rendered":"https:\/\/nya.smalsparet.com\/produkt\/vinter-pa-inlandsbanan-2\/"},"modified":"2022-09-23T14:50:51","modified_gmt":"2022-09-23T14:50:51","slug":"vinter-pa-inlandsbanan-2","status":"publish","type":"product","link":"https:\/\/smalsparet.com\/en\/product\/vinter-pa-inlandsbanan-2\/","title":{"rendered":"Winter on Inlandsbanan"},"content":{"rendered":"<p>A film about winter traffic on Inlandsbanan 2013 between Mora, Sveg and R\u00f6jan. We follow the daily motorised trains, the snow train Malm\u00f6 - R\u00f6jan - \u00d6stersund, peat trains between Sveg and Mora and finally a bonus film about trains to Tjejvasan 2011.<\/p>","protected":false},"excerpt":{"rendered":"<p>A film about winter traffic on Inlandsbanan 2013 between Mora, Sveg and R\u00f6jan. We follow the daily motorised trains, the snow train Malm\u00f6 - R\u00f6jan - \u00d6stersund, peat trains between Sveg and Mora and finally a bonus film about trains to Tjejvasan 2011.<\/p>","protected":false},"featured_media":606,"comment_status":"closed","ping_status":"closed","template":"","meta":{"om_disable_all_campaigns":false,"_uag_custom_page_level_css":"","_monsterinsights_skip_tracking":false,"_monsterinsights_sitenote_active":false,"_monsterinsights_sitenote_note":"","_monsterinsights_sitenote_category":0,"site-sidebar-layout":"default","site-content-layout":"","ast-site-content-layout":"default","site-content-style":"default","site-sidebar-style":"default","ast-global-header-display":"","ast-banner-title-visibility":"","ast-main-header-display":"","ast-hfb-above-header-display":"","ast-hfb-below-header-display":"","ast-hfb-mobile-header-display":"","site-post-title":"","ast-breadcrumbs-content":"","ast-featured-img":"","footer-sml-layout":"","ast-disable-related-posts":"","theme-transparent-header-meta":"","adv-header-id-meta":"","stick-header-meta":"","header-above-stick-meta":"","header-main-stick-meta":"","header-below-stick-meta":"","astra-migrate-meta-layouts":"default","ast-page-background-enabled":"default","ast-page-background-meta":{"desktop":{"background-color":"","background-image":"","background-repeat":"repeat","background-position":"center center","background-size":"auto","background-attachment":"scroll","background-type":"","background-media":"","overlay-type":"","overlay-color":"","overlay-opacity":"","overlay-gradient":""},"tablet":{"background-color":"","background-image":"","background-repeat":"repeat","background-position":"center center","background-size":"auto","background-attachment":"scroll","background-type":"","background-media":"","overlay-type":"","overlay-color":"","overlay-opacity":"","overlay-gradient":""},"mobile":{"background-color":"","background-image":"","background-repeat":"repeat","background-position":"center center","background-size":"auto","background-attachment":"scroll","background-type":"","background-media":"","overlay-type":"","overlay-color":"","overlay-opacity":"","overlay-gradient":""}},"ast-content-background-meta":{"desktop":{"background-color":"var(--ast-global-color-5)","background-image":"","background-repeat":"repeat","background-position":"center center","background-size":"auto","background-attachment":"scroll","background-type":"","background-media":"","overlay-type":"","overlay-color":"","overlay-opacity":"","overlay-gradient":""},"tablet":{"background-color":"var(--ast-global-color-5)","background-image":"","background-repeat":"repeat","background-position":"center center","background-size":"auto","background-attachment":"scroll","background-type":"","background-media":"","overlay-type":"","overlay-color":"","overlay-opacity":"","overlay-gradient":""},"mobile":{"background-color":"var(--ast-global-color-5)","background-image":"","background-repeat":"repeat","background-position":"center center","background-size":"auto","background-attachment":"scroll","background-type":"","background-media":"","overlay-type":"","overlay-color":"","overlay-opacity":"","overlay-gradient":""}}},"product_brand":[],"product_cat":[22],"product_tag":[],"class_list":{"0":"post-2644","1":"product","2":"type-product","3":"status-publish","4":"has-post-thumbnail","6":"product_cat-film","7":"desktop-align-center","8":"tablet-align-center","9":"mobile-align-center","11":"first","12":"instock","13":"taxable","14":"shipping-taxable","15":"purchasable","16":"product-type-simple"},"aioseo_notices":[],"spectra_custom_meta":{"_edit_last":["3"],"total_sales":["2"],"_tax_status":["taxable"],"_tax_class":[""],"_manage_stock":["no"],"_backorders":["no"],"_sold_individually":["no"],"_virtual":["no"],"_downloadable":["no"],"_download_limit":["-1"],"_download_expiry":["-1"],"_stock":[""],"_stock_status":["instock"],"_wc_average_rating":["0"],"_wc_review_count":["0"],"_product_attributes":["a:2:{s:8:\"pa_langd\";a:6:{s:4:\"name\";s:8:\"pa_langd\";s:5:\"value\";s:0:\"\";s:8:\"position\";i:0;s:10:\"is_visible\";i:1;s:12:\"is_variation\";i:0;s:11:\"is_taxonomy\";i:1;}s:9:\"pa_format\";a:6:{s:4:\"name\";s:9:\"pa_format\";s:5:\"value\";s:0:\"\";s:8:\"position\";i:2;s:10:\"is_visible\";i:1;s:12:\"is_variation\";i:0;s:11:\"is_taxonomy\";i:1;}}"],"_product_version":["6.6.1"],"_thumbnail_id":["606"],"_regular_price":["150"],"_price":["150"],"_yoast_wpseo_content_score":["60"],"_weight":["86"],"fb_product_group_id":["3591693890923415"],"_edit_lock":["1637324973:3"],"_uag_page_assets":["a:9:{s:3:\"css\";s:0:\"\";s:2:\"js\";s:0:\"\";s:18:\"current_block_list\";a:5:{i:0;s:26:\"woocommerce\/product-search\";i:1;s:10:\"core\/group\";i:2;s:12:\"core\/heading\";i:3;s:27:\"woocommerce\/product-on-sale\";i:4;s:32:\"woocommerce\/product-best-sellers\";}s:8:\"uag_flag\";b:0;s:11:\"uag_version\";s:10:\"1775301941\";s:6:\"gfonts\";a:0:{}s:10:\"gfonts_url\";s:0:\"\";s:12:\"gfonts_files\";a:0:{}s:14:\"uag_faq_layout\";b:0;}"]},"uagb_featured_image_src":{"full":["https:\/\/smalsparet.com\/wp-content\/uploads\/2009\/01\/vinterpainlandsbanan.jpg",425,600,false],"thumbnail":["https:\/\/smalsparet.com\/wp-content\/uploads\/2009\/01\/vinterpainlandsbanan-150x150.jpg",150,150,true],"medium":["https:\/\/smalsparet.com\/wp-content\/uploads\/2009\/01\/vinterpainlandsbanan-213x300.jpg",213,300,true],"medium_large":["https:\/\/smalsparet.com\/wp-content\/uploads\/2009\/01\/vinterpainlandsbanan.jpg",425,600,false],"large":["https:\/\/smalsparet.com\/wp-content\/uploads\/2009\/01\/vinterpainlandsbanan.jpg",425,600,false],"1536x1536":["https:\/\/smalsparet.com\/wp-content\/uploads\/2009\/01\/vinterpainlandsbanan.jpg",425,600,false],"2048x2048":["https:\/\/smalsparet.com\/wp-content\/uploads\/2009\/01\/vinterpainlandsbanan.jpg",425,600,false],"trp-custom-language-flag":["https:\/\/smalsparet.com\/wp-content\/uploads\/2009\/01\/vinterpainlandsbanan.jpg",9,12,false],"woocommerce_thumbnail":["https:\/\/smalsparet.com\/wp-content\/uploads\/2009\/01\/vinterpainlandsbanan-300x300.jpg",300,300,true],"woocommerce_single":["https:\/\/smalsparet.com\/wp-content\/uploads\/2009\/01\/vinterpainlandsbanan.jpg",425,600,false],"woocommerce_gallery_thumbnail":["https:\/\/smalsparet.com\/wp-content\/uploads\/2009\/01\/vinterpainlandsbanan-100x100.jpg",100,100,true],"awb_sm":["https:\/\/smalsparet.com\/wp-content\/uploads\/2009\/01\/vinterpainlandsbanan.jpg",425,600,false],"awb_md":["https:\/\/smalsparet.com\/wp-content\/uploads\/2009\/01\/vinterpainlandsbanan.jpg",425,600,false],"awb_lg":["https:\/\/smalsparet.com\/wp-content\/uploads\/2009\/01\/vinterpainlandsbanan.jpg",425,600,false],"awb_xl":["https:\/\/smalsparet.com\/wp-content\/uploads\/2009\/01\/vinterpainlandsbanan.jpg",425,600,false]},"uagb_author_info":{"display_name":"Olaf","author_link":"https:\/\/smalsparet.com\/en\/author\/"},"uagb_comment_info":0,"uagb_excerpt":"En film om vintertrafiken p\u00e5 Inlandsbanan 2013 mellan Mora, Sveg och R\u00f6jan. Vi f\u00f6ljer de dagliga motorvagnst\u00e5gen, Sn\u00f6t\u00e5get Malm\u00f6 \u2013 R\u00f6jan \u2013 \u00d6stersund, Torvt\u00e5g mellan Sveg och Mora och sist en bonusfilm om t\u00e5g till Tjejvasan 2011.","_links":{"self":[{"href":"https:\/\/smalsparet.com\/en\/wp-json\/wp\/v2\/product\/2644","targetHints":{"allow":["GET"]}}],"collection":[{"href":"https:\/\/smalsparet.com\/en\/wp-json\/wp\/v2\/product"}],"about":[{"href":"https:\/\/smalsparet.com\/en\/wp-json\/wp\/v2\/types\/product"}],"replies":[{"embeddable":true,"href":"https:\/\/smalsparet.com\/en\/wp-json\/wp\/v2\/comments?post=2644"}],"wp:featuredmedia":[{"embeddable":true,"href":"https:\/\/smalsparet.com\/en\/wp-json\/wp\/v2\/media\/606"}],"wp:attachment":[{"href":"https:\/\/smalsparet.com\/en\/wp-json\/wp\/v2\/media?parent=2644"}],"wp:term":[{"taxonomy":"product_brand","embeddable":true,"href":"https:\/\/smalsparet.com\/en\/wp-json\/wp\/v2\/product_brand?post=2644"},{"taxonomy":"product_cat","embeddable":true,"href":"https:\/\/smalsparet.com\/en\/wp-json\/wp\/v2\/product_cat?post=2644"},{"taxonomy":"product_tag","embeddable":true,"href":"https:\/\/smalsparet.com\/en\/wp-json\/wp\/v2\/product_tag?post=2644"}],"curies":[{"name":"wp","href":"https:\/\/api.w.org\/{rel}","templated":true}]}}