{"id":2542,"date":"2020-11-10T19:11:49","date_gmt":"2020-11-10T19:11:49","guid":{"rendered":"https:\/\/nya.smalsparet.com\/produkt\/konduktorsvaska-till-barn-2\/"},"modified":"2026-03-16T20:00:25","modified_gmt":"2026-03-16T20:00:25","slug":"konduktorsvaska-till-barn","status":"publish","type":"product","link":"https:\/\/smalsparet.com\/en\/product\/konduktorsvaska-till-barn\/","title":{"rendered":"Children's conductor bag"},"content":{"rendered":"<p>Loved by children of all ages* and appreciated by young and old alike, the timeless conductor's bag offers a unique play experience. It's the perfect choice for children who are fascinated by trains and dream of playing conductor for a day.<\/p>\n<p>This bag is made of sturdy cardboard, which provides long-term durability despite frequent use. It is equipped with a comfortable black plastic strap that can be adjusted to fit perfectly around the child's shoulder. Every detail of the bag has been designed to give an authentic feeling of being a real conductor.<\/p>\n<p>Inside this charming conductor's bag, you'll find everything you need to create unforgettable playtime moments:<\/p>\n<p>- A vibrant red whistle, perfect for signalling departure to travellers.<br \/>\n- A pair of red plastic pliers, exactly like the ones real conductors use to cut holes in tickets.<br \/>\n- Three different ticket booklets, carefully designed with different locations around our beautiful Sweden.<\/p>\n<p>With our conductor's bag, your child's playtime becomes more than just play - it becomes a journey through imagination and creativity. They can explore the country, sell tickets to travellers and experience the thrill of being a conductor.<\/p>\n<p>Order your conductor bag today and give your child the opportunity to explore a world of fantasy and adventure. Let them experience the joy and excitement of being a conductor!<\/p>\n<p><em>* The product is ideal for children aged 3-10 years, but we have found that even the older generations can enjoy playing with it with their grandchildren.<\/em><\/p>","protected":false},"excerpt":{"rendered":"<p>Loved by children of all ages* and appreciated by young and old alike, the timeless conductor's bag offers a unique play experience. It's the perfect choice for children who are fascinated by trains and dream of playing conductor for a day.<\/p>\n<p>Inside this charming conductor's bag, you'll find everything you need to create unforgettable playtime moments:<\/p>\n<p>- A vibrant red whistle, perfect for signalling departure to travellers.<br \/>\n- A pair of red plastic pliers, exactly like the ones real conductors use to cut holes in tickets.<br \/>\n- Three different ticket booklets, carefully designed with different locations around our beautiful Sweden.<\/p>","protected":false},"featured_media":306,"comment_status":"closed","ping_status":"closed","template":"","meta":{"om_disable_all_campaigns":false,"_uag_custom_page_level_css":"","_monsterinsights_skip_tracking":false,"_monsterinsights_sitenote_active":false,"_monsterinsights_sitenote_note":"","_monsterinsights_sitenote_category":0,"site-sidebar-layout":"default","site-content-layout":"default","ast-site-content-layout":"default","site-content-style":"default","site-sidebar-style":"default","ast-global-header-display":"","ast-banner-title-visibility":"","ast-main-header-display":"","ast-hfb-above-header-display":"","ast-hfb-below-header-display":"","ast-hfb-mobile-header-display":"","site-post-title":"","ast-breadcrumbs-content":"","ast-featured-img":"","footer-sml-layout":"","ast-disable-related-posts":"","theme-transparent-header-meta":"default","adv-header-id-meta":"","stick-header-meta":"","header-above-stick-meta":"","header-main-stick-meta":"","header-below-stick-meta":"","astra-migrate-meta-layouts":"set","ast-page-background-enabled":"default","ast-page-background-meta":{"desktop":{"background-color":"","background-image":"","background-repeat":"repeat","background-position":"center center","background-size":"auto","background-attachment":"scroll","background-type":"","background-media":"","overlay-type":"","overlay-color":"","overlay-opacity":"","overlay-gradient":""},"tablet":{"background-color":"","background-image":"","background-repeat":"repeat","background-position":"center center","background-size":"auto","background-attachment":"scroll","background-type":"","background-media":"","overlay-type":"","overlay-color":"","overlay-opacity":"","overlay-gradient":""},"mobile":{"background-color":"","background-image":"","background-repeat":"repeat","background-position":"center center","background-size":"auto","background-attachment":"scroll","background-type":"","background-media":"","overlay-type":"","overlay-color":"","overlay-opacity":"","overlay-gradient":""}},"ast-content-background-meta":{"desktop":{"background-color":"var(--ast-global-color-5)","background-image":"","background-repeat":"repeat","background-position":"center center","background-size":"auto","background-attachment":"scroll","background-type":"","background-media":"","overlay-type":"","overlay-color":"","overlay-opacity":"","overlay-gradient":""},"tablet":{"background-color":"var(--ast-global-color-5)","background-image":"","background-repeat":"repeat","background-position":"center center","background-size":"auto","background-attachment":"scroll","background-type":"","background-media":"","overlay-type":"","overlay-color":"","overlay-opacity":"","overlay-gradient":""},"mobile":{"background-color":"var(--ast-global-color-5)","background-image":"","background-repeat":"repeat","background-position":"center center","background-size":"auto","background-attachment":"scroll","background-type":"","background-media":"","overlay-type":"","overlay-color":"","overlay-opacity":"","overlay-gradient":""}}},"product_brand":[],"product_cat":[24],"product_tag":[],"class_list":{"0":"post-2542","1":"product","2":"type-product","3":"status-publish","4":"has-post-thumbnail","6":"product_cat-leksak","7":"desktop-align-center","8":"tablet-align-center","9":"mobile-align-center","11":"first","12":"outofstock","13":"featured","14":"taxable","15":"shipping-taxable","16":"purchasable","17":"product-type-simple"},"aioseo_notices":[],"spectra_custom_meta":{"_regular_price":["99"],"total_sales":["264"],"_tax_status":["taxable"],"_tax_class":[""],"_manage_stock":["yes"],"_backorders":["no"],"_sold_individually":["no"],"_virtual":["no"],"_downloadable":["no"],"_download_limit":["-1"],"_download_expiry":["-1"],"_thumbnail_id":["306"],"_stock":["0"],"_stock_status":["outofstock"],"_wc_average_rating":["0"],"_wc_review_count":["0"],"_product_version":["10.6.1"],"_price":["99"],"is_cornerstone":[""],"_yoast_wpseo_primary_product_cat":[""],"_yoast_wpseo_content_score":["30"],"_edit_last":["3"],"_weight":["130"],"fb_product_group_id":["4161866943831713"],"_edit_lock":["1763327458:3"],"_wp_old_slug":["konduktorsvaska-till-barn-2"],"site-sidebar-layout":["default"],"site-content-layout":["default"],"theme-transparent-header-meta":["default"],"_primary_term_product_cat":["24"],"fb_product_item_id":["4161866963831711"],"_wc_facebook_sync_enabled":["yes"],"fb_visibility":["yes"],"fb_product_description":[""],"_wc_facebook_product_image_source":["product"],"_wc_facebook_commerce_enabled":["no"],"ast-site-content-layout":["default"],"site-content-style":["default"],"site-sidebar-style":["default"],"astra-migrate-meta-layouts":["set"],"_last_change_time":["1773691225"],"_uag_page_assets":["a:9:{s:3:\"css\";s:0:\"\";s:2:\"js\";s:0:\"\";s:18:\"current_block_list\";a:5:{i:0;s:26:\"woocommerce\/product-search\";i:1;s:10:\"core\/group\";i:2;s:12:\"core\/heading\";i:3;s:27:\"woocommerce\/product-on-sale\";i:4;s:32:\"woocommerce\/product-best-sellers\";}s:8:\"uag_flag\";b:0;s:11:\"uag_version\";s:10:\"1775983743\";s:6:\"gfonts\";a:0:{}s:10:\"gfonts_url\";s:0:\"\";s:12:\"gfonts_files\";a:0:{}s:14:\"uag_faq_layout\";b:0;}"]},"uagb_featured_image_src":{"full":["https:\/\/smalsparet.com\/wp-content\/uploads\/2014\/12\/konduktorsvaska_large-1.jpg",391,391,false],"thumbnail":["https:\/\/smalsparet.com\/wp-content\/uploads\/2014\/12\/konduktorsvaska_large-1-150x150.jpg",150,150,true],"medium":["https:\/\/smalsparet.com\/wp-content\/uploads\/2014\/12\/konduktorsvaska_large-1-300x300.jpg",300,300,true],"medium_large":["https:\/\/smalsparet.com\/wp-content\/uploads\/2014\/12\/konduktorsvaska_large-1.jpg",391,391,false],"large":["https:\/\/smalsparet.com\/wp-content\/uploads\/2014\/12\/konduktorsvaska_large-1.jpg",391,391,false],"1536x1536":["https:\/\/smalsparet.com\/wp-content\/uploads\/2014\/12\/konduktorsvaska_large-1.jpg",391,391,false],"2048x2048":["https:\/\/smalsparet.com\/wp-content\/uploads\/2014\/12\/konduktorsvaska_large-1.jpg",391,391,false],"trp-custom-language-flag":["https:\/\/smalsparet.com\/wp-content\/uploads\/2014\/12\/konduktorsvaska_large-1.jpg",12,12,false],"woocommerce_thumbnail":["https:\/\/smalsparet.com\/wp-content\/uploads\/2014\/12\/konduktorsvaska_large-1-300x300.jpg",300,300,true],"woocommerce_single":["https:\/\/smalsparet.com\/wp-content\/uploads\/2014\/12\/konduktorsvaska_large-1.jpg",391,391,false],"woocommerce_gallery_thumbnail":["https:\/\/smalsparet.com\/wp-content\/uploads\/2014\/12\/konduktorsvaska_large-1-100x100.jpg",100,100,true],"awb_sm":["https:\/\/smalsparet.com\/wp-content\/uploads\/2014\/12\/konduktorsvaska_large-1.jpg",391,391,false],"awb_md":["https:\/\/smalsparet.com\/wp-content\/uploads\/2014\/12\/konduktorsvaska_large-1.jpg",391,391,false],"awb_lg":["https:\/\/smalsparet.com\/wp-content\/uploads\/2014\/12\/konduktorsvaska_large-1.jpg",391,391,false],"awb_xl":["https:\/\/smalsparet.com\/wp-content\/uploads\/2014\/12\/konduktorsvaska_large-1.jpg",391,391,false]},"uagb_author_info":{"display_name":"Olaf","author_link":"https:\/\/smalsparet.com\/en\/author\/"},"uagb_comment_info":0,"uagb_excerpt":"Den tidl\u00f6sa kondukt\u00f6rsv\u00e4skan, \u00e4lskad av barn i alla \u00e5ldrar* och uppskattad av b\u00e5de sm\u00e5 och stora barn, erbjuder en unik lekupplevelse. Den \u00e4r det perfekta valet f\u00f6r barn som \u00e4r fascinerade av t\u00e5g och dr\u00f6mmer om att f\u00e5 leka kondukt\u00f6r f\u00f6r en dag. Inuti denna charmiga kondukt\u00f6rsv\u00e4ska hittar du allt som beh\u00f6vs f\u00f6r att skapa&hellip;","_links":{"self":[{"href":"https:\/\/smalsparet.com\/en\/wp-json\/wp\/v2\/product\/2542","targetHints":{"allow":["GET"]}}],"collection":[{"href":"https:\/\/smalsparet.com\/en\/wp-json\/wp\/v2\/product"}],"about":[{"href":"https:\/\/smalsparet.com\/en\/wp-json\/wp\/v2\/types\/product"}],"replies":[{"embeddable":true,"href":"https:\/\/smalsparet.com\/en\/wp-json\/wp\/v2\/comments?post=2542"}],"wp:featuredmedia":[{"embeddable":true,"href":"https:\/\/smalsparet.com\/en\/wp-json\/wp\/v2\/media\/306"}],"wp:attachment":[{"href":"https:\/\/smalsparet.com\/en\/wp-json\/wp\/v2\/media?parent=2542"}],"wp:term":[{"taxonomy":"product_brand","embeddable":true,"href":"https:\/\/smalsparet.com\/en\/wp-json\/wp\/v2\/product_brand?post=2542"},{"taxonomy":"product_cat","embeddable":true,"href":"https:\/\/smalsparet.com\/en\/wp-json\/wp\/v2\/product_cat?post=2542"},{"taxonomy":"product_tag","embeddable":true,"href":"https:\/\/smalsparet.com\/en\/wp-json\/wp\/v2\/product_tag?post=2542"}],"curies":[{"name":"wp","href":"https:\/\/api.w.org\/{rel}","templated":true}]}}