{"id":4720,"date":"2021-04-05T11:46:33","date_gmt":"2021-04-05T11:46:33","guid":{"rendered":"https:\/\/smalsparet.com\/?page_id=4720"},"modified":"2021-05-25T05:57:07","modified_gmt":"2021-05-25T05:57:07","slug":"nyemission","status":"publish","type":"page","link":"https:\/\/smalsparet.com\/en\/nyemission\/","title":{"rendered":"New issue"},"content":{"rendered":"\n<p><a href=\"https:\/\/smalsparet.com\/om-smalsparet\/om-driftbolaget\/\" data-type=\"page\" data-id=\"4309\">Smalsp\u00e5ret i Hultsfred AB<\/a>, som agerar driftbolag p\u00e5 str\u00e4ckan fr\u00e5n Hultsfred till \u00c5seda, genomf\u00f6r en nyemission v\u00e5ren 2021. Syftet \u00e4r att st\u00f6dja byggnationen av ett r\u00e4lsbussgarage i Virserum, som genomf\u00f6rs i samarbete med <a href=\"https:\/\/smalsparet.com\/om-smalsparet\/om-foreningen\/\" data-type=\"page\" data-id=\"4306\">F\u00f6reningen Smalsp\u00e5ret V\u00e4xj\u00f6-V\u00e4stervik<\/a>. Se klippet nedan, l\u00e4s mer om nyemissionen och teckna dig direkt h\u00e4r p\u00e5 webbsidan. <strong>S\u00e5 \u00e4r du med och st\u00f6ttar byggnationen av  r\u00e4lsbussgaraget<\/strong>, samtidigt som du f\u00e5r aktier i bolaget.<\/p>\n\n\n\n<figure class=\"wp-block-embed is-type-video is-provider-youtube wp-block-embed-youtube wp-embed-aspect-16-9 wp-has-aspect-ratio\"><div class=\"wp-block-embed__wrapper\">\n<iframe loading=\"lazy\" title=\"Nyemission i Smalsp\u00e5ret i Hultsfred AB\" width=\"500\" height=\"281\" src=\"https:\/\/www.youtube.com\/embed\/KJNJ2IarFS4?feature=oembed\" frameborder=\"0\" allow=\"accelerometer; autoplay; clipboard-write; encrypted-media; gyroscope; picture-in-picture; web-share\" referrerpolicy=\"strict-origin-when-cross-origin\" allowfullscreen><\/iframe>\n<\/div><\/figure>\n\n\n\n<h2 class=\"wp-block-heading\">Anm\u00e4l intresse f\u00f6r aktieteckning<\/h2>\n\n\n<div class=\"wpforms-container wpforms-container-full wpforms-block\" id=\"wpforms-4742\"><form id=\"wpforms-form-4742\" class=\"wpforms-validate wpforms-form wpforms-ajax-form\" data-formid=\"4742\" method=\"post\" enctype=\"multipart\/form-data\" action=\"\/en\/wp-json\/wp\/v2\/pages\/4720\" data-token=\"ce850dd5f1c5dfe1f047972df8281e0d\" data-token-time=\"1775347654\"><noscript class=\"wpforms-error-noscript\">Please enable JavaScript in your browser to complete this form.<\/noscript><div class=\"wpforms-field-container\"><div id=\"wpforms-4742-field_0-container\" class=\"wpforms-field wpforms-field-name\" data-field-id=\"0\"><label class=\"wpforms-field-label\" for=\"wpforms-4742-field_0\">Namn <span class=\"wpforms-required-label\">*<\/span><\/label><input type=\"text\" id=\"wpforms-4742-field_0\" class=\"wpforms-field-medium wpforms-field-required\" name=\"wpforms[fields][0]\" required><div class=\"wpforms-field-description\">F\u00f6rnamn och efternamn. Tecknar du f\u00f6r ett f\u00f6retag? Ange \u00e4ven f\u00f6retagets namn.<\/div><\/div><div id=\"wpforms-4742-field_4-container\" class=\"wpforms-field wpforms-field-text\" data-field-id=\"4\"><label class=\"wpforms-field-label\" for=\"wpforms-4742-field_4\">Personnummer <span class=\"wpforms-required-label\">*<\/span><\/label><input type=\"text\" id=\"wpforms-4742-field_4\" class=\"wpforms-field-medium wpforms-field-required\" name=\"wpforms[fields][4]\" placeholder=\"Ex: 19800101-1234\" required><div class=\"wpforms-field-description\">Tecknar du f\u00f6r ett f\u00f6retag? Ange organisationsnummer ist\u00e4llet.<\/div><\/div><div id=\"wpforms-4742-field_5-container\" class=\"wpforms-field wpforms-field-text\" data-field-id=\"5\"><label class=\"wpforms-field-label\" for=\"wpforms-4742-field_5\">Adress <span class=\"wpforms-required-label\">*<\/span><\/label><input type=\"text\" id=\"wpforms-4742-field_5\" class=\"wpforms-field-medium wpforms-field-required\" name=\"wpforms[fields][5]\" placeholder=\"Ex: Gatan 23 \/ Byn 1\" required><\/div><div id=\"wpforms-4742-field_6-container\" class=\"wpforms-field wpforms-field-text\" data-field-id=\"6\"><label class=\"wpforms-field-label\" for=\"wpforms-4742-field_6\">Postnummer <span class=\"wpforms-required-label\">*<\/span><\/label><input type=\"text\" id=\"wpforms-4742-field_6\" class=\"wpforms-field-medium wpforms-field-required wpforms-limit-characters-enabled\" data-form-id=\"4742\" data-field-id=\"6\" data-text-limit=\"5\" name=\"wpforms[fields][6]\" placeholder=\"Ex: 12345, utan mellanslag\" maxlength=\"5\" required><\/div><div id=\"wpforms-4742-field_7-container\" class=\"wpforms-field wpforms-field-text\" data-field-id=\"7\"><label class=\"wpforms-field-label\" for=\"wpforms-4742-field_7\">Ort <span class=\"wpforms-required-label\">*<\/span><\/label><input type=\"text\" id=\"wpforms-4742-field_7\" class=\"wpforms-field-medium wpforms-field-required\" name=\"wpforms[fields][7]\" required><div class=\"wpforms-field-description\">Ex: Virserum<\/div><\/div><div id=\"wpforms-4742-field_1-container\" class=\"wpforms-field wpforms-field-email\" data-field-id=\"1\"><label class=\"wpforms-field-label\" for=\"wpforms-4742-field_1\">E-post <span class=\"wpforms-required-label\">*<\/span><\/label><input type=\"email\" id=\"wpforms-4742-field_1\" class=\"wpforms-field-medium wpforms-field-required\" name=\"wpforms[fields][1]\" spellcheck=\"false\" required><div class=\"wpforms-field-description\">Vi beh\u00f6ver din e-postadress f\u00f6r att kunna kontakta dig.<\/div><\/div><div id=\"wpforms-4742-field_3-container\" class=\"wpforms-field wpforms-field-text\" data-field-id=\"3\"><label class=\"wpforms-field-label\" for=\"wpforms-4742-field_3\">Telefonnummer <span class=\"wpforms-required-label\">*<\/span><\/label><input type=\"text\" id=\"wpforms-4742-field_3\" class=\"wpforms-field-medium wpforms-field-required\" name=\"wpforms[fields][3]\" required><div class=\"wpforms-field-description\">Vi beh\u00f6ver ditt telefonnummer f\u00f6r att kunna kontakta dig.<\/div><\/div><div id=\"wpforms-4742-field_9-container\" class=\"wpforms-field wpforms-field-number\" data-field-id=\"9\"><label class=\"wpforms-field-label\" for=\"wpforms-4742-field_9\">Antal aktier du vill k\u00f6pa\/teckna dig f\u00f6r: <span class=\"wpforms-required-label\">*<\/span><\/label><input type=\"number\" id=\"wpforms-4742-field_9\" class=\"wpforms-field-medium wpforms-field-required\" name=\"wpforms[fields][9]\" value=\"20\" placeholder=\"Minsta antal \u00e4r 4st. Varje aktie kostar 250:- inkl. \u00f6verkurs. Minsta belopp blir allts\u00e5 4st f\u00f6r 1000kr. 20st motsvarar 5000kr.\" step=\"any\" required><div class=\"wpforms-field-description\">Minsta antal \u00e4r 4st. Varje aktie kostar 250:- inkl. \u00f6verkurs.\r\n\r\nMinsta belopp blir allts\u00e5 4st f\u00f6r 1000kr. 20st motsvarar 5000kr.<\/div><\/div><div id=\"wpforms-4742-field_8-container\" class=\"wpforms-field wpforms-field-checkbox\" data-field-id=\"8\"><label class=\"wpforms-field-label\">Villkor <span class=\"wpforms-required-label\">*<\/span><\/label><ul id=\"wpforms-4742-field_8\" class=\"wpforms-field-required\"><li class=\"choice-1 depth-1\"><input type=\"checkbox\" id=\"wpforms-4742-field_8_1\" name=\"wpforms[fields][8][]\" value=\"Jag intygar att ovan uppgifter \u00e4r mina egna samt riktiga.\" required ><label class=\"wpforms-field-label-inline\" for=\"wpforms-4742-field_8_1\">Jag intygar att ovan uppgifter \u00e4r mina egna samt riktiga.<\/label><\/li><li class=\"choice-4 depth-1\"><input type=\"checkbox\" id=\"wpforms-4742-field_8_4\" name=\"wpforms[fields][8][]\" value=\"Jag vill f\u00e5 nyhetsbrev\/information om verksamheten\" required ><label class=\"wpforms-field-label-inline\" for=\"wpforms-4742-field_8_4\">Jag vill f\u00e5 nyhetsbrev\/information om verksamheten<\/label><\/li><\/ul><div class=\"wpforms-field-description\">Du m\u00e5ste intyga kryssruta nummer ett. Kryssruta nummer tv\u00e5 \u00e4r valfri.<\/div><\/div><\/div><!-- .wpforms-field-container --><div class=\"wpforms-recaptcha-container wpforms-is-recaptcha wpforms-is-recaptcha-type-v3\" ><input type=\"hidden\" name=\"wpforms[recaptcha]\" value=\"\"><\/div><div class=\"wpforms-submit-container\" ><input type=\"hidden\" name=\"wpforms[id]\" value=\"4742\"><input type=\"hidden\" name=\"page_title\" value=\"\"><input type=\"hidden\" name=\"page_url\" value=\"https:\/\/smalsparet.com\/en\/wp-json\/wp\/v2\/pages\/4720\"><input type=\"hidden\" name=\"url_referer\" value=\"\"><button type=\"submit\" name=\"wpforms[submit]\" id=\"wpforms-submit-4742\" class=\"wpforms-submit\" data-alt-text=\"Skickar...\" data-submit-text=\"Teckna aktier\" aria-live=\"assertive\" value=\"wpforms-submit\">Teckna aktier<\/button><img loading=\"lazy\" decoding=\"async\" src=\"https:\/\/smalsparet.com\/wp-content\/plugins\/wpforms-lite\/assets\/images\/submit-spin.svg\" class=\"wpforms-submit-spinner\" style=\"display: none;\" width=\"26\" height=\"26\" alt=\"Loading\"><\/div><\/form><\/div>  <!-- .wpforms-container -->\n\n\n<h2 class=\"wp-block-heading\"><meta charset=\"utf-8\">Bakgrund<\/h2>\n\n\n\n<p><strong>Vad ska vi anv\u00e4nda pengarna till?<br><\/strong>Vi ska bygga ett r\u00e4lsbussgarage i Virserum tillsammans med F\u00f6reningen Smalsp\u00e5ret V\u00e4xj\u00f6-V\u00e4stervik och hj\u00e4lps d\u00e4rmed \u00e5t med finansieringen. Om vi f\u00e5r in mer pengar \u00e4n vad som g\u00e5r \u00e5t i projektet, s\u00e5 har st\u00e4mman beslutat att pengarna g\u00e5r till byggnation av en st\u00f6rre vagnhall i Hultan\u00e4s.<\/p>\n\n\n\n<p><strong>Varf\u00f6r byggs det ett r\u00e4lsbussgarage?<\/strong><\/p>\n\n\n\n<p>R\u00e4lsbussarna fr\u00e5n 1950-talet st\u00e5r sommartid ute i stekande solsken och bleknar, s\u00e5v\u00e4l som om vintern med regn eller sn\u00f6. Detta g\u00e5r h\u00e5rt \u00e5t v\u00e5ra veteranfordon och f\u00f6rs\u00e4mrar dem i en s\u00e5 snabb takt att vi har sv\u00e5rt att hinna underh\u00e5lla dem.<\/p>\n\n\n\n<p>Dessutom har vi varit utsatta f\u00f6r vandaler som b\u00e5de klottrat och krossat f\u00f6nster. Det st\u00e5r oss dyrt och ger mycket jobb f\u00f6r medlemmarna som engagerar sig ideellt p\u00e5 sin fritid.<\/p>\n\n\n\n<p>Om man har en veteranbil l\u00e5ter man den inte st\u00e5 ute i sn\u00f6n, d\u00e5 st\u00e4ller man in den i garaget. Vi bygger nu ett garage f\u00f6r att f\u00f6rvara r\u00e4lsbussarna i och d\u00e4rmed bevara dem f\u00f6r framtiden. De \u00e4r nu n\u00e4stan 70 \u00e5r gamla, och de som kommer efter oss, v\u00e5ra barn och barnbarn, ska inte beh\u00f6va undra varf\u00f6r vi i inte gjorde n\u00e5got medan det fanns tid.<\/p>\n\n\n\n<p><strong>Vad har vi f\u00f6r plan?<\/strong><\/p>\n\n\n\n<p>F\u00f6r att bryta den f\u00f6rs\u00e4mring av skicket det inneb\u00e4r att de st\u00e5r ute, s\u00e5 har vi i sa- marbete med F\u00f6reningen Smalsp\u00e5ret V\u00e4xj\u00f6-V\u00e4stervik dragit ig\u00e5ng projekt r\u00e4ls- bussgarage!<\/p>\n\n\n\n<p>Kommunen s\u00e4ljer mark och garaget kommer att byggas i den norra \u00e4nden av bang\u00e5rden i Virserum. Det kommer att f\u00e5 tv\u00e5 sp\u00e5r i bredd och bli drygt 50 meter l\u00e5ngt, s\u00e5 att tre r\u00e4lsbussar x2 f\u00e5r plats p\u00e5 l\u00e4ngden. D\u00e5 det ska sm\u00e4lta in i milj\u00f6n, som ju \u00e4r ett byggnadsminne, kommer det att byggas p\u00e5 klassiskt vis och ha en r\u00f6df\u00e4rgad tr\u00e4panel.<\/p>\n\n\n\n<p>Bilderna som visar hur det ungef\u00e4r \u00e4r t\u00e4nkt, har tagits fram av Lignarium Snickeri. Det \u00e4r \u00e4ven de som kommer att uppf\u00f6ra byggnaden.<\/p>\n\n\n\n<p>Vi s\u00f6ker nu bidrag av olika slag som hj\u00e4lp till finansieringen. F\u00f6rutom bidrag av f\u00f6reningens medlemmar och t.ex. Virserums Gille i Stockholm, har vi beviljats st\u00f6d fr\u00e5n Virserums Sparbanks g\u00e5vodelegation. Nu beh\u00f6ver vi ditt st\u00f6d till r\u00e4lsbussar- nas bevarande inf\u00f6r framtiden genom att k\u00f6pa aktier i bolaget!<\/p>\n\n\n\n<p>Du blir inte rik, men f\u00f6rutom att du \u00e4r med och r\u00e4ddar r\u00e4lsbussarna, f\u00e5r du ett fint aktiebrev med vattenst\u00e4mpel, att kanske h\u00e4nga p\u00e5 v\u00e4ggen.<\/p>\n\n\n\n<p>Vi kommer att ha m\u00f6jlighet att g\u00f6ra en hel del sj\u00e4lva f\u00f6r att spara pengar, s\u00e5som att m\u00e5la eller spika panel. Du kan redan nu hj\u00e4lpa till genom ditt aktiek\u00f6p! F\u00f6rhoppningen \u00e4r att r\u00e4lsbussarna i Virserum har st\u00e5tt ute sin sista vinter 2020\/2021.<\/p>\n\n\n\n<h2 class=\"wp-block-heading\">Emissionsvillkor<\/h2>\n\n\n\n<p>Emissionstiden, n\u00e4r du kan teckna dig f\u00f6r aktier, p\u00e5g\u00e5r under perioden 15 april \u2013 5 juni. Emissionen sker utan f\u00f6rtur f\u00f6r nuvarande \u00e4gare. Det inneb\u00e4r att prospektet skickas till alla \u00e4gare och andra pre- sumtiva intressenter av Smalsp\u00e5ret.<\/p>\n\n\n\n<p>Varje aktie i bolaget kostar 250 kronor. F\u00f6r varje 250 kronor utg\u00f6rs detta belopp av EN tecknad aktie \u00e1 150 kr och 100 kronor i \u201d\u00f6verkurs\u201d. Minsta belopp att teckna \u00e4r 1.000 kronor\/ person, f\u00f6r det be- loppet erh\u00e5ller du allts\u00e5 4 st aktier. F\u00f6r tecknande av 5.000 kronor erh\u00e5lls 20 st aktier osv. Du k\u00f6per aktier f\u00f6r ett valfritt belopp, det finns ingen \u00f6vre gr\u00e4ns. Ju fler aktier som tecknas, desto st\u00f6rre del av investeringsbehovet t\u00e4cks och vi slipper l\u00e5na pengar.<\/p>\n\n\n\n<p>Belopp som tecknas ska, tillsammans med \u00f6vriga uppgifter, anges p\u00e5 den bifogade anm\u00e4lningssedeln. Du postar den till adressen som finns p\u00e5 anm\u00e4lningssedeln! Senast den 5 juni inbetalas det till bankkonto\/swish som anges p\u00e5 anm\u00e4lningssedeln.<\/p>\n\n\n\n<p><meta charset=\"utf-8\"><strong>Vad inneb\u00e4r \u00f6verkurs?<\/strong><\/p>\n\n\n\n<p>\u00d6verkurs inneb\u00e4r att inte hela beloppet blir aktiev\u00e4rdet. Om du t.ex. k\u00f6per en aktie f\u00f6r 250kr s\u00e5 \u00e4r 150kr aktiens kurs, och resterande 100kr \u00e4r d\u00e5 inte f\u00f6r aktien i sig utan blir d\u00e5 mer att betrakta som en &#8221;avgift&#8221;.<\/p>\n\n\n\n<h2 class=\"wp-block-heading\">Hur betalar jag?<\/h2>\n\n\n\n<p><strong>Hela beloppet <\/strong>ska vara insatt senast den 5 juni. Betalning kan ske enligt n\u00e5got av nedanst\u00e5ende alternativ. <strong><em>Kom ih\u00e5g att ange ditt namn som referens p\u00e5 ins\u00e4ttningen!<\/em><\/strong><\/p>\n\n\n\n<p>Bankgiro: <strong>5677-4151<\/strong><\/p>\n\n\n\n<p>Kontonummer: <strong>8405-3, 333 875 759-8<\/strong><\/p>\n\n\n\n<p>Swish: <strong>123 118 55 86<\/strong><\/p>\n\n\n\n<p>Vid internationell betalning (IBAN):<strong>SE 11 8000 0840 5333 3875 7598<\/strong><\/p>\n\n\n\n<p>BIC-kod till banken (Swedbank): <strong>SWED SE SS<\/strong><\/p>\n","protected":false},"excerpt":{"rendered":"<p>Smalsp\u00e5ret i Hultsfred AB, som agerar driftbolag p\u00e5 str\u00e4ckan fr\u00e5n Hultsfred till \u00c5seda, genomf\u00f6r en nyemission v\u00e5ren 2021. Syftet \u00e4r att st\u00f6dja byggnationen av ett r\u00e4lsbussgarage i Virserum, som genomf\u00f6rs i samarbete med F\u00f6reningen Smalsp\u00e5ret V\u00e4xj\u00f6-V\u00e4stervik. Se klippet nedan, l\u00e4s mer om nyemissionen och teckna dig direkt h\u00e4r p\u00e5 webbsidan. S\u00e5 \u00e4r du med och [&hellip;]<\/p>\n","protected":false},"author":3,"featured_media":0,"parent":0,"menu_order":0,"comment_status":"closed","ping_status":"closed","template":"","meta":{"om_disable_all_campaigns":false,"_uag_custom_page_level_css":"","_monsterinsights_skip_tracking":false,"_monsterinsights_sitenote_active":false,"_monsterinsights_sitenote_note":"","_monsterinsights_sitenote_category":0,"site-sidebar-layout":"default","site-content-layout":"default","ast-site-content-layout":"default","site-content-style":"default","site-sidebar-style":"default","ast-global-header-display":"","ast-banner-title-visibility":"","ast-main-header-display":"","ast-hfb-above-header-display":"","ast-hfb-below-header-display":"","ast-hfb-mobile-header-display":"","site-post-title":"","ast-breadcrumbs-content":"","ast-featured-img":"","footer-sml-layout":"","ast-disable-related-posts":"","theme-transparent-header-meta":"default","adv-header-id-meta":"","stick-header-meta":"","header-above-stick-meta":"","header-main-stick-meta":"","header-below-stick-meta":"","astra-migrate-meta-layouts":"default","ast-page-background-enabled":"default","ast-page-background-meta":{"desktop":{"background-color":"","background-image":"","background-repeat":"repeat","background-position":"center center","background-size":"auto","background-attachment":"scroll","background-type":"","background-media":"","overlay-type":"","overlay-color":"","overlay-opacity":"","overlay-gradient":""},"tablet":{"background-color":"","background-image":"","background-repeat":"repeat","background-position":"center center","background-size":"auto","background-attachment":"scroll","background-type":"","background-media":"","overlay-type":"","overlay-color":"","overlay-opacity":"","overlay-gradient":""},"mobile":{"background-color":"","background-image":"","background-repeat":"repeat","background-position":"center center","background-size":"auto","background-attachment":"scroll","background-type":"","background-media":"","overlay-type":"","overlay-color":"","overlay-opacity":"","overlay-gradient":""}},"ast-content-background-meta":{"desktop":{"background-color":"var(--ast-global-color-5)","background-image":"","background-repeat":"repeat","background-position":"center center","background-size":"auto","background-attachment":"scroll","background-type":"","background-media":"","overlay-type":"","overlay-color":"","overlay-opacity":"","overlay-gradient":""},"tablet":{"background-color":"var(--ast-global-color-5)","background-image":"","background-repeat":"repeat","background-position":"center center","background-size":"auto","background-attachment":"scroll","background-type":"","background-media":"","overlay-type":"","overlay-color":"","overlay-opacity":"","overlay-gradient":""},"mobile":{"background-color":"var(--ast-global-color-5)","background-image":"","background-repeat":"repeat","background-position":"center center","background-size":"auto","background-attachment":"scroll","background-type":"","background-media":"","overlay-type":"","overlay-color":"","overlay-opacity":"","overlay-gradient":""}},"footnotes":""},"class_list":["post-4720","page","type-page","status-publish","hentry"],"aioseo_notices":[],"spectra_custom_meta":{"_edit_lock":["1621922229:3"],"_edit_last":["3"],"site-sidebar-layout":["default"],"site-content-layout":["default"],"theme-transparent-header-meta":["default"],"_oembed_f698a1362e1a08da92e8284748bb5372":["<iframe title=\"Nyemission i Smalsp\u00e5ret i Hultsfred AB\" width=\"500\" height=\"281\" src=\"https:\/\/www.youtube.com\/embed\/KJNJ2IarFS4?feature=oembed\" frameborder=\"0\" allow=\"accelerometer; autoplay; clipboard-write; encrypted-media; gyroscope; picture-in-picture\" allowfullscreen><\/iframe>"],"_oembed_time_f698a1362e1a08da92e8284748bb5372":["1621922229"],"_oembed_88f3bd98e4b358402ed61cea6651c853":["<iframe title=\"Nyemission i Smalsp\u00e5ret i Hultsfred AB\" width=\"1200\" height=\"675\" src=\"https:\/\/www.youtube.com\/embed\/KJNJ2IarFS4?feature=oembed\" frameborder=\"0\" allow=\"accelerometer; autoplay; clipboard-write; encrypted-media; gyroscope; picture-in-picture\" allowfullscreen><\/iframe>"],"_oembed_time_88f3bd98e4b358402ed61cea6651c853":["1618421970"],"_oembed_9924f92dd2490cb56f3f90b925aaf876":["<iframe title=\"Nyemission i Smalsp\u00e5ret i Hultsfred AB\" width=\"500\" height=\"281\" src=\"https:\/\/www.youtube.com\/embed\/KJNJ2IarFS4?feature=oembed\" frameborder=\"0\" allow=\"accelerometer; autoplay; clipboard-write; encrypted-media; gyroscope; picture-in-picture; web-share\" referrerpolicy=\"strict-origin-when-cross-origin\" allowfullscreen><\/iframe>"],"_oembed_time_9924f92dd2490cb56f3f90b925aaf876":["1732530280"],"_uag_page_assets":["a:9:{s:3:\"css\";s:0:\"\";s:2:\"js\";s:0:\"\";s:18:\"current_block_list\";a:8:{i:0;s:14:\"core\/paragraph\";i:1;s:10:\"core\/embed\";i:2;s:12:\"core\/heading\";i:3;s:21:\"wpforms\/form-selector\";i:4;s:26:\"woocommerce\/product-search\";i:5;s:10:\"core\/group\";i:6;s:27:\"woocommerce\/product-on-sale\";i:7;s:32:\"woocommerce\/product-best-sellers\";}s:8:\"uag_flag\";b:0;s:11:\"uag_version\";s:10:\"1775301941\";s:6:\"gfonts\";a:0:{}s:10:\"gfonts_url\";s:0:\"\";s:12:\"gfonts_files\";a:0:{}s:14:\"uag_faq_layout\";b:0;}"]},"uagb_featured_image_src":{"full":false,"thumbnail":false,"medium":false,"medium_large":false,"large":false,"1536x1536":false,"2048x2048":false,"trp-custom-language-flag":false,"woocommerce_thumbnail":false,"woocommerce_single":false,"woocommerce_gallery_thumbnail":false,"awb_sm":false,"awb_md":false,"awb_lg":false,"awb_xl":false},"uagb_author_info":{"display_name":"Olaf","author_link":"https:\/\/smalsparet.com\/en\/author\/olalid\/"},"uagb_comment_info":0,"uagb_excerpt":"Smalsp\u00e5ret i Hultsfred AB, som agerar driftbolag p\u00e5 str\u00e4ckan fr\u00e5n Hultsfred till \u00c5seda, genomf\u00f6r en nyemission v\u00e5ren 2021. Syftet \u00e4r att st\u00f6dja byggnationen av ett r\u00e4lsbussgarage i Virserum, som genomf\u00f6rs i samarbete med F\u00f6reningen Smalsp\u00e5ret V\u00e4xj\u00f6-V\u00e4stervik. Se klippet nedan, l\u00e4s mer om nyemissionen och teckna dig direkt h\u00e4r p\u00e5 webbsidan. S\u00e5 \u00e4r du med och&hellip;","_links":{"self":[{"href":"https:\/\/smalsparet.com\/en\/wp-json\/wp\/v2\/pages\/4720","targetHints":{"allow":["GET"]}}],"collection":[{"href":"https:\/\/smalsparet.com\/en\/wp-json\/wp\/v2\/pages"}],"about":[{"href":"https:\/\/smalsparet.com\/en\/wp-json\/wp\/v2\/types\/page"}],"author":[{"embeddable":true,"href":"https:\/\/smalsparet.com\/en\/wp-json\/wp\/v2\/users\/3"}],"replies":[{"embeddable":true,"href":"https:\/\/smalsparet.com\/en\/wp-json\/wp\/v2\/comments?post=4720"}],"version-history":[{"count":6,"href":"https:\/\/smalsparet.com\/en\/wp-json\/wp\/v2\/pages\/4720\/revisions"}],"predecessor-version":[{"id":4828,"href":"https:\/\/smalsparet.com\/en\/wp-json\/wp\/v2\/pages\/4720\/revisions\/4828"}],"wp:attachment":[{"href":"https:\/\/smalsparet.com\/en\/wp-json\/wp\/v2\/media?parent=4720"}],"curies":[{"name":"wp","href":"https:\/\/api.w.org\/{rel}","templated":true}]}}