{"id":4309,"date":"2021-02-01T20:29:00","date_gmt":"2021-02-01T20:29:00","guid":{"rendered":"https:\/\/nya.smalsparet.com\/?page_id=4309"},"modified":"2022-09-03T09:47:10","modified_gmt":"2022-09-03T09:47:10","slug":"om-driftbolaget","status":"publish","type":"page","link":"https:\/\/smalsparet.com\/en\/om-smalsparet\/om-driftbolaget\/","title":{"rendered":"About the operating company"},"content":{"rendered":"<div class=\"inherit-container-width wp-block-group has-background is-layout-constrained wp-block-group-is-layout-constrained\" style=\"background-color:#f8f6f3\"><div class=\"wp-block-group__inner-container\">\n<h1 class=\"has-text-align-center wp-block-heading\">About the operating company<\/h1>\n\n\n\n<p><\/p>\n<\/div><\/div>\n\n\n\n<div class=\"inherit-container-width wp-block-group alignwide is-layout-constrained wp-block-group-is-layout-constrained\"><div class=\"wp-block-group__inner-container\">\n<div class=\"wp-block-columns is-layout-flex wp-container-core-columns-is-layout-28f84493 wp-block-columns-is-layout-flex\">\n<div class=\"wp-block-column is-layout-flow wp-block-column-is-layout-flow\" style=\"flex-basis:50%\">\n<p>Smalsp\u00e5ret i Hultsfred AB (SH) is a non-profit organisation owned by <a href=\"https:\/\/smalsparet.com\/en\/om-smalsparet\/om-foreningen\/\" data-type=\"page\" data-id=\"4306\">Smalsp\u00e5ret V\u00e4xj\u00f6-V\u00e4stervik Association<\/a> and around 350 other owners. The association owns approximately 20% of the company.<\/p>\n\n\n\n<p>The primary purpose of the company is to, in collaboration with the association, be responsible for maintenance, train traffic and trolley rental between Virserum and \u00c5seda. The company is also to carry out maintenance between Hultsfred and Virserum so that traffic with vehicles as well as the trolley activities can be conducted.<\/p>\n\n\n\n<h4 class=\"wp-block-heading\">The operating company's activities primarily encompasses:<\/h4>\n\n\n\n<ul class=\"wp-block-list\"><li>Operation and maintenance of the \u00c5seda-Virserum-Hultsfred railway<\/li><li>The nostalgia train traffic Virserum-\u00c5seda<\/li><li>Trolley cycling activities in Virserum and \u00c5seda<\/li><li>Management of railway vehicles<\/li><li>Property management<\/li><\/ul>\n\n\n\n<p><\/p>\n<\/div>\n\n\n\n<div class=\"wp-block-column is-layout-flow wp-block-column-is-layout-flow\" style=\"flex-basis:50%\">\n<figure class=\"wp-block-image size-large\"><img loading=\"lazy\" decoding=\"async\" width=\"1024\" height=\"768\" src=\"https:\/\/smalsparet.com\/wp-content\/uploads\/2021\/02\/2012_C_0987-1024x768.jpg\" alt=\"100-\u00e5rsjubileum i Hultan\u00e4s.\" class=\"wp-image-4213\" srcset=\"https:\/\/smalsparet.com\/wp-content\/uploads\/2021\/02\/2012_C_0987-1024x768.jpg 1024w, https:\/\/smalsparet.com\/wp-content\/uploads\/2021\/02\/2012_C_0987-300x225.jpg 300w, https:\/\/smalsparet.com\/wp-content\/uploads\/2021\/02\/2012_C_0987-768x576.jpg 768w, https:\/\/smalsparet.com\/wp-content\/uploads\/2021\/02\/2012_C_0987-1536x1152.jpg 1536w, https:\/\/smalsparet.com\/wp-content\/uploads\/2021\/02\/2012_C_0987-2048x1536.jpg 2048w, https:\/\/smalsparet.com\/wp-content\/uploads\/2021\/02\/2012_C_0987-600x450.jpg 600w\" sizes=\"auto, (max-width: 1024px) 100vw, 1024px\" \/><figcaption>The centenary in Hultan\u00e4s 2012. The station building is owned by the operating company.<\/figcaption><\/figure>\n<\/div>\n<\/div>\n<\/div><\/div>\n\n\n\n<div class=\"wp-block-group alignfull has-background\" style=\"background-color:#001524\"><div class=\"wp-block-group__inner-container is-layout-flow wp-block-group-is-layout-flow\">\n<div class=\"wp-block-columns is-layout-flex wp-container-core-columns-is-layout-28f84493 wp-block-columns-is-layout-flex\">\n<div class=\"wp-block-column is-layout-flow wp-block-column-is-layout-flow\" style=\"flex-basis:40%\">\n<h5 class=\"has-white-color has-text-color wp-block-heading\">About Smalsp\u00e5ret<\/h5>\n\n\n\n<div class=\"wp-block-image\"><figure class=\"alignleft size-large is-resized\"><img loading=\"lazy\" decoding=\"async\" src=\"https:\/\/smalsparet.com\/wp-content\/uploads\/2020\/12\/FSVV_symbol@2x.png\" alt=\"F\u00f6reningen Smalsp\u00e5ret V\u00e4xj\u00f6-V\u00e4stervik\" class=\"wp-image-3909\" width=\"84\" height=\"84\" srcset=\"https:\/\/smalsparet.com\/wp-content\/uploads\/2020\/12\/FSVV_symbol@2x.png 600w, https:\/\/smalsparet.com\/wp-content\/uploads\/2020\/12\/FSVV_symbol@2x-300x300.png 300w, https:\/\/smalsparet.com\/wp-content\/uploads\/2020\/12\/FSVV_symbol@2x-150x150.png 150w, https:\/\/smalsparet.com\/wp-content\/uploads\/2020\/12\/FSVV_symbol@2x-12x12.png 12w, https:\/\/smalsparet.com\/wp-content\/uploads\/2020\/12\/FSVV_symbol@2x-100x100.png 100w, https:\/\/smalsparet.com\/wp-content\/uploads\/2020\/12\/FSVV_symbol@2x-500x500.png 500w, https:\/\/smalsparet.com\/wp-content\/uploads\/2020\/12\/FSVV_symbol@2x-70x70.png 70w\" sizes=\"auto, (max-width: 84px) 100vw, 84px\" \/><\/figure><\/div>\n\n\n\n<p class=\"has-cyan-bluish-gray-color has-text-color\">F\u00f6reningen Smalsp\u00e5ret V\u00e4xj\u00f6-V\u00e4stervik is a non-profit non-political association founded in 1984 and now has more than one thousand members.<\/p>\n\n\n\n<p class=\"has-cyan-bluish-gray-color has-text-color\">The association works to preserve and develop the narrow-gauge railway between V\u00e4xj\u00f6 and V\u00e4stervik in its current routing. Read more about the association. <a href=\"#\">more about the association<\/a>.<\/p>\n<\/div>\n\n\n\n<div class=\"wp-block-column is-layout-flow wp-block-column-is-layout-flow\" style=\"flex-basis:26.67%\">\n<h5 class=\"has-text-align-left has-white-color has-text-color wp-block-heading\">Contact us<\/h5>\n\n\n<nav class=\"has-text-color has-cyan-bluish-gray-color is-responsive wp-block-navigation is-layout-flex wp-block-navigation-is-layout-flex\" \n\t\t data-wp-interactive=\"core\/navigation\" data-wp-context='{\"overlayOpenedBy\":{\"click\":false,\"hover\":false,\"focus\":false},\"type\":\"overlay\",\"roleAttribute\":\"\",\"ariaLabel\":\"Menu\"}'><button aria-haspopup=\"dialog\" aria-label=\"Open menu\" class=\"wp-block-navigation__responsive-container-open\" \n\t\t\t\tdata-wp-on--click=\"actions.openMenuOnClick\"\n\t\t\t\tdata-wp-on--keydown=\"actions.handleMenuKeydown\"\n\t\t\t><svg width=\"24\" height=\"24\" xmlns=\"http:\/\/www.w3.org\/2000\/svg\" viewbox=\"0 0 24 24\" aria-hidden=\"true\" focusable=\"false\"><path d=\"M4 7.5h16v1.5H4z\"><\/path><path d=\"M4 15h16v1.5H4z\"><\/path><\/svg><\/button>\n\t\t\t\t<div class=\"wp-block-navigation__responsive-container\"  id=\"modal-1\" \n\t\t\t\tdata-wp-class--has-modal-open=\"state.isMenuOpen\"\n\t\t\t\tdata-wp-class--is-menu-open=\"state.isMenuOpen\"\n\t\t\t\tdata-wp-watch=\"callbacks.initMenu\"\n\t\t\t\tdata-wp-on--keydown=\"actions.handleMenuKeydown\"\n\t\t\t\tdata-wp-on--focusout=\"actions.handleMenuFocusout\"\n\t\t\t\ttabindex=\"-1\"\n\t\t\t>\n\t\t\t\t\t<div class=\"wp-block-navigation__responsive-close\" tabindex=\"-1\">\n\t\t\t\t\t\t<div class=\"wp-block-navigation__responsive-dialog\" \n\t\t\t\tdata-wp-bind--aria-modal=\"state.ariaModal\"\n\t\t\t\tdata-wp-bind--aria-label=\"state.ariaLabel\"\n\t\t\t\tdata-wp-bind--role=\"state.roleAttribute\"\n\t\t\t>\n\t\t\t\t\t\t\t<button aria-label=\"Close menu\" class=\"wp-block-navigation__responsive-container-close\" \n\t\t\t\tdata-wp-on--click=\"actions.closeMenuOnClick\"\n\t\t\t><svg xmlns=\"http:\/\/www.w3.org\/2000\/svg\" viewbox=\"0 0 24 24\" width=\"24\" height=\"24\" aria-hidden=\"true\" focusable=\"false\"><path d=\"m13.06 12 6.47-6.47-1.06-1.06L12 10.94 5.53 4.47 4.47 5.53 10.94 12l-6.47 6.47 1.06 1.06L12 13.06l6.47 6.47 1.06-1.06L13.06 12Z\"><\/path><\/svg><\/button>\n\t\t\t\t\t\t\t<div class=\"wp-block-navigation__responsive-container-content\" \n\t\t\t\tdata-wp-watch=\"callbacks.focusFirstElement\"\n\t\t\t id=\"modal-1-content\">\n\t\t\t\t\t\t\t\t<ul class=\"wp-block-navigation__container has-text-color has-cyan-bluish-gray-color is-responsive wp-block-navigation\"><li class=\"wp-block-navigation-item wp-block-navigation-link\"><a class=\"wp-block-navigation-item__content\"  href=\"http:\/\/maps.google.com\/?q=S%C3%B6dra%20J%C3%A4rnv%C3%A4gsgatan%2020,%20577%2071,%20Virserum\"><span class=\"wp-block-navigation-item__label\"><strong>Address<\/strong>: <em>Box 1, 577 03, Virserum<\/em><\/span><\/a><\/li><li class=\"wp-block-navigation-item wp-block-navigation-link\"><a class=\"wp-block-navigation-item__content\"  href=\"mailto:info@smalsparet.com\"><span class=\"wp-block-navigation-item__label\"><strong>E-mail:<\/strong> info@smalsparet.com<\/span><\/a><\/li><li class=\"wp-block-navigation-item wp-block-navigation-link\"><a class=\"wp-block-navigation-item__content\"  href=\"tel:004649510808\"><span class=\"wp-block-navigation-item__label\"><strong>Trolley Virserum\/\u00c5seda:<\/strong> 0495-108 08<\/span><\/a><\/li><li class=\"wp-block-navigation-item wp-block-navigation-link\"><a class=\"wp-block-navigation-item__content\"  href=\"tel:0046495650880\"><span class=\"wp-block-navigation-item__label\"><strong>Trolley Flaten\/Hultsfred: <\/strong>0495-650 880<\/span><\/a><\/li><\/ul>\n\t\t\t\t\t\t\t<\/div>\n\t\t\t\t\t\t<\/div>\n\t\t\t\t\t<\/div>\n\t\t\t\t<\/div><\/nav><\/div>\n\n\n\n<div class=\"wp-block-column is-layout-flow wp-block-column-is-layout-flow\" style=\"flex-basis:33.33%\"><script>(function() {\n\twindow.mc4wp = window.mc4wp || {\n\t\tlisteners: [],\n\t\tforms: {\n\t\t\ton: function(evt, cb) {\n\t\t\t\twindow.mc4wp.listeners.push(\n\t\t\t\t\t{\n\t\t\t\t\t\tevent   : evt,\n\t\t\t\t\t\tcallback: cb\n\t\t\t\t\t}\n\t\t\t\t);\n\t\t\t}\n\t\t}\n\t}\n})();\n<\/script><!-- Mailchimp for WordPress v4.11.1 - https:\/\/wordpress.org\/plugins\/mailchimp-for-wp\/ --><form id=\"mc4wp-form-1\" class=\"mc4wp-form mc4wp-form-4128\" method=\"post\" data-id=\"4128\" data-name=\"Nyhetsbrev sidfot\" action=\"\" ><div class=\"mc4wp-form-fields\"><p class=\"has-cyan-bluish-gray-color\">\r\n\t<label>E-mail address: \r\n\t\t<input type=\"email\" name=\"EMAIL\" placeholder=\"Your e-mail address\" required \/>\r\n<\/label>\r\n<\/p>\r\n\r\n<p class=\"has-cyan-bluish-gray-color\">\r\n    <label>\r\n        <input name=\"AGREE_TO_TERMS\" type=\"checkbox\" value=\"1\" required=\"\" style=\"margin-right: 10px;\">I have read and approve the terms and conditions<\/label>\r\n<\/p>\r\n\r\n<p>\r\n\t<input type=\"submit\" value=\"Register\" \/>\r\n<\/p><\/div><label style=\"display: none !important;\">Leave this field empty if you're human: <input type=\"text\" name=\"_mc4wp_honeypot\" value=\"\" tabindex=\"-1\" autocomplete=\"off\" \/><\/label><input type=\"hidden\" name=\"_mc4wp_timestamp\" value=\"1775991096\" \/><input type=\"hidden\" name=\"_mc4wp_form_id\" value=\"4128\" \/><input type=\"hidden\" name=\"_mc4wp_form_element_id\" value=\"mc4wp-form-1\" \/><div class=\"mc4wp-response\"><\/div><input type=\"hidden\" name=\"trp-form-language\" value=\"en\"\/><\/form><!-- \/ Mailchimp for WordPress Plugin -->\n\n\n<p><\/p>\n<\/div>\n<\/div>\n<\/div><\/div>","protected":false},"excerpt":{"rendered":"<p>Om driftbolaget Smalsp\u00e5ret i Hultsfred AB (SH) \u00e4r ett ideellt drivet bolag som och \u00e4gs av F\u00f6reningen Smalsp\u00e5ret V\u00e4xj\u00f6-V\u00e4stervik och cirka 350 andra \u00e4gare. F\u00f6reningen \u00e4ger ungef\u00e4r 20% av bolaget. Bolagets huvudsakliga syfte \u00e4r att i samarbete med f\u00f6reningen ansvara f\u00f6r underh\u00e5ll, t\u00e5gtrafik och dressinuthyrning mellan Virserum och \u00c5seda. Bolaget ska ocks\u00e5 utf\u00f6ra underh\u00e5ll mellan [&hellip;]<\/p>\n","protected":false},"author":1,"featured_media":0,"parent":3612,"menu_order":0,"comment_status":"closed","ping_status":"closed","template":"","meta":{"om_disable_all_campaigns":false,"_uag_custom_page_level_css":"","_monsterinsights_skip_tracking":false,"_monsterinsights_sitenote_active":false,"_monsterinsights_sitenote_note":"","_monsterinsights_sitenote_category":0,"site-sidebar-layout":"default","site-content-layout":"page-builder","ast-site-content-layout":"default","site-content-style":"default","site-sidebar-style":"default","ast-global-header-display":"","ast-banner-title-visibility":"","ast-main-header-display":"","ast-hfb-above-header-display":"","ast-hfb-below-header-display":"","ast-hfb-mobile-header-display":"","site-post-title":"disabled","ast-breadcrumbs-content":"","ast-featured-img":"","footer-sml-layout":"","ast-disable-related-posts":"","theme-transparent-header-meta":"default","adv-header-id-meta":"","stick-header-meta":"","header-above-stick-meta":"","header-main-stick-meta":"","header-below-stick-meta":"","astra-migrate-meta-layouts":"default","ast-page-background-enabled":"default","ast-page-background-meta":{"desktop":{"background-color":"","background-image":"","background-repeat":"repeat","background-position":"center center","background-size":"auto","background-attachment":"scroll","background-type":"","background-media":"","overlay-type":"","overlay-color":"","overlay-opacity":"","overlay-gradient":""},"tablet":{"background-color":"","background-image":"","background-repeat":"repeat","background-position":"center center","background-size":"auto","background-attachment":"scroll","background-type":"","background-media":"","overlay-type":"","overlay-color":"","overlay-opacity":"","overlay-gradient":""},"mobile":{"background-color":"","background-image":"","background-repeat":"repeat","background-position":"center center","background-size":"auto","background-attachment":"scroll","background-type":"","background-media":"","overlay-type":"","overlay-color":"","overlay-opacity":"","overlay-gradient":""}},"ast-content-background-meta":{"desktop":{"background-color":"var(--ast-global-color-5)","background-image":"","background-repeat":"repeat","background-position":"center center","background-size":"auto","background-attachment":"scroll","background-type":"","background-media":"","overlay-type":"","overlay-color":"","overlay-opacity":"","overlay-gradient":""},"tablet":{"background-color":"var(--ast-global-color-5)","background-image":"","background-repeat":"repeat","background-position":"center center","background-size":"auto","background-attachment":"scroll","background-type":"","background-media":"","overlay-type":"","overlay-color":"","overlay-opacity":"","overlay-gradient":""},"mobile":{"background-color":"var(--ast-global-color-5)","background-image":"","background-repeat":"repeat","background-position":"center center","background-size":"auto","background-attachment":"scroll","background-type":"","background-media":"","overlay-type":"","overlay-color":"","overlay-opacity":"","overlay-gradient":""}},"footnotes":""},"class_list":["post-4309","page","type-page","status-publish","hentry"],"aioseo_notices":[],"spectra_custom_meta":{"_edit_lock":["1662198431:3"],"_edit_last":["3"],"site-sidebar-layout":["default"],"site-content-layout":["page-builder"],"theme-transparent-header-meta":["default"],"site-post-title":["disabled"],"_uag_page_assets":["a:9:{s:3:\"css\";s:0:\"\";s:2:\"js\";s:0:\"\";s:18:\"current_block_list\";a:13:{i:0;s:10:\"core\/group\";i:1;s:12:\"core\/heading\";i:2;s:14:\"core\/paragraph\";i:4;s:12:\"core\/columns\";i:5;s:11:\"core\/column\";i:6;s:9:\"core\/list\";i:8;s:10:\"core\/image\";i:9;s:15:\"core\/navigation\";i:10;s:20:\"core\/navigation-link\";i:12;s:21:\"mailchimp-for-wp\/form\";i:13;s:26:\"woocommerce\/product-search\";i:14;s:27:\"woocommerce\/product-on-sale\";i:15;s:32:\"woocommerce\/product-best-sellers\";}s:8:\"uag_flag\";b:0;s:11:\"uag_version\";s:10:\"1775983743\";s:6:\"gfonts\";a:0:{}s:10:\"gfonts_url\";s:0:\"\";s:12:\"gfonts_files\";a:0:{}s:14:\"uag_faq_layout\";b:0;}"]},"uagb_featured_image_src":{"full":false,"thumbnail":false,"medium":false,"medium_large":false,"large":false,"1536x1536":false,"2048x2048":false,"trp-custom-language-flag":false,"woocommerce_thumbnail":false,"woocommerce_single":false,"woocommerce_gallery_thumbnail":false,"awb_sm":false,"awb_md":false,"awb_lg":false,"awb_xl":false},"uagb_author_info":{"display_name":"admin","author_link":"https:\/\/smalsparet.com\/en\/author\/olafjlindstrom_ciz3lt7h\/"},"uagb_comment_info":0,"uagb_excerpt":"Om driftbolaget Smalsp\u00e5ret i Hultsfred AB (SH) \u00e4r ett ideellt drivet bolag som och \u00e4gs av F\u00f6reningen Smalsp\u00e5ret V\u00e4xj\u00f6-V\u00e4stervik och cirka 350 andra \u00e4gare. F\u00f6reningen \u00e4ger ungef\u00e4r 20% av bolaget. Bolagets huvudsakliga syfte \u00e4r att i samarbete med f\u00f6reningen ansvara f\u00f6r underh\u00e5ll, t\u00e5gtrafik och dressinuthyrning mellan Virserum och \u00c5seda. Bolaget ska ocks\u00e5 utf\u00f6ra underh\u00e5ll mellan&hellip;","_links":{"self":[{"href":"https:\/\/smalsparet.com\/en\/wp-json\/wp\/v2\/pages\/4309","targetHints":{"allow":["GET"]}}],"collection":[{"href":"https:\/\/smalsparet.com\/en\/wp-json\/wp\/v2\/pages"}],"about":[{"href":"https:\/\/smalsparet.com\/en\/wp-json\/wp\/v2\/types\/page"}],"author":[{"embeddable":true,"href":"https:\/\/smalsparet.com\/en\/wp-json\/wp\/v2\/users\/1"}],"replies":[{"embeddable":true,"href":"https:\/\/smalsparet.com\/en\/wp-json\/wp\/v2\/comments?post=4309"}],"version-history":[{"count":8,"href":"https:\/\/smalsparet.com\/en\/wp-json\/wp\/v2\/pages\/4309\/revisions"}],"predecessor-version":[{"id":5267,"href":"https:\/\/smalsparet.com\/en\/wp-json\/wp\/v2\/pages\/4309\/revisions\/5267"}],"up":[{"embeddable":true,"href":"https:\/\/smalsparet.com\/en\/wp-json\/wp\/v2\/pages\/3612"}],"wp:attachment":[{"href":"https:\/\/smalsparet.com\/en\/wp-json\/wp\/v2\/media?parent=4309"}],"curies":[{"name":"wp","href":"https:\/\/api.w.org\/{rel}","templated":true}]}}