{"id":4306,"date":"2021-02-01T20:25:15","date_gmt":"2021-02-01T20:25:15","guid":{"rendered":"https:\/\/nya.smalsparet.com\/?page_id=4306"},"modified":"2024-04-13T14:42:25","modified_gmt":"2024-04-13T14:42:25","slug":"om-foreningen","status":"publish","type":"page","link":"https:\/\/smalsparet.com\/en\/om-smalsparet\/om-foreningen\/","title":{"rendered":"About the Association"},"content":{"rendered":"<div class=\"wp-block-group has-background is-layout-flow wp-block-group-is-layout-flow\" style=\"background-color:#f8f6f3\"><div class=\"wp-block-group__inner-container\">\n<h1 class=\"wp-block-heading has-text-align-center\">About the association<\/h1>\n\n\n\n<p><\/p>\n<\/div><\/div>\n\n\n\n<div class=\"wp-block-group alignwide is-layout-flow wp-block-group-is-layout-flow\"><div class=\"wp-block-group__inner-container\">\n<div class=\"wp-block-columns is-layout-flex wp-container-core-columns-is-layout-28f84493 wp-block-columns-is-layout-flex\">\n<div class=\"wp-block-column is-layout-flow wp-block-column-is-layout-flow\" style=\"flex-basis:50%\">\n<p class=\"translation-block\">The association Smalsp\u00e5ret V\u00e4xj\u00f6-V\u00e4stervik is a non-profit, non-political association with <strong>more than 1,000 members<\/strong>, which work towards the railway, in its current position, being preserved and developed so that it can be used for traffic in its entirety in a suitable manner.<\/p>\n\n\n\n<p>The organisation of the association is divided into a large association and a number of local associations that each have their own boards. The local associations exist to utilise the local involvement in the narrow-gauge railway. As a member you belong to your nearest local association (you can also choose to not belong to any local association).<\/p>\n\n\n\n<p class=\"translation-block\">The association is working for the preservation of the railway in its entirety as it remains. Focus is on the southern section of the railway \u00c5seda-Virserum-Hultsfred. Operation and maintenance of the railway on the route Hultsfred \u2013 Virserum \u2013 \u00c5seda, as well as all activities between Hultsfred and \u00c5seda is conducted via <a href=\"https:\/\/smalsparet.com\/en\/om-smalsparet\/om-driftbolaget\/\" data-type=\"page\" data-id=\"4309\" target=\"_self\">Smalsp\u00e5ret i Hultsfred AB<\/a>, where the association is a larger joint partner. The route V\u00e4stervik \u2013 Hultsfred is operated by Tjustbygdens J\u00e4rnv\u00e4gsf\u00f6rening.<\/p>\n\n\n\n<p>The association also arranges the trolley cycling in Flaten and Hultsfred which is conducted by the association's local chapter in Hultsfred.<\/p>\n\n\n\n<p>The association's focus of activities describes our overall goals and is decided by the annual general meeting.<\/p>\n\n\n\n<h4 class=\"wp-block-heading\">The association's focus of activities:<\/h4>\n\n\n\n<ul class=\"wp-block-list\">\n<li>Promote the entire railway being declared a historic landmark and that its rolling stock is protected for the future.<\/li>\n\n\n\n<li>Increase the interest in the narrow-gauge railway among members and the general public by presenting more cultural and historical as well as visionary content in the magazine Smalsp\u00e5rsinform and on the website.<\/li>\n\n\n\n<li>Work to promote the best possible relationship between the stakeholders on Smalsp\u00e5ret.<\/li>\n\n\n\n<li>Work to recruit more members.<\/li>\n\n\n\n<li>Conduct a member survey for the purpose of reviewing the association's future focus of activities and organisation.<\/li>\n\n\n\n<li>Preserve the station building and environment in Virserum and renovate the station building in a manner that is historically correct.<\/li>\n\n\n\n<li>Be a unifying force for the various voluntary efforts of Smalsp\u00e5ret.<\/li>\n\n\n\n<li>Contribute to the railway maintenance along the entire railway.<\/li>\n\n\n\n<li>Contribute to maintenance and renovation of the rolling stock.<\/li>\n\n\n\n<li>Support all traffic activities.<\/li>\n\n\n\n<li>Conduct trolley traffic south of Hultsfred.<\/li>\n<\/ul>\n\n\n\n<h4 class=\"wp-block-heading\">The statutes of the association:<\/h4>\n\n\n\n<div class=\"wp-block-file\"><a id=\"wp-block-file--media-f6f52f59-61c4-41de-9243-0ca64e2825a7\" href=\"https:\/\/smalsparet.com\/wp-content\/uploads\/2024\/04\/FSVV_stadgar_2016.pdf\">Statutes of the association adopted on 23 April 2016<\/a><a href=\"https:\/\/smalsparet.com\/wp-content\/uploads\/2024\/04\/FSVV_stadgar_2016.pdf\" class=\"wp-block-file__button wp-element-button\" download aria-describedby=\"wp-block-file--media-f6f52f59-61c4-41de-9243-0ca64e2825a7\">Download<\/a><\/div>\n<\/div>\n\n\n\n<div class=\"wp-block-column is-layout-flow wp-block-column-is-layout-flow\" style=\"flex-basis:50%\">\n<figure class=\"wp-block-image size-large\"><img loading=\"lazy\" decoding=\"async\" width=\"1024\" height=\"768\" src=\"https:\/\/smalsparet.com\/wp-content\/uploads\/2021\/02\/2018_S_2142-1024x768.jpg\" alt=\"Flaten station, under p\u00e5g\u00e5ende renovering 2018. Stationshuset \u00e4gs av f\u00f6reningen sedan 2017.\" class=\"wp-image-4234\" srcset=\"https:\/\/smalsparet.com\/wp-content\/uploads\/2021\/02\/2018_S_2142-1024x768.jpg 1024w, https:\/\/smalsparet.com\/wp-content\/uploads\/2021\/02\/2018_S_2142-300x225.jpg 300w, https:\/\/smalsparet.com\/wp-content\/uploads\/2021\/02\/2018_S_2142-768x576.jpg 768w, https:\/\/smalsparet.com\/wp-content\/uploads\/2021\/02\/2018_S_2142-1536x1152.jpg 1536w, https:\/\/smalsparet.com\/wp-content\/uploads\/2021\/02\/2018_S_2142-2048x1536.jpg 2048w, https:\/\/smalsparet.com\/wp-content\/uploads\/2021\/02\/2018_S_2142-600x450.jpg 600w\" sizes=\"auto, (max-width: 1024px) 100vw, 1024px\" \/><figcaption class=\"wp-element-caption\">Flaten station during ongoing renovation in 2018. The station building is owned by the association since 2017.<\/figcaption><\/figure>\n\n\n\n<figure class=\"wp-block-image size-large\"><img loading=\"lazy\" decoding=\"async\" width=\"1024\" height=\"576\" src=\"https:\/\/smalsparet.com\/wp-content\/uploads\/2021\/02\/20201019_095659-1024x576.jpg\" alt=\"Flaten station under sluttampen av renoveringen, h\u00f6sten 2020.\" class=\"wp-image-4337\" srcset=\"https:\/\/smalsparet.com\/wp-content\/uploads\/2021\/02\/20201019_095659-1024x576.jpg 1024w, https:\/\/smalsparet.com\/wp-content\/uploads\/2021\/02\/20201019_095659-300x169.jpg 300w, https:\/\/smalsparet.com\/wp-content\/uploads\/2021\/02\/20201019_095659-768x432.jpg 768w, https:\/\/smalsparet.com\/wp-content\/uploads\/2021\/02\/20201019_095659-1536x864.jpg 1536w, https:\/\/smalsparet.com\/wp-content\/uploads\/2021\/02\/20201019_095659-2048x1152.jpg 2048w, https:\/\/smalsparet.com\/wp-content\/uploads\/2021\/02\/20201019_095659-600x338.jpg 600w\" sizes=\"auto, (max-width: 1024px) 100vw, 1024px\" \/><figcaption class=\"wp-element-caption\">Flaten station during the final stages of renovation in autumn 2020.<\/figcaption><\/figure>\n<\/div>\n<\/div>\n<\/div><\/div>\n\n\n\n<div class=\"wp-block-group alignfull has-background\" style=\"background-color:#001524\"><div class=\"wp-block-group__inner-container is-layout-flow wp-block-group-is-layout-flow\">\n<div class=\"wp-block-columns is-layout-flex wp-container-core-columns-is-layout-28f84493 wp-block-columns-is-layout-flex\">\n<div class=\"wp-block-column is-layout-flow wp-block-column-is-layout-flow\" style=\"flex-basis:40%\">\n<h5 class=\"has-white-color has-text-color wp-block-heading\">About Smalsp\u00e5ret<\/h5>\n\n\n\n<div class=\"wp-block-image\"><figure class=\"alignleft size-large is-resized\"><img loading=\"lazy\" decoding=\"async\" src=\"https:\/\/smalsparet.com\/wp-content\/uploads\/2020\/12\/FSVV_symbol@2x.png\" alt=\"F\u00f6reningen Smalsp\u00e5ret V\u00e4xj\u00f6-V\u00e4stervik\" class=\"wp-image-3909\" width=\"84\" height=\"84\" srcset=\"https:\/\/smalsparet.com\/wp-content\/uploads\/2020\/12\/FSVV_symbol@2x.png 600w, https:\/\/smalsparet.com\/wp-content\/uploads\/2020\/12\/FSVV_symbol@2x-300x300.png 300w, https:\/\/smalsparet.com\/wp-content\/uploads\/2020\/12\/FSVV_symbol@2x-150x150.png 150w, https:\/\/smalsparet.com\/wp-content\/uploads\/2020\/12\/FSVV_symbol@2x-12x12.png 12w, https:\/\/smalsparet.com\/wp-content\/uploads\/2020\/12\/FSVV_symbol@2x-100x100.png 100w, https:\/\/smalsparet.com\/wp-content\/uploads\/2020\/12\/FSVV_symbol@2x-500x500.png 500w, https:\/\/smalsparet.com\/wp-content\/uploads\/2020\/12\/FSVV_symbol@2x-70x70.png 70w\" sizes=\"auto, (max-width: 84px) 100vw, 84px\" \/><\/figure><\/div>\n\n\n\n<p class=\"has-cyan-bluish-gray-color has-text-color\">F\u00f6reningen Smalsp\u00e5ret V\u00e4xj\u00f6-V\u00e4stervik is a non-profit non-political association founded in 1984 and now has more than one thousand members.<\/p>\n\n\n\n<p class=\"has-cyan-bluish-gray-color has-text-color\">The association works to preserve and develop the narrow-gauge railway between V\u00e4xj\u00f6 and V\u00e4stervik in its current routing. Read more about the association. <a href=\"#\">more about the association<\/a>.<\/p>\n<\/div>\n\n\n\n<div class=\"wp-block-column is-layout-flow wp-block-column-is-layout-flow\" style=\"flex-basis:26.67%\">\n<h5 class=\"has-text-align-left has-white-color has-text-color wp-block-heading\">Contact us<\/h5>\n\n\n<nav class=\"has-text-color has-cyan-bluish-gray-color is-responsive wp-block-navigation is-layout-flex wp-block-navigation-is-layout-flex\" \n\t\t data-wp-interactive=\"core\/navigation\" data-wp-context='{\"overlayOpenedBy\":{\"click\":false,\"hover\":false,\"focus\":false},\"type\":\"overlay\",\"roleAttribute\":\"\",\"ariaLabel\":\"Menu\"}'><button aria-haspopup=\"dialog\" aria-label=\"Open menu\" class=\"wp-block-navigation__responsive-container-open\" \n\t\t\t\tdata-wp-on--click=\"actions.openMenuOnClick\"\n\t\t\t\tdata-wp-on--keydown=\"actions.handleMenuKeydown\"\n\t\t\t><svg width=\"24\" height=\"24\" xmlns=\"http:\/\/www.w3.org\/2000\/svg\" viewbox=\"0 0 24 24\" aria-hidden=\"true\" focusable=\"false\"><path d=\"M4 7.5h16v1.5H4z\"><\/path><path d=\"M4 15h16v1.5H4z\"><\/path><\/svg><\/button>\n\t\t\t\t<div class=\"wp-block-navigation__responsive-container\"  id=\"modal-1\" \n\t\t\t\tdata-wp-class--has-modal-open=\"state.isMenuOpen\"\n\t\t\t\tdata-wp-class--is-menu-open=\"state.isMenuOpen\"\n\t\t\t\tdata-wp-watch=\"callbacks.initMenu\"\n\t\t\t\tdata-wp-on--keydown=\"actions.handleMenuKeydown\"\n\t\t\t\tdata-wp-on--focusout=\"actions.handleMenuFocusout\"\n\t\t\t\ttabindex=\"-1\"\n\t\t\t>\n\t\t\t\t\t<div class=\"wp-block-navigation__responsive-close\" tabindex=\"-1\">\n\t\t\t\t\t\t<div class=\"wp-block-navigation__responsive-dialog\" \n\t\t\t\tdata-wp-bind--aria-modal=\"state.ariaModal\"\n\t\t\t\tdata-wp-bind--aria-label=\"state.ariaLabel\"\n\t\t\t\tdata-wp-bind--role=\"state.roleAttribute\"\n\t\t\t>\n\t\t\t\t\t\t\t<button aria-label=\"Close menu\" class=\"wp-block-navigation__responsive-container-close\" \n\t\t\t\tdata-wp-on--click=\"actions.closeMenuOnClick\"\n\t\t\t><svg xmlns=\"http:\/\/www.w3.org\/2000\/svg\" viewbox=\"0 0 24 24\" width=\"24\" height=\"24\" aria-hidden=\"true\" focusable=\"false\"><path d=\"m13.06 12 6.47-6.47-1.06-1.06L12 10.94 5.53 4.47 4.47 5.53 10.94 12l-6.47 6.47 1.06 1.06L12 13.06l6.47 6.47 1.06-1.06L13.06 12Z\"><\/path><\/svg><\/button>\n\t\t\t\t\t\t\t<div class=\"wp-block-navigation__responsive-container-content\" \n\t\t\t\tdata-wp-watch=\"callbacks.focusFirstElement\"\n\t\t\t id=\"modal-1-content\">\n\t\t\t\t\t\t\t\t<ul class=\"wp-block-navigation__container has-text-color has-cyan-bluish-gray-color is-responsive wp-block-navigation\"><li class=\"wp-block-navigation-item wp-block-navigation-link\"><a class=\"wp-block-navigation-item__content\"  href=\"http:\/\/maps.google.com\/?q=S%C3%B6dra%20J%C3%A4rnv%C3%A4gsgatan%2020,%20577%2071,%20Virserum\"><span class=\"wp-block-navigation-item__label\"><strong>Address<\/strong>: <em>Box 1, 577 03, Virserum<\/em><\/span><\/a><\/li><li class=\"wp-block-navigation-item wp-block-navigation-link\"><a class=\"wp-block-navigation-item__content\"  href=\"mailto:info@smalsparet.com\"><span class=\"wp-block-navigation-item__label\"><strong>E-mail:<\/strong> info@smalsparet.com<\/span><\/a><\/li><li class=\"wp-block-navigation-item wp-block-navigation-link\"><a class=\"wp-block-navigation-item__content\"  href=\"tel:004649510808\"><span class=\"wp-block-navigation-item__label\"><strong>Trolley Virserum\/\u00c5seda:<\/strong> 0495-108 08<\/span><\/a><\/li><li class=\"wp-block-navigation-item wp-block-navigation-link\"><a class=\"wp-block-navigation-item__content\"  href=\"tel:0046495650880\"><span class=\"wp-block-navigation-item__label\"><strong>Trolley Flaten\/Hultsfred: <\/strong>0495-650 880<\/span><\/a><\/li><\/ul>\n\t\t\t\t\t\t\t<\/div>\n\t\t\t\t\t\t<\/div>\n\t\t\t\t\t<\/div>\n\t\t\t\t<\/div><\/nav><\/div>\n\n\n\n<div class=\"wp-block-column is-layout-flow wp-block-column-is-layout-flow\" style=\"flex-basis:33.33%\"><script>(function() {\n\twindow.mc4wp = window.mc4wp || {\n\t\tlisteners: [],\n\t\tforms: {\n\t\t\ton: function(evt, cb) {\n\t\t\t\twindow.mc4wp.listeners.push(\n\t\t\t\t\t{\n\t\t\t\t\t\tevent   : evt,\n\t\t\t\t\t\tcallback: cb\n\t\t\t\t\t}\n\t\t\t\t);\n\t\t\t}\n\t\t}\n\t}\n})();\n<\/script><!-- Mailchimp for WordPress v4.11.1 - https:\/\/wordpress.org\/plugins\/mailchimp-for-wp\/ --><form id=\"mc4wp-form-1\" class=\"mc4wp-form mc4wp-form-4128\" method=\"post\" data-id=\"4128\" data-name=\"Nyhetsbrev sidfot\" action=\"\" ><div class=\"mc4wp-form-fields\"><p class=\"has-cyan-bluish-gray-color\">\r\n\t<label>E-mail address: \r\n\t\t<input type=\"email\" name=\"EMAIL\" placeholder=\"Your e-mail address\" required \/>\r\n<\/label>\r\n<\/p>\r\n\r\n<p class=\"has-cyan-bluish-gray-color\">\r\n    <label>\r\n        <input name=\"AGREE_TO_TERMS\" type=\"checkbox\" value=\"1\" required=\"\" style=\"margin-right: 10px;\">I have read and approve the terms and conditions<\/label>\r\n<\/p>\r\n\r\n<p>\r\n\t<input type=\"submit\" value=\"Register\" \/>\r\n<\/p><\/div><label style=\"display: none !important;\">Leave this field empty if you're human: <input type=\"text\" name=\"_mc4wp_honeypot\" value=\"\" tabindex=\"-1\" autocomplete=\"off\" \/><\/label><input type=\"hidden\" name=\"_mc4wp_timestamp\" value=\"1776180713\" \/><input type=\"hidden\" name=\"_mc4wp_form_id\" value=\"4128\" \/><input type=\"hidden\" name=\"_mc4wp_form_element_id\" value=\"mc4wp-form-1\" \/><div class=\"mc4wp-response\"><\/div><input type=\"hidden\" name=\"trp-form-language\" value=\"en\"\/><\/form><!-- \/ Mailchimp for WordPress Plugin -->\n\n\n<p><\/p>\n<\/div>\n<\/div>\n<\/div><\/div>\n\n\n\n<p><\/p>","protected":false},"excerpt":{"rendered":"<p>Om f\u00f6reningen F\u00f6reningen Smalsp\u00e5ret V\u00e4xj\u00f6-V\u00e4stervik \u00e4r en ideell opolitisk f\u00f6rening, med \u00f6ver 1000 medlemmar, som arbetar f\u00f6r att j\u00e4rnv\u00e4gen i sin nuvarande str\u00e4ckning bevaras och utvecklas s\u00e5 att den kan trafikeras i sin helhet p\u00e5 l\u00e4mpligt s\u00e4tt. F\u00f6reningen \u00e4r organisatoriskt indelad i en storf\u00f6rening och ett antal lokalavdelningar, som var och en har egna styrelser. [&hellip;]<\/p>\n","protected":false},"author":1,"featured_media":0,"parent":3612,"menu_order":0,"comment_status":"closed","ping_status":"closed","template":"","meta":{"om_disable_all_campaigns":false,"_uag_custom_page_level_css":"","_monsterinsights_skip_tracking":false,"_monsterinsights_sitenote_active":false,"_monsterinsights_sitenote_note":"","_monsterinsights_sitenote_category":0,"site-sidebar-layout":"no-sidebar","site-content-layout":"page-builder","ast-site-content-layout":"full-width-container","site-content-style":"unboxed","site-sidebar-style":"unboxed","ast-global-header-display":"","ast-banner-title-visibility":"","ast-main-header-display":"","ast-hfb-above-header-display":"","ast-hfb-below-header-display":"","ast-hfb-mobile-header-display":"","site-post-title":"disabled","ast-breadcrumbs-content":"","ast-featured-img":"","footer-sml-layout":"","ast-disable-related-posts":"","theme-transparent-header-meta":"default","adv-header-id-meta":"","stick-header-meta":"","header-above-stick-meta":"","header-main-stick-meta":"","header-below-stick-meta":"","astra-migrate-meta-layouts":"set","ast-page-background-enabled":"default","ast-page-background-meta":{"desktop":{"background-color":"","background-image":"","background-repeat":"repeat","background-position":"center center","background-size":"auto","background-attachment":"scroll","background-type":"","background-media":"","overlay-type":"","overlay-color":"","overlay-opacity":"","overlay-gradient":""},"tablet":{"background-color":"","background-image":"","background-repeat":"repeat","background-position":"center center","background-size":"auto","background-attachment":"scroll","background-type":"","background-media":"","overlay-type":"","overlay-color":"","overlay-opacity":"","overlay-gradient":""},"mobile":{"background-color":"","background-image":"","background-repeat":"repeat","background-position":"center center","background-size":"auto","background-attachment":"scroll","background-type":"","background-media":"","overlay-type":"","overlay-color":"","overlay-opacity":"","overlay-gradient":""}},"ast-content-background-meta":{"desktop":{"background-color":"var(--ast-global-color-5)","background-image":"","background-repeat":"repeat","background-position":"center center","background-size":"auto","background-attachment":"scroll","background-type":"","background-media":"","overlay-type":"","overlay-color":"","overlay-opacity":"","overlay-gradient":""},"tablet":{"background-color":"var(--ast-global-color-5)","background-image":"","background-repeat":"repeat","background-position":"center center","background-size":"auto","background-attachment":"scroll","background-type":"","background-media":"","overlay-type":"","overlay-color":"","overlay-opacity":"","overlay-gradient":""},"mobile":{"background-color":"var(--ast-global-color-5)","background-image":"","background-repeat":"repeat","background-position":"center center","background-size":"auto","background-attachment":"scroll","background-type":"","background-media":"","overlay-type":"","overlay-color":"","overlay-opacity":"","overlay-gradient":""}},"footnotes":""},"class_list":["post-4306","page","type-page","status-publish","hentry"],"aioseo_notices":[],"spectra_custom_meta":{"_edit_lock":["1713019355:3"],"_edit_last":["3"],"site-sidebar-layout":["no-sidebar"],"site-content-layout":["page-builder"],"theme-transparent-header-meta":["default"],"site-post-title":["disabled"],"om_disable_all_campaigns":[""],"_uag_custom_page_level_css":[""],"_monsterinsights_skip_tracking":[""],"_monsterinsights_sitenote_active":[""],"ast-site-content-layout":["full-width-container"],"site-content-style":["unboxed"],"site-sidebar-style":["unboxed"],"adv-header-id-meta":[""],"stick-header-meta":[""],"astra-migrate-meta-layouts":["set"],"footnotes":[""],"_aioseo_title":[null],"_aioseo_description":[null],"_aioseo_keywords":[""],"_aioseo_og_title":[null],"_aioseo_og_description":[null],"_aioseo_og_article_section":[""],"_aioseo_og_article_tags":[""],"_aioseo_twitter_title":[null],"_aioseo_twitter_description":[null],"_uag_page_assets":["a:9:{s:3:\"css\";s:0:\"\";s:2:\"js\";s:0:\"\";s:18:\"current_block_list\";a:15:{i:0;s:10:\"core\/group\";i:1;s:12:\"core\/heading\";i:2;s:14:\"core\/paragraph\";i:4;s:12:\"core\/columns\";i:5;s:11:\"core\/column\";i:6;s:9:\"core\/list\";i:7;s:14:\"core\/list-item\";i:8;s:9:\"core\/file\";i:10;s:10:\"core\/image\";i:11;s:15:\"core\/navigation\";i:12;s:20:\"core\/navigation-link\";i:14;s:21:\"mailchimp-for-wp\/form\";i:15;s:26:\"woocommerce\/product-search\";i:16;s:27:\"woocommerce\/product-on-sale\";i:17;s:32:\"woocommerce\/product-best-sellers\";}s:8:\"uag_flag\";b:0;s:11:\"uag_version\";s:10:\"1776144756\";s:6:\"gfonts\";a:0:{}s:10:\"gfonts_url\";s:0:\"\";s:12:\"gfonts_files\";a:0:{}s:14:\"uag_faq_layout\";b:0;}"]},"uagb_featured_image_src":{"full":false,"thumbnail":false,"medium":false,"medium_large":false,"large":false,"1536x1536":false,"2048x2048":false,"trp-custom-language-flag":false,"woocommerce_thumbnail":false,"woocommerce_single":false,"woocommerce_gallery_thumbnail":false,"awb_sm":false,"awb_md":false,"awb_lg":false,"awb_xl":false},"uagb_author_info":{"display_name":"admin","author_link":"https:\/\/smalsparet.com\/en\/author\/olafjlindstrom_ciz3lt7h\/"},"uagb_comment_info":0,"uagb_excerpt":"Om f\u00f6reningen F\u00f6reningen Smalsp\u00e5ret V\u00e4xj\u00f6-V\u00e4stervik \u00e4r en ideell opolitisk f\u00f6rening, med \u00f6ver 1000 medlemmar, som arbetar f\u00f6r att j\u00e4rnv\u00e4gen i sin nuvarande str\u00e4ckning bevaras och utvecklas s\u00e5 att den kan trafikeras i sin helhet p\u00e5 l\u00e4mpligt s\u00e4tt. F\u00f6reningen \u00e4r organisatoriskt indelad i en storf\u00f6rening och ett antal lokalavdelningar, som var och en har egna styrelser.&hellip;","_links":{"self":[{"href":"https:\/\/smalsparet.com\/en\/wp-json\/wp\/v2\/pages\/4306","targetHints":{"allow":["GET"]}}],"collection":[{"href":"https:\/\/smalsparet.com\/en\/wp-json\/wp\/v2\/pages"}],"about":[{"href":"https:\/\/smalsparet.com\/en\/wp-json\/wp\/v2\/types\/page"}],"author":[{"embeddable":true,"href":"https:\/\/smalsparet.com\/en\/wp-json\/wp\/v2\/users\/1"}],"replies":[{"embeddable":true,"href":"https:\/\/smalsparet.com\/en\/wp-json\/wp\/v2\/comments?post=4306"}],"version-history":[{"count":16,"href":"https:\/\/smalsparet.com\/en\/wp-json\/wp\/v2\/pages\/4306\/revisions"}],"predecessor-version":[{"id":8416,"href":"https:\/\/smalsparet.com\/en\/wp-json\/wp\/v2\/pages\/4306\/revisions\/8416"}],"up":[{"embeddable":true,"href":"https:\/\/smalsparet.com\/en\/wp-json\/wp\/v2\/pages\/3612"}],"wp:attachment":[{"href":"https:\/\/smalsparet.com\/en\/wp-json\/wp\/v2\/media?parent=4306"}],"curies":[{"name":"wp","href":"https:\/\/api.w.org\/{rel}","templated":true}]}}