{"id":9007,"date":"2025-11-11T15:56:53","date_gmt":"2025-11-11T15:56:53","guid":{"rendered":"https:\/\/smalsparet.com\/?post_type=product&#038;p=9007"},"modified":"2026-03-04T20:32:52","modified_gmt":"2026-03-04T20:32:52","slug":"almanacka-2026","status":"publish","type":"product","link":"https:\/\/smalsparet.com\/de\/produkt\/almanacka-2026\/","title":{"rendered":"Almanach 2026"},"content":{"rendered":"<p>Kaufen Sie Ihr Exemplar des Schmalspur-Almanachs f\u00fcr das Jahr 2026. Der Kalender ist in Farbe gedruckt, hat schwedische Feiertage markiert und enth\u00e4lt eine Reihe von bisher unver\u00f6ffentlichten Bildern des Vereins. Er hat das Format A4 und ist faltbar, so dass er auch auf kleineren Fl\u00e4chen leicht aufgeh\u00e4ngt werden kann.<\/p>\n<p>Bilder aus j\u00fcngerer und historischer Zeit, die meisten davon bisher unver\u00f6ffentlicht.<\/p>","protected":false},"excerpt":{"rendered":"<p>K\u00f6p ditt exemplar av Smalsp\u00e5rsalmanackan f\u00f6r 2026. Kalendern trycks i f\u00e4rg, har svenska helgdagar utm\u00e4rkta samt inneh\u00e5ller ett flertal tidigare av f\u00f6reningen opublicerade bilder. Formatet \u00e4r A4 vikbart, f\u00f6r enklare upph\u00e4ngning \u00e4ven p\u00e5 mindre ytor. Bilder av b\u00e5de nyare och mer historisk karakt\u00e4r, flertalet tidigare ej publicerade bilder.<\/p>","protected":false},"featured_media":9008,"comment_status":"closed","ping_status":"closed","template":"","meta":{"om_disable_all_campaigns":false,"_uag_custom_page_level_css":"","_monsterinsights_skip_tracking":false,"_monsterinsights_sitenote_active":false,"_monsterinsights_sitenote_note":"","_monsterinsights_sitenote_category":0,"site-sidebar-layout":"default","site-content-layout":"default","ast-site-content-layout":"default","site-content-style":"default","site-sidebar-style":"default","ast-global-header-display":"","ast-banner-title-visibility":"","ast-main-header-display":"","ast-hfb-above-header-display":"","ast-hfb-below-header-display":"","ast-hfb-mobile-header-display":"","site-post-title":"","ast-breadcrumbs-content":"","ast-featured-img":"","footer-sml-layout":"","ast-disable-related-posts":"","theme-transparent-header-meta":"default","adv-header-id-meta":"","stick-header-meta":"","header-above-stick-meta":"","header-main-stick-meta":"","header-below-stick-meta":"","astra-migrate-meta-layouts":"set","ast-page-background-enabled":"default","ast-page-background-meta":{"desktop":{"background-color":"","background-image":"","background-repeat":"repeat","background-position":"center center","background-size":"auto","background-attachment":"scroll","background-type":"","background-media":"","overlay-type":"","overlay-color":"","overlay-opacity":"","overlay-gradient":""},"tablet":{"background-color":"","background-image":"","background-repeat":"repeat","background-position":"center center","background-size":"auto","background-attachment":"scroll","background-type":"","background-media":"","overlay-type":"","overlay-color":"","overlay-opacity":"","overlay-gradient":""},"mobile":{"background-color":"","background-image":"","background-repeat":"repeat","background-position":"center center","background-size":"auto","background-attachment":"scroll","background-type":"","background-media":"","overlay-type":"","overlay-color":"","overlay-opacity":"","overlay-gradient":""}},"ast-content-background-meta":{"desktop":{"background-color":"var(--ast-global-color-5)","background-image":"","background-repeat":"repeat","background-position":"center center","background-size":"auto","background-attachment":"scroll","background-type":"","background-media":"","overlay-type":"","overlay-color":"","overlay-opacity":"","overlay-gradient":""},"tablet":{"background-color":"var(--ast-global-color-5)","background-image":"","background-repeat":"repeat","background-position":"center center","background-size":"auto","background-attachment":"scroll","background-type":"","background-media":"","overlay-type":"","overlay-color":"","overlay-opacity":"","overlay-gradient":""},"mobile":{"background-color":"var(--ast-global-color-5)","background-image":"","background-repeat":"repeat","background-position":"center center","background-size":"auto","background-attachment":"scroll","background-type":"","background-media":"","overlay-type":"","overlay-color":"","overlay-opacity":"","overlay-gradient":""}}},"product_brand":[],"product_cat":[83,25],"product_tag":[],"class_list":{"0":"post-9007","1":"product","2":"type-product","3":"status-publish","4":"has-post-thumbnail","6":"product_cat-black-friday-2025","7":"product_cat-ovrigt","8":"desktop-align-center","9":"tablet-align-center","10":"mobile-align-center","12":"first","13":"instock","14":"sale","15":"featured","16":"taxable","17":"shipping-taxable","18":"purchasable","19":"product-type-simple"},"aioseo_notices":[],"spectra_custom_meta":{"_regular_price":["169"],"total_sales":["48"],"_tax_status":["taxable"],"_tax_class":[""],"_manage_stock":["yes"],"_backorders":["no"],"_sold_individually":["no"],"_weight":["490"],"_virtual":["no"],"_downloadable":["no"],"_download_limit":["-1"],"_download_expiry":["-1"],"_thumbnail_id":["9008"],"_stock":["11"],"_stock_status":["instock"],"_wc_average_rating":["0"],"_wc_review_count":["0"],"_product_version":["10.5.3"],"_price":["139"],"_yoast_wpseo_content_score":["60"],"_wc_facebook_sync_enabled":["yes"],"fb_visibility":["yes"],"fb_product_description":[""],"_wc_facebook_product_image_source":["product"],"_wc_facebook_commerce_enabled":["no"],"_yoast_wpseo_estimated-reading-time-minutes":["1"],"site-sidebar-layout":["default"],"site-content-layout":["default"],"theme-transparent-header-meta":["default"],"_primary_term_product_cat":["25"],"_aioseo_keywords":["a:0:{}"],"_aioseo_og_article_tags":["a:0:{}"],"_monsterinsights_sitenote_active":["0"],"om_disable_all_campaigns":[""],"ast-site-content-layout":["default"],"site-content-style":["default"],"site-sidebar-style":["default"],"fb_brand":[""],"fb_mpn":[""],"_aioseo_og_article_section":[""],"_edit_lock":["1769287795:3"],"_edit_last":["3"],"fb_rich_text_description":[""],"fb_product_video":["a:0:{}"],"fb_product_group_id":["1183992396987031"],"_aioseo_og_title":[""],"_aioseo_og_description":[""],"_aioseo_twitter_title":[""],"_aioseo_twitter_description":[""],"fb_product_item_id":["24246628178345409"],"_aioseo_title":[null],"_aioseo_description":[null],"astra-migrate-meta-layouts":["set"],"_sale_price":["139"],"_uag_page_assets":["a:9:{s:3:\"css\";s:0:\"\";s:2:\"js\";s:0:\"\";s:18:\"current_block_list\";a:5:{i:0;s:26:\"woocommerce\/product-search\";i:1;s:10:\"core\/group\";i:2;s:12:\"core\/heading\";i:3;s:27:\"woocommerce\/product-on-sale\";i:4;s:32:\"woocommerce\/product-best-sellers\";}s:8:\"uag_flag\";b:0;s:11:\"uag_version\";s:10:\"1775301941\";s:6:\"gfonts\";a:0:{}s:10:\"gfonts_url\";s:0:\"\";s:12:\"gfonts_files\";a:0:{}s:14:\"uag_faq_layout\";b:0;}"]},"uagb_featured_image_src":{"full":["https:\/\/smalsparet.com\/wp-content\/uploads\/2025\/11\/almanacka2026.jpg",1754,1240,false],"thumbnail":["https:\/\/smalsparet.com\/wp-content\/uploads\/2025\/11\/almanacka2026-150x150.jpg",150,150,true],"medium":["https:\/\/smalsparet.com\/wp-content\/uploads\/2025\/11\/almanacka2026-300x212.jpg",300,212,true],"medium_large":["https:\/\/smalsparet.com\/wp-content\/uploads\/2025\/11\/almanacka2026-768x543.jpg",768,543,true],"large":["https:\/\/smalsparet.com\/wp-content\/uploads\/2025\/11\/almanacka2026-1024x724.jpg",1024,724,true],"1536x1536":["https:\/\/smalsparet.com\/wp-content\/uploads\/2025\/11\/almanacka2026-1536x1086.jpg",1536,1086,true],"2048x2048":["https:\/\/smalsparet.com\/wp-content\/uploads\/2025\/11\/almanacka2026.jpg",1754,1240,false],"trp-custom-language-flag":["https:\/\/smalsparet.com\/wp-content\/uploads\/2025\/11\/almanacka2026-18x12.jpg",18,12,true],"woocommerce_thumbnail":["https:\/\/smalsparet.com\/wp-content\/uploads\/2025\/11\/almanacka2026-300x300.jpg",300,300,true],"woocommerce_single":["https:\/\/smalsparet.com\/wp-content\/uploads\/2025\/11\/almanacka2026-600x424.jpg",600,424,true],"woocommerce_gallery_thumbnail":["https:\/\/smalsparet.com\/wp-content\/uploads\/2025\/11\/almanacka2026-100x100.jpg",100,100,true],"awb_sm":["https:\/\/smalsparet.com\/wp-content\/uploads\/2025\/11\/almanacka2026-500x353.jpg",500,353,true],"awb_md":["https:\/\/smalsparet.com\/wp-content\/uploads\/2025\/11\/almanacka2026-800x566.jpg",800,566,true],"awb_lg":["https:\/\/smalsparet.com\/wp-content\/uploads\/2025\/11\/almanacka2026-1280x905.jpg",1280,905,true],"awb_xl":["https:\/\/smalsparet.com\/wp-content\/uploads\/2025\/11\/almanacka2026.jpg",1754,1240,false]},"uagb_author_info":{"display_name":"Olaf","author_link":"https:\/\/smalsparet.com\/de\/author\/"},"uagb_comment_info":0,"uagb_excerpt":"K\u00f6p ditt exemplar av Smalsp\u00e5rsalmanackan f\u00f6r 2026. Kalendern trycks i f\u00e4rg, har svenska helgdagar utm\u00e4rkta samt inneh\u00e5ller ett flertal tidigare av f\u00f6reningen opublicerade bilder. Formatet \u00e4r A4 vikbart, f\u00f6r enklare upph\u00e4ngning \u00e4ven p\u00e5 mindre ytor. Bilder av b\u00e5de nyare och mer historisk karakt\u00e4r, flertalet tidigare ej publicerade bilder.","_links":{"self":[{"href":"https:\/\/smalsparet.com\/de\/wp-json\/wp\/v2\/product\/9007","targetHints":{"allow":["GET"]}}],"collection":[{"href":"https:\/\/smalsparet.com\/de\/wp-json\/wp\/v2\/product"}],"about":[{"href":"https:\/\/smalsparet.com\/de\/wp-json\/wp\/v2\/types\/product"}],"replies":[{"embeddable":true,"href":"https:\/\/smalsparet.com\/de\/wp-json\/wp\/v2\/comments?post=9007"}],"wp:featuredmedia":[{"embeddable":true,"href":"https:\/\/smalsparet.com\/de\/wp-json\/wp\/v2\/media\/9008"}],"wp:attachment":[{"href":"https:\/\/smalsparet.com\/de\/wp-json\/wp\/v2\/media?parent=9007"}],"wp:term":[{"taxonomy":"product_brand","embeddable":true,"href":"https:\/\/smalsparet.com\/de\/wp-json\/wp\/v2\/product_brand?post=9007"},{"taxonomy":"product_cat","embeddable":true,"href":"https:\/\/smalsparet.com\/de\/wp-json\/wp\/v2\/product_cat?post=9007"},{"taxonomy":"product_tag","embeddable":true,"href":"https:\/\/smalsparet.com\/de\/wp-json\/wp\/v2\/product_tag?post=9007"}],"curies":[{"name":"wp","href":"https:\/\/api.w.org\/{rel}","templated":true}]}}