{"id":8469,"date":"2024-06-19T15:16:00","date_gmt":"2024-06-19T15:16:00","guid":{"rendered":"https:\/\/smalsparet.com\/?post_type=product&#038;p=8469"},"modified":"2026-02-25T14:43:31","modified_gmt":"2026-02-25T14:43:31","slug":"virserums-hembygdsbok-2024","status":"publish","type":"product","link":"https:\/\/smalsparet.com\/de\/produkt\/virserums-hembygdsbok-2024\/","title":{"rendered":"Virserum Heimatkundebuch 2024"},"content":{"rendered":"<p>Virserums Heimatkundebuch, Band 10, 2024. Lesen Sie unter anderem \u00fcber:<\/p>\n<ul>\n<li>Kioske<\/li>\n<li>Fagerstr\u00f6ms H\u00e4uschen im Park seiner Heimatstadt<\/li>\n<li>Das Unternehmen<\/li>\n<li>\u00a0Die Kunststoffindustrie<\/li>\n<li>Karl Holm<\/li>\n<li>Wei\u00dfes Band<\/li>\n<\/ul>","protected":false},"excerpt":{"rendered":"<p>Virserums Heimatbuch, Band 10, 2024. Lesen Sie u.a. \u00fcber: Kioske Fagerstr\u00f6ms H\u00e4uschen im Stadtpark Bolaget Plastindustrierna Karl Holm Vita bandet<\/p>","protected":false},"featured_media":8470,"comment_status":"closed","ping_status":"closed","template":"","meta":{"om_disable_all_campaigns":false,"_uag_custom_page_level_css":"","_monsterinsights_skip_tracking":false,"_monsterinsights_sitenote_active":false,"_monsterinsights_sitenote_note":"","_monsterinsights_sitenote_category":0,"site-sidebar-layout":"default","site-content-layout":"","ast-site-content-layout":"default","site-content-style":"default","site-sidebar-style":"default","ast-global-header-display":"","ast-banner-title-visibility":"","ast-main-header-display":"","ast-hfb-above-header-display":"","ast-hfb-below-header-display":"","ast-hfb-mobile-header-display":"","site-post-title":"","ast-breadcrumbs-content":"","ast-featured-img":"","footer-sml-layout":"","ast-disable-related-posts":"","theme-transparent-header-meta":"default","adv-header-id-meta":"","stick-header-meta":"","header-above-stick-meta":"","header-main-stick-meta":"","header-below-stick-meta":"","astra-migrate-meta-layouts":"set","ast-page-background-enabled":"default","ast-page-background-meta":{"desktop":{"background-color":"","background-image":"","background-repeat":"repeat","background-position":"center center","background-size":"auto","background-attachment":"scroll","background-type":"","background-media":"","overlay-type":"","overlay-color":"","overlay-opacity":"","overlay-gradient":""},"tablet":{"background-color":"","background-image":"","background-repeat":"repeat","background-position":"center center","background-size":"auto","background-attachment":"scroll","background-type":"","background-media":"","overlay-type":"","overlay-color":"","overlay-opacity":"","overlay-gradient":""},"mobile":{"background-color":"","background-image":"","background-repeat":"repeat","background-position":"center center","background-size":"auto","background-attachment":"scroll","background-type":"","background-media":"","overlay-type":"","overlay-color":"","overlay-opacity":"","overlay-gradient":""}},"ast-content-background-meta":{"desktop":{"background-color":"var(--ast-global-color-5)","background-image":"","background-repeat":"repeat","background-position":"center center","background-size":"auto","background-attachment":"scroll","background-type":"","background-media":"","overlay-type":"","overlay-color":"","overlay-opacity":"","overlay-gradient":""},"tablet":{"background-color":"var(--ast-global-color-5)","background-image":"","background-repeat":"repeat","background-position":"center center","background-size":"auto","background-attachment":"scroll","background-type":"","background-media":"","overlay-type":"","overlay-color":"","overlay-opacity":"","overlay-gradient":""},"mobile":{"background-color":"var(--ast-global-color-5)","background-image":"","background-repeat":"repeat","background-position":"center center","background-size":"auto","background-attachment":"scroll","background-type":"","background-media":"","overlay-type":"","overlay-color":"","overlay-opacity":"","overlay-gradient":""}}},"product_brand":[],"product_cat":[83,23],"product_tag":[],"class_list":{"0":"post-8469","1":"product","2":"type-product","3":"status-publish","4":"has-post-thumbnail","6":"product_cat-black-friday-2025","7":"product_cat-bok","8":"desktop-align-center","9":"tablet-align-center","10":"mobile-align-center","12":"first","13":"instock","14":"taxable","15":"shipping-taxable","16":"purchasable","17":"product-type-simple"},"aioseo_notices":[],"spectra_custom_meta":{"_edit_lock":["1763818028:3"],"_edit_last":["3"],"_thumbnail_id":["8470"],"_regular_price":["180"],"total_sales":["7"],"_tax_status":["taxable"],"_tax_class":["6"],"_manage_stock":["yes"],"_backorders":["no"],"_sold_individually":["no"],"_weight":["200"],"_virtual":["no"],"_downloadable":["no"],"_download_limit":["-1"],"_download_expiry":["-1"],"_stock":["3"],"_stock_status":["instock"],"_wc_average_rating":["0"],"_wc_review_count":["0"],"_product_version":["10.5.2"],"_price":["180"],"_wc_facebook_sync_enabled":["yes"],"fb_visibility":["yes"],"fb_product_description":[""],"_wc_facebook_product_image_source":["product"],"_wc_facebook_commerce_enabled":["no"],"fb_product_group_id":["7130044293764028"],"_aioseo_keywords":["a:0:{}"],"_aioseo_og_article_tags":["a:0:{}"],"_monsterinsights_sitenote_active":["0"],"om_disable_all_campaigns":[""],"site-sidebar-layout":["default"],"ast-site-content-layout":["default"],"site-content-style":["default"],"site-sidebar-style":["default"],"theme-transparent-header-meta":["default"],"fb_product_item_id":["7130044747097316"],"_aioseo_og_article_section":[""],"fb_rich_text_description":[""],"fb_product_video":["a:0:{}"],"fb_brand":[""],"fb_mpn":[""],"_aioseo_og_title":[""],"_aioseo_og_description":[""],"_aioseo_twitter_title":[""],"_aioseo_twitter_description":[""],"_aioseo_title":[null],"_aioseo_description":[null],"astra-migrate-meta-layouts":["set"],"_uag_page_assets":["a:9:{s:3:\"css\";s:0:\"\";s:2:\"js\";s:0:\"\";s:18:\"current_block_list\";a:5:{i:0;s:26:\"woocommerce\/product-search\";i:1;s:10:\"core\/group\";i:2;s:12:\"core\/heading\";i:3;s:27:\"woocommerce\/product-on-sale\";i:4;s:32:\"woocommerce\/product-best-sellers\";}s:8:\"uag_flag\";b:0;s:11:\"uag_version\";s:10:\"1775301941\";s:6:\"gfonts\";a:0:{}s:10:\"gfonts_url\";s:0:\"\";s:12:\"gfonts_files\";a:0:{}s:14:\"uag_faq_layout\";b:0;}"]},"uagb_featured_image_src":{"full":["https:\/\/smalsparet.com\/wp-content\/uploads\/2024\/06\/IMG_0788-scaled.jpeg",2232,2560,false],"thumbnail":["https:\/\/smalsparet.com\/wp-content\/uploads\/2024\/06\/IMG_0788-150x150.jpeg",150,150,true],"medium":["https:\/\/smalsparet.com\/wp-content\/uploads\/2024\/06\/IMG_0788-262x300.jpeg",262,300,true],"medium_large":["https:\/\/smalsparet.com\/wp-content\/uploads\/2024\/06\/IMG_0788-768x881.jpeg",768,881,true],"large":["https:\/\/smalsparet.com\/wp-content\/uploads\/2024\/06\/IMG_0788-893x1024.jpeg",893,1024,true],"1536x1536":["https:\/\/smalsparet.com\/wp-content\/uploads\/2024\/06\/IMG_0788-1339x1536.jpeg",1339,1536,true],"2048x2048":["https:\/\/smalsparet.com\/wp-content\/uploads\/2024\/06\/IMG_0788-1786x2048.jpeg",1786,2048,true],"trp-custom-language-flag":["https:\/\/smalsparet.com\/wp-content\/uploads\/2024\/06\/IMG_0788-10x12.jpeg",10,12,true],"woocommerce_thumbnail":["https:\/\/smalsparet.com\/wp-content\/uploads\/2024\/06\/IMG_0788-300x300.jpeg",300,300,true],"woocommerce_single":["https:\/\/smalsparet.com\/wp-content\/uploads\/2024\/06\/IMG_0788-600x688.jpeg",600,688,true],"woocommerce_gallery_thumbnail":["https:\/\/smalsparet.com\/wp-content\/uploads\/2024\/06\/IMG_0788-100x100.jpeg",100,100,true],"awb_sm":["https:\/\/smalsparet.com\/wp-content\/uploads\/2024\/06\/IMG_0788-500x573.jpeg",500,573,true],"awb_md":["https:\/\/smalsparet.com\/wp-content\/uploads\/2024\/06\/IMG_0788-800x918.jpeg",800,918,true],"awb_lg":["https:\/\/smalsparet.com\/wp-content\/uploads\/2024\/06\/IMG_0788-1280x1468.jpeg",1280,1468,true],"awb_xl":["https:\/\/smalsparet.com\/wp-content\/uploads\/2024\/06\/IMG_0788-1920x2202.jpeg",1920,2202,true]},"uagb_author_info":{"display_name":"Olaf","author_link":"https:\/\/smalsparet.com\/de\/author\/"},"uagb_comment_info":0,"uagb_excerpt":"Virserums hembygdsbok \u00e5rg\u00e5ng 10, 2024. \u00a0L\u00e4s bland annat om: Kioskerna Fagerstr\u00f6msstugan i hembygdsparken Bolaget \u00a0Plastindustrierna Karl Holm Vita bandet","_links":{"self":[{"href":"https:\/\/smalsparet.com\/de\/wp-json\/wp\/v2\/product\/8469","targetHints":{"allow":["GET"]}}],"collection":[{"href":"https:\/\/smalsparet.com\/de\/wp-json\/wp\/v2\/product"}],"about":[{"href":"https:\/\/smalsparet.com\/de\/wp-json\/wp\/v2\/types\/product"}],"replies":[{"embeddable":true,"href":"https:\/\/smalsparet.com\/de\/wp-json\/wp\/v2\/comments?post=8469"}],"wp:featuredmedia":[{"embeddable":true,"href":"https:\/\/smalsparet.com\/de\/wp-json\/wp\/v2\/media\/8470"}],"wp:attachment":[{"href":"https:\/\/smalsparet.com\/de\/wp-json\/wp\/v2\/media?parent=8469"}],"wp:term":[{"taxonomy":"product_brand","embeddable":true,"href":"https:\/\/smalsparet.com\/de\/wp-json\/wp\/v2\/product_brand?post=8469"},{"taxonomy":"product_cat","embeddable":true,"href":"https:\/\/smalsparet.com\/de\/wp-json\/wp\/v2\/product_cat?post=8469"},{"taxonomy":"product_tag","embeddable":true,"href":"https:\/\/smalsparet.com\/de\/wp-json\/wp\/v2\/product_tag?post=8469"}],"curies":[{"name":"wp","href":"https:\/\/api.w.org\/{rel}","templated":true}]}}