{"id":8199,"date":"2023-11-23T16:14:55","date_gmt":"2023-11-23T16:14:55","guid":{"rendered":"https:\/\/smalsparet.com\/?post_type=product&#038;p=8199"},"modified":"2025-10-04T10:43:02","modified_gmt":"2025-10-04T10:43:02","slug":"det-kapade-kapsparet","status":"publish","type":"product","link":"https:\/\/smalsparet.com\/de\/produkt\/det-kapade-kapsparet\/","title":{"rendered":"Das gekaperte Gleis"},"content":{"rendered":"<p><b data-stringify-type=\"bold\">Ein tiefer Einblick in die Umgestaltung, Verwaltung, Erweiterung und den Untergang des Schmalspurbahnnetzes.<\/b><\/p>\n<p>In den Jahren 1941-47 \u00fcbernahm SJ einen Streckenabschnitt in S\u00fcdschweden, der durch eine Spurweite von 1067 mm gekennzeichnet war und oft als \"kapsp\u00e5r\" bezeichnet wurde. Obwohl das schwedische Parlament beschloss, dass die Hauptstrecken auf Normalspur umgestellt werden sollten, wurde diese \u00c4nderung nur f\u00fcr die K\u00fcstenbahn zwischen Kristianstad und Karlskrona umgesetzt.<\/p>\n<p>Dieses Buch bietet einen knappen, aber aufschlussreichen \u00dcberblick \u00fcber die Geschichte der \u00fcbertragenen Strecken. Es vermittelt dem Leser ein detailliertes Verst\u00e4ndnis des Verkehrs nach der \u00dcbernahme durch den Staat bis hin zur Stilllegung der nicht ausgebauten Teile des Netzes. Eine umfangreiche Auswahl an Bildern, darunter Fotos von jeder der 54 Dampflokomotiven, die zum Fuhrpark von SJ geh\u00f6rten, veranschaulicht eine Vielzahl von Aspekten dieser faszinierenden Geschichte. Das Buch enth\u00e4lt auch detaillierte Listen des rollenden Materials aus dieser Zeit.<\/p>\n<p>Eine gro\u00dfe Zahl von Autoren hat dazu beigetragen, dass Stig Svallhammars Arbeit \u00fcber ein bisher \u00fcbersehenes Thema zu einem bedeutenden Beitrag zur schwedischen Eisenbahngeschichte wurde. Mit 368 Seiten, \u00fcber 550 Fotos und Karten und im gebundenen Format bietet dieses Buch einen umfassenden und detaillierten Einblick in einen wichtigen Teil des schwedischen Industrieerbes.\"<\/p>","protected":false},"excerpt":{"rendered":"<p><b data-stringify-type=\"bold\">Ein tiefer Einblick in die Umgestaltung, Verwaltung, Erweiterung und den Untergang des Schmalspurbahnnetzes. <\/b>In den Jahren 1941-47 \u00fcbernahm SJ ein Eisenbahnnetz in S\u00fcdschweden mit einer Spurweite von 1067 mm, auch bekannt als \"cut-off track\". Der Reichstag beschloss, dass die Hauptstrecken auf Normalspur umgestellt werden sollten, was jedoch nur f\u00fcr die K\u00fcstenbahn Kristianstad-Karlskrona durchgef\u00fchrt wurde.<\/p>","protected":false},"featured_media":8200,"comment_status":"closed","ping_status":"closed","template":"","meta":{"om_disable_all_campaigns":false,"_uag_custom_page_level_css":"","_monsterinsights_skip_tracking":false,"_monsterinsights_sitenote_active":false,"_monsterinsights_sitenote_note":"","_monsterinsights_sitenote_category":0,"site-sidebar-layout":"default","site-content-layout":"default","ast-site-content-layout":"default","site-content-style":"default","site-sidebar-style":"default","ast-global-header-display":"","ast-banner-title-visibility":"","ast-main-header-display":"","ast-hfb-above-header-display":"","ast-hfb-below-header-display":"","ast-hfb-mobile-header-display":"","site-post-title":"","ast-breadcrumbs-content":"","ast-featured-img":"","footer-sml-layout":"","ast-disable-related-posts":"","theme-transparent-header-meta":"default","adv-header-id-meta":"","stick-header-meta":"","header-above-stick-meta":"","header-main-stick-meta":"","header-below-stick-meta":"","astra-migrate-meta-layouts":"set","ast-page-background-enabled":"default","ast-page-background-meta":{"desktop":{"background-color":"","background-image":"","background-repeat":"repeat","background-position":"center center","background-size":"auto","background-attachment":"scroll","background-type":"","background-media":"","overlay-type":"","overlay-color":"","overlay-opacity":"","overlay-gradient":""},"tablet":{"background-color":"","background-image":"","background-repeat":"repeat","background-position":"center center","background-size":"auto","background-attachment":"scroll","background-type":"","background-media":"","overlay-type":"","overlay-color":"","overlay-opacity":"","overlay-gradient":""},"mobile":{"background-color":"","background-image":"","background-repeat":"repeat","background-position":"center center","background-size":"auto","background-attachment":"scroll","background-type":"","background-media":"","overlay-type":"","overlay-color":"","overlay-opacity":"","overlay-gradient":""}},"ast-content-background-meta":{"desktop":{"background-color":"var(--ast-global-color-5)","background-image":"","background-repeat":"repeat","background-position":"center center","background-size":"auto","background-attachment":"scroll","background-type":"","background-media":"","overlay-type":"","overlay-color":"","overlay-opacity":"","overlay-gradient":""},"tablet":{"background-color":"var(--ast-global-color-5)","background-image":"","background-repeat":"repeat","background-position":"center center","background-size":"auto","background-attachment":"scroll","background-type":"","background-media":"","overlay-type":"","overlay-color":"","overlay-opacity":"","overlay-gradient":""},"mobile":{"background-color":"var(--ast-global-color-5)","background-image":"","background-repeat":"repeat","background-position":"center center","background-size":"auto","background-attachment":"scroll","background-type":"","background-media":"","overlay-type":"","overlay-color":"","overlay-opacity":"","overlay-gradient":""}}},"product_brand":[],"product_cat":[23],"product_tag":[],"class_list":{"0":"post-8199","1":"product","2":"type-product","3":"status-publish","4":"has-post-thumbnail","6":"product_cat-bok","7":"desktop-align-center","8":"tablet-align-center","9":"mobile-align-center","11":"first","12":"outofstock","13":"taxable","14":"shipping-taxable","15":"purchasable","16":"product-type-simple"},"aioseo_notices":[],"spectra_custom_meta":{"_edit_lock":["1733863803:3"],"_edit_last":["3"],"_thumbnail_id":["8200"],"_primary_term_product_cat":["23"],"_regular_price":["495"],"total_sales":["17"],"_tax_status":["taxable"],"_tax_class":["6"],"_manage_stock":["yes"],"_backorders":["no"],"_sold_individually":["no"],"_virtual":["no"],"_downloadable":["no"],"_download_limit":["-1"],"_download_expiry":["-1"],"_stock":["0"],"_stock_status":["outofstock"],"_wc_average_rating":["0"],"_wc_review_count":["0"],"_product_version":["9.7.1"],"_price":["495"],"_wc_facebook_sync_enabled":["yes"],"fb_visibility":["yes"],"fb_product_description":[""],"_wc_facebook_product_image_source":["product"],"_wc_facebook_commerce_enabled":["no"],"fb_product_group_id":["24232923393022314"],"fb_product_item_id":["24232923436355643"],"site-sidebar-layout":["default"],"site-content-layout":["default"],"theme-transparent-header-meta":["default"],"_product_attributes":["a:2:{s:8:\"pa_sidor\";a:6:{s:4:\"name\";s:8:\"pa_sidor\";s:5:\"value\";s:0:\"\";s:8:\"position\";i:0;s:10:\"is_visible\";i:1;s:12:\"is_variation\";i:0;s:11:\"is_taxonomy\";i:1;}s:11:\"pa_bindning\";a:6:{s:4:\"name\";s:11:\"pa_bindning\";s:5:\"value\";s:0:\"\";s:8:\"position\";i:1;s:10:\"is_visible\";i:1;s:12:\"is_variation\";i:0;s:11:\"is_taxonomy\";i:1;}}"],"_weight":["2000"],"_aioseo_keywords":["a:0:{}"],"_aioseo_og_article_tags":["a:0:{}"],"_aioseo_title":[null],"_aioseo_description":[null],"_aioseo_og_title":[null],"_aioseo_og_description":[null],"_aioseo_og_article_section":[""],"_aioseo_twitter_title":[null],"_aioseo_twitter_description":[null],"_monsterinsights_sitenote_active":["0"],"om_disable_all_campaigns":[""],"ast-site-content-layout":["default"],"site-content-style":["default"],"site-sidebar-style":["default"],"astra-migrate-meta-layouts":["set"],"_uag_page_assets":["a:9:{s:3:\"css\";s:0:\"\";s:2:\"js\";s:0:\"\";s:18:\"current_block_list\";a:5:{i:0;s:26:\"woocommerce\/product-search\";i:1;s:10:\"core\/group\";i:2;s:12:\"core\/heading\";i:3;s:27:\"woocommerce\/product-on-sale\";i:4;s:32:\"woocommerce\/product-best-sellers\";}s:8:\"uag_flag\";b:0;s:11:\"uag_version\";s:10:\"1775983743\";s:6:\"gfonts\";a:0:{}s:10:\"gfonts_url\";s:0:\"\";s:12:\"gfonts_files\";a:0:{}s:14:\"uag_faq_layout\";b:0;}"]},"uagb_featured_image_src":{"full":["https:\/\/smalsparet.com\/wp-content\/uploads\/2023\/11\/9789172662087_Det-kapade-kapsparet-N.jpeg",400,513,false],"thumbnail":["https:\/\/smalsparet.com\/wp-content\/uploads\/2023\/11\/9789172662087_Det-kapade-kapsparet-N-150x150.jpeg",150,150,true],"medium":["https:\/\/smalsparet.com\/wp-content\/uploads\/2023\/11\/9789172662087_Det-kapade-kapsparet-N-234x300.jpeg",234,300,true],"medium_large":["https:\/\/smalsparet.com\/wp-content\/uploads\/2023\/11\/9789172662087_Det-kapade-kapsparet-N.jpeg",400,513,false],"large":["https:\/\/smalsparet.com\/wp-content\/uploads\/2023\/11\/9789172662087_Det-kapade-kapsparet-N.jpeg",400,513,false],"1536x1536":["https:\/\/smalsparet.com\/wp-content\/uploads\/2023\/11\/9789172662087_Det-kapade-kapsparet-N.jpeg",400,513,false],"2048x2048":["https:\/\/smalsparet.com\/wp-content\/uploads\/2023\/11\/9789172662087_Det-kapade-kapsparet-N.jpeg",400,513,false],"trp-custom-language-flag":["https:\/\/smalsparet.com\/wp-content\/uploads\/2023\/11\/9789172662087_Det-kapade-kapsparet-N-9x12.jpeg",9,12,true],"woocommerce_thumbnail":["https:\/\/smalsparet.com\/wp-content\/uploads\/2023\/11\/9789172662087_Det-kapade-kapsparet-N-300x300.jpeg",300,300,true],"woocommerce_single":["https:\/\/smalsparet.com\/wp-content\/uploads\/2023\/11\/9789172662087_Det-kapade-kapsparet-N.jpeg",400,513,false],"woocommerce_gallery_thumbnail":["https:\/\/smalsparet.com\/wp-content\/uploads\/2023\/11\/9789172662087_Det-kapade-kapsparet-N-100x100.jpeg",100,100,true],"awb_sm":["https:\/\/smalsparet.com\/wp-content\/uploads\/2023\/11\/9789172662087_Det-kapade-kapsparet-N.jpeg",400,513,false],"awb_md":["https:\/\/smalsparet.com\/wp-content\/uploads\/2023\/11\/9789172662087_Det-kapade-kapsparet-N.jpeg",400,513,false],"awb_lg":["https:\/\/smalsparet.com\/wp-content\/uploads\/2023\/11\/9789172662087_Det-kapade-kapsparet-N.jpeg",400,513,false],"awb_xl":["https:\/\/smalsparet.com\/wp-content\/uploads\/2023\/11\/9789172662087_Det-kapade-kapsparet-N.jpeg",400,513,false]},"uagb_author_info":{"display_name":"Olaf","author_link":"https:\/\/smalsparet.com\/de\/author\/"},"uagb_comment_info":0,"uagb_excerpt":"En djupdykning i omvandlingen, f\u00f6rvaltningen, expansionen och upph\u00f6randet av det smalsp\u00e5riga blekingen\u00e4tet. 1941-47 \u00f6vertog SJ ett bann\u00e4t i s\u00f6dra Sverige med sp\u00e5rvidden 1067 mm, \u00e4ven kallat kapsp\u00e5r. Riksdagen beslutade att huvudlinjerna skulle byggas om till normalsp\u00e5r, men det genomf\u00f6rdes bara f\u00f6r kustbanan Kristianstad\u2013Karlskrona.","_links":{"self":[{"href":"https:\/\/smalsparet.com\/de\/wp-json\/wp\/v2\/product\/8199","targetHints":{"allow":["GET"]}}],"collection":[{"href":"https:\/\/smalsparet.com\/de\/wp-json\/wp\/v2\/product"}],"about":[{"href":"https:\/\/smalsparet.com\/de\/wp-json\/wp\/v2\/types\/product"}],"replies":[{"embeddable":true,"href":"https:\/\/smalsparet.com\/de\/wp-json\/wp\/v2\/comments?post=8199"}],"wp:featuredmedia":[{"embeddable":true,"href":"https:\/\/smalsparet.com\/de\/wp-json\/wp\/v2\/media\/8200"}],"wp:attachment":[{"href":"https:\/\/smalsparet.com\/de\/wp-json\/wp\/v2\/media?parent=8199"}],"wp:term":[{"taxonomy":"product_brand","embeddable":true,"href":"https:\/\/smalsparet.com\/de\/wp-json\/wp\/v2\/product_brand?post=8199"},{"taxonomy":"product_cat","embeddable":true,"href":"https:\/\/smalsparet.com\/de\/wp-json\/wp\/v2\/product_cat?post=8199"},{"taxonomy":"product_tag","embeddable":true,"href":"https:\/\/smalsparet.com\/de\/wp-json\/wp\/v2\/product_tag?post=8199"}],"curies":[{"name":"wp","href":"https:\/\/api.w.org\/{rel}","templated":true}]}}